{"id":1614,"date":"2016-09-28T18:13:43","date_gmt":"2016-09-28T16:13:43","guid":{"rendered":"https:\/\/artheauaviation.com\/eng\/?post_type=product&#038;p=1614"},"modified":"2023-02-27T17:34:16","modified_gmt":"2023-02-27T15:34:16","slug":"citation-x","status":"publish","type":"product","link":"https:\/\/dev.artheauaviation.com\/eng\/product\/citation-x\/","title":{"rendered":"Citation X+"},"content":{"rendered":"<p style=\"text-align: justify;\"><strong>Pr\u00e9sentation g\u00e9n\u00e9rale de l\u2019appareil:<\/strong><\/p>\n<p style=\"text-align: justify;\">Le Citation X+ est un jet priv\u00e9 d\u00e9di\u00e9 aux voyages d\u2019affaires.Aujourd\u2019hui cet appareil est le plus rapide du monde avec la gamme cross-continental. Il poss\u00e8de une telle efficacit\u00e9 que m\u00eame les jets concurrents ne sont pas capables d\u2019atteindre cette performance.<br \/>\nPropuls\u00e9 notamment par deux moteurs de ventilateur Rolls-Royce, le Citation X+ peut atteindre une vitesse de pointe de pr\u00e8s de 1,000 km\/h aux abords du mur du son.<\/p>\n<p style=\"text-align: justify;\"><strong>Les caract\u00e9ristiques classiques de l\u2019appareil:<\/strong><\/p>\n<p style=\"text-align: justify;\">Cet appareil est compos\u00e9 d\u2019un poste de pilotage avanc\u00e9 et aliment\u00e9 par la suite avionique Garmin\u00ae G5000 \u2122. Le service de vol du Citation X+ est aussi capable de param\u00e9trer la fa\u00e7on dont les donn\u00e9es sont pr\u00e9sent\u00e9es comme lire des conditions m\u00e9t\u00e9orologiques bien pr\u00e9cises. Le cockpit est remarquablement propre et simple. La configuration de la cabine est faite pour accueillir jusqu\u2019\u00e0 13 passagers mais il est \u00e9galement possible d\u2019am\u00e9nager un bureau enti\u00e8rement \u00e9quip\u00e9. Un nouveau syst\u00e8me de management de la cabine a \u00e9t\u00e9 install\u00e9 afin que les passagers puissent contr\u00f4ler les \u00e9quipements de la cabine (temp\u00e9rature, Blu-Ray, Son etc.) \u00e0 partir d\u2019un \u00e9cran digital. Les pilotes obtiennent une image r\u00e9aliste de tout ce qui les entoure au-del\u00e0 du grand \u00e9cran, m\u00eame dans des conditions d\u00e9favorables ou de nuit noire.<\/p>\n<p style=\"text-align: justify;\"><strong>Les caract\u00e9ristiques techniques de l\u2019avion:<\/strong><\/p>\n<p style=\"text-align: justify;\">Le citation X+ est \u00e9quip\u00e9 du syst\u00e8me Linxus, une technologie con\u00e7ue pour gagner du temps. Ce proc\u00e9d\u00e9 signale les probl\u00e8mes \u00e0 l\u2019atterrissage avec une connexion Wifi et mentionne les potentiels probl\u00e8mes en vol par satellite.<\/p>\n<p style=\"text-align: justify;\">Puissant mais mod\u00e9r\u00e9, impressionnant mais jamais excessif, envi\u00e9 mais jamais copi\u00e9. Comme seul un citation X peut l\u2019\u00eatre.<\/p>\n<p style=\"text-align: justify;\">Le Citation X a maintenant un successeur, le Citation X+, qui est encore plus rapide que son grand fr\u00e8re puisqu\u2019il peut atteindre une vitesse maximale de 0.935 Mach. Le Citation X+ est depuis d\u00e9but 2015 disponible \u00e0 l\u2019affr\u00e8tement.<\/p>\n<p style=\"text-align: justify;\"><em>Pour plus de photos:<\/em><\/p>\n<p style=\"text-align: justify;\"><a href=\"http:\/\/www.airliners.net\/aircraft-data\/cessna-citation-x\/166\">http:\/\/www.airliners.net\/aircraft-data\/cessna-citation-x\/166<\/a><\/p>\n","protected":false},"excerpt":{"rendered":"<p>Pr\u00e9sentation g\u00e9n\u00e9rale de l\u2019appareil: Le Citation X+ est un jet priv\u00e9 d\u00e9di\u00e9 aux voyages d\u2019affaires.Aujourd\u2019hui cet appareil est le plus rapide du monde avec la gamme cross-continental. Il poss\u00e8de une telle efficacit\u00e9 que m\u00eame les jets concurrents ne sont pas capables d\u2019atteindre cette performance. Propuls\u00e9 notamment par deux moteurs de ventilateur Rolls-Royce, le Citation X+ [&hellip;]<\/p>\n","protected":false},"featured_media":1646,"template":"","meta":[],"product_cat":[44],"product_tag":[],"yoast_head":"<!-- This site is optimized with the Yoast SEO plugin v20.3 - https:\/\/yoast.com\/wordpress\/plugins\/seo\/ -->\n<title>Citation X+ - Artheau Aviation<\/title>\n<meta name=\"robots\" content=\"noindex, follow, max-snippet:-1, max-image-preview:large, max-video-preview:-1\" \/>\n<meta property=\"og:locale\" content=\"en_GB\" \/>\n<meta property=\"og:type\" content=\"article\" \/>\n<meta property=\"og:title\" content=\"Citation X+ - Artheau Aviation\" \/>\n<meta property=\"og:description\" content=\"Pr\u00e9sentation g\u00e9n\u00e9rale de l\u2019appareil: Le Citation X+ est un jet priv\u00e9 d\u00e9di\u00e9 aux voyages d\u2019affaires.Aujourd\u2019hui cet appareil est le plus rapide du monde avec la gamme cross-continental. Il poss\u00e8de une telle efficacit\u00e9 que m\u00eame les jets concurrents ne sont pas capables d\u2019atteindre cette performance. Propuls\u00e9 notamment par deux moteurs de ventilateur Rolls-Royce, le Citation X+ [&hellip;]\" \/>\n<meta property=\"og:url\" content=\"https:\/\/dev.artheauaviation.com\/eng\/product\/citation-x\/\" \/>\n<meta property=\"og:site_name\" content=\"Artheau Aviation\" \/>\n<meta property=\"article:modified_time\" content=\"2023-02-27T15:34:16+00:00\" \/>\n<meta property=\"og:image\" content=\"http:\/\/dev.artheauaviation.com\/eng\/wp-content\/uploads\/sites\/4\/2016\/09\/Citation-X-carre.jpg\" \/>\n\t<meta property=\"og:image:width\" content=\"709\" \/>\n\t<meta property=\"og:image:height\" content=\"709\" \/>\n\t<meta property=\"og:image:type\" content=\"image\/jpeg\" \/>\n<meta name=\"twitter:card\" content=\"summary_large_image\" \/>\n<meta name=\"twitter:label1\" content=\"Estimated reading time\" \/>\n\t<meta name=\"twitter:data1\" content=\"2 minutes\" \/>\n<script type=\"application\/ld+json\" class=\"yoast-schema-graph\">{\"@context\":\"https:\/\/schema.org\",\"@graph\":[{\"@type\":\"WebPage\",\"@id\":\"https:\/\/dev.artheauaviation.com\/eng\/product\/citation-x\/\",\"url\":\"https:\/\/dev.artheauaviation.com\/eng\/product\/citation-x\/\",\"name\":\"Citation X+ - Artheau Aviation\",\"isPartOf\":{\"@id\":\"https:\/\/dev.artheauaviation.com\/eng\/#website\"},\"datePublished\":\"2016-09-28T16:13:43+00:00\",\"dateModified\":\"2023-02-27T15:34:16+00:00\",\"breadcrumb\":{\"@id\":\"https:\/\/dev.artheauaviation.com\/eng\/product\/citation-x\/#breadcrumb\"},\"inLanguage\":\"en-GB\",\"potentialAction\":[{\"@type\":\"ReadAction\",\"target\":[\"https:\/\/dev.artheauaviation.com\/eng\/product\/citation-x\/\"]}]},{\"@type\":\"BreadcrumbList\",\"@id\":\"https:\/\/dev.artheauaviation.com\/eng\/product\/citation-x\/#breadcrumb\",\"itemListElement\":[{\"@type\":\"ListItem\",\"position\":1,\"name\":\"Home\",\"item\":\"https:\/\/dev.artheauaviation.com\/eng\/\"},{\"@type\":\"ListItem\",\"position\":2,\"name\":\"Our Planes\",\"item\":\"https:\/\/dev.artheauaviation.com\/eng\/nos-avions\/\"},{\"@type\":\"ListItem\",\"position\":3,\"name\":\"Citation X+\"}]},{\"@type\":\"WebSite\",\"@id\":\"https:\/\/dev.artheauaviation.com\/eng\/#website\",\"url\":\"https:\/\/dev.artheauaviation.com\/eng\/\",\"name\":\"Artheau Aviation\",\"description\":\"Let&#039;s Fly Together\",\"potentialAction\":[{\"@type\":\"SearchAction\",\"target\":{\"@type\":\"EntryPoint\",\"urlTemplate\":\"https:\/\/dev.artheauaviation.com\/eng\/?s={search_term_string}\"},\"query-input\":\"required name=search_term_string\"}],\"inLanguage\":\"en-GB\"}]}<\/script>\n<!-- \/ Yoast SEO plugin. -->","yoast_head_json":{"title":"Citation X+ - Artheau Aviation","robots":{"index":"noindex","follow":"follow","max-snippet":"max-snippet:-1","max-image-preview":"max-image-preview:large","max-video-preview":"max-video-preview:-1"},"og_locale":"en_GB","og_type":"article","og_title":"Citation X+ - Artheau Aviation","og_description":"Pr\u00e9sentation g\u00e9n\u00e9rale de l\u2019appareil: Le Citation X+ est un jet priv\u00e9 d\u00e9di\u00e9 aux voyages d\u2019affaires.Aujourd\u2019hui cet appareil est le plus rapide du monde avec la gamme cross-continental. Il poss\u00e8de une telle efficacit\u00e9 que m\u00eame les jets concurrents ne sont pas capables d\u2019atteindre cette performance. Propuls\u00e9 notamment par deux moteurs de ventilateur Rolls-Royce, le Citation X+ [&hellip;]","og_url":"https:\/\/dev.artheauaviation.com\/eng\/product\/citation-x\/","og_site_name":"Artheau Aviation","article_modified_time":"2023-02-27T15:34:16+00:00","og_image":[{"width":709,"height":709,"url":"http:\/\/dev.artheauaviation.com\/eng\/wp-content\/uploads\/sites\/4\/2016\/09\/Citation-X-carre.jpg","type":"image\/jpeg"}],"twitter_card":"summary_large_image","twitter_misc":{"Estimated reading time":"2 minutes"},"schema":{"@context":"https:\/\/schema.org","@graph":[{"@type":"WebPage","@id":"https:\/\/dev.artheauaviation.com\/eng\/product\/citation-x\/","url":"https:\/\/dev.artheauaviation.com\/eng\/product\/citation-x\/","name":"Citation X+ - Artheau Aviation","isPartOf":{"@id":"https:\/\/dev.artheauaviation.com\/eng\/#website"},"datePublished":"2016-09-28T16:13:43+00:00","dateModified":"2023-02-27T15:34:16+00:00","breadcrumb":{"@id":"https:\/\/dev.artheauaviation.com\/eng\/product\/citation-x\/#breadcrumb"},"inLanguage":"en-GB","potentialAction":[{"@type":"ReadAction","target":["https:\/\/dev.artheauaviation.com\/eng\/product\/citation-x\/"]}]},{"@type":"BreadcrumbList","@id":"https:\/\/dev.artheauaviation.com\/eng\/product\/citation-x\/#breadcrumb","itemListElement":[{"@type":"ListItem","position":1,"name":"Home","item":"https:\/\/dev.artheauaviation.com\/eng\/"},{"@type":"ListItem","position":2,"name":"Our Planes","item":"https:\/\/dev.artheauaviation.com\/eng\/nos-avions\/"},{"@type":"ListItem","position":3,"name":"Citation X+"}]},{"@type":"WebSite","@id":"https:\/\/dev.artheauaviation.com\/eng\/#website","url":"https:\/\/dev.artheauaviation.com\/eng\/","name":"Artheau Aviation","description":"Let&#039;s Fly Together","potentialAction":[{"@type":"SearchAction","target":{"@type":"EntryPoint","urlTemplate":"https:\/\/dev.artheauaviation.com\/eng\/?s={search_term_string}"},"query-input":"required name=search_term_string"}],"inLanguage":"en-GB"}]}},"yoast_meta":{"title":""},"_links":{"self":[{"href":"https:\/\/dev.artheauaviation.com\/eng\/wp-json\/wp\/v2\/product\/1614"}],"collection":[{"href":"https:\/\/dev.artheauaviation.com\/eng\/wp-json\/wp\/v2\/product"}],"about":[{"href":"https:\/\/dev.artheauaviation.com\/eng\/wp-json\/wp\/v2\/types\/product"}],"wp:featuredmedia":[{"embeddable":true,"href":"https:\/\/dev.artheauaviation.com\/eng\/wp-json\/wp\/v2\/media\/1646"}],"wp:attachment":[{"href":"https:\/\/dev.artheauaviation.com\/eng\/wp-json\/wp\/v2\/media?parent=1614"}],"wp:term":[{"taxonomy":"product_cat","embeddable":true,"href":"https:\/\/dev.artheauaviation.com\/eng\/wp-json\/wp\/v2\/product_cat?post=1614"},{"taxonomy":"product_tag","embeddable":true,"href":"https:\/\/dev.artheauaviation.com\/eng\/wp-json\/wp\/v2\/product_tag?post=1614"}],"curies":[{"name":"wp","href":"https:\/\/api.w.org\/{rel}","templated":true}]}}