{"id":1616,"date":"2016-09-28T18:21:46","date_gmt":"2016-09-28T16:21:46","guid":{"rendered":"https:\/\/artheauaviation.com\/eng\/?post_type=product&#038;p=1616"},"modified":"2023-02-27T17:34:15","modified_gmt":"2023-02-27T15:34:15","slug":"citation-cj3","status":"publish","type":"product","link":"https:\/\/dev.artheauaviation.com\/eng\/product\/citation-cj3\/","title":{"rendered":"Citation CJ3+"},"content":{"rendered":"<p style=\"text-align: justify;\"><strong>Pr\u00e9sentation g\u00e9n\u00e9rale:\u00a0<\/strong><\/p>\n<p style=\"text-align: justify;\">Les appareils de la s\u00e9rie des Cessna CitationJet (CJ) sont des avions d\u2019affaires bir\u00e9acteurs l\u00e9gers, construits par la compagnie am\u00e9ricaine Cessna.\u00a0Le nouveau CJ3+ est \u00e9quip\u00e9 d\u2019une nouvelle configuration avec une cabine pressuris\u00e9e. Un syst\u00e8me de t\u00e9l\u00e9phone int\u00e9gr\u00e9 Iridium est mis \u00e0 disposition des passagers offrant une connexion Internet \u00e0 haut d\u00e9bit. Le Citation Jet est un monoplan \u00e0 ailes basses dot\u00e9 d\u2019un train d\u2019atterrissage tricycle r\u00e9tractable. Il poss\u00e8de une cabine pressuris\u00e9e, un empennage en T et est motoris\u00e9 par deux turbor\u00e9acteurs mont\u00e9s sur pyl\u00f4ne \u00e0 l\u2019arri\u00e8re du fuselage.<\/p>\n<p style=\"text-align: justify;\"><strong>Caract\u00e9ristiques commerciales:<\/strong><\/p>\n<p style=\"text-align: justify;\">Le Cessna Citation CJ3 (mod\u00e8le 525B) est une version agrandie du Citation CJ2. L\u2019avion fut r\u00e9v\u00e9l\u00e9 en septembre 2002 lors de la convention de la <em>National Business Aviation Association<\/em>. Il effectua ses premier et second vol le m\u00eame jour, le 17 avril 2003.<time class=\"nowrap date-lien\" datetime=\"2003-04-17\"><\/time> Il a re\u00e7u son certificat de navigabilit\u00e9 de la <em>Federal Aviation Administration<\/em> en octobre 2004, et fut livr\u00e9 en d\u00e9cembre de la m\u00eame ann\u00e9e. La cabine du CJ3+, dans sa version standard, se compose de 6 fauteuils club, mais elle peut \u00eatre personnalis\u00e9e. Le cockpit est con\u00e7u pour \u00eatre pilot\u00e9 par une seule personne mais peut recevoir deux membres d\u2019\u00e9quipage. La planche de bord re\u00e7oit une suite avionique d\u00e9velopp\u00e9e par <em>Rockwell Collins<\/em>. Il poss\u00e8de une porte ext\u00e9rieure pour le chargement des bagages, ainsi qu\u2019un compartiment \u00e0 bagage accessible depuis la cabine.<\/p>\n<p style=\"text-align: justify;\"><strong>Caract\u00e9ristiques techniques:\u00a0<\/strong><\/p>\n<p style=\"text-align: justify;\">Le CJ3+ est \u00e9galement \u00e9quip\u00e9 d\u2019une suite avionique Garmin G3000, qui inclut la d\u00e9tection des turbulences radar m\u00e9t\u00e9orologique et un TCAS II. Le CJ3+ est \u00e9galement muni du mode ADS-B de contr\u00f4le de la circulation a\u00e9rienne.\u00a0Afin de faciliter le pilotage, le syst\u00e8me de gestion de vol permet d\u2019optimiser les performances de l\u2019avion avec pr\u00e9cision pour un guidage lat\u00e9ral et vertical durant toutes les phases de vol.\u00a0Une conception de l\u2019aile sculpt\u00e9e par ordinateur permet de r\u00e9duire la tra\u00een\u00e9e pour am\u00e9liorer la maniabilit\u00e9 et augmenter l\u2019efficacit\u00e9, ce qui aide le CJ3 + \u00e0 voler jusqu\u2019\u00e0 2070 miles sans escale.<\/p>\n<p style=\"text-align: justify;\"><strong>Pour plus de photos :<\/strong><\/p>\n<p style=\"text-align: justify;\"><a href=\"http:\/\/cessna.txtav.com\/en\/citation\/cj3\">http:\/\/cessna.txtav.com\/en\/citation\/cj3<\/a><\/p>\n","protected":false},"excerpt":{"rendered":"<p>Pr\u00e9sentation g\u00e9n\u00e9rale:\u00a0 Les appareils de la s\u00e9rie des Cessna CitationJet (CJ) sont des avions d\u2019affaires bir\u00e9acteurs l\u00e9gers, construits par la compagnie am\u00e9ricaine Cessna.\u00a0Le nouveau CJ3+ est \u00e9quip\u00e9 d\u2019une nouvelle configuration avec une cabine pressuris\u00e9e. Un syst\u00e8me de t\u00e9l\u00e9phone int\u00e9gr\u00e9 Iridium est mis \u00e0 disposition des passagers offrant une connexion Internet \u00e0 haut d\u00e9bit. Le Citation [&hellip;]<\/p>\n","protected":false},"featured_media":1617,"template":"","meta":[],"product_cat":[44],"product_tag":[],"yoast_head":"<!-- This site is optimized with the Yoast SEO plugin v20.3 - https:\/\/yoast.com\/wordpress\/plugins\/seo\/ -->\n<title>Citation CJ3+ - Artheau Aviation<\/title>\n<meta name=\"robots\" content=\"noindex, follow, max-snippet:-1, max-image-preview:large, max-video-preview:-1\" \/>\n<meta property=\"og:locale\" content=\"en_GB\" \/>\n<meta property=\"og:type\" content=\"article\" \/>\n<meta property=\"og:title\" content=\"Citation CJ3+ - Artheau Aviation\" \/>\n<meta property=\"og:description\" content=\"Pr\u00e9sentation g\u00e9n\u00e9rale:\u00a0 Les appareils de la s\u00e9rie des Cessna CitationJet (CJ) sont des avions d\u2019affaires bir\u00e9acteurs l\u00e9gers, construits par la compagnie am\u00e9ricaine Cessna.\u00a0Le nouveau CJ3+ est \u00e9quip\u00e9 d\u2019une nouvelle configuration avec une cabine pressuris\u00e9e. Un syst\u00e8me de t\u00e9l\u00e9phone int\u00e9gr\u00e9 Iridium est mis \u00e0 disposition des passagers offrant une connexion Internet \u00e0 haut d\u00e9bit. Le Citation [&hellip;]\" \/>\n<meta property=\"og:url\" content=\"https:\/\/dev.artheauaviation.com\/eng\/product\/citation-cj3\/\" \/>\n<meta property=\"og:site_name\" content=\"Artheau Aviation\" \/>\n<meta property=\"article:modified_time\" content=\"2023-02-27T15:34:15+00:00\" \/>\n<meta property=\"og:image\" content=\"http:\/\/dev.artheauaviation.com\/eng\/wp-content\/uploads\/sites\/4\/2016\/09\/citation-CJ3-rect.jpg\" \/>\n\t<meta property=\"og:image:width\" content=\"850\" \/>\n\t<meta property=\"og:image:height\" content=\"510\" \/>\n\t<meta property=\"og:image:type\" content=\"image\/jpeg\" \/>\n<meta name=\"twitter:card\" content=\"summary_large_image\" \/>\n<meta name=\"twitter:label1\" content=\"Estimated reading time\" \/>\n\t<meta name=\"twitter:data1\" content=\"2 minutes\" \/>\n<script type=\"application\/ld+json\" class=\"yoast-schema-graph\">{\"@context\":\"https:\/\/schema.org\",\"@graph\":[{\"@type\":\"WebPage\",\"@id\":\"https:\/\/dev.artheauaviation.com\/eng\/product\/citation-cj3\/\",\"url\":\"https:\/\/dev.artheauaviation.com\/eng\/product\/citation-cj3\/\",\"name\":\"Citation CJ3+ - Artheau Aviation\",\"isPartOf\":{\"@id\":\"https:\/\/dev.artheauaviation.com\/eng\/#website\"},\"datePublished\":\"2016-09-28T16:21:46+00:00\",\"dateModified\":\"2023-02-27T15:34:15+00:00\",\"breadcrumb\":{\"@id\":\"https:\/\/dev.artheauaviation.com\/eng\/product\/citation-cj3\/#breadcrumb\"},\"inLanguage\":\"en-GB\",\"potentialAction\":[{\"@type\":\"ReadAction\",\"target\":[\"https:\/\/dev.artheauaviation.com\/eng\/product\/citation-cj3\/\"]}]},{\"@type\":\"BreadcrumbList\",\"@id\":\"https:\/\/dev.artheauaviation.com\/eng\/product\/citation-cj3\/#breadcrumb\",\"itemListElement\":[{\"@type\":\"ListItem\",\"position\":1,\"name\":\"Home\",\"item\":\"https:\/\/dev.artheauaviation.com\/eng\/\"},{\"@type\":\"ListItem\",\"position\":2,\"name\":\"Our Planes\",\"item\":\"https:\/\/dev.artheauaviation.com\/eng\/nos-avions\/\"},{\"@type\":\"ListItem\",\"position\":3,\"name\":\"Citation CJ3+\"}]},{\"@type\":\"WebSite\",\"@id\":\"https:\/\/dev.artheauaviation.com\/eng\/#website\",\"url\":\"https:\/\/dev.artheauaviation.com\/eng\/\",\"name\":\"Artheau Aviation\",\"description\":\"Let&#039;s Fly Together\",\"potentialAction\":[{\"@type\":\"SearchAction\",\"target\":{\"@type\":\"EntryPoint\",\"urlTemplate\":\"https:\/\/dev.artheauaviation.com\/eng\/?s={search_term_string}\"},\"query-input\":\"required name=search_term_string\"}],\"inLanguage\":\"en-GB\"}]}<\/script>\n<!-- \/ Yoast SEO plugin. -->","yoast_head_json":{"title":"Citation CJ3+ - Artheau Aviation","robots":{"index":"noindex","follow":"follow","max-snippet":"max-snippet:-1","max-image-preview":"max-image-preview:large","max-video-preview":"max-video-preview:-1"},"og_locale":"en_GB","og_type":"article","og_title":"Citation CJ3+ - Artheau Aviation","og_description":"Pr\u00e9sentation g\u00e9n\u00e9rale:\u00a0 Les appareils de la s\u00e9rie des Cessna CitationJet (CJ) sont des avions d\u2019affaires bir\u00e9acteurs l\u00e9gers, construits par la compagnie am\u00e9ricaine Cessna.\u00a0Le nouveau CJ3+ est \u00e9quip\u00e9 d\u2019une nouvelle configuration avec une cabine pressuris\u00e9e. Un syst\u00e8me de t\u00e9l\u00e9phone int\u00e9gr\u00e9 Iridium est mis \u00e0 disposition des passagers offrant une connexion Internet \u00e0 haut d\u00e9bit. Le Citation [&hellip;]","og_url":"https:\/\/dev.artheauaviation.com\/eng\/product\/citation-cj3\/","og_site_name":"Artheau Aviation","article_modified_time":"2023-02-27T15:34:15+00:00","og_image":[{"width":850,"height":510,"url":"http:\/\/dev.artheauaviation.com\/eng\/wp-content\/uploads\/sites\/4\/2016\/09\/citation-CJ3-rect.jpg","type":"image\/jpeg"}],"twitter_card":"summary_large_image","twitter_misc":{"Estimated reading time":"2 minutes"},"schema":{"@context":"https:\/\/schema.org","@graph":[{"@type":"WebPage","@id":"https:\/\/dev.artheauaviation.com\/eng\/product\/citation-cj3\/","url":"https:\/\/dev.artheauaviation.com\/eng\/product\/citation-cj3\/","name":"Citation CJ3+ - Artheau Aviation","isPartOf":{"@id":"https:\/\/dev.artheauaviation.com\/eng\/#website"},"datePublished":"2016-09-28T16:21:46+00:00","dateModified":"2023-02-27T15:34:15+00:00","breadcrumb":{"@id":"https:\/\/dev.artheauaviation.com\/eng\/product\/citation-cj3\/#breadcrumb"},"inLanguage":"en-GB","potentialAction":[{"@type":"ReadAction","target":["https:\/\/dev.artheauaviation.com\/eng\/product\/citation-cj3\/"]}]},{"@type":"BreadcrumbList","@id":"https:\/\/dev.artheauaviation.com\/eng\/product\/citation-cj3\/#breadcrumb","itemListElement":[{"@type":"ListItem","position":1,"name":"Home","item":"https:\/\/dev.artheauaviation.com\/eng\/"},{"@type":"ListItem","position":2,"name":"Our Planes","item":"https:\/\/dev.artheauaviation.com\/eng\/nos-avions\/"},{"@type":"ListItem","position":3,"name":"Citation CJ3+"}]},{"@type":"WebSite","@id":"https:\/\/dev.artheauaviation.com\/eng\/#website","url":"https:\/\/dev.artheauaviation.com\/eng\/","name":"Artheau Aviation","description":"Let&#039;s Fly Together","potentialAction":[{"@type":"SearchAction","target":{"@type":"EntryPoint","urlTemplate":"https:\/\/dev.artheauaviation.com\/eng\/?s={search_term_string}"},"query-input":"required name=search_term_string"}],"inLanguage":"en-GB"}]}},"yoast_meta":{"title":""},"_links":{"self":[{"href":"https:\/\/dev.artheauaviation.com\/eng\/wp-json\/wp\/v2\/product\/1616"}],"collection":[{"href":"https:\/\/dev.artheauaviation.com\/eng\/wp-json\/wp\/v2\/product"}],"about":[{"href":"https:\/\/dev.artheauaviation.com\/eng\/wp-json\/wp\/v2\/types\/product"}],"wp:featuredmedia":[{"embeddable":true,"href":"https:\/\/dev.artheauaviation.com\/eng\/wp-json\/wp\/v2\/media\/1617"}],"wp:attachment":[{"href":"https:\/\/dev.artheauaviation.com\/eng\/wp-json\/wp\/v2\/media?parent=1616"}],"wp:term":[{"taxonomy":"product_cat","embeddable":true,"href":"https:\/\/dev.artheauaviation.com\/eng\/wp-json\/wp\/v2\/product_cat?post=1616"},{"taxonomy":"product_tag","embeddable":true,"href":"https:\/\/dev.artheauaviation.com\/eng\/wp-json\/wp\/v2\/product_tag?post=1616"}],"curies":[{"name":"wp","href":"https:\/\/api.w.org\/{rel}","templated":true}]}}