{"id":1632,"date":"2016-10-03T17:52:25","date_gmt":"2016-10-03T15:52:25","guid":{"rendered":"https:\/\/artheauaviation.com\/eng\/?post_type=product&#038;p=1632"},"modified":"2023-02-27T17:34:15","modified_gmt":"2023-02-27T15:34:15","slug":"dassault-falcon-8x","status":"publish","type":"product","link":"https:\/\/dev.artheauaviation.com\/eng\/product\/dassault-falcon-8x\/","title":{"rendered":"Dassault Falcon 8X"},"content":{"rendered":"<p style=\"text-align: justify;\"><strong>Pr\u00e9sentation g\u00e9n\u00e9rale:<\/strong><\/p>\n<p style=\"text-align: justify;\">Le Falcon 8X est le nouveau fleuron de la compagnie Dassault, r\u00e9pertori\u00e9 comme un avion d&#8217;affaires ultra long-courrier. Le nouveau vaisseau amiral de la gamme jet du constructeur fran\u00e7ais est le plus long et le plus rapide de ses appareils. C&#8217;est une version modernis\u00e9e et tr\u00e8s \u00e9volu\u00e9e du, d\u00e9j\u00e0 tr\u00e8s performant, Falcon 7X, lanc\u00e9 pour concurrencer les Gulfstream 550 et Bombardier Global 6000. De plus cet appareil permet \u00e0 Dassault de faire ses premiers pas, tr\u00e8s remarqu\u00e9s, sur le march\u00e9 du haut de gamme, ce qui devrait lui permettre d&#8217;affronter la crise des jets &#8220;entr\u00e9e de gamme&#8221; que subit l&#8217;aviation d&#8217;affaires depuis 2009.<\/p>\n<p style=\"text-align: justify;\"><strong>Caract\u00e9ristiques commerciales:<\/strong><\/p>\n<p style=\"text-align: justify;\">Le Falcon 8X, avec ses 24,46 m, est le plus long des avions d&#8217;affaires Dassault, sa cabine mesure, elle, 13 m de long. Avec ses 30 configurations possibles, la cabine est am\u00e9nageable selon les besoins et go\u00fbts des clients, &#8220;C&#8217;est la plus grande capacit\u00e9 d&#8217;am\u00e9nagement du march\u00e9&#8221; selon le groupe. Ce v\u00e9ritable argument de vente permet \u00e9galement \u00e0 Dassault de positionner tr\u00e8s haut la barre des nouvelles appr\u00e9ciations de la client\u00e8le en terme de confort \u00e0 bord. Cette grande et luxueuse cabine permet d\u2019accueillir jusqu&#8217;\u00e0 19 passagers.<\/p>\n<p style=\"text-align: justify;\"><strong>Caract\u00e9ristiques techniques:<\/strong><\/p>\n<p style=\"text-align: justify;\">Contrairement au 5X qui est un avion enti\u00e8rement nouveau, avec le Falcon 8X Dassault souhaite pouvoir \u00eatre sur tous les fronts quand le march\u00e9 de l&#8217;aviation d&#8217;affaire se r\u00e9veillera. Ainsi le Falcon 8X est une belle am\u00e9lioration du 7X en terme de vitesse et d&#8217;autonomie, n\u00e9anmoins le constructeur pr\u00e9f\u00e8re conserver les points forts de sa flotte, \u00e0 savoir leur faible consommation de carburant (environ 35% de moins que les appareils concurrents de m\u00eame classe) et leur flexibilit\u00e9. En effet malgr\u00e9 des capacit\u00e9s am\u00e9lior\u00e9es, le Falcon 8X reste capable de d\u00e9coller et d\u2019atterrir sur des pistes courtes et en altitudes.<\/p>\n<p style=\"text-align: justify;\">Ses am\u00e9liorations permettent au Falcon 8X d&#8217;ouvrir de nouvelles possibilit\u00e9s de liaisons directes entre l\u2019Asie et l\u2019Europe, et entre l\u2019Asie et l\u2019Am\u00e9rique du Nord et d&#8217;entrer sur le march\u00e9 du haut de gamme tout en restant tr\u00e8s comp\u00e9titif.<\/p>\n<p style=\"text-align: justify;\">\u00ab C\u2019est une r\u00e9ponse tr\u00e8s pr\u00e9cise aux attentes d\u2019une partie de notre client\u00e8le \u00bb, confirme Eric Trappier (PDG du groupe).<\/p>\n<p>&nbsp;<\/p>\n<p>Description : English : Dassault Falcon 8X at PAS15<\/p>\n<p>Date : 16 June 2015, 13:54:41<\/p>\n<p>Source : https:\/\/www.flickt.com\/photos\/airlines470\/18742125820\/<\/p>\n<p>Auteur: Eric Salard<\/p>\n","protected":false},"excerpt":{"rendered":"<p>Pr\u00e9sentation g\u00e9n\u00e9rale: Le Falcon 8X est le nouveau fleuron de la compagnie Dassault, r\u00e9pertori\u00e9 comme un avion d&#8217;affaires ultra long-courrier. Le nouveau vaisseau amiral de la gamme jet du constructeur fran\u00e7ais est le plus long et le plus rapide de ses appareils. C&#8217;est une version modernis\u00e9e et tr\u00e8s \u00e9volu\u00e9e du, d\u00e9j\u00e0 tr\u00e8s performant, Falcon 7X, [&hellip;]<\/p>\n","protected":false},"featured_media":2548,"template":"","meta":[],"product_cat":[43],"product_tag":[],"yoast_head":"<!-- This site is optimized with the Yoast SEO plugin v20.3 - https:\/\/yoast.com\/wordpress\/plugins\/seo\/ -->\n<title>Dassault Falcon 8X - Artheau Aviation<\/title>\n<meta name=\"robots\" content=\"noindex, follow, max-snippet:-1, max-image-preview:large, max-video-preview:-1\" \/>\n<meta property=\"og:locale\" content=\"en_GB\" \/>\n<meta property=\"og:type\" content=\"article\" \/>\n<meta property=\"og:title\" content=\"Dassault Falcon 8X - Artheau Aviation\" \/>\n<meta property=\"og:description\" content=\"Pr\u00e9sentation g\u00e9n\u00e9rale: Le Falcon 8X est le nouveau fleuron de la compagnie Dassault, r\u00e9pertori\u00e9 comme un avion d&#8217;affaires ultra long-courrier. Le nouveau vaisseau amiral de la gamme jet du constructeur fran\u00e7ais est le plus long et le plus rapide de ses appareils. C&#8217;est une version modernis\u00e9e et tr\u00e8s \u00e9volu\u00e9e du, d\u00e9j\u00e0 tr\u00e8s performant, Falcon 7X, [&hellip;]\" \/>\n<meta property=\"og:url\" content=\"https:\/\/dev.artheauaviation.com\/eng\/product\/dassault-falcon-8x\/\" \/>\n<meta property=\"og:site_name\" content=\"Artheau Aviation\" \/>\n<meta property=\"article:modified_time\" content=\"2023-02-27T15:34:15+00:00\" \/>\n<meta property=\"og:image\" content=\"http:\/\/dev.artheauaviation.com\/eng\/wp-content\/uploads\/sites\/4\/2016\/10\/Falcon8X.jpg\" \/>\n\t<meta property=\"og:image:width\" content=\"800\" \/>\n\t<meta property=\"og:image:height\" content=\"533\" \/>\n\t<meta property=\"og:image:type\" content=\"image\/jpeg\" \/>\n<meta name=\"twitter:card\" content=\"summary_large_image\" \/>\n<meta name=\"twitter:label1\" content=\"Estimated reading time\" \/>\n\t<meta name=\"twitter:data1\" content=\"2 minutes\" \/>\n<script type=\"application\/ld+json\" class=\"yoast-schema-graph\">{\"@context\":\"https:\/\/schema.org\",\"@graph\":[{\"@type\":\"WebPage\",\"@id\":\"https:\/\/dev.artheauaviation.com\/eng\/product\/dassault-falcon-8x\/\",\"url\":\"https:\/\/dev.artheauaviation.com\/eng\/product\/dassault-falcon-8x\/\",\"name\":\"Dassault Falcon 8X - Artheau Aviation\",\"isPartOf\":{\"@id\":\"https:\/\/dev.artheauaviation.com\/eng\/#website\"},\"datePublished\":\"2016-10-03T15:52:25+00:00\",\"dateModified\":\"2023-02-27T15:34:15+00:00\",\"breadcrumb\":{\"@id\":\"https:\/\/dev.artheauaviation.com\/eng\/product\/dassault-falcon-8x\/#breadcrumb\"},\"inLanguage\":\"en-GB\",\"potentialAction\":[{\"@type\":\"ReadAction\",\"target\":[\"https:\/\/dev.artheauaviation.com\/eng\/product\/dassault-falcon-8x\/\"]}]},{\"@type\":\"BreadcrumbList\",\"@id\":\"https:\/\/dev.artheauaviation.com\/eng\/product\/dassault-falcon-8x\/#breadcrumb\",\"itemListElement\":[{\"@type\":\"ListItem\",\"position\":1,\"name\":\"Home\",\"item\":\"https:\/\/dev.artheauaviation.com\/eng\/\"},{\"@type\":\"ListItem\",\"position\":2,\"name\":\"Our Planes\",\"item\":\"https:\/\/dev.artheauaviation.com\/eng\/nos-avions\/\"},{\"@type\":\"ListItem\",\"position\":3,\"name\":\"Dassault Falcon 8X\"}]},{\"@type\":\"WebSite\",\"@id\":\"https:\/\/dev.artheauaviation.com\/eng\/#website\",\"url\":\"https:\/\/dev.artheauaviation.com\/eng\/\",\"name\":\"Artheau Aviation\",\"description\":\"Let&#039;s Fly Together\",\"potentialAction\":[{\"@type\":\"SearchAction\",\"target\":{\"@type\":\"EntryPoint\",\"urlTemplate\":\"https:\/\/dev.artheauaviation.com\/eng\/?s={search_term_string}\"},\"query-input\":\"required name=search_term_string\"}],\"inLanguage\":\"en-GB\"}]}<\/script>\n<!-- \/ Yoast SEO plugin. -->","yoast_head_json":{"title":"Dassault Falcon 8X - Artheau Aviation","robots":{"index":"noindex","follow":"follow","max-snippet":"max-snippet:-1","max-image-preview":"max-image-preview:large","max-video-preview":"max-video-preview:-1"},"og_locale":"en_GB","og_type":"article","og_title":"Dassault Falcon 8X - Artheau Aviation","og_description":"Pr\u00e9sentation g\u00e9n\u00e9rale: Le Falcon 8X est le nouveau fleuron de la compagnie Dassault, r\u00e9pertori\u00e9 comme un avion d&#8217;affaires ultra long-courrier. Le nouveau vaisseau amiral de la gamme jet du constructeur fran\u00e7ais est le plus long et le plus rapide de ses appareils. C&#8217;est une version modernis\u00e9e et tr\u00e8s \u00e9volu\u00e9e du, d\u00e9j\u00e0 tr\u00e8s performant, Falcon 7X, [&hellip;]","og_url":"https:\/\/dev.artheauaviation.com\/eng\/product\/dassault-falcon-8x\/","og_site_name":"Artheau Aviation","article_modified_time":"2023-02-27T15:34:15+00:00","og_image":[{"width":800,"height":533,"url":"http:\/\/dev.artheauaviation.com\/eng\/wp-content\/uploads\/sites\/4\/2016\/10\/Falcon8X.jpg","type":"image\/jpeg"}],"twitter_card":"summary_large_image","twitter_misc":{"Estimated reading time":"2 minutes"},"schema":{"@context":"https:\/\/schema.org","@graph":[{"@type":"WebPage","@id":"https:\/\/dev.artheauaviation.com\/eng\/product\/dassault-falcon-8x\/","url":"https:\/\/dev.artheauaviation.com\/eng\/product\/dassault-falcon-8x\/","name":"Dassault Falcon 8X - Artheau Aviation","isPartOf":{"@id":"https:\/\/dev.artheauaviation.com\/eng\/#website"},"datePublished":"2016-10-03T15:52:25+00:00","dateModified":"2023-02-27T15:34:15+00:00","breadcrumb":{"@id":"https:\/\/dev.artheauaviation.com\/eng\/product\/dassault-falcon-8x\/#breadcrumb"},"inLanguage":"en-GB","potentialAction":[{"@type":"ReadAction","target":["https:\/\/dev.artheauaviation.com\/eng\/product\/dassault-falcon-8x\/"]}]},{"@type":"BreadcrumbList","@id":"https:\/\/dev.artheauaviation.com\/eng\/product\/dassault-falcon-8x\/#breadcrumb","itemListElement":[{"@type":"ListItem","position":1,"name":"Home","item":"https:\/\/dev.artheauaviation.com\/eng\/"},{"@type":"ListItem","position":2,"name":"Our Planes","item":"https:\/\/dev.artheauaviation.com\/eng\/nos-avions\/"},{"@type":"ListItem","position":3,"name":"Dassault Falcon 8X"}]},{"@type":"WebSite","@id":"https:\/\/dev.artheauaviation.com\/eng\/#website","url":"https:\/\/dev.artheauaviation.com\/eng\/","name":"Artheau Aviation","description":"Let&#039;s Fly Together","potentialAction":[{"@type":"SearchAction","target":{"@type":"EntryPoint","urlTemplate":"https:\/\/dev.artheauaviation.com\/eng\/?s={search_term_string}"},"query-input":"required name=search_term_string"}],"inLanguage":"en-GB"}]}},"yoast_meta":{"title":""},"_links":{"self":[{"href":"https:\/\/dev.artheauaviation.com\/eng\/wp-json\/wp\/v2\/product\/1632"}],"collection":[{"href":"https:\/\/dev.artheauaviation.com\/eng\/wp-json\/wp\/v2\/product"}],"about":[{"href":"https:\/\/dev.artheauaviation.com\/eng\/wp-json\/wp\/v2\/types\/product"}],"wp:featuredmedia":[{"embeddable":true,"href":"https:\/\/dev.artheauaviation.com\/eng\/wp-json\/wp\/v2\/media\/2548"}],"wp:attachment":[{"href":"https:\/\/dev.artheauaviation.com\/eng\/wp-json\/wp\/v2\/media?parent=1632"}],"wp:term":[{"taxonomy":"product_cat","embeddable":true,"href":"https:\/\/dev.artheauaviation.com\/eng\/wp-json\/wp\/v2\/product_cat?post=1632"},{"taxonomy":"product_tag","embeddable":true,"href":"https:\/\/dev.artheauaviation.com\/eng\/wp-json\/wp\/v2\/product_tag?post=1632"}],"curies":[{"name":"wp","href":"https:\/\/api.w.org\/{rel}","templated":true}]}}