{"id":1649,"date":"2016-10-10T15:20:34","date_gmt":"2016-10-10T13:20:34","guid":{"rendered":"https:\/\/artheauaviation.com\/eng\/?post_type=product&#038;p=1649"},"modified":"2019-05-02T18:33:50","modified_gmt":"2019-05-02T16:33:50","slug":"citation-m2","status":"publish","type":"product","link":"https:\/\/dev.artheauaviation.com\/eng\/product\/citation-m2\/","title":{"rendered":"Cessna Citation M2"},"content":{"rendered":"<p style=\"text-align: justify;\"><strong>Pr\u00e9sentation g\u00e9n\u00e9rale:<\/strong><\/p>\n<p style=\"text-align: justify;\">Le Cessna Citation M2 est un jet d&#8217;affaires l\u00e9ger de type turbo-r\u00e9acteur construit par la compagnie Cessna \u00e0 Independence au Kansas. C&#8217;est le dernier n\u00e9 de la gamme des jets Citation. A l&#8217;origine, le Citation M2 est bas\u00e9 sur le Mod\u00e8le &#8220;Citation Jet 525&#8221; (CJ1). Dot\u00e9 d&#8217;une vitesse de 400 n\u0153uds, il pourra franchir 2400 km.<\/p>\n<p style=\"text-align: justify;\">Le constructeur pr\u00e9sente le Cessna Citation M2 comme la solution de jet tr\u00e8s l\u00e9ger entr\u00e9e de gamme souhait\u00e9 par les pilotes, alliant beaut\u00e9 et efficacit\u00e9.<\/p>\n<p style=\"text-align: justify;\"><strong>Caract\u00e9ristiques commerciales:<\/strong><\/p>\n<p style=\"text-align: justify;\">La cabine du Cessna Citation M2 est haute de 1, 45 m et peut accueillir 4 ou 5 passagers, gr\u00e2ce aux 8 grands hublots elle est bien \u00e9clair\u00e9 et ne parait pas trop petite. Il offre plus d&#8217;espace pour les jambes que les autres appareils de la m\u00eame cat\u00e9gorie, ce qui fournit un environnement de travail ou de repos plus agr\u00e9able. L&#8217;int\u00e9rieur a \u00e9t\u00e9 redessin\u00e9 et est donc diff\u00e9rent des autres appareils de Cessna, les technologies en cabine sont \u00e9galement re-pens\u00e9es et tr\u00e8s modernes.<\/p>\n<p style=\"text-align: justify;\"><strong>Caract\u00e9ristiques techniques:<\/strong><\/p>\n<p style=\"text-align: justify;\">Le mod\u00e8le original du citation jet 525 a \u00e9t\u00e9 lanc\u00e9 en 1989. Le M2 a \u00e9t\u00e9 inaugur\u00e9 en Septembre 2011 et a \u00e9t\u00e9 d\u00e9crit comme un nouveau bir\u00e9acteur d&#8217;affaires l\u00e9ger. Ce tout nouveau jet poss\u00e8de de nouvelles caract\u00e9ristiques comme une nouvelle disposition de la cabine et une version plus efficace du moteur Williams FJ44. le premier vol du M2 a \u00e9t\u00e9 r\u00e9alis\u00e9 avec succ\u00e8s le 9 Mars 2012. La version du FJ-44 qui sera utilis\u00e9 sur le M2, produira 10 \u00e0 15% de pouss\u00e9e en plus tout en consommant moins de carburant que son pr\u00e9d\u00e9cesseur.<\/p>\n<p style=\"text-align: justify;\">Version modernis\u00e9e du c\u00e9l\u00e8bre Citation CJ1\u00a0de la marque, c\u2019est un un jet tr\u00e8s l\u00e9ger (VLJ pour Very Light Jet) dont la voilure a \u00e9t\u00e9 am\u00e9lior\u00e9e, notamment gr\u00e2ce \u00e0 l\u2019ajout d\u2019ailettes, mais aussi d\u2019une suite avionique plus moderne et de nouveaux r\u00e9acteurs Williams FJ44 plus \u00e9conomiques. Ces modifications ont permis d\u2019augmenter la charge utile et le rayon d\u2019action de l\u2019appareil (926 km de plus), d\u2019obtenir de meilleures performances en vol et d\u2019accro\u00eetre la vitesse de croisi\u00e8re par rapport au CJ1.<\/p>\n","protected":false},"excerpt":{"rendered":"<p>Pr\u00e9sentation g\u00e9n\u00e9rale: Le Cessna Citation M2 est un jet d&#8217;affaires l\u00e9ger de type turbo-r\u00e9acteur construit par la compagnie Cessna \u00e0 Independence au Kansas. C&#8217;est le dernier n\u00e9 de la gamme des jets Citation. A l&#8217;origine, le Citation M2 est bas\u00e9 sur le Mod\u00e8le &#8220;Citation Jet 525&#8221; (CJ1). Dot\u00e9 d&#8217;une vitesse de 400 n\u0153uds, il pourra [&hellip;]<\/p>\n","protected":false},"featured_media":2535,"template":"","meta":[],"product_cat":[44],"product_tag":[],"yoast_head":"<!-- This site is optimized with the Yoast SEO plugin v20.3 - https:\/\/yoast.com\/wordpress\/plugins\/seo\/ -->\n<title>Cessna Citation M2 - Artheau Aviation<\/title>\n<meta name=\"robots\" content=\"noindex, follow, max-snippet:-1, max-image-preview:large, max-video-preview:-1\" \/>\n<meta property=\"og:locale\" content=\"en_GB\" \/>\n<meta property=\"og:type\" content=\"article\" \/>\n<meta property=\"og:title\" content=\"Cessna Citation M2 - Artheau Aviation\" \/>\n<meta property=\"og:description\" content=\"Pr\u00e9sentation g\u00e9n\u00e9rale: Le Cessna Citation M2 est un jet d&#8217;affaires l\u00e9ger de type turbo-r\u00e9acteur construit par la compagnie Cessna \u00e0 Independence au Kansas. C&#8217;est le dernier n\u00e9 de la gamme des jets Citation. A l&#8217;origine, le Citation M2 est bas\u00e9 sur le Mod\u00e8le &#8220;Citation Jet 525&#8221; (CJ1). Dot\u00e9 d&#8217;une vitesse de 400 n\u0153uds, il pourra [&hellip;]\" \/>\n<meta property=\"og:url\" content=\"https:\/\/dev.artheauaviation.com\/eng\/product\/citation-m2\/\" \/>\n<meta property=\"og:site_name\" content=\"Artheau Aviation\" \/>\n<meta property=\"article:modified_time\" content=\"2019-05-02T16:33:50+00:00\" \/>\n<meta property=\"og:image\" content=\"http:\/\/dev.artheauaviation.com\/eng\/wp-content\/uploads\/sites\/4\/2016\/10\/Cessna-Citation-M2.jpg\" \/>\n\t<meta property=\"og:image:width\" content=\"500\" \/>\n\t<meta property=\"og:image:height\" content=\"375\" \/>\n\t<meta property=\"og:image:type\" content=\"image\/jpeg\" \/>\n<meta name=\"twitter:card\" content=\"summary_large_image\" \/>\n<meta name=\"twitter:label1\" content=\"Estimated reading time\" \/>\n\t<meta name=\"twitter:data1\" content=\"2 minutes\" \/>\n<script type=\"application\/ld+json\" class=\"yoast-schema-graph\">{\"@context\":\"https:\/\/schema.org\",\"@graph\":[{\"@type\":\"WebPage\",\"@id\":\"https:\/\/dev.artheauaviation.com\/eng\/product\/citation-m2\/\",\"url\":\"https:\/\/dev.artheauaviation.com\/eng\/product\/citation-m2\/\",\"name\":\"Cessna Citation M2 - Artheau Aviation\",\"isPartOf\":{\"@id\":\"https:\/\/dev.artheauaviation.com\/eng\/#website\"},\"datePublished\":\"2016-10-10T13:20:34+00:00\",\"dateModified\":\"2019-05-02T16:33:50+00:00\",\"breadcrumb\":{\"@id\":\"https:\/\/dev.artheauaviation.com\/eng\/product\/citation-m2\/#breadcrumb\"},\"inLanguage\":\"en-GB\",\"potentialAction\":[{\"@type\":\"ReadAction\",\"target\":[\"https:\/\/dev.artheauaviation.com\/eng\/product\/citation-m2\/\"]}]},{\"@type\":\"BreadcrumbList\",\"@id\":\"https:\/\/dev.artheauaviation.com\/eng\/product\/citation-m2\/#breadcrumb\",\"itemListElement\":[{\"@type\":\"ListItem\",\"position\":1,\"name\":\"Home\",\"item\":\"https:\/\/dev.artheauaviation.com\/eng\/\"},{\"@type\":\"ListItem\",\"position\":2,\"name\":\"Our Planes\",\"item\":\"https:\/\/dev.artheauaviation.com\/eng\/nos-avions\/\"},{\"@type\":\"ListItem\",\"position\":3,\"name\":\"Cessna Citation M2\"}]},{\"@type\":\"WebSite\",\"@id\":\"https:\/\/dev.artheauaviation.com\/eng\/#website\",\"url\":\"https:\/\/dev.artheauaviation.com\/eng\/\",\"name\":\"Artheau Aviation\",\"description\":\"Let&#039;s Fly Together\",\"potentialAction\":[{\"@type\":\"SearchAction\",\"target\":{\"@type\":\"EntryPoint\",\"urlTemplate\":\"https:\/\/dev.artheauaviation.com\/eng\/?s={search_term_string}\"},\"query-input\":\"required name=search_term_string\"}],\"inLanguage\":\"en-GB\"}]}<\/script>\n<!-- \/ Yoast SEO plugin. -->","yoast_head_json":{"title":"Cessna Citation M2 - Artheau Aviation","robots":{"index":"noindex","follow":"follow","max-snippet":"max-snippet:-1","max-image-preview":"max-image-preview:large","max-video-preview":"max-video-preview:-1"},"og_locale":"en_GB","og_type":"article","og_title":"Cessna Citation M2 - Artheau Aviation","og_description":"Pr\u00e9sentation g\u00e9n\u00e9rale: Le Cessna Citation M2 est un jet d&#8217;affaires l\u00e9ger de type turbo-r\u00e9acteur construit par la compagnie Cessna \u00e0 Independence au Kansas. C&#8217;est le dernier n\u00e9 de la gamme des jets Citation. A l&#8217;origine, le Citation M2 est bas\u00e9 sur le Mod\u00e8le &#8220;Citation Jet 525&#8221; (CJ1). Dot\u00e9 d&#8217;une vitesse de 400 n\u0153uds, il pourra [&hellip;]","og_url":"https:\/\/dev.artheauaviation.com\/eng\/product\/citation-m2\/","og_site_name":"Artheau Aviation","article_modified_time":"2019-05-02T16:33:50+00:00","og_image":[{"width":500,"height":375,"url":"http:\/\/dev.artheauaviation.com\/eng\/wp-content\/uploads\/sites\/4\/2016\/10\/Cessna-Citation-M2.jpg","type":"image\/jpeg"}],"twitter_card":"summary_large_image","twitter_misc":{"Estimated reading time":"2 minutes"},"schema":{"@context":"https:\/\/schema.org","@graph":[{"@type":"WebPage","@id":"https:\/\/dev.artheauaviation.com\/eng\/product\/citation-m2\/","url":"https:\/\/dev.artheauaviation.com\/eng\/product\/citation-m2\/","name":"Cessna Citation M2 - Artheau Aviation","isPartOf":{"@id":"https:\/\/dev.artheauaviation.com\/eng\/#website"},"datePublished":"2016-10-10T13:20:34+00:00","dateModified":"2019-05-02T16:33:50+00:00","breadcrumb":{"@id":"https:\/\/dev.artheauaviation.com\/eng\/product\/citation-m2\/#breadcrumb"},"inLanguage":"en-GB","potentialAction":[{"@type":"ReadAction","target":["https:\/\/dev.artheauaviation.com\/eng\/product\/citation-m2\/"]}]},{"@type":"BreadcrumbList","@id":"https:\/\/dev.artheauaviation.com\/eng\/product\/citation-m2\/#breadcrumb","itemListElement":[{"@type":"ListItem","position":1,"name":"Home","item":"https:\/\/dev.artheauaviation.com\/eng\/"},{"@type":"ListItem","position":2,"name":"Our Planes","item":"https:\/\/dev.artheauaviation.com\/eng\/nos-avions\/"},{"@type":"ListItem","position":3,"name":"Cessna Citation M2"}]},{"@type":"WebSite","@id":"https:\/\/dev.artheauaviation.com\/eng\/#website","url":"https:\/\/dev.artheauaviation.com\/eng\/","name":"Artheau Aviation","description":"Let&#039;s Fly Together","potentialAction":[{"@type":"SearchAction","target":{"@type":"EntryPoint","urlTemplate":"https:\/\/dev.artheauaviation.com\/eng\/?s={search_term_string}"},"query-input":"required name=search_term_string"}],"inLanguage":"en-GB"}]}},"yoast_meta":{"title":""},"_links":{"self":[{"href":"https:\/\/dev.artheauaviation.com\/eng\/wp-json\/wp\/v2\/product\/1649"}],"collection":[{"href":"https:\/\/dev.artheauaviation.com\/eng\/wp-json\/wp\/v2\/product"}],"about":[{"href":"https:\/\/dev.artheauaviation.com\/eng\/wp-json\/wp\/v2\/types\/product"}],"wp:featuredmedia":[{"embeddable":true,"href":"https:\/\/dev.artheauaviation.com\/eng\/wp-json\/wp\/v2\/media\/2535"}],"wp:attachment":[{"href":"https:\/\/dev.artheauaviation.com\/eng\/wp-json\/wp\/v2\/media?parent=1649"}],"wp:term":[{"taxonomy":"product_cat","embeddable":true,"href":"https:\/\/dev.artheauaviation.com\/eng\/wp-json\/wp\/v2\/product_cat?post=1649"},{"taxonomy":"product_tag","embeddable":true,"href":"https:\/\/dev.artheauaviation.com\/eng\/wp-json\/wp\/v2\/product_tag?post=1649"}],"curies":[{"name":"wp","href":"https:\/\/api.w.org\/{rel}","templated":true}]}}