{"id":1658,"date":"2016-10-10T16:22:33","date_gmt":"2016-10-10T14:22:33","guid":{"rendered":"https:\/\/artheauaviation.com\/eng\/?post_type=product&#038;p=1658"},"modified":"2017-08-07T17:33:21","modified_gmt":"2017-08-07T15:33:21","slug":"bombardier-crj900","status":"publish","type":"product","link":"https:\/\/dev.artheauaviation.com\/eng\/product\/bombardier-crj900\/","title":{"rendered":"Bombardier CRJ900"},"content":{"rendered":"<p style=\"text-align: justify;\"><strong>Pr\u00e9sentation g\u00e9n\u00e9rale:<\/strong><\/p>\n<p style=\"text-align: justify;\">Le Bombardier CRJ900 est un avion de ligne r\u00e9gional bir\u00e9acteur produit par l&#8217;entreprise canadienne Bombardier A\u00e9ronautique. Il est d\u00e9riv\u00e9 du Bombardier CRJ700 mais a comme base de conception le CRJ200. Cela est du au succ\u00e8s commercial de ce dernier qui est reconnu comme un appareil n\u00e9cessitant moins de co\u00fbts op\u00e9rationnels et une flexibilit\u00e9 exceptionnelle en vol.<\/p>\n<p style=\"text-align: justify;\">Le premier vol du CRJ900 a lieu le 21 f\u00e9vrier 2001 et il est mis en service en 2003. Depuis il est vendu \u00e0 plus de 420 exemplaires.<\/p>\n<p style=\"text-align: justify;\"><strong>Caract\u00e9ristiques commerciales:<\/strong><\/p>\n<p style=\"text-align: justify;\">La cabine standard du CRJ900 est \u00e9quip\u00e9e de 86 si\u00e8ges, mais plusieurs configurations sont propos\u00e9es aux compagnies a\u00e9riennes, qui peuvent l&#8217;adapter \u00e0 leurs besoins. Cet avion mono-couloir est polyvalent gr\u00e2ce \u00e0 ses &#8220;zones flexibles&#8221;, une \u00e0 l&#8217;avant, l&#8217;autre \u00e0 l&#8217;arri\u00e8re de l&#8217;appareil. La zone flexible avant de la cabine, am\u00e9nageable selon les envies de la compagnie permet d&#8217;offrir une configuration bi-classe et la zone flexible arri\u00e8re permet plus de souplesse dans l&#8217;am\u00e9nagement de l&#8217;office.<\/p>\n<p style=\"text-align: justify;\"><strong>Caract\u00e9ristiques techniques:<\/strong><\/p>\n<p style=\"text-align: justify;\">Les moteurs du Bombardier CRJ900 sont deux mod\u00e8les General Electric CF34-8C5 qui lui permettent d&#8217;avoir une vitesse de croisi\u00e8re de 830 km\/h et une vitesse maximale de 880 km\/h. C&#8217;est une puissance 5% plus importante que sur le CRJ700. De ce fait le train d&#8217;atterrissage est renforc\u00e9 ainsi que la puissance des freins. N\u00e9anmoins le constructeur, pour maintenir le faible co\u00fbt d&#8217;entretien et de porpi\u00e9t\u00e9 de la s\u00e9rie des appareils CRJ, fait de garder son fort degr\u00e9 de communit\u00e9. c&#8217;est \u00e0 dire un ensemble de caract\u00e9ristiques communes de ces avions.<\/p>\n<p style=\"text-align: justify;\">&#8220;Le Bombardier CRJ900, un avion moderne et \u00e9co\u00e9nergique, continu de maintenir un forte pr\u00e9sence et constitue une r\u00e9f\u00e9rence pour l&#8217;industrie gr\u00e2ce \u00e0 ses faibles co\u00fbts d&#8217;exploitation, sa souplesse op\u00e9rationnelle exceptionnelle et sa cabine avec \u00e9quipements rehauss\u00e9s&#8221; explique le pr\u00e9sident de Bombardier Avions commerciaux \u00e0 la suite d&#8217;une entente d&#8217;achat ferme de 10 appareils CRJ900 en juin 2016.<\/p>\n","protected":false},"excerpt":{"rendered":"<p>Pr\u00e9sentation g\u00e9n\u00e9rale: Le Bombardier CRJ900 est un avion de ligne r\u00e9gional bir\u00e9acteur produit par l&#8217;entreprise canadienne Bombardier A\u00e9ronautique. Il est d\u00e9riv\u00e9 du Bombardier CRJ700 mais a comme base de conception le CRJ200. Cela est du au succ\u00e8s commercial de ce dernier qui est reconnu comme un appareil n\u00e9cessitant moins de co\u00fbts op\u00e9rationnels et une flexibilit\u00e9 [&hellip;]<\/p>\n","protected":false},"featured_media":1662,"template":"","meta":[],"product_cat":[43],"product_tag":[],"yoast_head":"<!-- This site is optimized with the Yoast SEO plugin v20.3 - https:\/\/yoast.com\/wordpress\/plugins\/seo\/ -->\n<title>Bombardier CRJ900 - Artheau Aviation<\/title>\n<meta name=\"robots\" content=\"noindex, follow, max-snippet:-1, max-image-preview:large, max-video-preview:-1\" \/>\n<meta property=\"og:locale\" content=\"en_GB\" \/>\n<meta property=\"og:type\" content=\"article\" \/>\n<meta property=\"og:title\" content=\"Bombardier CRJ900 - Artheau Aviation\" \/>\n<meta property=\"og:description\" content=\"Pr\u00e9sentation g\u00e9n\u00e9rale: Le Bombardier CRJ900 est un avion de ligne r\u00e9gional bir\u00e9acteur produit par l&#8217;entreprise canadienne Bombardier A\u00e9ronautique. Il est d\u00e9riv\u00e9 du Bombardier CRJ700 mais a comme base de conception le CRJ200. Cela est du au succ\u00e8s commercial de ce dernier qui est reconnu comme un appareil n\u00e9cessitant moins de co\u00fbts op\u00e9rationnels et une flexibilit\u00e9 [&hellip;]\" \/>\n<meta property=\"og:url\" content=\"https:\/\/dev.artheauaviation.com\/eng\/product\/bombardier-crj900\/\" \/>\n<meta property=\"og:site_name\" content=\"Artheau Aviation\" \/>\n<meta property=\"article:modified_time\" content=\"2017-08-07T15:33:21+00:00\" \/>\n<meta property=\"og:image\" content=\"http:\/\/dev.artheauaviation.com\/eng\/wp-content\/uploads\/sites\/4\/2016\/10\/CRJ-900-copie.jpg\" \/>\n\t<meta property=\"og:image:width\" content=\"1023\" \/>\n\t<meta property=\"og:image:height\" content=\"1023\" \/>\n\t<meta property=\"og:image:type\" content=\"image\/jpeg\" \/>\n<meta name=\"twitter:card\" content=\"summary_large_image\" \/>\n<meta name=\"twitter:label1\" content=\"Estimated reading time\" \/>\n\t<meta name=\"twitter:data1\" content=\"2 minutes\" \/>\n<script type=\"application\/ld+json\" class=\"yoast-schema-graph\">{\"@context\":\"https:\/\/schema.org\",\"@graph\":[{\"@type\":\"WebPage\",\"@id\":\"https:\/\/dev.artheauaviation.com\/eng\/product\/bombardier-crj900\/\",\"url\":\"https:\/\/dev.artheauaviation.com\/eng\/product\/bombardier-crj900\/\",\"name\":\"Bombardier CRJ900 - Artheau Aviation\",\"isPartOf\":{\"@id\":\"https:\/\/dev.artheauaviation.com\/eng\/#website\"},\"datePublished\":\"2016-10-10T14:22:33+00:00\",\"dateModified\":\"2017-08-07T15:33:21+00:00\",\"breadcrumb\":{\"@id\":\"https:\/\/dev.artheauaviation.com\/eng\/product\/bombardier-crj900\/#breadcrumb\"},\"inLanguage\":\"en-GB\",\"potentialAction\":[{\"@type\":\"ReadAction\",\"target\":[\"https:\/\/dev.artheauaviation.com\/eng\/product\/bombardier-crj900\/\"]}]},{\"@type\":\"BreadcrumbList\",\"@id\":\"https:\/\/dev.artheauaviation.com\/eng\/product\/bombardier-crj900\/#breadcrumb\",\"itemListElement\":[{\"@type\":\"ListItem\",\"position\":1,\"name\":\"Home\",\"item\":\"https:\/\/dev.artheauaviation.com\/eng\/\"},{\"@type\":\"ListItem\",\"position\":2,\"name\":\"Our Planes\",\"item\":\"https:\/\/dev.artheauaviation.com\/eng\/nos-avions\/\"},{\"@type\":\"ListItem\",\"position\":3,\"name\":\"Bombardier CRJ900\"}]},{\"@type\":\"WebSite\",\"@id\":\"https:\/\/dev.artheauaviation.com\/eng\/#website\",\"url\":\"https:\/\/dev.artheauaviation.com\/eng\/\",\"name\":\"Artheau Aviation\",\"description\":\"Let&#039;s Fly Together\",\"potentialAction\":[{\"@type\":\"SearchAction\",\"target\":{\"@type\":\"EntryPoint\",\"urlTemplate\":\"https:\/\/dev.artheauaviation.com\/eng\/?s={search_term_string}\"},\"query-input\":\"required name=search_term_string\"}],\"inLanguage\":\"en-GB\"}]}<\/script>\n<!-- \/ Yoast SEO plugin. -->","yoast_head_json":{"title":"Bombardier CRJ900 - Artheau Aviation","robots":{"index":"noindex","follow":"follow","max-snippet":"max-snippet:-1","max-image-preview":"max-image-preview:large","max-video-preview":"max-video-preview:-1"},"og_locale":"en_GB","og_type":"article","og_title":"Bombardier CRJ900 - Artheau Aviation","og_description":"Pr\u00e9sentation g\u00e9n\u00e9rale: Le Bombardier CRJ900 est un avion de ligne r\u00e9gional bir\u00e9acteur produit par l&#8217;entreprise canadienne Bombardier A\u00e9ronautique. Il est d\u00e9riv\u00e9 du Bombardier CRJ700 mais a comme base de conception le CRJ200. Cela est du au succ\u00e8s commercial de ce dernier qui est reconnu comme un appareil n\u00e9cessitant moins de co\u00fbts op\u00e9rationnels et une flexibilit\u00e9 [&hellip;]","og_url":"https:\/\/dev.artheauaviation.com\/eng\/product\/bombardier-crj900\/","og_site_name":"Artheau Aviation","article_modified_time":"2017-08-07T15:33:21+00:00","og_image":[{"width":1023,"height":1023,"url":"http:\/\/dev.artheauaviation.com\/eng\/wp-content\/uploads\/sites\/4\/2016\/10\/CRJ-900-copie.jpg","type":"image\/jpeg"}],"twitter_card":"summary_large_image","twitter_misc":{"Estimated reading time":"2 minutes"},"schema":{"@context":"https:\/\/schema.org","@graph":[{"@type":"WebPage","@id":"https:\/\/dev.artheauaviation.com\/eng\/product\/bombardier-crj900\/","url":"https:\/\/dev.artheauaviation.com\/eng\/product\/bombardier-crj900\/","name":"Bombardier CRJ900 - Artheau Aviation","isPartOf":{"@id":"https:\/\/dev.artheauaviation.com\/eng\/#website"},"datePublished":"2016-10-10T14:22:33+00:00","dateModified":"2017-08-07T15:33:21+00:00","breadcrumb":{"@id":"https:\/\/dev.artheauaviation.com\/eng\/product\/bombardier-crj900\/#breadcrumb"},"inLanguage":"en-GB","potentialAction":[{"@type":"ReadAction","target":["https:\/\/dev.artheauaviation.com\/eng\/product\/bombardier-crj900\/"]}]},{"@type":"BreadcrumbList","@id":"https:\/\/dev.artheauaviation.com\/eng\/product\/bombardier-crj900\/#breadcrumb","itemListElement":[{"@type":"ListItem","position":1,"name":"Home","item":"https:\/\/dev.artheauaviation.com\/eng\/"},{"@type":"ListItem","position":2,"name":"Our Planes","item":"https:\/\/dev.artheauaviation.com\/eng\/nos-avions\/"},{"@type":"ListItem","position":3,"name":"Bombardier CRJ900"}]},{"@type":"WebSite","@id":"https:\/\/dev.artheauaviation.com\/eng\/#website","url":"https:\/\/dev.artheauaviation.com\/eng\/","name":"Artheau Aviation","description":"Let&#039;s Fly Together","potentialAction":[{"@type":"SearchAction","target":{"@type":"EntryPoint","urlTemplate":"https:\/\/dev.artheauaviation.com\/eng\/?s={search_term_string}"},"query-input":"required name=search_term_string"}],"inLanguage":"en-GB"}]}},"yoast_meta":{"title":""},"_links":{"self":[{"href":"https:\/\/dev.artheauaviation.com\/eng\/wp-json\/wp\/v2\/product\/1658"}],"collection":[{"href":"https:\/\/dev.artheauaviation.com\/eng\/wp-json\/wp\/v2\/product"}],"about":[{"href":"https:\/\/dev.artheauaviation.com\/eng\/wp-json\/wp\/v2\/types\/product"}],"wp:featuredmedia":[{"embeddable":true,"href":"https:\/\/dev.artheauaviation.com\/eng\/wp-json\/wp\/v2\/media\/1662"}],"wp:attachment":[{"href":"https:\/\/dev.artheauaviation.com\/eng\/wp-json\/wp\/v2\/media?parent=1658"}],"wp:term":[{"taxonomy":"product_cat","embeddable":true,"href":"https:\/\/dev.artheauaviation.com\/eng\/wp-json\/wp\/v2\/product_cat?post=1658"},{"taxonomy":"product_tag","embeddable":true,"href":"https:\/\/dev.artheauaviation.com\/eng\/wp-json\/wp\/v2\/product_tag?post=1658"}],"curies":[{"name":"wp","href":"https:\/\/api.w.org\/{rel}","templated":true}]}}