{"id":1661,"date":"2016-10-10T16:25:16","date_gmt":"2016-10-10T14:25:16","guid":{"rendered":"https:\/\/artheauaviation.com\/eng\/?post_type=product&#038;p=1661"},"modified":"2023-02-27T17:34:15","modified_gmt":"2023-02-27T15:34:15","slug":"bombardier-crj200","status":"publish","type":"product","link":"https:\/\/dev.artheauaviation.com\/eng\/product\/bombardier-crj200\/","title":{"rendered":"Bombardier CRJ200"},"content":{"rendered":"<p style=\"text-align: justify;\"><strong>Pr\u00e9sentation g\u00e9n\u00e9rale:<\/strong><\/p>\n<p style=\"text-align: justify;\">Le CRJ200 est un avion du constructeur canadien Bombardier A\u00e9ronautique qui a \u00e9t\u00e9 <span class=\"notranslate\">a \u00e9t\u00e9 annonc\u00e9 par Bombardier en 1995 et mis en service en 1996. Le CRJ200 a remplac\u00e9 le premier membre de la famille, le CRJ100, qui est entr\u00e9 en service en 1992. <\/span>Il existe deux versions de cet appareil, le CRJ200 ER et le CRJ200 LR. Leurs principales diff\u00e9rences r\u00e9sident dans leur capacit\u00e9 maximale au d\u00e9collage et leur vitesse de croisi\u00e8re.\u00a0La vitesse que peut atteindre le CRJ 200 est, \u00e9tonnamment, de <span class=\"nowrap\">860\u00a0km\/h<\/span> (soit Mach 0,81) et l&#8217;a\u00e9ronef peut atteindre une altitude de croisi\u00e8re de 41\u00a0000 pieds.<\/p>\n<p style=\"text-align: justify;\"><strong>Caract\u00e9ristiques commerciales:<\/strong><\/p>\n<p style=\"text-align: justify;\">La cabine des passagers, d&#8217;une largeur de 8,43 pieds (2,57\u00a0m), peut accueillir des fauteuils en groupement double de chaque c\u00f4t\u00e9 du couloir central. Les passagers b\u00e9n\u00e9ficient d&#8217;une hauteur de plafond de plus de six pieds (1,85\u00a0m). Le CRJ est \u00e9galement dot\u00e9 d&#8217;un office avant, de toilettes \u00e0 l&#8217;arri\u00e8re et d&#8217;une soute \u00e0 bagages dans la partie arri\u00e8re du fuselage.<\/p>\n<p style=\"text-align: justify;\"><strong>Caract\u00e9ristiques techniques:<\/strong><\/p>\n<p style=\"text-align: justify;\">Le CRJ200 est propuls\u00e9 par deux turbor\u00e9acteurs General Electric CF34-3B1 g\u00e9n\u00e9rant une pouss\u00e9e nominale de 8\u00a0729 lbf (38,83 kN) au d\u00e9collage. \u00c0 une vitesse de croisi\u00e8re pouvant atteindre 464 n\u0153uds (860\u00a0km\/h), il peut franchir 1\u00a0915 milles marins (3\u00a0547\u00a0km) avec une pleine charge de 50 passagers.<br \/>\nLe CRJ200 mesure 87 pieds et 10 pouces (26,77\u00a0m) de long et sa masse maximale au d\u00e9collage est de 53\u00a0000 livres (24\u00a0041\u00a0kg). Son rayon de virage \u00e0 180 degr\u00e9s n&#8217;est que de 75 pieds (22,9\u00a0m) au sol, un atout important aux a\u00e9roports de plus en plus achaland\u00e9s.<\/p>\n<p style=\"text-align: justify;\">Son avionique correspond \u00e0 un syst\u00e8me d&#8217;instruments de vol \u00e9lectroniques (EFIS) Collins Pro Line 4 \u00e0 six \u00e9crans, d&#8217;un syst\u00e8me d&#8217;affichage des param\u00e8tres r\u00e9acteurs et d&#8217;une mise en garde et d&#8217;alarme \u00e0 deux \u00e9crans (EICAS).<\/p>\n<p style=\"text-align: justify;\">Les moteurs de chacune des versions peuvent \u00eatre modifi\u00e9s de fa\u00e7on \u00e0 donner \u00e0 l&#8217;avion des performances exceptionnelles par temps chaud aux a\u00e9roports en haute altitude, permettant ainsi d&#8217;accro\u00eetre la charge marchande et, par cons\u00e9quent, la rentabilit\u00e9.<\/p>\n","protected":false},"excerpt":{"rendered":"<p>Pr\u00e9sentation g\u00e9n\u00e9rale: Le CRJ200 est un avion du constructeur canadien Bombardier A\u00e9ronautique qui a \u00e9t\u00e9 a \u00e9t\u00e9 annonc\u00e9 par Bombardier en 1995 et mis en service en 1996. Le CRJ200 a remplac\u00e9 le premier membre de la famille, le CRJ100, qui est entr\u00e9 en service en 1992. Il existe deux versions de cet appareil, le [&hellip;]<\/p>\n","protected":false},"featured_media":2472,"template":"","meta":[],"product_cat":[43],"product_tag":[],"yoast_head":"<!-- This site is optimized with the Yoast SEO plugin v20.3 - https:\/\/yoast.com\/wordpress\/plugins\/seo\/ -->\n<title>Bombardier CRJ200 - Artheau Aviation<\/title>\n<meta name=\"robots\" content=\"noindex, follow, max-snippet:-1, max-image-preview:large, max-video-preview:-1\" \/>\n<meta property=\"og:locale\" content=\"en_GB\" \/>\n<meta property=\"og:type\" content=\"article\" \/>\n<meta property=\"og:title\" content=\"Bombardier CRJ200 - Artheau Aviation\" \/>\n<meta property=\"og:description\" content=\"Pr\u00e9sentation g\u00e9n\u00e9rale: Le CRJ200 est un avion du constructeur canadien Bombardier A\u00e9ronautique qui a \u00e9t\u00e9 a \u00e9t\u00e9 annonc\u00e9 par Bombardier en 1995 et mis en service en 1996. Le CRJ200 a remplac\u00e9 le premier membre de la famille, le CRJ100, qui est entr\u00e9 en service en 1992. Il existe deux versions de cet appareil, le [&hellip;]\" \/>\n<meta property=\"og:url\" content=\"https:\/\/dev.artheauaviation.com\/eng\/product\/bombardier-crj200\/\" \/>\n<meta property=\"og:site_name\" content=\"Artheau Aviation\" \/>\n<meta property=\"article:modified_time\" content=\"2023-02-27T15:34:15+00:00\" \/>\n<meta property=\"og:image\" content=\"http:\/\/dev.artheauaviation.com\/eng\/wp-content\/uploads\/sites\/4\/2016\/10\/Bombardier-CRJ200.jpg\" \/>\n\t<meta property=\"og:image:width\" content=\"500\" \/>\n\t<meta property=\"og:image:height\" content=\"350\" \/>\n\t<meta property=\"og:image:type\" content=\"image\/jpeg\" \/>\n<meta name=\"twitter:card\" content=\"summary_large_image\" \/>\n<meta name=\"twitter:label1\" content=\"Estimated reading time\" \/>\n\t<meta name=\"twitter:data1\" content=\"2 minutes\" \/>\n<script type=\"application\/ld+json\" class=\"yoast-schema-graph\">{\"@context\":\"https:\/\/schema.org\",\"@graph\":[{\"@type\":\"WebPage\",\"@id\":\"https:\/\/dev.artheauaviation.com\/eng\/product\/bombardier-crj200\/\",\"url\":\"https:\/\/dev.artheauaviation.com\/eng\/product\/bombardier-crj200\/\",\"name\":\"Bombardier CRJ200 - Artheau Aviation\",\"isPartOf\":{\"@id\":\"https:\/\/dev.artheauaviation.com\/eng\/#website\"},\"datePublished\":\"2016-10-10T14:25:16+00:00\",\"dateModified\":\"2023-02-27T15:34:15+00:00\",\"breadcrumb\":{\"@id\":\"https:\/\/dev.artheauaviation.com\/eng\/product\/bombardier-crj200\/#breadcrumb\"},\"inLanguage\":\"en-GB\",\"potentialAction\":[{\"@type\":\"ReadAction\",\"target\":[\"https:\/\/dev.artheauaviation.com\/eng\/product\/bombardier-crj200\/\"]}]},{\"@type\":\"BreadcrumbList\",\"@id\":\"https:\/\/dev.artheauaviation.com\/eng\/product\/bombardier-crj200\/#breadcrumb\",\"itemListElement\":[{\"@type\":\"ListItem\",\"position\":1,\"name\":\"Home\",\"item\":\"https:\/\/dev.artheauaviation.com\/eng\/\"},{\"@type\":\"ListItem\",\"position\":2,\"name\":\"Our Planes\",\"item\":\"https:\/\/dev.artheauaviation.com\/eng\/nos-avions\/\"},{\"@type\":\"ListItem\",\"position\":3,\"name\":\"Bombardier CRJ200\"}]},{\"@type\":\"WebSite\",\"@id\":\"https:\/\/dev.artheauaviation.com\/eng\/#website\",\"url\":\"https:\/\/dev.artheauaviation.com\/eng\/\",\"name\":\"Artheau Aviation\",\"description\":\"Let&#039;s Fly Together\",\"potentialAction\":[{\"@type\":\"SearchAction\",\"target\":{\"@type\":\"EntryPoint\",\"urlTemplate\":\"https:\/\/dev.artheauaviation.com\/eng\/?s={search_term_string}\"},\"query-input\":\"required name=search_term_string\"}],\"inLanguage\":\"en-GB\"}]}<\/script>\n<!-- \/ Yoast SEO plugin. -->","yoast_head_json":{"title":"Bombardier CRJ200 - Artheau Aviation","robots":{"index":"noindex","follow":"follow","max-snippet":"max-snippet:-1","max-image-preview":"max-image-preview:large","max-video-preview":"max-video-preview:-1"},"og_locale":"en_GB","og_type":"article","og_title":"Bombardier CRJ200 - Artheau Aviation","og_description":"Pr\u00e9sentation g\u00e9n\u00e9rale: Le CRJ200 est un avion du constructeur canadien Bombardier A\u00e9ronautique qui a \u00e9t\u00e9 a \u00e9t\u00e9 annonc\u00e9 par Bombardier en 1995 et mis en service en 1996. Le CRJ200 a remplac\u00e9 le premier membre de la famille, le CRJ100, qui est entr\u00e9 en service en 1992. Il existe deux versions de cet appareil, le [&hellip;]","og_url":"https:\/\/dev.artheauaviation.com\/eng\/product\/bombardier-crj200\/","og_site_name":"Artheau Aviation","article_modified_time":"2023-02-27T15:34:15+00:00","og_image":[{"width":500,"height":350,"url":"http:\/\/dev.artheauaviation.com\/eng\/wp-content\/uploads\/sites\/4\/2016\/10\/Bombardier-CRJ200.jpg","type":"image\/jpeg"}],"twitter_card":"summary_large_image","twitter_misc":{"Estimated reading time":"2 minutes"},"schema":{"@context":"https:\/\/schema.org","@graph":[{"@type":"WebPage","@id":"https:\/\/dev.artheauaviation.com\/eng\/product\/bombardier-crj200\/","url":"https:\/\/dev.artheauaviation.com\/eng\/product\/bombardier-crj200\/","name":"Bombardier CRJ200 - Artheau Aviation","isPartOf":{"@id":"https:\/\/dev.artheauaviation.com\/eng\/#website"},"datePublished":"2016-10-10T14:25:16+00:00","dateModified":"2023-02-27T15:34:15+00:00","breadcrumb":{"@id":"https:\/\/dev.artheauaviation.com\/eng\/product\/bombardier-crj200\/#breadcrumb"},"inLanguage":"en-GB","potentialAction":[{"@type":"ReadAction","target":["https:\/\/dev.artheauaviation.com\/eng\/product\/bombardier-crj200\/"]}]},{"@type":"BreadcrumbList","@id":"https:\/\/dev.artheauaviation.com\/eng\/product\/bombardier-crj200\/#breadcrumb","itemListElement":[{"@type":"ListItem","position":1,"name":"Home","item":"https:\/\/dev.artheauaviation.com\/eng\/"},{"@type":"ListItem","position":2,"name":"Our Planes","item":"https:\/\/dev.artheauaviation.com\/eng\/nos-avions\/"},{"@type":"ListItem","position":3,"name":"Bombardier CRJ200"}]},{"@type":"WebSite","@id":"https:\/\/dev.artheauaviation.com\/eng\/#website","url":"https:\/\/dev.artheauaviation.com\/eng\/","name":"Artheau Aviation","description":"Let&#039;s Fly Together","potentialAction":[{"@type":"SearchAction","target":{"@type":"EntryPoint","urlTemplate":"https:\/\/dev.artheauaviation.com\/eng\/?s={search_term_string}"},"query-input":"required name=search_term_string"}],"inLanguage":"en-GB"}]}},"yoast_meta":{"title":""},"_links":{"self":[{"href":"https:\/\/dev.artheauaviation.com\/eng\/wp-json\/wp\/v2\/product\/1661"}],"collection":[{"href":"https:\/\/dev.artheauaviation.com\/eng\/wp-json\/wp\/v2\/product"}],"about":[{"href":"https:\/\/dev.artheauaviation.com\/eng\/wp-json\/wp\/v2\/types\/product"}],"wp:featuredmedia":[{"embeddable":true,"href":"https:\/\/dev.artheauaviation.com\/eng\/wp-json\/wp\/v2\/media\/2472"}],"wp:attachment":[{"href":"https:\/\/dev.artheauaviation.com\/eng\/wp-json\/wp\/v2\/media?parent=1661"}],"wp:term":[{"taxonomy":"product_cat","embeddable":true,"href":"https:\/\/dev.artheauaviation.com\/eng\/wp-json\/wp\/v2\/product_cat?post=1661"},{"taxonomy":"product_tag","embeddable":true,"href":"https:\/\/dev.artheauaviation.com\/eng\/wp-json\/wp\/v2\/product_tag?post=1661"}],"curies":[{"name":"wp","href":"https:\/\/api.w.org\/{rel}","templated":true}]}}