{"id":1672,"date":"2016-10-11T10:36:23","date_gmt":"2016-10-11T08:36:23","guid":{"rendered":"https:\/\/artheauaviation.com\/eng\/?post_type=product&#038;p=1672"},"modified":"2017-08-07T17:34:37","modified_gmt":"2017-08-07T15:34:37","slug":"bombardier-dash8-100","status":"publish","type":"product","link":"https:\/\/dev.artheauaviation.com\/eng\/product\/bombardier-dash8-100\/","title":{"rendered":"Bombardier Dash8-100"},"content":{"rendered":"<p style=\"text-align: justify;\"><strong>Pr\u00e9sentation g\u00e9n\u00e9rale:<\/strong><\/p>\n<p style=\"text-align: justify;\">Les De Havilland Canada DHC 8 ou Bombardier Q &#8211; Series, plus connus sous le nom Dash 8 sont une famille d&#8217;avions de ligne, d\u00e9velopp\u00e9s par le constructeur canadien DHC puis par Bombardier A\u00e9ronautique, quand ce dernier rach\u00e8te la filiale de Boeing en 1992.<\/p>\n<p style=\"text-align: justify;\">Le Dash 8-100 est le premier mod\u00e8le de la s\u00e9rie. DHC le pr\u00e9sente comme sa r\u00e9ponse aux besoins des compagnies a\u00e9riennes en plus petits appareils. En effet son d\u00e9veloppement fait \u00e9cho \u00e0 une nouvelle demande sur le march\u00e9 des avions domestiques et courts courriers, de petite capacit\u00e9. Son premier vol a eu lieu le 20 juin 1993 et il est entr\u00e9 en service l&#8217;ann\u00e9e suivante.<\/p>\n<p style=\"text-align: justify;\"><strong>Caract\u00e9ristiques commerciales:<\/strong><\/p>\n<p style=\"text-align: justify;\">Sa cabine est con\u00e7ue pour pouvoir accueillir jusqu&#8217;\u00e0 40 passagers mais cette capacit\u00e9 d\u00e9pend de la configuration de l&#8217;appareil. Elle suit le plan de d\u00e9veloppement d&#8217;un appareil effectuant des vols courts-courriers et des vols navettes. C&#8217;est un avion mono-couloir, de quatre si\u00e8ges par rang\u00e9e. La s\u00e9rie 100A, deuxi\u00e8me version du Dash 8-100 propose une cabine de m\u00eame capacit\u00e9 mais avec plus de place par si\u00e8ge et donc plus de confort pour les passagers.<\/p>\n<p style=\"text-align: justify;\">\n<p style=\"text-align: justify;\"><strong>Caract\u00e9ristiques techniques:<\/strong><\/p>\n<p style=\"text-align: justify;\">Avec le Dash 8, DHC mise sur l&#8217;am\u00e9lioration des performances de croisi\u00e8re et la r\u00e9duction des co\u00fbts op\u00e9rationnels. Le moteur choisi est le PW100 de Pratt &amp; Whitney Canada. La s\u00e9rie des Dash 8-100B, version am\u00e9lior\u00e9e livr\u00e9e depuis 1992 poss\u00e8de des moteurs plus puissants afin d&#8217;am\u00e9liorer la mont\u00e9e.\u00a0Comme le Dash 7, Dash 8 dispose d&#8217;un aile haute mont\u00e9e une queue en forme de T, de plus il dispose d&#8217;un syst\u00e8me de commande de vol de pointe.<\/p>\n<p style=\"text-align: justify;\">L&#8217;avion a \u00e9t\u00e9 livr\u00e9 en quatre s\u00e9ries. La s\u00e9rie 100 a une capacit\u00e9 maximale de 39, la s\u00e9rie 200 a la m\u00eame capacit\u00e9 mais offre des moteurs plus puissants, la s\u00e9rie 300 est une version \u00e9tir\u00e9e de 50 places, et la s\u00e9rie 400 est en outre \u00e9tendue \u00e0 78 passagers. La r\u00e9duction du bruit en cabine est l&#8217;objectif des appareils construits apr\u00e8s 1997, ils sont d\u00e9sign\u00e9s par le pr\u00e9fixe &#8220;Q&#8221;. La production de la s\u00e9rie 100 a cess\u00e9e en 2005, et le Q200 et Q300 en 2009.<\/p>\n","protected":false},"excerpt":{"rendered":"<p>Pr\u00e9sentation g\u00e9n\u00e9rale: Les De Havilland Canada DHC 8 ou Bombardier Q &#8211; Series, plus connus sous le nom Dash 8 sont une famille d&#8217;avions de ligne, d\u00e9velopp\u00e9s par le constructeur canadien DHC puis par Bombardier A\u00e9ronautique, quand ce dernier rach\u00e8te la filiale de Boeing en 1992. Le Dash 8-100 est le premier mod\u00e8le de la [&hellip;]<\/p>\n","protected":false},"featured_media":1792,"template":"","meta":[],"product_cat":[43],"product_tag":[],"yoast_head":"<!-- This site is optimized with the Yoast SEO plugin v20.3 - https:\/\/yoast.com\/wordpress\/plugins\/seo\/ -->\n<title>Bombardier Dash8-100 - Artheau Aviation<\/title>\n<meta name=\"robots\" content=\"noindex, follow, max-snippet:-1, max-image-preview:large, max-video-preview:-1\" \/>\n<meta property=\"og:locale\" content=\"en_GB\" \/>\n<meta property=\"og:type\" content=\"article\" \/>\n<meta property=\"og:title\" content=\"Bombardier Dash8-100 - Artheau Aviation\" \/>\n<meta property=\"og:description\" content=\"Pr\u00e9sentation g\u00e9n\u00e9rale: Les De Havilland Canada DHC 8 ou Bombardier Q &#8211; Series, plus connus sous le nom Dash 8 sont une famille d&#8217;avions de ligne, d\u00e9velopp\u00e9s par le constructeur canadien DHC puis par Bombardier A\u00e9ronautique, quand ce dernier rach\u00e8te la filiale de Boeing en 1992. Le Dash 8-100 est le premier mod\u00e8le de la [&hellip;]\" \/>\n<meta property=\"og:url\" content=\"https:\/\/dev.artheauaviation.com\/eng\/product\/bombardier-dash8-100\/\" \/>\n<meta property=\"og:site_name\" content=\"Artheau Aviation\" \/>\n<meta property=\"article:modified_time\" content=\"2017-08-07T15:34:37+00:00\" \/>\n<meta property=\"og:image\" content=\"http:\/\/dev.artheauaviation.com\/eng\/wp-content\/uploads\/sites\/4\/2016\/10\/Bombardier-dash-8-100.jpg\" \/>\n\t<meta property=\"og:image:width\" content=\"680\" \/>\n\t<meta property=\"og:image:height\" content=\"680\" \/>\n\t<meta property=\"og:image:type\" content=\"image\/jpeg\" \/>\n<meta name=\"twitter:card\" content=\"summary_large_image\" \/>\n<meta name=\"twitter:label1\" content=\"Estimated reading time\" \/>\n\t<meta name=\"twitter:data1\" content=\"2 minutes\" \/>\n<script type=\"application\/ld+json\" class=\"yoast-schema-graph\">{\"@context\":\"https:\/\/schema.org\",\"@graph\":[{\"@type\":\"WebPage\",\"@id\":\"https:\/\/dev.artheauaviation.com\/eng\/product\/bombardier-dash8-100\/\",\"url\":\"https:\/\/dev.artheauaviation.com\/eng\/product\/bombardier-dash8-100\/\",\"name\":\"Bombardier Dash8-100 - Artheau Aviation\",\"isPartOf\":{\"@id\":\"https:\/\/dev.artheauaviation.com\/eng\/#website\"},\"datePublished\":\"2016-10-11T08:36:23+00:00\",\"dateModified\":\"2017-08-07T15:34:37+00:00\",\"breadcrumb\":{\"@id\":\"https:\/\/dev.artheauaviation.com\/eng\/product\/bombardier-dash8-100\/#breadcrumb\"},\"inLanguage\":\"en-GB\",\"potentialAction\":[{\"@type\":\"ReadAction\",\"target\":[\"https:\/\/dev.artheauaviation.com\/eng\/product\/bombardier-dash8-100\/\"]}]},{\"@type\":\"BreadcrumbList\",\"@id\":\"https:\/\/dev.artheauaviation.com\/eng\/product\/bombardier-dash8-100\/#breadcrumb\",\"itemListElement\":[{\"@type\":\"ListItem\",\"position\":1,\"name\":\"Home\",\"item\":\"https:\/\/dev.artheauaviation.com\/eng\/\"},{\"@type\":\"ListItem\",\"position\":2,\"name\":\"Our Planes\",\"item\":\"https:\/\/dev.artheauaviation.com\/eng\/nos-avions\/\"},{\"@type\":\"ListItem\",\"position\":3,\"name\":\"Bombardier Dash8-100\"}]},{\"@type\":\"WebSite\",\"@id\":\"https:\/\/dev.artheauaviation.com\/eng\/#website\",\"url\":\"https:\/\/dev.artheauaviation.com\/eng\/\",\"name\":\"Artheau Aviation\",\"description\":\"Let&#039;s Fly Together\",\"potentialAction\":[{\"@type\":\"SearchAction\",\"target\":{\"@type\":\"EntryPoint\",\"urlTemplate\":\"https:\/\/dev.artheauaviation.com\/eng\/?s={search_term_string}\"},\"query-input\":\"required name=search_term_string\"}],\"inLanguage\":\"en-GB\"}]}<\/script>\n<!-- \/ Yoast SEO plugin. -->","yoast_head_json":{"title":"Bombardier Dash8-100 - Artheau Aviation","robots":{"index":"noindex","follow":"follow","max-snippet":"max-snippet:-1","max-image-preview":"max-image-preview:large","max-video-preview":"max-video-preview:-1"},"og_locale":"en_GB","og_type":"article","og_title":"Bombardier Dash8-100 - Artheau Aviation","og_description":"Pr\u00e9sentation g\u00e9n\u00e9rale: Les De Havilland Canada DHC 8 ou Bombardier Q &#8211; Series, plus connus sous le nom Dash 8 sont une famille d&#8217;avions de ligne, d\u00e9velopp\u00e9s par le constructeur canadien DHC puis par Bombardier A\u00e9ronautique, quand ce dernier rach\u00e8te la filiale de Boeing en 1992. Le Dash 8-100 est le premier mod\u00e8le de la [&hellip;]","og_url":"https:\/\/dev.artheauaviation.com\/eng\/product\/bombardier-dash8-100\/","og_site_name":"Artheau Aviation","article_modified_time":"2017-08-07T15:34:37+00:00","og_image":[{"width":680,"height":680,"url":"http:\/\/dev.artheauaviation.com\/eng\/wp-content\/uploads\/sites\/4\/2016\/10\/Bombardier-dash-8-100.jpg","type":"image\/jpeg"}],"twitter_card":"summary_large_image","twitter_misc":{"Estimated reading time":"2 minutes"},"schema":{"@context":"https:\/\/schema.org","@graph":[{"@type":"WebPage","@id":"https:\/\/dev.artheauaviation.com\/eng\/product\/bombardier-dash8-100\/","url":"https:\/\/dev.artheauaviation.com\/eng\/product\/bombardier-dash8-100\/","name":"Bombardier Dash8-100 - Artheau Aviation","isPartOf":{"@id":"https:\/\/dev.artheauaviation.com\/eng\/#website"},"datePublished":"2016-10-11T08:36:23+00:00","dateModified":"2017-08-07T15:34:37+00:00","breadcrumb":{"@id":"https:\/\/dev.artheauaviation.com\/eng\/product\/bombardier-dash8-100\/#breadcrumb"},"inLanguage":"en-GB","potentialAction":[{"@type":"ReadAction","target":["https:\/\/dev.artheauaviation.com\/eng\/product\/bombardier-dash8-100\/"]}]},{"@type":"BreadcrumbList","@id":"https:\/\/dev.artheauaviation.com\/eng\/product\/bombardier-dash8-100\/#breadcrumb","itemListElement":[{"@type":"ListItem","position":1,"name":"Home","item":"https:\/\/dev.artheauaviation.com\/eng\/"},{"@type":"ListItem","position":2,"name":"Our Planes","item":"https:\/\/dev.artheauaviation.com\/eng\/nos-avions\/"},{"@type":"ListItem","position":3,"name":"Bombardier Dash8-100"}]},{"@type":"WebSite","@id":"https:\/\/dev.artheauaviation.com\/eng\/#website","url":"https:\/\/dev.artheauaviation.com\/eng\/","name":"Artheau Aviation","description":"Let&#039;s Fly Together","potentialAction":[{"@type":"SearchAction","target":{"@type":"EntryPoint","urlTemplate":"https:\/\/dev.artheauaviation.com\/eng\/?s={search_term_string}"},"query-input":"required name=search_term_string"}],"inLanguage":"en-GB"}]}},"yoast_meta":{"title":""},"_links":{"self":[{"href":"https:\/\/dev.artheauaviation.com\/eng\/wp-json\/wp\/v2\/product\/1672"}],"collection":[{"href":"https:\/\/dev.artheauaviation.com\/eng\/wp-json\/wp\/v2\/product"}],"about":[{"href":"https:\/\/dev.artheauaviation.com\/eng\/wp-json\/wp\/v2\/types\/product"}],"wp:featuredmedia":[{"embeddable":true,"href":"https:\/\/dev.artheauaviation.com\/eng\/wp-json\/wp\/v2\/media\/1792"}],"wp:attachment":[{"href":"https:\/\/dev.artheauaviation.com\/eng\/wp-json\/wp\/v2\/media?parent=1672"}],"wp:term":[{"taxonomy":"product_cat","embeddable":true,"href":"https:\/\/dev.artheauaviation.com\/eng\/wp-json\/wp\/v2\/product_cat?post=1672"},{"taxonomy":"product_tag","embeddable":true,"href":"https:\/\/dev.artheauaviation.com\/eng\/wp-json\/wp\/v2\/product_tag?post=1672"}],"curies":[{"name":"wp","href":"https:\/\/api.w.org\/{rel}","templated":true}]}}