{"id":1675,"date":"2016-10-11T10:42:54","date_gmt":"2016-10-11T08:42:54","guid":{"rendered":"https:\/\/artheauaviation.com\/eng\/?post_type=product&#038;p=1675"},"modified":"2023-02-27T17:34:14","modified_gmt":"2023-02-27T15:34:14","slug":"fokker-50","status":"publish","type":"product","link":"https:\/\/dev.artheauaviation.com\/eng\/product\/fokker-50\/","title":{"rendered":"Fokker 50"},"content":{"rendered":"<p style=\"text-align: justify;\"><strong>Pr\u00e9sentation g\u00e9n\u00e9rale:<\/strong><\/p>\n<p style=\"text-align: justify;\">Le Fokker F50 est un avion de ligne \u00e0 turbopropulseurs successeur du populaire Fokker F27, dont il est un d\u00e9riv\u00e9 modernis\u00e9. Le Fokker F60 est la version cargo du F50. Les deux mod\u00e8les furent d\u00e9velopp\u00e9s et construits par Fokker aux Pays-Bas. La certification du F50 par les autorit\u00e9s a\u00e9riennes n\u00e9erlandaises a \u00e9t\u00e9 obtenue en 1987 et le premier appareil construit fut livr\u00e9 \u00e0 la compagnie allemande DLT. Cependant, la production s\u2019arr\u00eata en 1996 apr\u00e8s la faillite de Fokker avec un dernier appareil livr\u00e9 l\u2019ann\u00e9e suivante.<\/p>\n<p style=\"text-align: justify;\">La plupart des exemplaires sont toujours en service aujourd&#8217;hui ce qui repr\u00e9sente environ 30 compagnies a\u00e9riennes dans le monde, les utilisant.<\/p>\n<p style=\"text-align: justify;\"><strong>Caract\u00e9ristiques commerciales:<\/strong><\/p>\n<p style=\"text-align: justify;\">La cabine d&#8217;un Fokker F50 peut accueillir jusqu&#8217;\u00e0 56 passagers confortablement, dans sa capacit\u00e9 maximale. Selon les configurations, la cabine peut \u00eatre am\u00e9nag\u00e9e de fa\u00e7on plus r\u00e9duite, mais avec ses 1,96m de haut, elle reste spacieuse et une des plus grandes dans sa cat\u00e9gorie.<\/p>\n<p style=\"text-align: justify;\"><strong>Caract\u00e9ristiques techniques:<\/strong><\/p>\n<p style=\"text-align: justify;\">Le Fokker F50 a \u00e9t\u00e9 d\u00e9velopp\u00e9 apr\u00e8s que les ventes du Fokker F27, en production continuelle depuis 1958, aient commenc\u00e9 \u00e0 d\u00e9cliner dans les ann\u00e9es 1980. La direction de Fokker d\u00e9cida de produire un d\u00e9riv\u00e9 des F27 et F28 avec une a\u00e9rodynamique et une avionique modernis\u00e9es. Le d\u00e9veloppement du F50 commen\u00e7a en 1983 avec DLT et Ansett Australia comme compagnies de lancement.<\/p>\n<p style=\"text-align: justify;\">Le Fokker F50 est bas\u00e9 sur une cellule rallong\u00e9e de Fokker F27-500, avec des hublots plus petits mais plus nombreux et un train d\u2019atterrissage avant \u00e0 deux roues.\u00a0L\u2019aile a \u00e9t\u00e9 \u00e9quip\u00e9e de saumons (avec feux de position int\u00e9gr\u00e9s), agissant comme des winglets. Les diff\u00e9rences majeures avec le F27 sont les moteurs et l\u2019\u00e9quipement \u00e9lectronique de vol et de gestion des moteurs. Les Rolls-Royce Dart du F27 ont \u00e9t\u00e9 remplac\u00e9s par des Pratt &amp; Whitney Canada PW124.<\/p>\n<p style=\"text-align: justify;\">Les principales compagnies utilisant cet appareil comprenaient\u00a0: Avianca (10), Denim Air (12), Skywest Express (18) et VLM Airlines (20). 27 autres compagnies en utilisaient alors \u00e9galement.<\/p>\n","protected":false},"excerpt":{"rendered":"<p>Pr\u00e9sentation g\u00e9n\u00e9rale: Le Fokker F50 est un avion de ligne \u00e0 turbopropulseurs successeur du populaire Fokker F27, dont il est un d\u00e9riv\u00e9 modernis\u00e9. Le Fokker F60 est la version cargo du F50. Les deux mod\u00e8les furent d\u00e9velopp\u00e9s et construits par Fokker aux Pays-Bas. La certification du F50 par les autorit\u00e9s a\u00e9riennes n\u00e9erlandaises a \u00e9t\u00e9 obtenue [&hellip;]<\/p>\n","protected":false},"featured_media":2485,"template":"","meta":[],"product_cat":[43],"product_tag":[],"yoast_head":"<!-- This site is optimized with the Yoast SEO plugin v20.3 - https:\/\/yoast.com\/wordpress\/plugins\/seo\/ -->\n<title>Fokker 50 - Artheau Aviation<\/title>\n<meta name=\"robots\" content=\"noindex, follow, max-snippet:-1, max-image-preview:large, max-video-preview:-1\" \/>\n<meta property=\"og:locale\" content=\"en_GB\" \/>\n<meta property=\"og:type\" content=\"article\" \/>\n<meta property=\"og:title\" content=\"Fokker 50 - Artheau Aviation\" \/>\n<meta property=\"og:description\" content=\"Pr\u00e9sentation g\u00e9n\u00e9rale: Le Fokker F50 est un avion de ligne \u00e0 turbopropulseurs successeur du populaire Fokker F27, dont il est un d\u00e9riv\u00e9 modernis\u00e9. Le Fokker F60 est la version cargo du F50. Les deux mod\u00e8les furent d\u00e9velopp\u00e9s et construits par Fokker aux Pays-Bas. La certification du F50 par les autorit\u00e9s a\u00e9riennes n\u00e9erlandaises a \u00e9t\u00e9 obtenue [&hellip;]\" \/>\n<meta property=\"og:url\" content=\"https:\/\/dev.artheauaviation.com\/eng\/product\/fokker-50\/\" \/>\n<meta property=\"og:site_name\" content=\"Artheau Aviation\" \/>\n<meta property=\"article:modified_time\" content=\"2023-02-27T15:34:14+00:00\" \/>\n<meta property=\"og:image\" content=\"http:\/\/dev.artheauaviation.com\/eng\/wp-content\/uploads\/sites\/4\/2016\/10\/Fokker-50-1.jpg\" \/>\n\t<meta property=\"og:image:width\" content=\"500\" \/>\n\t<meta property=\"og:image:height\" content=\"350\" \/>\n\t<meta property=\"og:image:type\" content=\"image\/jpeg\" \/>\n<meta name=\"twitter:card\" content=\"summary_large_image\" \/>\n<meta name=\"twitter:label1\" content=\"Estimated reading time\" \/>\n\t<meta name=\"twitter:data1\" content=\"2 minutes\" \/>\n<script type=\"application\/ld+json\" class=\"yoast-schema-graph\">{\"@context\":\"https:\/\/schema.org\",\"@graph\":[{\"@type\":\"WebPage\",\"@id\":\"https:\/\/dev.artheauaviation.com\/eng\/product\/fokker-50\/\",\"url\":\"https:\/\/dev.artheauaviation.com\/eng\/product\/fokker-50\/\",\"name\":\"Fokker 50 - Artheau Aviation\",\"isPartOf\":{\"@id\":\"https:\/\/dev.artheauaviation.com\/eng\/#website\"},\"datePublished\":\"2016-10-11T08:42:54+00:00\",\"dateModified\":\"2023-02-27T15:34:14+00:00\",\"breadcrumb\":{\"@id\":\"https:\/\/dev.artheauaviation.com\/eng\/product\/fokker-50\/#breadcrumb\"},\"inLanguage\":\"en-GB\",\"potentialAction\":[{\"@type\":\"ReadAction\",\"target\":[\"https:\/\/dev.artheauaviation.com\/eng\/product\/fokker-50\/\"]}]},{\"@type\":\"BreadcrumbList\",\"@id\":\"https:\/\/dev.artheauaviation.com\/eng\/product\/fokker-50\/#breadcrumb\",\"itemListElement\":[{\"@type\":\"ListItem\",\"position\":1,\"name\":\"Home\",\"item\":\"https:\/\/dev.artheauaviation.com\/eng\/\"},{\"@type\":\"ListItem\",\"position\":2,\"name\":\"Our Planes\",\"item\":\"https:\/\/dev.artheauaviation.com\/eng\/nos-avions\/\"},{\"@type\":\"ListItem\",\"position\":3,\"name\":\"Fokker 50\"}]},{\"@type\":\"WebSite\",\"@id\":\"https:\/\/dev.artheauaviation.com\/eng\/#website\",\"url\":\"https:\/\/dev.artheauaviation.com\/eng\/\",\"name\":\"Artheau Aviation\",\"description\":\"Let&#039;s Fly Together\",\"potentialAction\":[{\"@type\":\"SearchAction\",\"target\":{\"@type\":\"EntryPoint\",\"urlTemplate\":\"https:\/\/dev.artheauaviation.com\/eng\/?s={search_term_string}\"},\"query-input\":\"required name=search_term_string\"}],\"inLanguage\":\"en-GB\"}]}<\/script>\n<!-- \/ Yoast SEO plugin. -->","yoast_head_json":{"title":"Fokker 50 - Artheau Aviation","robots":{"index":"noindex","follow":"follow","max-snippet":"max-snippet:-1","max-image-preview":"max-image-preview:large","max-video-preview":"max-video-preview:-1"},"og_locale":"en_GB","og_type":"article","og_title":"Fokker 50 - Artheau Aviation","og_description":"Pr\u00e9sentation g\u00e9n\u00e9rale: Le Fokker F50 est un avion de ligne \u00e0 turbopropulseurs successeur du populaire Fokker F27, dont il est un d\u00e9riv\u00e9 modernis\u00e9. Le Fokker F60 est la version cargo du F50. Les deux mod\u00e8les furent d\u00e9velopp\u00e9s et construits par Fokker aux Pays-Bas. La certification du F50 par les autorit\u00e9s a\u00e9riennes n\u00e9erlandaises a \u00e9t\u00e9 obtenue [&hellip;]","og_url":"https:\/\/dev.artheauaviation.com\/eng\/product\/fokker-50\/","og_site_name":"Artheau Aviation","article_modified_time":"2023-02-27T15:34:14+00:00","og_image":[{"width":500,"height":350,"url":"http:\/\/dev.artheauaviation.com\/eng\/wp-content\/uploads\/sites\/4\/2016\/10\/Fokker-50-1.jpg","type":"image\/jpeg"}],"twitter_card":"summary_large_image","twitter_misc":{"Estimated reading time":"2 minutes"},"schema":{"@context":"https:\/\/schema.org","@graph":[{"@type":"WebPage","@id":"https:\/\/dev.artheauaviation.com\/eng\/product\/fokker-50\/","url":"https:\/\/dev.artheauaviation.com\/eng\/product\/fokker-50\/","name":"Fokker 50 - Artheau Aviation","isPartOf":{"@id":"https:\/\/dev.artheauaviation.com\/eng\/#website"},"datePublished":"2016-10-11T08:42:54+00:00","dateModified":"2023-02-27T15:34:14+00:00","breadcrumb":{"@id":"https:\/\/dev.artheauaviation.com\/eng\/product\/fokker-50\/#breadcrumb"},"inLanguage":"en-GB","potentialAction":[{"@type":"ReadAction","target":["https:\/\/dev.artheauaviation.com\/eng\/product\/fokker-50\/"]}]},{"@type":"BreadcrumbList","@id":"https:\/\/dev.artheauaviation.com\/eng\/product\/fokker-50\/#breadcrumb","itemListElement":[{"@type":"ListItem","position":1,"name":"Home","item":"https:\/\/dev.artheauaviation.com\/eng\/"},{"@type":"ListItem","position":2,"name":"Our Planes","item":"https:\/\/dev.artheauaviation.com\/eng\/nos-avions\/"},{"@type":"ListItem","position":3,"name":"Fokker 50"}]},{"@type":"WebSite","@id":"https:\/\/dev.artheauaviation.com\/eng\/#website","url":"https:\/\/dev.artheauaviation.com\/eng\/","name":"Artheau Aviation","description":"Let&#039;s Fly Together","potentialAction":[{"@type":"SearchAction","target":{"@type":"EntryPoint","urlTemplate":"https:\/\/dev.artheauaviation.com\/eng\/?s={search_term_string}"},"query-input":"required name=search_term_string"}],"inLanguage":"en-GB"}]}},"yoast_meta":{"title":""},"_links":{"self":[{"href":"https:\/\/dev.artheauaviation.com\/eng\/wp-json\/wp\/v2\/product\/1675"}],"collection":[{"href":"https:\/\/dev.artheauaviation.com\/eng\/wp-json\/wp\/v2\/product"}],"about":[{"href":"https:\/\/dev.artheauaviation.com\/eng\/wp-json\/wp\/v2\/types\/product"}],"wp:featuredmedia":[{"embeddable":true,"href":"https:\/\/dev.artheauaviation.com\/eng\/wp-json\/wp\/v2\/media\/2485"}],"wp:attachment":[{"href":"https:\/\/dev.artheauaviation.com\/eng\/wp-json\/wp\/v2\/media?parent=1675"}],"wp:term":[{"taxonomy":"product_cat","embeddable":true,"href":"https:\/\/dev.artheauaviation.com\/eng\/wp-json\/wp\/v2\/product_cat?post=1675"},{"taxonomy":"product_tag","embeddable":true,"href":"https:\/\/dev.artheauaviation.com\/eng\/wp-json\/wp\/v2\/product_tag?post=1675"}],"curies":[{"name":"wp","href":"https:\/\/api.w.org\/{rel}","templated":true}]}}