{"id":1684,"date":"2016-10-11T11:43:46","date_gmt":"2016-10-11T09:43:46","guid":{"rendered":"https:\/\/artheauaviation.com\/eng\/?post_type=product&#038;p=1684"},"modified":"2023-02-27T17:34:14","modified_gmt":"2023-02-27T15:34:14","slug":"mcdonnell-douglas-md-90","status":"publish","type":"product","link":"https:\/\/dev.artheauaviation.com\/eng\/product\/mcdonnell-douglas-md-90\/","title":{"rendered":"McDonnell Douglas MD-90"},"content":{"rendered":"<p style=\"text-align: justify;\"><strong>Pr\u00e9sentation g\u00e9n\u00e9rale:<\/strong><\/p>\n<p style=\"text-align: justify;\">McDonnel Douglas MD-90 est un avion de ligne bir\u00e9acteurs con\u00e7us et d\u00e9velopp\u00e9 par la compagnie am\u00e9ricaine McDonnel Douglas. Il fait parti des derniers mod\u00e8les livr\u00e9s par ce constructeur, avant qu&#8217;il ne fusionne avec Boeing en 1997. Il fait parti de la m\u00eame famille que son pr\u00e9d\u00e9cesseur le MD-80 qui \u00e9tait lui m\u00eame un d\u00e9riv\u00e9 du DC-9. Les diff\u00e9rences principales sont l&#8217;allongement du fuselage sur le MD-90, sa plus grande autonomie et sa capacit\u00e9 passager plus importante.<\/p>\n<p style=\"text-align: justify;\">Le projet de d\u00e9veloppement du McDonnel Douglas MD-90 a \u00e9t\u00e9 possible gr\u00e2ce \u00e0 la compagnie Delta Air Lines qui en a command\u00e9 50 exemplaires avant m\u00eame son lancement. C&#8217;est sous les couleurs de ce client historique que le premier appareil MD-90 volera en f\u00e9vrier 1995.<\/p>\n<p style=\"text-align: justify;\"><strong>Caract\u00e9ristiques commerciales:<\/strong><\/p>\n<p style=\"text-align: justify;\">Le MD-90 est un avion mono-couloir pouvant accueillir 172 passagers. Selon les configurations et les compagnies cette capacit\u00e9 peut changer. En tant qu&#8217;avion de ligne moyen et court courrier il fait parti des appareils de cette gamme poss\u00e9dant une belle capacit\u00e9 de transport et repr\u00e9sentant une belle \u00e9conomie de carburant compar\u00e9 \u00e0 d&#8217;autres avions.<\/p>\n<p style=\"text-align: justify;\"><strong>Caract\u00e9ristiques techniques:\u00a0<\/strong><\/p>\n<p style=\"text-align: justify;\">Le McDonnell Douglas MD-90 est un bi-moteur \u00e0 court et \u00e0 moyenne port\u00e9e disposant d&#8217;une autonomie de 3 860 km dans sa version MD-90 30 et de plus de 4 000 km dans sa version MD-90 ER. Il est \u00e9quip\u00e9 de deux moteurs \u00e0 r\u00e9action et double flux, les IAEV V2500, qui sont \u00e9galement les moteurs de la famille Airbus A320.<\/p>\n<p style=\"text-align: justify;\">L&#8217;avionique a \u00e9t\u00e9 modernis\u00e9e par rapport au MD-80 et prend en compte un syst\u00e8me \u00e9lectronique d&#8217;instruments de vols et un syst\u00e8me de gestion de vol complet.<\/p>\n<p style=\"text-align: justify;\">Le MD-95, con\u00e7u pour remplacer le DC-9-30 a \u00e9t\u00e9 lanc\u00e9 en 1995 et a \u00e9t\u00e9 rebaptis\u00e9 Boeing B717 apr\u00e8s la fusion des deux constructeurs en 1997. Il existe aujourd&#8217;hui une centaine d&#8217;appareil McDonnel Douglas en fonction dans le monde.<\/p>\n","protected":false},"excerpt":{"rendered":"<p>Pr\u00e9sentation g\u00e9n\u00e9rale: McDonnel Douglas MD-90 est un avion de ligne bir\u00e9acteurs con\u00e7us et d\u00e9velopp\u00e9 par la compagnie am\u00e9ricaine McDonnel Douglas. Il fait parti des derniers mod\u00e8les livr\u00e9s par ce constructeur, avant qu&#8217;il ne fusionne avec Boeing en 1997. Il fait parti de la m\u00eame famille que son pr\u00e9d\u00e9cesseur le MD-80 qui \u00e9tait lui m\u00eame un [&hellip;]<\/p>\n","protected":false},"featured_media":2494,"template":"","meta":[],"product_cat":[43],"product_tag":[],"yoast_head":"<!-- This site is optimized with the Yoast SEO plugin v20.3 - https:\/\/yoast.com\/wordpress\/plugins\/seo\/ -->\n<title>McDonnell Douglas MD-90 - Artheau Aviation<\/title>\n<meta name=\"robots\" content=\"noindex, follow, max-snippet:-1, max-image-preview:large, max-video-preview:-1\" \/>\n<meta property=\"og:locale\" content=\"en_GB\" \/>\n<meta property=\"og:type\" content=\"article\" \/>\n<meta property=\"og:title\" content=\"McDonnell Douglas MD-90 - Artheau Aviation\" \/>\n<meta property=\"og:description\" content=\"Pr\u00e9sentation g\u00e9n\u00e9rale: McDonnel Douglas MD-90 est un avion de ligne bir\u00e9acteurs con\u00e7us et d\u00e9velopp\u00e9 par la compagnie am\u00e9ricaine McDonnel Douglas. Il fait parti des derniers mod\u00e8les livr\u00e9s par ce constructeur, avant qu&#8217;il ne fusionne avec Boeing en 1997. Il fait parti de la m\u00eame famille que son pr\u00e9d\u00e9cesseur le MD-80 qui \u00e9tait lui m\u00eame un [&hellip;]\" \/>\n<meta property=\"og:url\" content=\"https:\/\/dev.artheauaviation.com\/eng\/product\/mcdonnell-douglas-md-90\/\" \/>\n<meta property=\"og:site_name\" content=\"Artheau Aviation\" \/>\n<meta property=\"article:modified_time\" content=\"2023-02-27T15:34:14+00:00\" \/>\n<meta property=\"og:image\" content=\"http:\/\/dev.artheauaviation.com\/eng\/wp-content\/uploads\/sites\/4\/2016\/10\/McDonnell-Douglas-MD-90.jpg\" \/>\n\t<meta property=\"og:image:width\" content=\"500\" \/>\n\t<meta property=\"og:image:height\" content=\"350\" \/>\n\t<meta property=\"og:image:type\" content=\"image\/jpeg\" \/>\n<meta name=\"twitter:card\" content=\"summary_large_image\" \/>\n<meta name=\"twitter:label1\" content=\"Estimated reading time\" \/>\n\t<meta name=\"twitter:data1\" content=\"2 minutes\" \/>\n<script type=\"application\/ld+json\" class=\"yoast-schema-graph\">{\"@context\":\"https:\/\/schema.org\",\"@graph\":[{\"@type\":\"WebPage\",\"@id\":\"https:\/\/dev.artheauaviation.com\/eng\/product\/mcdonnell-douglas-md-90\/\",\"url\":\"https:\/\/dev.artheauaviation.com\/eng\/product\/mcdonnell-douglas-md-90\/\",\"name\":\"McDonnell Douglas MD-90 - Artheau Aviation\",\"isPartOf\":{\"@id\":\"https:\/\/dev.artheauaviation.com\/eng\/#website\"},\"datePublished\":\"2016-10-11T09:43:46+00:00\",\"dateModified\":\"2023-02-27T15:34:14+00:00\",\"breadcrumb\":{\"@id\":\"https:\/\/dev.artheauaviation.com\/eng\/product\/mcdonnell-douglas-md-90\/#breadcrumb\"},\"inLanguage\":\"en-GB\",\"potentialAction\":[{\"@type\":\"ReadAction\",\"target\":[\"https:\/\/dev.artheauaviation.com\/eng\/product\/mcdonnell-douglas-md-90\/\"]}]},{\"@type\":\"BreadcrumbList\",\"@id\":\"https:\/\/dev.artheauaviation.com\/eng\/product\/mcdonnell-douglas-md-90\/#breadcrumb\",\"itemListElement\":[{\"@type\":\"ListItem\",\"position\":1,\"name\":\"Home\",\"item\":\"https:\/\/dev.artheauaviation.com\/eng\/\"},{\"@type\":\"ListItem\",\"position\":2,\"name\":\"Our Planes\",\"item\":\"https:\/\/dev.artheauaviation.com\/eng\/nos-avions\/\"},{\"@type\":\"ListItem\",\"position\":3,\"name\":\"McDonnell Douglas MD-90\"}]},{\"@type\":\"WebSite\",\"@id\":\"https:\/\/dev.artheauaviation.com\/eng\/#website\",\"url\":\"https:\/\/dev.artheauaviation.com\/eng\/\",\"name\":\"Artheau Aviation\",\"description\":\"Let&#039;s Fly Together\",\"potentialAction\":[{\"@type\":\"SearchAction\",\"target\":{\"@type\":\"EntryPoint\",\"urlTemplate\":\"https:\/\/dev.artheauaviation.com\/eng\/?s={search_term_string}\"},\"query-input\":\"required name=search_term_string\"}],\"inLanguage\":\"en-GB\"}]}<\/script>\n<!-- \/ Yoast SEO plugin. -->","yoast_head_json":{"title":"McDonnell Douglas MD-90 - Artheau Aviation","robots":{"index":"noindex","follow":"follow","max-snippet":"max-snippet:-1","max-image-preview":"max-image-preview:large","max-video-preview":"max-video-preview:-1"},"og_locale":"en_GB","og_type":"article","og_title":"McDonnell Douglas MD-90 - Artheau Aviation","og_description":"Pr\u00e9sentation g\u00e9n\u00e9rale: McDonnel Douglas MD-90 est un avion de ligne bir\u00e9acteurs con\u00e7us et d\u00e9velopp\u00e9 par la compagnie am\u00e9ricaine McDonnel Douglas. Il fait parti des derniers mod\u00e8les livr\u00e9s par ce constructeur, avant qu&#8217;il ne fusionne avec Boeing en 1997. Il fait parti de la m\u00eame famille que son pr\u00e9d\u00e9cesseur le MD-80 qui \u00e9tait lui m\u00eame un [&hellip;]","og_url":"https:\/\/dev.artheauaviation.com\/eng\/product\/mcdonnell-douglas-md-90\/","og_site_name":"Artheau Aviation","article_modified_time":"2023-02-27T15:34:14+00:00","og_image":[{"width":500,"height":350,"url":"http:\/\/dev.artheauaviation.com\/eng\/wp-content\/uploads\/sites\/4\/2016\/10\/McDonnell-Douglas-MD-90.jpg","type":"image\/jpeg"}],"twitter_card":"summary_large_image","twitter_misc":{"Estimated reading time":"2 minutes"},"schema":{"@context":"https:\/\/schema.org","@graph":[{"@type":"WebPage","@id":"https:\/\/dev.artheauaviation.com\/eng\/product\/mcdonnell-douglas-md-90\/","url":"https:\/\/dev.artheauaviation.com\/eng\/product\/mcdonnell-douglas-md-90\/","name":"McDonnell Douglas MD-90 - Artheau Aviation","isPartOf":{"@id":"https:\/\/dev.artheauaviation.com\/eng\/#website"},"datePublished":"2016-10-11T09:43:46+00:00","dateModified":"2023-02-27T15:34:14+00:00","breadcrumb":{"@id":"https:\/\/dev.artheauaviation.com\/eng\/product\/mcdonnell-douglas-md-90\/#breadcrumb"},"inLanguage":"en-GB","potentialAction":[{"@type":"ReadAction","target":["https:\/\/dev.artheauaviation.com\/eng\/product\/mcdonnell-douglas-md-90\/"]}]},{"@type":"BreadcrumbList","@id":"https:\/\/dev.artheauaviation.com\/eng\/product\/mcdonnell-douglas-md-90\/#breadcrumb","itemListElement":[{"@type":"ListItem","position":1,"name":"Home","item":"https:\/\/dev.artheauaviation.com\/eng\/"},{"@type":"ListItem","position":2,"name":"Our Planes","item":"https:\/\/dev.artheauaviation.com\/eng\/nos-avions\/"},{"@type":"ListItem","position":3,"name":"McDonnell Douglas MD-90"}]},{"@type":"WebSite","@id":"https:\/\/dev.artheauaviation.com\/eng\/#website","url":"https:\/\/dev.artheauaviation.com\/eng\/","name":"Artheau Aviation","description":"Let&#039;s Fly Together","potentialAction":[{"@type":"SearchAction","target":{"@type":"EntryPoint","urlTemplate":"https:\/\/dev.artheauaviation.com\/eng\/?s={search_term_string}"},"query-input":"required name=search_term_string"}],"inLanguage":"en-GB"}]}},"yoast_meta":{"title":""},"_links":{"self":[{"href":"https:\/\/dev.artheauaviation.com\/eng\/wp-json\/wp\/v2\/product\/1684"}],"collection":[{"href":"https:\/\/dev.artheauaviation.com\/eng\/wp-json\/wp\/v2\/product"}],"about":[{"href":"https:\/\/dev.artheauaviation.com\/eng\/wp-json\/wp\/v2\/types\/product"}],"wp:featuredmedia":[{"embeddable":true,"href":"https:\/\/dev.artheauaviation.com\/eng\/wp-json\/wp\/v2\/media\/2494"}],"wp:attachment":[{"href":"https:\/\/dev.artheauaviation.com\/eng\/wp-json\/wp\/v2\/media?parent=1684"}],"wp:term":[{"taxonomy":"product_cat","embeddable":true,"href":"https:\/\/dev.artheauaviation.com\/eng\/wp-json\/wp\/v2\/product_cat?post=1684"},{"taxonomy":"product_tag","embeddable":true,"href":"https:\/\/dev.artheauaviation.com\/eng\/wp-json\/wp\/v2\/product_tag?post=1684"}],"curies":[{"name":"wp","href":"https:\/\/api.w.org\/{rel}","templated":true}]}}