{"id":1686,"date":"2016-10-11T11:46:46","date_gmt":"2016-10-11T09:46:46","guid":{"rendered":"https:\/\/artheauaviation.com\/eng\/?post_type=product&#038;p=1686"},"modified":"2023-02-27T17:34:14","modified_gmt":"2023-02-27T15:34:14","slug":"bombardier-global-6000","status":"publish","type":"product","link":"https:\/\/dev.artheauaviation.com\/eng\/product\/bombardier-global-6000\/","title":{"rendered":"Bombardier Global 6000"},"content":{"rendered":"<p style=\"text-align: justify;\"><strong>Pr\u00e9sentation g\u00e9n\u00e9rale:<\/strong><\/p>\n<p style=\"text-align: justify;\">Le bombardier Global 6000 est un avion d&#8217;affaires \u00e0 turbor\u00e9acteurs pouvant transporter jusqu&#8217;\u00e0 19 passagers, ce qui le classe dans la cat\u00e9gorie des grand jet \u00e0 usage priv\u00e9. \u00a0Cet appareil a \u00e9t\u00e9 con\u00e7u et d\u00e9velopp\u00e9 par le groupe canadien Bombardier A\u00e9ronautiques qui avait dans l&#8217;id\u00e9e de proposer \u00e0 ses clients d&#8217;affaires long courrier plus \u00e9volu\u00e9, plus confortable mais \u00e9galement plus luxueux.<\/p>\n<p style=\"text-align: justify;\"><strong>Caract\u00e9ristiques commerciales:<\/strong><\/p>\n<p style=\"text-align: justify;\">Le bir\u00e9acteur Global 6000 offre une cabine avec un volume et une superficie au plancher plus cons\u00e9quents que tout autre avion dans sa cat\u00e9gorie. Haute de 1,88 m et large de 2,41 elle est con\u00e7ue pour offrir plus de place \u00e0 chaque passagers. Selon la configurations, elle peut \u00eatre am\u00e9nag\u00e9e de sorte de pouvoir offrir une cabine priv\u00e9e, situ\u00e9e \u00e0 l&#8217;arri\u00e8re de la cabine principale.\u00a0R\u00e9pondant toujours aux besoins de voyage d\u2019une client\u00e8le diversifi\u00e9e, Le client peut \u00e9galement choisir de doter son Global 6000 d\u2019une salle de bain comprenant une douche.<\/p>\n<p style=\"text-align: justify;\"><strong>Caract\u00e9ristiques techniques: <\/strong><\/p>\n<p style=\"text-align: justify;\">Le Global 6000 est consid\u00e9r\u00e9 comme un avion \u00e0 longue port\u00e9e le plus avanc\u00e9 et accompli. Il est dot\u00e9 des toutes derni\u00e8res avanc\u00e9es technologiques et a gagn\u00e9 en efficacit\u00e9. Equip\u00e9 d\u2019une suite avionique Rockwell Collins de derni\u00e8re g\u00e9n\u00e9ration, ce jet est une am\u00e9lioration du concept original de la gamme Global Express offrant de meilleures performances en vol et un int\u00e9rieur plus moderne.<\/p>\n<p style=\"text-align: justify;\">Aujourd&#8217;hui, aucun autre bir\u00e9acteur d\u2019affaires de la cat\u00e9gorie des tr\u00e8s long-courriers ne propose une aussi grande autonomie \u00e0 une vitesse importante. Offrant un confort appr\u00e9ciable en cabine, ce bir\u00e9acteur peut joindre Vienne \u00e0 Bras\u00edlia sans escale avec huit passagers et de trois \u00e0 quatre membres d\u2019\u00e9quipage \u00e0 bord. Il peut franchir 11 100 km \u00e0 Mach 0,85.<\/p>\n<p style=\"text-align: justify;\">Ses capacit\u00e9s de d\u00e9collage et atterrissage courts, uniques dans sa cat\u00e9gorie, et son circuit de freinage lui conf\u00e8re une distance d&#8217;immobilisation comparable \u00e0 celle d&#8217;un avion l\u00e9ger, ce qui lui permet d&#8217;\u00eatre le seul avion de sa cat\u00e9gorie \u00e0 pouvoir atterrir et d\u00e9coller de l&#8217;a\u00e9roport central de London City.<\/p>\n","protected":false},"excerpt":{"rendered":"<p>Pr\u00e9sentation g\u00e9n\u00e9rale: Le bombardier Global 6000 est un avion d&#8217;affaires \u00e0 turbor\u00e9acteurs pouvant transporter jusqu&#8217;\u00e0 19 passagers, ce qui le classe dans la cat\u00e9gorie des grand jet \u00e0 usage priv\u00e9. \u00a0Cet appareil a \u00e9t\u00e9 con\u00e7u et d\u00e9velopp\u00e9 par le groupe canadien Bombardier A\u00e9ronautiques qui avait dans l&#8217;id\u00e9e de proposer \u00e0 ses clients d&#8217;affaires long courrier [&hellip;]<\/p>\n","protected":false},"featured_media":2473,"template":"","meta":[],"product_cat":[44],"product_tag":[],"yoast_head":"<!-- This site is optimized with the Yoast SEO plugin v20.3 - https:\/\/yoast.com\/wordpress\/plugins\/seo\/ -->\n<title>Bombardier Global 6000 - Artheau Aviation<\/title>\n<meta name=\"robots\" content=\"noindex, follow, max-snippet:-1, max-image-preview:large, max-video-preview:-1\" \/>\n<meta property=\"og:locale\" content=\"en_GB\" \/>\n<meta property=\"og:type\" content=\"article\" \/>\n<meta property=\"og:title\" content=\"Bombardier Global 6000 - Artheau Aviation\" \/>\n<meta property=\"og:description\" content=\"Pr\u00e9sentation g\u00e9n\u00e9rale: Le bombardier Global 6000 est un avion d&#8217;affaires \u00e0 turbor\u00e9acteurs pouvant transporter jusqu&#8217;\u00e0 19 passagers, ce qui le classe dans la cat\u00e9gorie des grand jet \u00e0 usage priv\u00e9. \u00a0Cet appareil a \u00e9t\u00e9 con\u00e7u et d\u00e9velopp\u00e9 par le groupe canadien Bombardier A\u00e9ronautiques qui avait dans l&#8217;id\u00e9e de proposer \u00e0 ses clients d&#8217;affaires long courrier [&hellip;]\" \/>\n<meta property=\"og:url\" content=\"https:\/\/dev.artheauaviation.com\/eng\/product\/bombardier-global-6000\/\" \/>\n<meta property=\"og:site_name\" content=\"Artheau Aviation\" \/>\n<meta property=\"article:modified_time\" content=\"2023-02-27T15:34:14+00:00\" \/>\n<meta property=\"og:image\" content=\"http:\/\/dev.artheauaviation.com\/eng\/wp-content\/uploads\/sites\/4\/2016\/10\/Bombardier-Global-6000-2.jpg\" \/>\n\t<meta property=\"og:image:width\" content=\"500\" \/>\n\t<meta property=\"og:image:height\" content=\"350\" \/>\n\t<meta property=\"og:image:type\" content=\"image\/jpeg\" \/>\n<meta name=\"twitter:card\" content=\"summary_large_image\" \/>\n<meta name=\"twitter:label1\" content=\"Estimated reading time\" \/>\n\t<meta name=\"twitter:data1\" content=\"2 minutes\" \/>\n<script type=\"application\/ld+json\" class=\"yoast-schema-graph\">{\"@context\":\"https:\/\/schema.org\",\"@graph\":[{\"@type\":\"WebPage\",\"@id\":\"https:\/\/dev.artheauaviation.com\/eng\/product\/bombardier-global-6000\/\",\"url\":\"https:\/\/dev.artheauaviation.com\/eng\/product\/bombardier-global-6000\/\",\"name\":\"Bombardier Global 6000 - Artheau Aviation\",\"isPartOf\":{\"@id\":\"https:\/\/dev.artheauaviation.com\/eng\/#website\"},\"datePublished\":\"2016-10-11T09:46:46+00:00\",\"dateModified\":\"2023-02-27T15:34:14+00:00\",\"breadcrumb\":{\"@id\":\"https:\/\/dev.artheauaviation.com\/eng\/product\/bombardier-global-6000\/#breadcrumb\"},\"inLanguage\":\"en-GB\",\"potentialAction\":[{\"@type\":\"ReadAction\",\"target\":[\"https:\/\/dev.artheauaviation.com\/eng\/product\/bombardier-global-6000\/\"]}]},{\"@type\":\"BreadcrumbList\",\"@id\":\"https:\/\/dev.artheauaviation.com\/eng\/product\/bombardier-global-6000\/#breadcrumb\",\"itemListElement\":[{\"@type\":\"ListItem\",\"position\":1,\"name\":\"Home\",\"item\":\"https:\/\/dev.artheauaviation.com\/eng\/\"},{\"@type\":\"ListItem\",\"position\":2,\"name\":\"Our Planes\",\"item\":\"https:\/\/dev.artheauaviation.com\/eng\/nos-avions\/\"},{\"@type\":\"ListItem\",\"position\":3,\"name\":\"Bombardier Global 6000\"}]},{\"@type\":\"WebSite\",\"@id\":\"https:\/\/dev.artheauaviation.com\/eng\/#website\",\"url\":\"https:\/\/dev.artheauaviation.com\/eng\/\",\"name\":\"Artheau Aviation\",\"description\":\"Let&#039;s Fly Together\",\"potentialAction\":[{\"@type\":\"SearchAction\",\"target\":{\"@type\":\"EntryPoint\",\"urlTemplate\":\"https:\/\/dev.artheauaviation.com\/eng\/?s={search_term_string}\"},\"query-input\":\"required name=search_term_string\"}],\"inLanguage\":\"en-GB\"}]}<\/script>\n<!-- \/ Yoast SEO plugin. -->","yoast_head_json":{"title":"Bombardier Global 6000 - Artheau Aviation","robots":{"index":"noindex","follow":"follow","max-snippet":"max-snippet:-1","max-image-preview":"max-image-preview:large","max-video-preview":"max-video-preview:-1"},"og_locale":"en_GB","og_type":"article","og_title":"Bombardier Global 6000 - Artheau Aviation","og_description":"Pr\u00e9sentation g\u00e9n\u00e9rale: Le bombardier Global 6000 est un avion d&#8217;affaires \u00e0 turbor\u00e9acteurs pouvant transporter jusqu&#8217;\u00e0 19 passagers, ce qui le classe dans la cat\u00e9gorie des grand jet \u00e0 usage priv\u00e9. \u00a0Cet appareil a \u00e9t\u00e9 con\u00e7u et d\u00e9velopp\u00e9 par le groupe canadien Bombardier A\u00e9ronautiques qui avait dans l&#8217;id\u00e9e de proposer \u00e0 ses clients d&#8217;affaires long courrier [&hellip;]","og_url":"https:\/\/dev.artheauaviation.com\/eng\/product\/bombardier-global-6000\/","og_site_name":"Artheau Aviation","article_modified_time":"2023-02-27T15:34:14+00:00","og_image":[{"width":500,"height":350,"url":"http:\/\/dev.artheauaviation.com\/eng\/wp-content\/uploads\/sites\/4\/2016\/10\/Bombardier-Global-6000-2.jpg","type":"image\/jpeg"}],"twitter_card":"summary_large_image","twitter_misc":{"Estimated reading time":"2 minutes"},"schema":{"@context":"https:\/\/schema.org","@graph":[{"@type":"WebPage","@id":"https:\/\/dev.artheauaviation.com\/eng\/product\/bombardier-global-6000\/","url":"https:\/\/dev.artheauaviation.com\/eng\/product\/bombardier-global-6000\/","name":"Bombardier Global 6000 - Artheau Aviation","isPartOf":{"@id":"https:\/\/dev.artheauaviation.com\/eng\/#website"},"datePublished":"2016-10-11T09:46:46+00:00","dateModified":"2023-02-27T15:34:14+00:00","breadcrumb":{"@id":"https:\/\/dev.artheauaviation.com\/eng\/product\/bombardier-global-6000\/#breadcrumb"},"inLanguage":"en-GB","potentialAction":[{"@type":"ReadAction","target":["https:\/\/dev.artheauaviation.com\/eng\/product\/bombardier-global-6000\/"]}]},{"@type":"BreadcrumbList","@id":"https:\/\/dev.artheauaviation.com\/eng\/product\/bombardier-global-6000\/#breadcrumb","itemListElement":[{"@type":"ListItem","position":1,"name":"Home","item":"https:\/\/dev.artheauaviation.com\/eng\/"},{"@type":"ListItem","position":2,"name":"Our Planes","item":"https:\/\/dev.artheauaviation.com\/eng\/nos-avions\/"},{"@type":"ListItem","position":3,"name":"Bombardier Global 6000"}]},{"@type":"WebSite","@id":"https:\/\/dev.artheauaviation.com\/eng\/#website","url":"https:\/\/dev.artheauaviation.com\/eng\/","name":"Artheau Aviation","description":"Let&#039;s Fly Together","potentialAction":[{"@type":"SearchAction","target":{"@type":"EntryPoint","urlTemplate":"https:\/\/dev.artheauaviation.com\/eng\/?s={search_term_string}"},"query-input":"required name=search_term_string"}],"inLanguage":"en-GB"}]}},"yoast_meta":{"title":""},"_links":{"self":[{"href":"https:\/\/dev.artheauaviation.com\/eng\/wp-json\/wp\/v2\/product\/1686"}],"collection":[{"href":"https:\/\/dev.artheauaviation.com\/eng\/wp-json\/wp\/v2\/product"}],"about":[{"href":"https:\/\/dev.artheauaviation.com\/eng\/wp-json\/wp\/v2\/types\/product"}],"wp:featuredmedia":[{"embeddable":true,"href":"https:\/\/dev.artheauaviation.com\/eng\/wp-json\/wp\/v2\/media\/2473"}],"wp:attachment":[{"href":"https:\/\/dev.artheauaviation.com\/eng\/wp-json\/wp\/v2\/media?parent=1686"}],"wp:term":[{"taxonomy":"product_cat","embeddable":true,"href":"https:\/\/dev.artheauaviation.com\/eng\/wp-json\/wp\/v2\/product_cat?post=1686"},{"taxonomy":"product_tag","embeddable":true,"href":"https:\/\/dev.artheauaviation.com\/eng\/wp-json\/wp\/v2\/product_tag?post=1686"}],"curies":[{"name":"wp","href":"https:\/\/api.w.org\/{rel}","templated":true}]}}