{"id":1690,"date":"2016-10-11T11:51:04","date_gmt":"2016-10-11T09:51:04","guid":{"rendered":"https:\/\/artheauaviation.com\/eng\/?post_type=product&#038;p=1690"},"modified":"2023-02-27T17:34:14","modified_gmt":"2023-02-27T15:34:14","slug":"bombardier-global-5000","status":"publish","type":"product","link":"https:\/\/dev.artheauaviation.com\/eng\/product\/bombardier-global-5000\/","title":{"rendered":"Bombardier Global 5000"},"content":{"rendered":"<p style=\"text-align: justify;\"><strong>Pr\u00e9sentation g\u00e9n\u00e9rale:<\/strong><\/p>\n<p style=\"text-align: justify;\">Le Bombardier Global 5000 est avion d&#8217;affaires de la famille Global, con\u00e7u et d\u00e9velopp\u00e9 par le constructeur Canadien Bombardier. C&#8217;est une\u00a0version plus petite du Global Express XRS, lui m\u00eame version am\u00e9lior\u00e9e du Global Express.<\/p>\n<p style=\"text-align: justify;\">Le Global 5000 offre une longue autonomie de vol allant jusqu&#8217;\u00e0 5000 miles (9300 km), \u00a0tout en restant plus rentable.\u00a0Cet appareil, un bir\u00e9acteurs d&#8217;affaires pouvant accueillir jusqu&#8217;\u00e0 17 passagers tr\u00e8s confortablement, est certifi\u00e9 pour les trajets transcontinentaux du fait de son tr\u00e8s large rayon d&#8217;action.<\/p>\n<p style=\"text-align: justify;\"><strong>Caract\u00e9ristiques commerciales:<\/strong><\/p>\n<p style=\"text-align: justify;\">L&#8217;int\u00e9rieur tr\u00e8s spacieux et luxueux du Global 5000, a \u00e9t\u00e9 con\u00e7ue pour \u00eatre des plus souples dans son am\u00e9nagement. En effet selon sa configuration et vos besoins, elle peut \u00eatre \u00e9quip\u00e9e d&#8217;une cuisine, d&#8217;une salle de bain et m\u00eame de plusieurs couchettes pour les vols de nuit. De fait, le constructeur propose des versions dans lesquelles 7 passagers peuvent dormir tr\u00e8s confortablement. Cette capacit\u00e9 d&#8217;adaptation, ajout\u00e9e \u00e0 un syst\u00e8me central de divertissement sans fil, permettant de passer des affaires au loisir rapidement, donne \u00e0 cet appareil de v\u00e9ritables atouts et un confort certain.<\/p>\n<p style=\"text-align: justify;\">De plus, comme le Global Express, la cabine est con\u00e7ue pour \u00eatre confortable pour une dur\u00e9e de longs vols transoc\u00e9aniques, une am\u00e9lioration a \u00e9t\u00e9 apport\u00e9 concernant le bruit d&#8217;isolation de la cabine. Aussi, les moteurs am\u00e9lior\u00e9s produisent des vibrations moins audibles.<\/p>\n<p style=\"text-align: justify;\"><strong>Caract\u00e9ristiques techniques:<\/strong><\/p>\n<p style=\"text-align: justify;\">Le <i>Bombardier Global 5000<\/i>, comporte une suite avionique et des syst\u00e8mes de pointe, et pr\u00e9sente en outre le degr\u00e9 de redondance de syst\u00e8mes le plus \u00e9lev\u00e9 des avions d&#8217;affaires. Sa voilure transsonique r\u00e9volutionnaire, con\u00e7ue pour la vitesse et pour la r\u00e9duction des effets des turbulences, le rend plus rapide et plus stable que tout autre avion d&#8217;affaires de sa cat\u00e9gorie. Il\u00a0relie des villes comme Paris \u00e0 Chicago ou de Berlin \u00e0 Washington avec pas loin d&#8217;une heure de moins que ces concurrents.<\/p>\n<p style=\"text-align: justify;\">En bref, cet appareil est un avion id\u00e9al dans les d\u00e9placements intercontinentaux priv\u00e9s et d&#8217;affaires. Son aptitude \u00e0 d\u00e9coller et se poser sur la majorit\u00e9 des a\u00e9roports difficiles ainsi que sa capacit\u00e9 \u00e0 transporter jusqu&#8217;\u00e0 17 collaborateur en font une des plus belles solutions de voyages sur ce march\u00e9.<\/p>\n","protected":false},"excerpt":{"rendered":"<p>Pr\u00e9sentation g\u00e9n\u00e9rale: Le Bombardier Global 5000 est avion d&#8217;affaires de la famille Global, con\u00e7u et d\u00e9velopp\u00e9 par le constructeur Canadien Bombardier. C&#8217;est une\u00a0version plus petite du Global Express XRS, lui m\u00eame version am\u00e9lior\u00e9e du Global Express. Le Global 5000 offre une longue autonomie de vol allant jusqu&#8217;\u00e0 5000 miles (9300 km), \u00a0tout en restant plus [&hellip;]<\/p>\n","protected":false},"featured_media":2474,"template":"","meta":[],"product_cat":[44],"product_tag":[],"yoast_head":"<!-- This site is optimized with the Yoast SEO plugin v20.3 - https:\/\/yoast.com\/wordpress\/plugins\/seo\/ -->\n<title>Bombardier Global 5000 - Artheau Aviation<\/title>\n<meta name=\"robots\" content=\"noindex, follow, max-snippet:-1, max-image-preview:large, max-video-preview:-1\" \/>\n<meta property=\"og:locale\" content=\"en_GB\" \/>\n<meta property=\"og:type\" content=\"article\" \/>\n<meta property=\"og:title\" content=\"Bombardier Global 5000 - Artheau Aviation\" \/>\n<meta property=\"og:description\" content=\"Pr\u00e9sentation g\u00e9n\u00e9rale: Le Bombardier Global 5000 est avion d&#8217;affaires de la famille Global, con\u00e7u et d\u00e9velopp\u00e9 par le constructeur Canadien Bombardier. C&#8217;est une\u00a0version plus petite du Global Express XRS, lui m\u00eame version am\u00e9lior\u00e9e du Global Express. Le Global 5000 offre une longue autonomie de vol allant jusqu&#8217;\u00e0 5000 miles (9300 km), \u00a0tout en restant plus [&hellip;]\" \/>\n<meta property=\"og:url\" content=\"https:\/\/dev.artheauaviation.com\/eng\/product\/bombardier-global-5000\/\" \/>\n<meta property=\"og:site_name\" content=\"Artheau Aviation\" \/>\n<meta property=\"article:modified_time\" content=\"2023-02-27T15:34:14+00:00\" \/>\n<meta property=\"og:image\" content=\"http:\/\/dev.artheauaviation.com\/eng\/wp-content\/uploads\/sites\/4\/2016\/10\/Bombardier-Global-5000.jpg\" \/>\n\t<meta property=\"og:image:width\" content=\"500\" \/>\n\t<meta property=\"og:image:height\" content=\"350\" \/>\n\t<meta property=\"og:image:type\" content=\"image\/jpeg\" \/>\n<meta name=\"twitter:card\" content=\"summary_large_image\" \/>\n<meta name=\"twitter:label1\" content=\"Estimated reading time\" \/>\n\t<meta name=\"twitter:data1\" content=\"2 minutes\" \/>\n<script type=\"application\/ld+json\" class=\"yoast-schema-graph\">{\"@context\":\"https:\/\/schema.org\",\"@graph\":[{\"@type\":\"WebPage\",\"@id\":\"https:\/\/dev.artheauaviation.com\/eng\/product\/bombardier-global-5000\/\",\"url\":\"https:\/\/dev.artheauaviation.com\/eng\/product\/bombardier-global-5000\/\",\"name\":\"Bombardier Global 5000 - Artheau Aviation\",\"isPartOf\":{\"@id\":\"https:\/\/dev.artheauaviation.com\/eng\/#website\"},\"datePublished\":\"2016-10-11T09:51:04+00:00\",\"dateModified\":\"2023-02-27T15:34:14+00:00\",\"breadcrumb\":{\"@id\":\"https:\/\/dev.artheauaviation.com\/eng\/product\/bombardier-global-5000\/#breadcrumb\"},\"inLanguage\":\"en-GB\",\"potentialAction\":[{\"@type\":\"ReadAction\",\"target\":[\"https:\/\/dev.artheauaviation.com\/eng\/product\/bombardier-global-5000\/\"]}]},{\"@type\":\"BreadcrumbList\",\"@id\":\"https:\/\/dev.artheauaviation.com\/eng\/product\/bombardier-global-5000\/#breadcrumb\",\"itemListElement\":[{\"@type\":\"ListItem\",\"position\":1,\"name\":\"Home\",\"item\":\"https:\/\/dev.artheauaviation.com\/eng\/\"},{\"@type\":\"ListItem\",\"position\":2,\"name\":\"Our Planes\",\"item\":\"https:\/\/dev.artheauaviation.com\/eng\/nos-avions\/\"},{\"@type\":\"ListItem\",\"position\":3,\"name\":\"Bombardier Global 5000\"}]},{\"@type\":\"WebSite\",\"@id\":\"https:\/\/dev.artheauaviation.com\/eng\/#website\",\"url\":\"https:\/\/dev.artheauaviation.com\/eng\/\",\"name\":\"Artheau Aviation\",\"description\":\"Let&#039;s Fly Together\",\"potentialAction\":[{\"@type\":\"SearchAction\",\"target\":{\"@type\":\"EntryPoint\",\"urlTemplate\":\"https:\/\/dev.artheauaviation.com\/eng\/?s={search_term_string}\"},\"query-input\":\"required name=search_term_string\"}],\"inLanguage\":\"en-GB\"}]}<\/script>\n<!-- \/ Yoast SEO plugin. -->","yoast_head_json":{"title":"Bombardier Global 5000 - Artheau Aviation","robots":{"index":"noindex","follow":"follow","max-snippet":"max-snippet:-1","max-image-preview":"max-image-preview:large","max-video-preview":"max-video-preview:-1"},"og_locale":"en_GB","og_type":"article","og_title":"Bombardier Global 5000 - Artheau Aviation","og_description":"Pr\u00e9sentation g\u00e9n\u00e9rale: Le Bombardier Global 5000 est avion d&#8217;affaires de la famille Global, con\u00e7u et d\u00e9velopp\u00e9 par le constructeur Canadien Bombardier. C&#8217;est une\u00a0version plus petite du Global Express XRS, lui m\u00eame version am\u00e9lior\u00e9e du Global Express. Le Global 5000 offre une longue autonomie de vol allant jusqu&#8217;\u00e0 5000 miles (9300 km), \u00a0tout en restant plus [&hellip;]","og_url":"https:\/\/dev.artheauaviation.com\/eng\/product\/bombardier-global-5000\/","og_site_name":"Artheau Aviation","article_modified_time":"2023-02-27T15:34:14+00:00","og_image":[{"width":500,"height":350,"url":"http:\/\/dev.artheauaviation.com\/eng\/wp-content\/uploads\/sites\/4\/2016\/10\/Bombardier-Global-5000.jpg","type":"image\/jpeg"}],"twitter_card":"summary_large_image","twitter_misc":{"Estimated reading time":"2 minutes"},"schema":{"@context":"https:\/\/schema.org","@graph":[{"@type":"WebPage","@id":"https:\/\/dev.artheauaviation.com\/eng\/product\/bombardier-global-5000\/","url":"https:\/\/dev.artheauaviation.com\/eng\/product\/bombardier-global-5000\/","name":"Bombardier Global 5000 - Artheau Aviation","isPartOf":{"@id":"https:\/\/dev.artheauaviation.com\/eng\/#website"},"datePublished":"2016-10-11T09:51:04+00:00","dateModified":"2023-02-27T15:34:14+00:00","breadcrumb":{"@id":"https:\/\/dev.artheauaviation.com\/eng\/product\/bombardier-global-5000\/#breadcrumb"},"inLanguage":"en-GB","potentialAction":[{"@type":"ReadAction","target":["https:\/\/dev.artheauaviation.com\/eng\/product\/bombardier-global-5000\/"]}]},{"@type":"BreadcrumbList","@id":"https:\/\/dev.artheauaviation.com\/eng\/product\/bombardier-global-5000\/#breadcrumb","itemListElement":[{"@type":"ListItem","position":1,"name":"Home","item":"https:\/\/dev.artheauaviation.com\/eng\/"},{"@type":"ListItem","position":2,"name":"Our Planes","item":"https:\/\/dev.artheauaviation.com\/eng\/nos-avions\/"},{"@type":"ListItem","position":3,"name":"Bombardier Global 5000"}]},{"@type":"WebSite","@id":"https:\/\/dev.artheauaviation.com\/eng\/#website","url":"https:\/\/dev.artheauaviation.com\/eng\/","name":"Artheau Aviation","description":"Let&#039;s Fly Together","potentialAction":[{"@type":"SearchAction","target":{"@type":"EntryPoint","urlTemplate":"https:\/\/dev.artheauaviation.com\/eng\/?s={search_term_string}"},"query-input":"required name=search_term_string"}],"inLanguage":"en-GB"}]}},"yoast_meta":{"title":""},"_links":{"self":[{"href":"https:\/\/dev.artheauaviation.com\/eng\/wp-json\/wp\/v2\/product\/1690"}],"collection":[{"href":"https:\/\/dev.artheauaviation.com\/eng\/wp-json\/wp\/v2\/product"}],"about":[{"href":"https:\/\/dev.artheauaviation.com\/eng\/wp-json\/wp\/v2\/types\/product"}],"wp:featuredmedia":[{"embeddable":true,"href":"https:\/\/dev.artheauaviation.com\/eng\/wp-json\/wp\/v2\/media\/2474"}],"wp:attachment":[{"href":"https:\/\/dev.artheauaviation.com\/eng\/wp-json\/wp\/v2\/media?parent=1690"}],"wp:term":[{"taxonomy":"product_cat","embeddable":true,"href":"https:\/\/dev.artheauaviation.com\/eng\/wp-json\/wp\/v2\/product_cat?post=1690"},{"taxonomy":"product_tag","embeddable":true,"href":"https:\/\/dev.artheauaviation.com\/eng\/wp-json\/wp\/v2\/product_tag?post=1690"}],"curies":[{"name":"wp","href":"https:\/\/api.w.org\/{rel}","templated":true}]}}