{"id":1693,"date":"2016-10-11T11:55:31","date_gmt":"2016-10-11T09:55:31","guid":{"rendered":"https:\/\/artheauaviation.com\/eng\/?post_type=product&#038;p=1693"},"modified":"2023-02-27T17:34:14","modified_gmt":"2023-02-27T15:34:14","slug":"saab-340","status":"publish","type":"product","link":"https:\/\/dev.artheauaviation.com\/eng\/product\/saab-340\/","title":{"rendered":"SAAB 340"},"content":{"rendered":"<p style=\"text-align: justify;\"><strong>Pr\u00e9sentation g\u00e9n\u00e9rale:<\/strong><\/p>\n<p style=\"text-align: justify;\">Le Saab 340 est un avion de ligne \u00e0 turbopropulseurs (\u00e0 h\u00e9lices), destin\u00e9 \u00e0 couvrir de courtes distances.\u00a0\u00a0Il a \u00e9t\u00e9 produit par un partenariat entre Saab et Fairchild Aircraft. Apr\u00e8s que cette derni\u00e8re compagnie eut cess\u00e9 son activit\u00e9, l&#8217;int\u00e9gralit\u00e9 de la construction fut transf\u00e9r\u00e9e \u00e0 l&#8217;usine Saab de Link\u00f6ping, en Su\u00e8de.<\/p>\n<p style=\"text-align: justify;\">Cet appareil a connu deux versions bien distinctes. Le SAAB 340A qui correspond \u00e0 la version courte et le SAAB 340B repr\u00e9sentant la version longue. Les deux versions ont totalis\u00e9 ensemble 250 avions en service en 1989 date \u00e0 laquelle la documentation de maintenance a \u00e9t\u00e9 rapatri\u00e9e en Su\u00e8de. Apr\u00e8s publication des r\u00e9sultats de la soci\u00e9t\u00e9, les deux versions (SAAB 340A et SAAB 340B) ont totalis\u00e9 459 unit\u00e9s en 1998 date \u00e0 laquelle la production a \u00e9t\u00e9 arr\u00eat\u00e9e. Malgr\u00e9 l\u2019arr\u00eat de la production, le mod\u00e8le est encore utilis\u00e9 par de nombreuses compagnies a\u00e9riennes dans le monde.<\/p>\n<p style=\"text-align: justify;\"><strong>Caract\u00e9ristiques commerciales:<\/strong><\/p>\n<p style=\"text-align: justify;\">Le Saab 340 peut transporter confortablement entre 27 et 35 passagers, parfois 36 selon les compagnies a\u00e9riennes. La cabine pressuris\u00e9e et climatis\u00e9e est suffisamment haute pour s\u2019y tenir debout et est dot\u00e9e de nombreux rangements. Les moteurs silencieux contribuent \u00e9galement au confort des passagers. Elle peut recevoir un am\u00e9nagement cargo, des passagers (rang\u00e9es 2-1) ou <i>very important person<\/i> (rang\u00e9es 1-1).<\/p>\n<p style=\"text-align: justify;\"><strong>Caract\u00e9ristiques techniques:<\/strong><\/p>\n<p style=\"text-align: justify;\">Baptis\u00e9 SAAB F AIRCHILD 340 apr\u00e8s la reprise par SAAB des activit\u00e9s de Fairchild, le Projet a \u00e9t\u00e9 rebaptis\u00e9 SAAB340 et deux versions ont \u00e9t\u00e9 choisies; le SAAB 340A version courte et le SAAB 340B version longue. Les deux versions ont totalis\u00e9 ensemble 250 avions en service en 1989 date \u00e0 laquelle la documentation de maintenance a \u00e9t\u00e9 rapatri\u00e9e en Su\u00e8de.<\/p>\n<p style=\"text-align: justify;\">Apr\u00e8s 459 unit\u00e9s produites, la firme cessa la production en 1998. Le mod\u00e8le est encore utilis\u00e9 par de nombreuses compagnies a\u00e9riennes dans le monde.<\/p>\n<p style=\"text-align: justify;\">L&#8217;envergure de l&#8217;appareil est d&#8217;environ 22 m\u00e8tres et fait 7 m\u00e8tres de hauteur. De plus, sa masse au d\u00e9collage repr\u00e9sente 13 150 km.<\/p>\n","protected":false},"excerpt":{"rendered":"<p>Pr\u00e9sentation g\u00e9n\u00e9rale: Le Saab 340 est un avion de ligne \u00e0 turbopropulseurs (\u00e0 h\u00e9lices), destin\u00e9 \u00e0 couvrir de courtes distances.\u00a0\u00a0Il a \u00e9t\u00e9 produit par un partenariat entre Saab et Fairchild Aircraft. Apr\u00e8s que cette derni\u00e8re compagnie eut cess\u00e9 son activit\u00e9, l&#8217;int\u00e9gralit\u00e9 de la construction fut transf\u00e9r\u00e9e \u00e0 l&#8217;usine Saab de Link\u00f6ping, en Su\u00e8de. Cet appareil [&hellip;]<\/p>\n","protected":false},"featured_media":2495,"template":"","meta":[],"product_cat":[43],"product_tag":[],"yoast_head":"<!-- This site is optimized with the Yoast SEO plugin v20.3 - https:\/\/yoast.com\/wordpress\/plugins\/seo\/ -->\n<title>SAAB 340 - Artheau Aviation<\/title>\n<meta name=\"robots\" content=\"noindex, follow, max-snippet:-1, max-image-preview:large, max-video-preview:-1\" \/>\n<meta property=\"og:locale\" content=\"en_GB\" \/>\n<meta property=\"og:type\" content=\"article\" \/>\n<meta property=\"og:title\" content=\"SAAB 340 - Artheau Aviation\" \/>\n<meta property=\"og:description\" content=\"Pr\u00e9sentation g\u00e9n\u00e9rale: Le Saab 340 est un avion de ligne \u00e0 turbopropulseurs (\u00e0 h\u00e9lices), destin\u00e9 \u00e0 couvrir de courtes distances.\u00a0\u00a0Il a \u00e9t\u00e9 produit par un partenariat entre Saab et Fairchild Aircraft. Apr\u00e8s que cette derni\u00e8re compagnie eut cess\u00e9 son activit\u00e9, l&#8217;int\u00e9gralit\u00e9 de la construction fut transf\u00e9r\u00e9e \u00e0 l&#8217;usine Saab de Link\u00f6ping, en Su\u00e8de. Cet appareil [&hellip;]\" \/>\n<meta property=\"og:url\" content=\"https:\/\/dev.artheauaviation.com\/eng\/product\/saab-340\/\" \/>\n<meta property=\"og:site_name\" content=\"Artheau Aviation\" \/>\n<meta property=\"article:modified_time\" content=\"2023-02-27T15:34:14+00:00\" \/>\n<meta property=\"og:image\" content=\"http:\/\/dev.artheauaviation.com\/eng\/wp-content\/uploads\/sites\/4\/2016\/10\/SAAB-340.jpg\" \/>\n\t<meta property=\"og:image:width\" content=\"500\" \/>\n\t<meta property=\"og:image:height\" content=\"350\" \/>\n\t<meta property=\"og:image:type\" content=\"image\/jpeg\" \/>\n<meta name=\"twitter:card\" content=\"summary_large_image\" \/>\n<meta name=\"twitter:label1\" content=\"Estimated reading time\" \/>\n\t<meta name=\"twitter:data1\" content=\"2 minutes\" \/>\n<script type=\"application\/ld+json\" class=\"yoast-schema-graph\">{\"@context\":\"https:\/\/schema.org\",\"@graph\":[{\"@type\":\"WebPage\",\"@id\":\"https:\/\/dev.artheauaviation.com\/eng\/product\/saab-340\/\",\"url\":\"https:\/\/dev.artheauaviation.com\/eng\/product\/saab-340\/\",\"name\":\"SAAB 340 - Artheau Aviation\",\"isPartOf\":{\"@id\":\"https:\/\/dev.artheauaviation.com\/eng\/#website\"},\"datePublished\":\"2016-10-11T09:55:31+00:00\",\"dateModified\":\"2023-02-27T15:34:14+00:00\",\"breadcrumb\":{\"@id\":\"https:\/\/dev.artheauaviation.com\/eng\/product\/saab-340\/#breadcrumb\"},\"inLanguage\":\"en-GB\",\"potentialAction\":[{\"@type\":\"ReadAction\",\"target\":[\"https:\/\/dev.artheauaviation.com\/eng\/product\/saab-340\/\"]}]},{\"@type\":\"BreadcrumbList\",\"@id\":\"https:\/\/dev.artheauaviation.com\/eng\/product\/saab-340\/#breadcrumb\",\"itemListElement\":[{\"@type\":\"ListItem\",\"position\":1,\"name\":\"Home\",\"item\":\"https:\/\/dev.artheauaviation.com\/eng\/\"},{\"@type\":\"ListItem\",\"position\":2,\"name\":\"Our Planes\",\"item\":\"https:\/\/dev.artheauaviation.com\/eng\/nos-avions\/\"},{\"@type\":\"ListItem\",\"position\":3,\"name\":\"SAAB 340\"}]},{\"@type\":\"WebSite\",\"@id\":\"https:\/\/dev.artheauaviation.com\/eng\/#website\",\"url\":\"https:\/\/dev.artheauaviation.com\/eng\/\",\"name\":\"Artheau Aviation\",\"description\":\"Let&#039;s Fly Together\",\"potentialAction\":[{\"@type\":\"SearchAction\",\"target\":{\"@type\":\"EntryPoint\",\"urlTemplate\":\"https:\/\/dev.artheauaviation.com\/eng\/?s={search_term_string}\"},\"query-input\":\"required name=search_term_string\"}],\"inLanguage\":\"en-GB\"}]}<\/script>\n<!-- \/ Yoast SEO plugin. -->","yoast_head_json":{"title":"SAAB 340 - Artheau Aviation","robots":{"index":"noindex","follow":"follow","max-snippet":"max-snippet:-1","max-image-preview":"max-image-preview:large","max-video-preview":"max-video-preview:-1"},"og_locale":"en_GB","og_type":"article","og_title":"SAAB 340 - Artheau Aviation","og_description":"Pr\u00e9sentation g\u00e9n\u00e9rale: Le Saab 340 est un avion de ligne \u00e0 turbopropulseurs (\u00e0 h\u00e9lices), destin\u00e9 \u00e0 couvrir de courtes distances.\u00a0\u00a0Il a \u00e9t\u00e9 produit par un partenariat entre Saab et Fairchild Aircraft. Apr\u00e8s que cette derni\u00e8re compagnie eut cess\u00e9 son activit\u00e9, l&#8217;int\u00e9gralit\u00e9 de la construction fut transf\u00e9r\u00e9e \u00e0 l&#8217;usine Saab de Link\u00f6ping, en Su\u00e8de. Cet appareil [&hellip;]","og_url":"https:\/\/dev.artheauaviation.com\/eng\/product\/saab-340\/","og_site_name":"Artheau Aviation","article_modified_time":"2023-02-27T15:34:14+00:00","og_image":[{"width":500,"height":350,"url":"http:\/\/dev.artheauaviation.com\/eng\/wp-content\/uploads\/sites\/4\/2016\/10\/SAAB-340.jpg","type":"image\/jpeg"}],"twitter_card":"summary_large_image","twitter_misc":{"Estimated reading time":"2 minutes"},"schema":{"@context":"https:\/\/schema.org","@graph":[{"@type":"WebPage","@id":"https:\/\/dev.artheauaviation.com\/eng\/product\/saab-340\/","url":"https:\/\/dev.artheauaviation.com\/eng\/product\/saab-340\/","name":"SAAB 340 - Artheau Aviation","isPartOf":{"@id":"https:\/\/dev.artheauaviation.com\/eng\/#website"},"datePublished":"2016-10-11T09:55:31+00:00","dateModified":"2023-02-27T15:34:14+00:00","breadcrumb":{"@id":"https:\/\/dev.artheauaviation.com\/eng\/product\/saab-340\/#breadcrumb"},"inLanguage":"en-GB","potentialAction":[{"@type":"ReadAction","target":["https:\/\/dev.artheauaviation.com\/eng\/product\/saab-340\/"]}]},{"@type":"BreadcrumbList","@id":"https:\/\/dev.artheauaviation.com\/eng\/product\/saab-340\/#breadcrumb","itemListElement":[{"@type":"ListItem","position":1,"name":"Home","item":"https:\/\/dev.artheauaviation.com\/eng\/"},{"@type":"ListItem","position":2,"name":"Our Planes","item":"https:\/\/dev.artheauaviation.com\/eng\/nos-avions\/"},{"@type":"ListItem","position":3,"name":"SAAB 340"}]},{"@type":"WebSite","@id":"https:\/\/dev.artheauaviation.com\/eng\/#website","url":"https:\/\/dev.artheauaviation.com\/eng\/","name":"Artheau Aviation","description":"Let&#039;s Fly Together","potentialAction":[{"@type":"SearchAction","target":{"@type":"EntryPoint","urlTemplate":"https:\/\/dev.artheauaviation.com\/eng\/?s={search_term_string}"},"query-input":"required name=search_term_string"}],"inLanguage":"en-GB"}]}},"yoast_meta":{"title":""},"_links":{"self":[{"href":"https:\/\/dev.artheauaviation.com\/eng\/wp-json\/wp\/v2\/product\/1693"}],"collection":[{"href":"https:\/\/dev.artheauaviation.com\/eng\/wp-json\/wp\/v2\/product"}],"about":[{"href":"https:\/\/dev.artheauaviation.com\/eng\/wp-json\/wp\/v2\/types\/product"}],"wp:featuredmedia":[{"embeddable":true,"href":"https:\/\/dev.artheauaviation.com\/eng\/wp-json\/wp\/v2\/media\/2495"}],"wp:attachment":[{"href":"https:\/\/dev.artheauaviation.com\/eng\/wp-json\/wp\/v2\/media?parent=1693"}],"wp:term":[{"taxonomy":"product_cat","embeddable":true,"href":"https:\/\/dev.artheauaviation.com\/eng\/wp-json\/wp\/v2\/product_cat?post=1693"},{"taxonomy":"product_tag","embeddable":true,"href":"https:\/\/dev.artheauaviation.com\/eng\/wp-json\/wp\/v2\/product_tag?post=1693"}],"curies":[{"name":"wp","href":"https:\/\/api.w.org\/{rel}","templated":true}]}}