{"id":1694,"date":"2016-10-11T11:57:48","date_gmt":"2016-10-11T09:57:48","guid":{"rendered":"https:\/\/artheauaviation.com\/eng\/?post_type=product&#038;p=1694"},"modified":"2023-02-27T17:34:14","modified_gmt":"2023-02-27T15:34:14","slug":"dornier-328","status":"publish","type":"product","link":"https:\/\/dev.artheauaviation.com\/eng\/product\/dornier-328\/","title":{"rendered":"Dornier 328"},"content":{"rendered":"<p style=\"text-align: justify;\"><strong>Pr\u00e9sentation g\u00e9n\u00e9rale:<\/strong><\/p>\n<p style=\"text-align: justify;\">Le Dornier 328 est un avion de transport commercial bimoteur con\u00e7u \u00e0 l&#8217;origine par la soci\u00e9t\u00e9 Dornier, constructeur a\u00e9ronautique allemand. Il est ensuite produit et commercialis\u00e9 par Dornier Luftfahrt. Le premier vol a \u00e9t\u00e9 effectu\u00e9 en 1991 et la commercialisation commence en 1993. A cette \u00e9poque les compagnies a\u00e9riennes commencent \u00e0 remplacer leurs appareils r\u00e9gionaux par des mod\u00e8les plus grands afin d&#8217;am\u00e9liorer leur productivit\u00e9.<\/p>\n<p style=\"text-align: justify;\">N\u00e9anmoins le Dornier 328 r\u00e9pond \u00e0 une vraie demande du march\u00e9 de niche de l&#8217;aviation d&#8217;affaires, notamment pour les entreprises faisant voyager ces collaborateurs en groupe, les \u00e9quipes sportives ou encore les groupes VIP. En effet ces diff\u00e9rentes client\u00e8les ont des besoin de transport variables et ce n&#8217;est pas toujours un petit groupe qui se d\u00e9place en jet. Avec des configurations allant de 12 \u00e0 26 si\u00e8ges types classe affaires et sa configuration standard de 33 places, le Dornier 328 est, aujourd&#8217;hui encore, tr\u00e8s appr\u00e9ci\u00e9 sur le march\u00e9 des jet d&#8217;affaires.<\/p>\n<p style=\"text-align: justify;\"><strong>Caract\u00e9ristiques commerciales:<\/strong><\/p>\n<p style=\"text-align: justify;\">Les plus grands jets d&#8217;affaires ne permettent d&#8217;embarquer qu&#8217;une quinzaine de passagers selon les versions et les configurations tandis que les avions r\u00e9gionaux transportent 40 passagers ou plus. La cabine du Dornier 328 et ses 33 si\u00e8ges r\u00e9pondent alors \u00e0 un besoin r\u00e9el du march\u00e9.<\/p>\n<p style=\"text-align: justify;\">La cabine est, le plus souvent, am\u00e9nag\u00e9e pour garantir un confort VIP \u00e0 ses passagers, mais m\u00eame lorsque les 26 fauteuils classe affaires (plus grande configuration VIP) sont install\u00e9s, elle reste luxueuse, calme et v\u00e9ritablement confortable. Elle est en outre l&#8217;une des plus grandes pour cette cat\u00e9gorie d&#8217;appareil ce qui permet de faire voyager des groupes assez importantes. Le Dornier 328 est tr\u00e8s appr\u00e9ci\u00e9 des \u00e9quipes sportives.<\/p>\n<p style=\"text-align: justify;\"><strong>Caract\u00e9ristiques techniques:<\/strong><\/p>\n<p style=\"text-align: justify;\">Le Dornier 328 peut \u00eatre \u00e9quip\u00e9 de 2 syst\u00e8mes de propulsions diff\u00e9rents, des turbopropulseurs ou des r\u00e9acteurs. Le mod\u00e8le de base, \u00e0 turbopropulseur est un appareil particuli\u00e8rement \u00e9conomique sur les courtes distances. La section du fuselage, les h\u00e9lices de conception nouvelle et le syst\u00e8me de silencieux actif \u00e9lectronique lui conf\u00e9raient un confort comparable \u00e0 celui d\u2019un avion \u00e0 r\u00e9action. Ses vitesses \u00e9lev\u00e9es au d\u00e9collage et en approche lui permettaient de s\u2019ins\u00e9rer dans les proc\u00e9dures normales des grands a\u00e9roports internationaux.<\/p>\n<p style=\"text-align: justify;\">En plus de l&#8217;am\u00e9nagement VIP possible, le Dornier 328 a d&#8217;autres avantages par rapport \u00e0 un gros-porteur am\u00e9nag\u00e9s en avion d&#8217;affaires. Il est une option plus \u00e9conomique et comme il peut emprunter des pistes courtes, il peut se poser sur plus d&#8217;a\u00e9roports et notamment ceux situ\u00e9s au c\u0153ur des grandes villes.<\/p>\n<p>&nbsp;<\/p>\n<p>Libre de droit domaine public<\/p>\n","protected":false},"excerpt":{"rendered":"<p>Pr\u00e9sentation g\u00e9n\u00e9rale: Le Dornier 328 est un avion de transport commercial bimoteur con\u00e7u \u00e0 l&#8217;origine par la soci\u00e9t\u00e9 Dornier, constructeur a\u00e9ronautique allemand. Il est ensuite produit et commercialis\u00e9 par Dornier Luftfahrt. Le premier vol a \u00e9t\u00e9 effectu\u00e9 en 1991 et la commercialisation commence en 1993. A cette \u00e9poque les compagnies a\u00e9riennes commencent \u00e0 remplacer leurs [&hellip;]<\/p>\n","protected":false},"featured_media":2549,"template":"","meta":[],"product_cat":[43],"product_tag":[],"yoast_head":"<!-- This site is optimized with the Yoast SEO plugin v20.3 - https:\/\/yoast.com\/wordpress\/plugins\/seo\/ -->\n<title>Dornier 328 - Artheau Aviation<\/title>\n<meta name=\"robots\" content=\"noindex, follow, max-snippet:-1, max-image-preview:large, max-video-preview:-1\" \/>\n<meta property=\"og:locale\" content=\"en_GB\" \/>\n<meta property=\"og:type\" content=\"article\" \/>\n<meta property=\"og:title\" content=\"Dornier 328 - Artheau Aviation\" \/>\n<meta property=\"og:description\" content=\"Pr\u00e9sentation g\u00e9n\u00e9rale: Le Dornier 328 est un avion de transport commercial bimoteur con\u00e7u \u00e0 l&#8217;origine par la soci\u00e9t\u00e9 Dornier, constructeur a\u00e9ronautique allemand. Il est ensuite produit et commercialis\u00e9 par Dornier Luftfahrt. Le premier vol a \u00e9t\u00e9 effectu\u00e9 en 1991 et la commercialisation commence en 1993. A cette \u00e9poque les compagnies a\u00e9riennes commencent \u00e0 remplacer leurs [&hellip;]\" \/>\n<meta property=\"og:url\" content=\"https:\/\/dev.artheauaviation.com\/eng\/product\/dornier-328\/\" \/>\n<meta property=\"og:site_name\" content=\"Artheau Aviation\" \/>\n<meta property=\"article:modified_time\" content=\"2023-02-27T15:34:14+00:00\" \/>\n<meta property=\"og:image\" content=\"http:\/\/dev.artheauaviation.com\/eng\/wp-content\/uploads\/sites\/4\/2016\/10\/dornier-328.jpg\" \/>\n\t<meta property=\"og:image:width\" content=\"500\" \/>\n\t<meta property=\"og:image:height\" content=\"350\" \/>\n\t<meta property=\"og:image:type\" content=\"image\/jpeg\" \/>\n<meta name=\"twitter:card\" content=\"summary_large_image\" \/>\n<meta name=\"twitter:label1\" content=\"Estimated reading time\" \/>\n\t<meta name=\"twitter:data1\" content=\"2 minutes\" \/>\n<script type=\"application\/ld+json\" class=\"yoast-schema-graph\">{\"@context\":\"https:\/\/schema.org\",\"@graph\":[{\"@type\":\"WebPage\",\"@id\":\"https:\/\/dev.artheauaviation.com\/eng\/product\/dornier-328\/\",\"url\":\"https:\/\/dev.artheauaviation.com\/eng\/product\/dornier-328\/\",\"name\":\"Dornier 328 - Artheau Aviation\",\"isPartOf\":{\"@id\":\"https:\/\/dev.artheauaviation.com\/eng\/#website\"},\"datePublished\":\"2016-10-11T09:57:48+00:00\",\"dateModified\":\"2023-02-27T15:34:14+00:00\",\"breadcrumb\":{\"@id\":\"https:\/\/dev.artheauaviation.com\/eng\/product\/dornier-328\/#breadcrumb\"},\"inLanguage\":\"en-GB\",\"potentialAction\":[{\"@type\":\"ReadAction\",\"target\":[\"https:\/\/dev.artheauaviation.com\/eng\/product\/dornier-328\/\"]}]},{\"@type\":\"BreadcrumbList\",\"@id\":\"https:\/\/dev.artheauaviation.com\/eng\/product\/dornier-328\/#breadcrumb\",\"itemListElement\":[{\"@type\":\"ListItem\",\"position\":1,\"name\":\"Home\",\"item\":\"https:\/\/dev.artheauaviation.com\/eng\/\"},{\"@type\":\"ListItem\",\"position\":2,\"name\":\"Our Planes\",\"item\":\"https:\/\/dev.artheauaviation.com\/eng\/nos-avions\/\"},{\"@type\":\"ListItem\",\"position\":3,\"name\":\"Dornier 328\"}]},{\"@type\":\"WebSite\",\"@id\":\"https:\/\/dev.artheauaviation.com\/eng\/#website\",\"url\":\"https:\/\/dev.artheauaviation.com\/eng\/\",\"name\":\"Artheau Aviation\",\"description\":\"Let&#039;s Fly Together\",\"potentialAction\":[{\"@type\":\"SearchAction\",\"target\":{\"@type\":\"EntryPoint\",\"urlTemplate\":\"https:\/\/dev.artheauaviation.com\/eng\/?s={search_term_string}\"},\"query-input\":\"required name=search_term_string\"}],\"inLanguage\":\"en-GB\"}]}<\/script>\n<!-- \/ Yoast SEO plugin. -->","yoast_head_json":{"title":"Dornier 328 - Artheau Aviation","robots":{"index":"noindex","follow":"follow","max-snippet":"max-snippet:-1","max-image-preview":"max-image-preview:large","max-video-preview":"max-video-preview:-1"},"og_locale":"en_GB","og_type":"article","og_title":"Dornier 328 - Artheau Aviation","og_description":"Pr\u00e9sentation g\u00e9n\u00e9rale: Le Dornier 328 est un avion de transport commercial bimoteur con\u00e7u \u00e0 l&#8217;origine par la soci\u00e9t\u00e9 Dornier, constructeur a\u00e9ronautique allemand. Il est ensuite produit et commercialis\u00e9 par Dornier Luftfahrt. Le premier vol a \u00e9t\u00e9 effectu\u00e9 en 1991 et la commercialisation commence en 1993. A cette \u00e9poque les compagnies a\u00e9riennes commencent \u00e0 remplacer leurs [&hellip;]","og_url":"https:\/\/dev.artheauaviation.com\/eng\/product\/dornier-328\/","og_site_name":"Artheau Aviation","article_modified_time":"2023-02-27T15:34:14+00:00","og_image":[{"width":500,"height":350,"url":"http:\/\/dev.artheauaviation.com\/eng\/wp-content\/uploads\/sites\/4\/2016\/10\/dornier-328.jpg","type":"image\/jpeg"}],"twitter_card":"summary_large_image","twitter_misc":{"Estimated reading time":"2 minutes"},"schema":{"@context":"https:\/\/schema.org","@graph":[{"@type":"WebPage","@id":"https:\/\/dev.artheauaviation.com\/eng\/product\/dornier-328\/","url":"https:\/\/dev.artheauaviation.com\/eng\/product\/dornier-328\/","name":"Dornier 328 - Artheau Aviation","isPartOf":{"@id":"https:\/\/dev.artheauaviation.com\/eng\/#website"},"datePublished":"2016-10-11T09:57:48+00:00","dateModified":"2023-02-27T15:34:14+00:00","breadcrumb":{"@id":"https:\/\/dev.artheauaviation.com\/eng\/product\/dornier-328\/#breadcrumb"},"inLanguage":"en-GB","potentialAction":[{"@type":"ReadAction","target":["https:\/\/dev.artheauaviation.com\/eng\/product\/dornier-328\/"]}]},{"@type":"BreadcrumbList","@id":"https:\/\/dev.artheauaviation.com\/eng\/product\/dornier-328\/#breadcrumb","itemListElement":[{"@type":"ListItem","position":1,"name":"Home","item":"https:\/\/dev.artheauaviation.com\/eng\/"},{"@type":"ListItem","position":2,"name":"Our Planes","item":"https:\/\/dev.artheauaviation.com\/eng\/nos-avions\/"},{"@type":"ListItem","position":3,"name":"Dornier 328"}]},{"@type":"WebSite","@id":"https:\/\/dev.artheauaviation.com\/eng\/#website","url":"https:\/\/dev.artheauaviation.com\/eng\/","name":"Artheau Aviation","description":"Let&#039;s Fly Together","potentialAction":[{"@type":"SearchAction","target":{"@type":"EntryPoint","urlTemplate":"https:\/\/dev.artheauaviation.com\/eng\/?s={search_term_string}"},"query-input":"required name=search_term_string"}],"inLanguage":"en-GB"}]}},"yoast_meta":{"title":""},"_links":{"self":[{"href":"https:\/\/dev.artheauaviation.com\/eng\/wp-json\/wp\/v2\/product\/1694"}],"collection":[{"href":"https:\/\/dev.artheauaviation.com\/eng\/wp-json\/wp\/v2\/product"}],"about":[{"href":"https:\/\/dev.artheauaviation.com\/eng\/wp-json\/wp\/v2\/types\/product"}],"wp:featuredmedia":[{"embeddable":true,"href":"https:\/\/dev.artheauaviation.com\/eng\/wp-json\/wp\/v2\/media\/2549"}],"wp:attachment":[{"href":"https:\/\/dev.artheauaviation.com\/eng\/wp-json\/wp\/v2\/media?parent=1694"}],"wp:term":[{"taxonomy":"product_cat","embeddable":true,"href":"https:\/\/dev.artheauaviation.com\/eng\/wp-json\/wp\/v2\/product_cat?post=1694"},{"taxonomy":"product_tag","embeddable":true,"href":"https:\/\/dev.artheauaviation.com\/eng\/wp-json\/wp\/v2\/product_tag?post=1694"}],"curies":[{"name":"wp","href":"https:\/\/api.w.org\/{rel}","templated":true}]}}