{"id":1702,"date":"2016-10-11T12:05:58","date_gmt":"2016-10-11T10:05:58","guid":{"rendered":"https:\/\/artheauaviation.com\/eng\/?post_type=product&#038;p=1702"},"modified":"2023-02-27T17:34:14","modified_gmt":"2023-02-27T15:34:14","slug":"cessna-citation-ii","status":"publish","type":"product","link":"https:\/\/dev.artheauaviation.com\/eng\/product\/cessna-citation-ii\/","title":{"rendered":"Cessna Citation II"},"content":{"rendered":"<p style=\"text-align: justify;\"><strong>Pr\u00e9sentation g\u00e9n\u00e9rale:<\/strong><\/p>\n<p style=\"text-align: justify;\">Le Citation II (mod\u00e8le 550) est un avion d&#8217;affaires l\u00e9ger d\u00e9riv\u00e9 du Citation I (mod\u00e8le 500) construit par l&#8217;avionneur am\u00e9ricain Cessna. Ce c\u00e9l\u00e8bre appareil a ouvert la voie aux jets l\u00e9gers modernes. Il peut accueillir jusqu&#8217;\u00e0 10 personnes gr\u00e2ce \u00e0 l&#8217;allongement de la cellule d&#8217;1,14 m\u00e8tres. Son envergure est \u00e9galement accrue. Id\u00e9al pour des trajets en Europe, le Citation II est \u00e9conomique et capable d&#8217;acc\u00e9der aux petits a\u00e9roports europ\u00e9ens.<\/p>\n<p style=\"text-align: justify;\"><strong>Caract\u00e9ristiques commerciales:<\/strong><\/p>\n<p style=\"text-align: justify;\">L&#8217;appareil effectua son vol inaugural le 31 janvier 1977, et fut certifi\u00e9 en mars 1978. 603 exemplaires furent construits jusqu&#8217;en 1994, malgr\u00e9 une interruption entre 1984 et 1985 due \u00e0 l&#8217;apparition du S\/II. 10 exemplaires furent vendus au service des douanes am\u00e9ricain. Ces appareils, \u00e9quip\u00e9s du radar du F-16 APG-66 et du syst\u00e8me d&#8217;imagerie WF-360TL, participent \u00e0 la lutte contre les trafiquants de drogue en patrouillant en Am\u00e9rique Centrale.<\/p>\n<p style=\"text-align: justify;\">Son int\u00e9rieur, \u00e0 la fois esth\u00e9tique et fonctionnel, peut confortablement accueillir jusqu&#8217;\u00e0 dix passagers. La cabine mesure 1,42 m\u00e8tres et est \u00e9quip\u00e9e de fauteuils sur\u00e9lev\u00e9s pivotants (comme le citation I) et dispose d&#8217;un mini bar complet permettant de servir \u00e0 bord un choix de boissons chaudes ou froides. L&#8217;appareil peut \u00e9galement transporter un grand nombre de bagages.<\/p>\n<p style=\"text-align: justify;\"><strong>Caract\u00e9ristiques techniques:<\/strong><\/p>\n<p style=\"text-align: justify;\">En 1994, Cessna consid\u00e9ra qu&#8217;on pouvait inclure les nouvelles technologies dans la lign\u00e9e des Citation II. La soci\u00e9t\u00e9 annon\u00e7a donc le Model 550B Citation Bravo. Bas\u00e9 sur le S\/II, celui-ci \u00e9tait propuls\u00e9 par des Pratt &amp; Whitney Canada PW530A, recevait un nouveau train d&#8217;atterrissage et notamment un cockpit Honeywell Primus 1000 \u00e0 \u00e9crans. Il vola pour la premi\u00e8re fois le 25 avril 1995, mais n&#8217;obtint sa certification qu&#8217;en ao\u00fbt 1996. Le premier exemplaire fut livr\u00e9 en f\u00e9vrier 1997. 337 exemplaires furent construits jusqu&#8217;en 2006.<\/p>\n<p style=\"text-align: justify;\"><span class=\"notranslate\">Le poste de pilotage est compos\u00e9 de 340 degr\u00e9s de visibilit\u00e9 et est organis\u00e9 autour de commandes simples concernant les syst\u00e8mes vitaux (carburant et d\u00e9givrage.)<\/span> <span class=\"notranslate\"> Le Citation II peut \u00eatre configur\u00e9 pour \u00eatre pilot\u00e9 par un seul pilote, ce qui r\u00e9duit les co\u00fbts Voyage \/ exploitation et de permettre une plus grande souplesse dans la planification de vol.<\/span><\/p>\n","protected":false},"excerpt":{"rendered":"<p>Pr\u00e9sentation g\u00e9n\u00e9rale: Le Citation II (mod\u00e8le 550) est un avion d&#8217;affaires l\u00e9ger d\u00e9riv\u00e9 du Citation I (mod\u00e8le 500) construit par l&#8217;avionneur am\u00e9ricain Cessna. Ce c\u00e9l\u00e8bre appareil a ouvert la voie aux jets l\u00e9gers modernes. Il peut accueillir jusqu&#8217;\u00e0 10 personnes gr\u00e2ce \u00e0 l&#8217;allongement de la cellule d&#8217;1,14 m\u00e8tres. Son envergure est \u00e9galement accrue. Id\u00e9al pour [&hellip;]<\/p>\n","protected":false},"featured_media":2477,"template":"","meta":[],"product_cat":[44],"product_tag":[],"yoast_head":"<!-- This site is optimized with the Yoast SEO plugin v20.3 - https:\/\/yoast.com\/wordpress\/plugins\/seo\/ -->\n<title>Cessna Citation II - Artheau Aviation<\/title>\n<meta name=\"robots\" content=\"noindex, follow, max-snippet:-1, max-image-preview:large, max-video-preview:-1\" \/>\n<meta property=\"og:locale\" content=\"en_GB\" \/>\n<meta property=\"og:type\" content=\"article\" \/>\n<meta property=\"og:title\" content=\"Cessna Citation II - Artheau Aviation\" \/>\n<meta property=\"og:description\" content=\"Pr\u00e9sentation g\u00e9n\u00e9rale: Le Citation II (mod\u00e8le 550) est un avion d&#8217;affaires l\u00e9ger d\u00e9riv\u00e9 du Citation I (mod\u00e8le 500) construit par l&#8217;avionneur am\u00e9ricain Cessna. Ce c\u00e9l\u00e8bre appareil a ouvert la voie aux jets l\u00e9gers modernes. Il peut accueillir jusqu&#8217;\u00e0 10 personnes gr\u00e2ce \u00e0 l&#8217;allongement de la cellule d&#8217;1,14 m\u00e8tres. Son envergure est \u00e9galement accrue. Id\u00e9al pour [&hellip;]\" \/>\n<meta property=\"og:url\" content=\"https:\/\/dev.artheauaviation.com\/eng\/product\/cessna-citation-ii\/\" \/>\n<meta property=\"og:site_name\" content=\"Artheau Aviation\" \/>\n<meta property=\"article:modified_time\" content=\"2023-02-27T15:34:14+00:00\" \/>\n<meta property=\"og:image\" content=\"http:\/\/dev.artheauaviation.com\/eng\/wp-content\/uploads\/sites\/4\/2016\/10\/Cessna-Citation-II.jpg\" \/>\n\t<meta property=\"og:image:width\" content=\"500\" \/>\n\t<meta property=\"og:image:height\" content=\"350\" \/>\n\t<meta property=\"og:image:type\" content=\"image\/jpeg\" \/>\n<meta name=\"twitter:card\" content=\"summary_large_image\" \/>\n<meta name=\"twitter:label1\" content=\"Estimated reading time\" \/>\n\t<meta name=\"twitter:data1\" content=\"2 minutes\" \/>\n<script type=\"application\/ld+json\" class=\"yoast-schema-graph\">{\"@context\":\"https:\/\/schema.org\",\"@graph\":[{\"@type\":\"WebPage\",\"@id\":\"https:\/\/dev.artheauaviation.com\/eng\/product\/cessna-citation-ii\/\",\"url\":\"https:\/\/dev.artheauaviation.com\/eng\/product\/cessna-citation-ii\/\",\"name\":\"Cessna Citation II - Artheau Aviation\",\"isPartOf\":{\"@id\":\"https:\/\/dev.artheauaviation.com\/eng\/#website\"},\"datePublished\":\"2016-10-11T10:05:58+00:00\",\"dateModified\":\"2023-02-27T15:34:14+00:00\",\"breadcrumb\":{\"@id\":\"https:\/\/dev.artheauaviation.com\/eng\/product\/cessna-citation-ii\/#breadcrumb\"},\"inLanguage\":\"en-GB\",\"potentialAction\":[{\"@type\":\"ReadAction\",\"target\":[\"https:\/\/dev.artheauaviation.com\/eng\/product\/cessna-citation-ii\/\"]}]},{\"@type\":\"BreadcrumbList\",\"@id\":\"https:\/\/dev.artheauaviation.com\/eng\/product\/cessna-citation-ii\/#breadcrumb\",\"itemListElement\":[{\"@type\":\"ListItem\",\"position\":1,\"name\":\"Home\",\"item\":\"https:\/\/dev.artheauaviation.com\/eng\/\"},{\"@type\":\"ListItem\",\"position\":2,\"name\":\"Our Planes\",\"item\":\"https:\/\/dev.artheauaviation.com\/eng\/nos-avions\/\"},{\"@type\":\"ListItem\",\"position\":3,\"name\":\"Cessna Citation II\"}]},{\"@type\":\"WebSite\",\"@id\":\"https:\/\/dev.artheauaviation.com\/eng\/#website\",\"url\":\"https:\/\/dev.artheauaviation.com\/eng\/\",\"name\":\"Artheau Aviation\",\"description\":\"Let&#039;s Fly Together\",\"potentialAction\":[{\"@type\":\"SearchAction\",\"target\":{\"@type\":\"EntryPoint\",\"urlTemplate\":\"https:\/\/dev.artheauaviation.com\/eng\/?s={search_term_string}\"},\"query-input\":\"required name=search_term_string\"}],\"inLanguage\":\"en-GB\"}]}<\/script>\n<!-- \/ Yoast SEO plugin. -->","yoast_head_json":{"title":"Cessna Citation II - Artheau Aviation","robots":{"index":"noindex","follow":"follow","max-snippet":"max-snippet:-1","max-image-preview":"max-image-preview:large","max-video-preview":"max-video-preview:-1"},"og_locale":"en_GB","og_type":"article","og_title":"Cessna Citation II - Artheau Aviation","og_description":"Pr\u00e9sentation g\u00e9n\u00e9rale: Le Citation II (mod\u00e8le 550) est un avion d&#8217;affaires l\u00e9ger d\u00e9riv\u00e9 du Citation I (mod\u00e8le 500) construit par l&#8217;avionneur am\u00e9ricain Cessna. Ce c\u00e9l\u00e8bre appareil a ouvert la voie aux jets l\u00e9gers modernes. Il peut accueillir jusqu&#8217;\u00e0 10 personnes gr\u00e2ce \u00e0 l&#8217;allongement de la cellule d&#8217;1,14 m\u00e8tres. Son envergure est \u00e9galement accrue. Id\u00e9al pour [&hellip;]","og_url":"https:\/\/dev.artheauaviation.com\/eng\/product\/cessna-citation-ii\/","og_site_name":"Artheau Aviation","article_modified_time":"2023-02-27T15:34:14+00:00","og_image":[{"width":500,"height":350,"url":"http:\/\/dev.artheauaviation.com\/eng\/wp-content\/uploads\/sites\/4\/2016\/10\/Cessna-Citation-II.jpg","type":"image\/jpeg"}],"twitter_card":"summary_large_image","twitter_misc":{"Estimated reading time":"2 minutes"},"schema":{"@context":"https:\/\/schema.org","@graph":[{"@type":"WebPage","@id":"https:\/\/dev.artheauaviation.com\/eng\/product\/cessna-citation-ii\/","url":"https:\/\/dev.artheauaviation.com\/eng\/product\/cessna-citation-ii\/","name":"Cessna Citation II - Artheau Aviation","isPartOf":{"@id":"https:\/\/dev.artheauaviation.com\/eng\/#website"},"datePublished":"2016-10-11T10:05:58+00:00","dateModified":"2023-02-27T15:34:14+00:00","breadcrumb":{"@id":"https:\/\/dev.artheauaviation.com\/eng\/product\/cessna-citation-ii\/#breadcrumb"},"inLanguage":"en-GB","potentialAction":[{"@type":"ReadAction","target":["https:\/\/dev.artheauaviation.com\/eng\/product\/cessna-citation-ii\/"]}]},{"@type":"BreadcrumbList","@id":"https:\/\/dev.artheauaviation.com\/eng\/product\/cessna-citation-ii\/#breadcrumb","itemListElement":[{"@type":"ListItem","position":1,"name":"Home","item":"https:\/\/dev.artheauaviation.com\/eng\/"},{"@type":"ListItem","position":2,"name":"Our Planes","item":"https:\/\/dev.artheauaviation.com\/eng\/nos-avions\/"},{"@type":"ListItem","position":3,"name":"Cessna Citation II"}]},{"@type":"WebSite","@id":"https:\/\/dev.artheauaviation.com\/eng\/#website","url":"https:\/\/dev.artheauaviation.com\/eng\/","name":"Artheau Aviation","description":"Let&#039;s Fly Together","potentialAction":[{"@type":"SearchAction","target":{"@type":"EntryPoint","urlTemplate":"https:\/\/dev.artheauaviation.com\/eng\/?s={search_term_string}"},"query-input":"required name=search_term_string"}],"inLanguage":"en-GB"}]}},"yoast_meta":{"title":""},"_links":{"self":[{"href":"https:\/\/dev.artheauaviation.com\/eng\/wp-json\/wp\/v2\/product\/1702"}],"collection":[{"href":"https:\/\/dev.artheauaviation.com\/eng\/wp-json\/wp\/v2\/product"}],"about":[{"href":"https:\/\/dev.artheauaviation.com\/eng\/wp-json\/wp\/v2\/types\/product"}],"wp:featuredmedia":[{"embeddable":true,"href":"https:\/\/dev.artheauaviation.com\/eng\/wp-json\/wp\/v2\/media\/2477"}],"wp:attachment":[{"href":"https:\/\/dev.artheauaviation.com\/eng\/wp-json\/wp\/v2\/media?parent=1702"}],"wp:term":[{"taxonomy":"product_cat","embeddable":true,"href":"https:\/\/dev.artheauaviation.com\/eng\/wp-json\/wp\/v2\/product_cat?post=1702"},{"taxonomy":"product_tag","embeddable":true,"href":"https:\/\/dev.artheauaviation.com\/eng\/wp-json\/wp\/v2\/product_tag?post=1702"}],"curies":[{"name":"wp","href":"https:\/\/api.w.org\/{rel}","templated":true}]}}