{"id":1706,"date":"2016-10-11T12:10:26","date_gmt":"2016-10-11T10:10:26","guid":{"rendered":"https:\/\/artheauaviation.com\/eng\/?post_type=product&#038;p=1706"},"modified":"2023-02-27T17:34:13","modified_gmt":"2023-02-27T15:34:13","slug":"learjet-35","status":"publish","type":"product","link":"https:\/\/dev.artheauaviation.com\/eng\/product\/learjet-35\/","title":{"rendered":"Learjet 35"},"content":{"rendered":"<p><strong>Pr\u00e9sentation g\u00e9n\u00e9rale:<\/strong><\/p>\n<p>Le Learjet 35 est un avion d&#8217;affaires turbor\u00e9acteur construit par Learjet Aircraft Company aux \u00c9tats-Unis. Sa conception d\u00e9coule d&#8217;autres mod\u00e8les de la compagnie comme le Learjet 25, son premier vol a eu lieu en mai 1971.<\/p>\n<p>Cet avion est connu dans sa gamme pour son autonomie de plus de 3 300 km, sa vitesse de croisi\u00e8re impressionnante et sa faible consommation de carburant. De plus il est d\u00e9crit comme un jet d&#8217;affaires ayant de bonnes caract\u00e9ristiques de manipulation.<\/p>\n<p>Le mod\u00e8le 35 est appr\u00e9ci\u00e9 pour sa port\u00e9e, sa man\u0153uvrabilit\u00e9, sa faible consommation de carburant et sa vitesse \u00e9lev\u00e9e.<\/p>\n<p><strong>Caract\u00e9ristiques commerciales:<\/strong><\/p>\n<p>La cabine du Learjet 35 est longue de 3,93 m, haute de 1,31 m et large de 1,49m. Sa capacit\u00e9 de transport de bagage est de 12 m cube ce qui correspond \u00e0 environ 12 valises de taille standard. Sa cabine a une capacit\u00e9 maximum de 8 passagers, les si\u00e8ges \u00e9tant g\u00e9n\u00e9ralement group\u00e9s par deux et suffisamment espac\u00e9s pour les faire pivoter ou les incliner \u00e0 loisir.<\/p>\n<p><strong>Caract\u00e9ristiques techniques:<\/strong><\/p>\n<p>La v\u00e9ritable force de cet avion d&#8217;affaires, ce sont ses capacit\u00e9s de d\u00e9collage et sa vitesse de croisi\u00e8re. En effet ses puissants moteurs Honeywell lui permettent de d\u00e9coller en seulement 1 300m, de plus son poids maximum de d\u00e9collage est assez \u00e9lev\u00e9, 8,3 tonnes. Ces diff\u00e9rentes performances sont de v\u00e9ritables atouts dans le monde des jets et jets l\u00e9gers.<\/p>\n<p>Il y&#8217;a d&#8217;autres caract\u00e9ristiques qui font de ce jet un avion tr\u00e8s appr\u00e9ci\u00e9. Son syst\u00e8me avionique totalement redessin\u00e9 et diff\u00e9rent de ces pr\u00e9d\u00e9cesseurs, lui conf\u00e8rent un tableau de bord \u00e9pur\u00e9 et tr\u00e8s visuel. De nombreux pilotes vantent son agilit\u00e9 et ses excellentes performances.<\/p>\n<p>Gr\u00e2ce \u00e0 son excellente performance, vitesse, rayon d&#8217;action et plafond op\u00e9rationnel, il permet de parcourir de grandes distances sans devoir faire des escales techniques et de voler au-dessus des niveaux de vol dans lesquels se produisent la majorit\u00e9 de ph\u00e9nom\u00e8nes m\u00e9t\u00e9orologiques. Ce qui fait du Learjet 35 l&#8217;un des bir\u00e9acteurs les plus populaires de l&#8217;histoire.<\/p>\n","protected":false},"excerpt":{"rendered":"<p>Pr\u00e9sentation g\u00e9n\u00e9rale: Le Learjet 35 est un avion d&#8217;affaires turbor\u00e9acteur construit par Learjet Aircraft Company aux \u00c9tats-Unis. Sa conception d\u00e9coule d&#8217;autres mod\u00e8les de la compagnie comme le Learjet 25, son premier vol a eu lieu en mai 1971. Cet avion est connu dans sa gamme pour son autonomie de plus de 3 300 km, sa [&hellip;]<\/p>\n","protected":false},"featured_media":2491,"template":"","meta":[],"product_cat":[44],"product_tag":[],"yoast_head":"<!-- This site is optimized with the Yoast SEO plugin v20.3 - https:\/\/yoast.com\/wordpress\/plugins\/seo\/ -->\n<title>Learjet 35 - Artheau Aviation<\/title>\n<meta name=\"robots\" content=\"noindex, follow, max-snippet:-1, max-image-preview:large, max-video-preview:-1\" \/>\n<meta property=\"og:locale\" content=\"en_GB\" \/>\n<meta property=\"og:type\" content=\"article\" \/>\n<meta property=\"og:title\" content=\"Learjet 35 - Artheau Aviation\" \/>\n<meta property=\"og:description\" content=\"Pr\u00e9sentation g\u00e9n\u00e9rale: Le Learjet 35 est un avion d&#8217;affaires turbor\u00e9acteur construit par Learjet Aircraft Company aux \u00c9tats-Unis. Sa conception d\u00e9coule d&#8217;autres mod\u00e8les de la compagnie comme le Learjet 25, son premier vol a eu lieu en mai 1971. Cet avion est connu dans sa gamme pour son autonomie de plus de 3 300 km, sa [&hellip;]\" \/>\n<meta property=\"og:url\" content=\"https:\/\/dev.artheauaviation.com\/eng\/product\/learjet-35\/\" \/>\n<meta property=\"og:site_name\" content=\"Artheau Aviation\" \/>\n<meta property=\"article:modified_time\" content=\"2023-02-27T15:34:13+00:00\" \/>\n<meta property=\"og:image\" content=\"http:\/\/dev.artheauaviation.com\/eng\/wp-content\/uploads\/sites\/4\/2016\/10\/Learjet-35.jpg\" \/>\n\t<meta property=\"og:image:width\" content=\"500\" \/>\n\t<meta property=\"og:image:height\" content=\"350\" \/>\n\t<meta property=\"og:image:type\" content=\"image\/jpeg\" \/>\n<meta name=\"twitter:card\" content=\"summary_large_image\" \/>\n<meta name=\"twitter:label1\" content=\"Estimated reading time\" \/>\n\t<meta name=\"twitter:data1\" content=\"2 minutes\" \/>\n<script type=\"application\/ld+json\" class=\"yoast-schema-graph\">{\"@context\":\"https:\/\/schema.org\",\"@graph\":[{\"@type\":\"WebPage\",\"@id\":\"https:\/\/dev.artheauaviation.com\/eng\/product\/learjet-35\/\",\"url\":\"https:\/\/dev.artheauaviation.com\/eng\/product\/learjet-35\/\",\"name\":\"Learjet 35 - Artheau Aviation\",\"isPartOf\":{\"@id\":\"https:\/\/dev.artheauaviation.com\/eng\/#website\"},\"datePublished\":\"2016-10-11T10:10:26+00:00\",\"dateModified\":\"2023-02-27T15:34:13+00:00\",\"breadcrumb\":{\"@id\":\"https:\/\/dev.artheauaviation.com\/eng\/product\/learjet-35\/#breadcrumb\"},\"inLanguage\":\"en-GB\",\"potentialAction\":[{\"@type\":\"ReadAction\",\"target\":[\"https:\/\/dev.artheauaviation.com\/eng\/product\/learjet-35\/\"]}]},{\"@type\":\"BreadcrumbList\",\"@id\":\"https:\/\/dev.artheauaviation.com\/eng\/product\/learjet-35\/#breadcrumb\",\"itemListElement\":[{\"@type\":\"ListItem\",\"position\":1,\"name\":\"Home\",\"item\":\"https:\/\/dev.artheauaviation.com\/eng\/\"},{\"@type\":\"ListItem\",\"position\":2,\"name\":\"Our Planes\",\"item\":\"https:\/\/dev.artheauaviation.com\/eng\/nos-avions\/\"},{\"@type\":\"ListItem\",\"position\":3,\"name\":\"Learjet 35\"}]},{\"@type\":\"WebSite\",\"@id\":\"https:\/\/dev.artheauaviation.com\/eng\/#website\",\"url\":\"https:\/\/dev.artheauaviation.com\/eng\/\",\"name\":\"Artheau Aviation\",\"description\":\"Let&#039;s Fly Together\",\"potentialAction\":[{\"@type\":\"SearchAction\",\"target\":{\"@type\":\"EntryPoint\",\"urlTemplate\":\"https:\/\/dev.artheauaviation.com\/eng\/?s={search_term_string}\"},\"query-input\":\"required name=search_term_string\"}],\"inLanguage\":\"en-GB\"}]}<\/script>\n<!-- \/ Yoast SEO plugin. -->","yoast_head_json":{"title":"Learjet 35 - Artheau Aviation","robots":{"index":"noindex","follow":"follow","max-snippet":"max-snippet:-1","max-image-preview":"max-image-preview:large","max-video-preview":"max-video-preview:-1"},"og_locale":"en_GB","og_type":"article","og_title":"Learjet 35 - Artheau Aviation","og_description":"Pr\u00e9sentation g\u00e9n\u00e9rale: Le Learjet 35 est un avion d&#8217;affaires turbor\u00e9acteur construit par Learjet Aircraft Company aux \u00c9tats-Unis. Sa conception d\u00e9coule d&#8217;autres mod\u00e8les de la compagnie comme le Learjet 25, son premier vol a eu lieu en mai 1971. Cet avion est connu dans sa gamme pour son autonomie de plus de 3 300 km, sa [&hellip;]","og_url":"https:\/\/dev.artheauaviation.com\/eng\/product\/learjet-35\/","og_site_name":"Artheau Aviation","article_modified_time":"2023-02-27T15:34:13+00:00","og_image":[{"width":500,"height":350,"url":"http:\/\/dev.artheauaviation.com\/eng\/wp-content\/uploads\/sites\/4\/2016\/10\/Learjet-35.jpg","type":"image\/jpeg"}],"twitter_card":"summary_large_image","twitter_misc":{"Estimated reading time":"2 minutes"},"schema":{"@context":"https:\/\/schema.org","@graph":[{"@type":"WebPage","@id":"https:\/\/dev.artheauaviation.com\/eng\/product\/learjet-35\/","url":"https:\/\/dev.artheauaviation.com\/eng\/product\/learjet-35\/","name":"Learjet 35 - Artheau Aviation","isPartOf":{"@id":"https:\/\/dev.artheauaviation.com\/eng\/#website"},"datePublished":"2016-10-11T10:10:26+00:00","dateModified":"2023-02-27T15:34:13+00:00","breadcrumb":{"@id":"https:\/\/dev.artheauaviation.com\/eng\/product\/learjet-35\/#breadcrumb"},"inLanguage":"en-GB","potentialAction":[{"@type":"ReadAction","target":["https:\/\/dev.artheauaviation.com\/eng\/product\/learjet-35\/"]}]},{"@type":"BreadcrumbList","@id":"https:\/\/dev.artheauaviation.com\/eng\/product\/learjet-35\/#breadcrumb","itemListElement":[{"@type":"ListItem","position":1,"name":"Home","item":"https:\/\/dev.artheauaviation.com\/eng\/"},{"@type":"ListItem","position":2,"name":"Our Planes","item":"https:\/\/dev.artheauaviation.com\/eng\/nos-avions\/"},{"@type":"ListItem","position":3,"name":"Learjet 35"}]},{"@type":"WebSite","@id":"https:\/\/dev.artheauaviation.com\/eng\/#website","url":"https:\/\/dev.artheauaviation.com\/eng\/","name":"Artheau Aviation","description":"Let&#039;s Fly Together","potentialAction":[{"@type":"SearchAction","target":{"@type":"EntryPoint","urlTemplate":"https:\/\/dev.artheauaviation.com\/eng\/?s={search_term_string}"},"query-input":"required name=search_term_string"}],"inLanguage":"en-GB"}]}},"yoast_meta":{"title":""},"_links":{"self":[{"href":"https:\/\/dev.artheauaviation.com\/eng\/wp-json\/wp\/v2\/product\/1706"}],"collection":[{"href":"https:\/\/dev.artheauaviation.com\/eng\/wp-json\/wp\/v2\/product"}],"about":[{"href":"https:\/\/dev.artheauaviation.com\/eng\/wp-json\/wp\/v2\/types\/product"}],"wp:featuredmedia":[{"embeddable":true,"href":"https:\/\/dev.artheauaviation.com\/eng\/wp-json\/wp\/v2\/media\/2491"}],"wp:attachment":[{"href":"https:\/\/dev.artheauaviation.com\/eng\/wp-json\/wp\/v2\/media?parent=1706"}],"wp:term":[{"taxonomy":"product_cat","embeddable":true,"href":"https:\/\/dev.artheauaviation.com\/eng\/wp-json\/wp\/v2\/product_cat?post=1706"},{"taxonomy":"product_tag","embeddable":true,"href":"https:\/\/dev.artheauaviation.com\/eng\/wp-json\/wp\/v2\/product_tag?post=1706"}],"curies":[{"name":"wp","href":"https:\/\/api.w.org\/{rel}","templated":true}]}}