{"id":1711,"date":"2016-10-11T12:24:09","date_gmt":"2016-10-11T10:24:09","guid":{"rendered":"https:\/\/artheauaviation.com\/eng\/?post_type=product&#038;p=1711"},"modified":"2023-02-27T17:34:13","modified_gmt":"2023-02-27T15:34:13","slug":"citation-mustang","status":"publish","type":"product","link":"https:\/\/dev.artheauaviation.com\/eng\/product\/citation-mustang\/","title":{"rendered":"Citation Mustang"},"content":{"rendered":"<p style=\"text-align: justify;\"><strong>Pr\u00e9sentation g\u00e9n\u00e9rale:<\/strong><\/p>\n<p style=\"text-align: justify;\">Le Cessna Citation Mustang, Mod\u00e8le 510, est un jet d&#8217;affaires tr\u00e8s l\u00e9ger construit par Cessna Aircraft Company \u00e0 Independence, Kansas.L&#8217;avion a effectu\u00e9 son premier vol le 23 avril 2005. Il a re\u00e7u son certificat de type d\u00e9livr\u00e9 par la FAA (Federal Aviation Administration) le 8 septembre 2006. Le premier Mustang de production fut livr\u00e9 le 23 novembre 2006.<\/p>\n<p style=\"text-align: justify;\">Le Cessna Citation Mustang est un fleuron de l&#8217;aviation d&#8217;une nouvelle gamme de jet tr\u00e8s l\u00e9ger et il est le premier jet tr\u00e8s l\u00e9ger certifi\u00e9 par la FAA &#8220;Federal Aviation Administration&#8221;. Son concurrent direct sur ce march\u00e9 est le Phenom 100 du constructeur br\u00e9silien Embraer. Il est con\u00e7u pour \u00eatre \u00e0 la fois \u00e9conomique, fiable et tr\u00e8s performant.<\/p>\n<p style=\"text-align: justify;\"><strong>Caract\u00e9ristiques commerciales:<\/strong><\/p>\n<p style=\"text-align: justify;\">La cabine du Citation Mustang est haute de 1,37 m et peut accueillir jusqu&#8217;\u00e0 4 passagers qui pourront profiter d&#8217;un des espaces de vol les plus ergonomique. En effet les six hublots, grands et de forme ovale donnent une v\u00e9ritable impression d&#8217;ouverture, tr\u00e8s appr\u00e9ciable autant au d\u00e9collage \u00e0 l&#8217;atterrissage qu&#8217;en vol. Les atouts commerciaux sont caract\u00e9ris\u00e9s par cette agr\u00e9able cabine, des soutes volumineuses mais \u00e9galement par les commandes de bord tr\u00e8s sophistiqu\u00e9es, qui facilitent le pilotage et permettent un vol plus silencieux et souple.<\/p>\n<p style=\"text-align: justify;\"><strong>Caract\u00e9ristiques techniques:<\/strong><\/p>\n<p style=\"text-align: justify;\">Le Cessna Mustang est \u00e9quip\u00e9 de deux turbor\u00e9acteurs Pratt &amp; Whitney, qui lui permettent d&#8217;avoir une vitesse maximale de 630 km\/h et une autonomie de plus de 2 000 km. Comme plusieurs jets tr\u00e8s l\u00e9gers, le Mustang est certifi\u00e9 pour \u00eatre exploit\u00e9 par un seul pilote. Le syst\u00e8me de gestion de vol revisit\u00e9 associ\u00e9 \u00e0 un syst\u00e8me moderne d&#8217;aide \u00e0 la navigation optimisent la s\u00e9curit\u00e9 et les performances du Citation Mustang. De plus les pilotes ont la possibilit\u00e9 de superposer les r\u00e9f\u00e9rences de position de vol avec les fronti\u00e8res g\u00e9opolitiques et l&#8217;espace a\u00e9rien, le tout sur un format de carte.<\/p>\n<p style=\"text-align: justify;\">Ces caract\u00e9ristiques ajout\u00e9es \u00e0 ses capacit\u00e9s particuli\u00e8rement \u00e9conomiques en font un avion parfait pour les voyageurs d&#8217;affaires. Il est tr\u00e8s appr\u00e9ci\u00e9 des voyageurs d&#8217;affaires pour de courts trajets de moins de deux heures en Europe.<\/p>\n<p>&nbsp;<\/p>\n","protected":false},"excerpt":{"rendered":"<p>Pr\u00e9sentation g\u00e9n\u00e9rale: Le Cessna Citation Mustang, Mod\u00e8le 510, est un jet d&#8217;affaires tr\u00e8s l\u00e9ger construit par Cessna Aircraft Company \u00e0 Independence, Kansas.L&#8217;avion a effectu\u00e9 son premier vol le 23 avril 2005. Il a re\u00e7u son certificat de type d\u00e9livr\u00e9 par la FAA (Federal Aviation Administration) le 8 septembre 2006. Le premier Mustang de production fut [&hellip;]<\/p>\n","protected":false},"featured_media":1724,"template":"","meta":[],"product_cat":[44],"product_tag":[],"yoast_head":"<!-- This site is optimized with the Yoast SEO plugin v20.3 - https:\/\/yoast.com\/wordpress\/plugins\/seo\/ -->\n<title>Citation Mustang - Artheau Aviation<\/title>\n<meta name=\"robots\" content=\"noindex, follow, max-snippet:-1, max-image-preview:large, max-video-preview:-1\" \/>\n<meta property=\"og:locale\" content=\"en_GB\" \/>\n<meta property=\"og:type\" content=\"article\" \/>\n<meta property=\"og:title\" content=\"Citation Mustang - Artheau Aviation\" \/>\n<meta property=\"og:description\" content=\"Pr\u00e9sentation g\u00e9n\u00e9rale: Le Cessna Citation Mustang, Mod\u00e8le 510, est un jet d&#8217;affaires tr\u00e8s l\u00e9ger construit par Cessna Aircraft Company \u00e0 Independence, Kansas.L&#8217;avion a effectu\u00e9 son premier vol le 23 avril 2005. Il a re\u00e7u son certificat de type d\u00e9livr\u00e9 par la FAA (Federal Aviation Administration) le 8 septembre 2006. Le premier Mustang de production fut [&hellip;]\" \/>\n<meta property=\"og:url\" content=\"https:\/\/dev.artheauaviation.com\/eng\/product\/citation-mustang\/\" \/>\n<meta property=\"og:site_name\" content=\"Artheau Aviation\" \/>\n<meta property=\"article:modified_time\" content=\"2023-02-27T15:34:13+00:00\" \/>\n<meta property=\"og:image\" content=\"http:\/\/dev.artheauaviation.com\/eng\/wp-content\/uploads\/sites\/4\/2016\/10\/Citation-mustang-copie.jpg\" \/>\n\t<meta property=\"og:image:width\" content=\"1100\" \/>\n\t<meta property=\"og:image:height\" content=\"1101\" \/>\n\t<meta property=\"og:image:type\" content=\"image\/jpeg\" \/>\n<meta name=\"twitter:card\" content=\"summary_large_image\" \/>\n<meta name=\"twitter:label1\" content=\"Estimated reading time\" \/>\n\t<meta name=\"twitter:data1\" content=\"2 minutes\" \/>\n<script type=\"application\/ld+json\" class=\"yoast-schema-graph\">{\"@context\":\"https:\/\/schema.org\",\"@graph\":[{\"@type\":\"WebPage\",\"@id\":\"https:\/\/dev.artheauaviation.com\/eng\/product\/citation-mustang\/\",\"url\":\"https:\/\/dev.artheauaviation.com\/eng\/product\/citation-mustang\/\",\"name\":\"Citation Mustang - Artheau Aviation\",\"isPartOf\":{\"@id\":\"https:\/\/dev.artheauaviation.com\/eng\/#website\"},\"datePublished\":\"2016-10-11T10:24:09+00:00\",\"dateModified\":\"2023-02-27T15:34:13+00:00\",\"breadcrumb\":{\"@id\":\"https:\/\/dev.artheauaviation.com\/eng\/product\/citation-mustang\/#breadcrumb\"},\"inLanguage\":\"en-GB\",\"potentialAction\":[{\"@type\":\"ReadAction\",\"target\":[\"https:\/\/dev.artheauaviation.com\/eng\/product\/citation-mustang\/\"]}]},{\"@type\":\"BreadcrumbList\",\"@id\":\"https:\/\/dev.artheauaviation.com\/eng\/product\/citation-mustang\/#breadcrumb\",\"itemListElement\":[{\"@type\":\"ListItem\",\"position\":1,\"name\":\"Home\",\"item\":\"https:\/\/dev.artheauaviation.com\/eng\/\"},{\"@type\":\"ListItem\",\"position\":2,\"name\":\"Our Planes\",\"item\":\"https:\/\/dev.artheauaviation.com\/eng\/nos-avions\/\"},{\"@type\":\"ListItem\",\"position\":3,\"name\":\"Citation Mustang\"}]},{\"@type\":\"WebSite\",\"@id\":\"https:\/\/dev.artheauaviation.com\/eng\/#website\",\"url\":\"https:\/\/dev.artheauaviation.com\/eng\/\",\"name\":\"Artheau Aviation\",\"description\":\"Let&#039;s Fly Together\",\"potentialAction\":[{\"@type\":\"SearchAction\",\"target\":{\"@type\":\"EntryPoint\",\"urlTemplate\":\"https:\/\/dev.artheauaviation.com\/eng\/?s={search_term_string}\"},\"query-input\":\"required name=search_term_string\"}],\"inLanguage\":\"en-GB\"}]}<\/script>\n<!-- \/ Yoast SEO plugin. -->","yoast_head_json":{"title":"Citation Mustang - Artheau Aviation","robots":{"index":"noindex","follow":"follow","max-snippet":"max-snippet:-1","max-image-preview":"max-image-preview:large","max-video-preview":"max-video-preview:-1"},"og_locale":"en_GB","og_type":"article","og_title":"Citation Mustang - Artheau Aviation","og_description":"Pr\u00e9sentation g\u00e9n\u00e9rale: Le Cessna Citation Mustang, Mod\u00e8le 510, est un jet d&#8217;affaires tr\u00e8s l\u00e9ger construit par Cessna Aircraft Company \u00e0 Independence, Kansas.L&#8217;avion a effectu\u00e9 son premier vol le 23 avril 2005. Il a re\u00e7u son certificat de type d\u00e9livr\u00e9 par la FAA (Federal Aviation Administration) le 8 septembre 2006. Le premier Mustang de production fut [&hellip;]","og_url":"https:\/\/dev.artheauaviation.com\/eng\/product\/citation-mustang\/","og_site_name":"Artheau Aviation","article_modified_time":"2023-02-27T15:34:13+00:00","og_image":[{"width":1100,"height":1101,"url":"http:\/\/dev.artheauaviation.com\/eng\/wp-content\/uploads\/sites\/4\/2016\/10\/Citation-mustang-copie.jpg","type":"image\/jpeg"}],"twitter_card":"summary_large_image","twitter_misc":{"Estimated reading time":"2 minutes"},"schema":{"@context":"https:\/\/schema.org","@graph":[{"@type":"WebPage","@id":"https:\/\/dev.artheauaviation.com\/eng\/product\/citation-mustang\/","url":"https:\/\/dev.artheauaviation.com\/eng\/product\/citation-mustang\/","name":"Citation Mustang - Artheau Aviation","isPartOf":{"@id":"https:\/\/dev.artheauaviation.com\/eng\/#website"},"datePublished":"2016-10-11T10:24:09+00:00","dateModified":"2023-02-27T15:34:13+00:00","breadcrumb":{"@id":"https:\/\/dev.artheauaviation.com\/eng\/product\/citation-mustang\/#breadcrumb"},"inLanguage":"en-GB","potentialAction":[{"@type":"ReadAction","target":["https:\/\/dev.artheauaviation.com\/eng\/product\/citation-mustang\/"]}]},{"@type":"BreadcrumbList","@id":"https:\/\/dev.artheauaviation.com\/eng\/product\/citation-mustang\/#breadcrumb","itemListElement":[{"@type":"ListItem","position":1,"name":"Home","item":"https:\/\/dev.artheauaviation.com\/eng\/"},{"@type":"ListItem","position":2,"name":"Our Planes","item":"https:\/\/dev.artheauaviation.com\/eng\/nos-avions\/"},{"@type":"ListItem","position":3,"name":"Citation Mustang"}]},{"@type":"WebSite","@id":"https:\/\/dev.artheauaviation.com\/eng\/#website","url":"https:\/\/dev.artheauaviation.com\/eng\/","name":"Artheau Aviation","description":"Let&#039;s Fly Together","potentialAction":[{"@type":"SearchAction","target":{"@type":"EntryPoint","urlTemplate":"https:\/\/dev.artheauaviation.com\/eng\/?s={search_term_string}"},"query-input":"required name=search_term_string"}],"inLanguage":"en-GB"}]}},"yoast_meta":{"title":""},"_links":{"self":[{"href":"https:\/\/dev.artheauaviation.com\/eng\/wp-json\/wp\/v2\/product\/1711"}],"collection":[{"href":"https:\/\/dev.artheauaviation.com\/eng\/wp-json\/wp\/v2\/product"}],"about":[{"href":"https:\/\/dev.artheauaviation.com\/eng\/wp-json\/wp\/v2\/types\/product"}],"wp:featuredmedia":[{"embeddable":true,"href":"https:\/\/dev.artheauaviation.com\/eng\/wp-json\/wp\/v2\/media\/1724"}],"wp:attachment":[{"href":"https:\/\/dev.artheauaviation.com\/eng\/wp-json\/wp\/v2\/media?parent=1711"}],"wp:term":[{"taxonomy":"product_cat","embeddable":true,"href":"https:\/\/dev.artheauaviation.com\/eng\/wp-json\/wp\/v2\/product_cat?post=1711"},{"taxonomy":"product_tag","embeddable":true,"href":"https:\/\/dev.artheauaviation.com\/eng\/wp-json\/wp\/v2\/product_tag?post=1711"}],"curies":[{"name":"wp","href":"https:\/\/api.w.org\/{rel}","templated":true}]}}