{"id":1717,"date":"2016-10-11T12:29:18","date_gmt":"2016-10-11T10:29:18","guid":{"rendered":"https:\/\/artheauaviation.com\/eng\/?post_type=product&#038;p=1717"},"modified":"2023-02-27T17:34:13","modified_gmt":"2023-02-27T15:34:13","slug":"dassault-falcon-2000","status":"publish","type":"product","link":"https:\/\/dev.artheauaviation.com\/eng\/product\/dassault-falcon-2000\/","title":{"rendered":"Dassault Falcon 2000"},"content":{"rendered":"<p style=\"text-align: justify;\"><strong>Pr\u00e9sentation g\u00e9n\u00e9rale:<\/strong><\/p>\n<p style=\"text-align: justify;\">Le Falcon 2000 est un avion d\u2019affaires bir\u00e9acteur d\u00e9velopp\u00e9 et produit par le constructeur fran\u00e7ais Dassault Aviation. C&#8217;est l&#8217;un des appareil de la marque ayant remport\u00e9 le plus de succ\u00e8s aupr\u00e8s des voyageurs d&#8217;affaires mais \u00e9galement des pilotes. Il est d\u00e9crit comme un avion puissant, \u00e9l\u00e9gant et \u00e9conomique, r\u00e9pondant aux attentes et besoins de ses utilisateurs.<\/p>\n<p style=\"text-align: justify;\">Le prototype a effectu\u00e9 son premier vol aux mains de Jean Pus et Guy Mitaux-Maurouard, le 4 mars 1993, \u00e0 Bordeaux-M\u00e9rignac.<\/p>\n<p style=\"text-align: justify;\">Gr\u00e2ce au d\u00e9veloppement du Falcon 2000, la continuit\u00e9 des ambitions de Dassault concernant la consommation de carburant est assur\u00e9e. De plus il est la base des versions plus r\u00e9centes, toujours plus comp\u00e9titives et am\u00e9lior\u00e9es que sont le Falcon 2000LX et 2000LXS.<\/p>\n<p style=\"text-align: justify;\"><strong>Caract\u00e9ristiques commerciales:<\/strong><\/p>\n<p style=\"text-align: justify;\">Le Falcon 2000 peut accueillir 8 passagers et les transporter sur une distance de 5 500km \u00e0 Mach 0.80. Gr\u00e2ce \u00e0 sa cabine spacieuse, longue de pr\u00e8s de 9,45m, large de 2,34m et haute de 1,88m, vous aurez l&#8217;impression de voler dans un jet de la cat\u00e9gorie sup\u00e9rieure. En effet cet int\u00e9rieur est con\u00e7u pour vous offrir, ainsi qu&#8217;\u00e0 vos collaborateurs, tout l&#8217;espace n\u00e9cessaire pour travailler en toute tranquillit\u00e9.<\/p>\n<p style=\"text-align: justify;\"><strong>Caract\u00e9ristiques techniques:<\/strong><\/p>\n<p style=\"text-align: justify;\">Le Falcon 900 a transmis au Falcon 2000 le diam\u00e8tre de son fuselage, le dessin de sa voilure ainsi que certains de ses circuits et \u00e9quipements comme le train d\u2019atterrissage. Dassault n&#8217;a eu de cesse d&#8217;am\u00e9liorer son mod\u00e8le de Falcon 2000 \u00e0 travers de nombreuses versions, tant \u00e0 usage civil que militaire. L&#8217;autonomie, les performances de d\u00e9collage et atterrissage, un niveau d&#8217;\u00e9mission r\u00e9duit mais \u00e9galement le maintient de tarifs concurrentiels sont au c\u0153ur du d\u00e9veloppement.<\/p>\n<p style=\"text-align: justify;\">Le r\u00e9sultat : un avion, outil de travail pour de nombreuses grandes soci\u00e9t\u00e9 internationales, v\u00e9ritable bureau volant, tr\u00e8s confortable, rapide et \u00e9conomique.<\/p>\n<p style=\"text-align: justify;\">Dans sa version la plus r\u00e9cente, le Falcon 2000LWS op\u00e8re dans le cat\u00e9gorie des &#8220;super mid size&#8221; jet. C&#8217;est \u00e0 dire des avions d&#8217;affaires offrant une grande cabine et ayant une capacit\u00e9 de distance franchissable de plus de 7 000 km.<\/p>\n","protected":false},"excerpt":{"rendered":"<p>Pr\u00e9sentation g\u00e9n\u00e9rale: Le Falcon 2000 est un avion d\u2019affaires bir\u00e9acteur d\u00e9velopp\u00e9 et produit par le constructeur fran\u00e7ais Dassault Aviation. C&#8217;est l&#8217;un des appareil de la marque ayant remport\u00e9 le plus de succ\u00e8s aupr\u00e8s des voyageurs d&#8217;affaires mais \u00e9galement des pilotes. Il est d\u00e9crit comme un avion puissant, \u00e9l\u00e9gant et \u00e9conomique, r\u00e9pondant aux attentes et besoins [&hellip;]<\/p>\n","protected":false},"featured_media":2497,"template":"","meta":[],"product_cat":[44],"product_tag":[],"yoast_head":"<!-- This site is optimized with the Yoast SEO plugin v20.3 - https:\/\/yoast.com\/wordpress\/plugins\/seo\/ -->\n<title>Dassault Falcon 2000 - Artheau Aviation<\/title>\n<meta name=\"robots\" content=\"noindex, follow, max-snippet:-1, max-image-preview:large, max-video-preview:-1\" \/>\n<meta property=\"og:locale\" content=\"en_GB\" \/>\n<meta property=\"og:type\" content=\"article\" \/>\n<meta property=\"og:title\" content=\"Dassault Falcon 2000 - Artheau Aviation\" \/>\n<meta property=\"og:description\" content=\"Pr\u00e9sentation g\u00e9n\u00e9rale: Le Falcon 2000 est un avion d\u2019affaires bir\u00e9acteur d\u00e9velopp\u00e9 et produit par le constructeur fran\u00e7ais Dassault Aviation. C&#8217;est l&#8217;un des appareil de la marque ayant remport\u00e9 le plus de succ\u00e8s aupr\u00e8s des voyageurs d&#8217;affaires mais \u00e9galement des pilotes. Il est d\u00e9crit comme un avion puissant, \u00e9l\u00e9gant et \u00e9conomique, r\u00e9pondant aux attentes et besoins [&hellip;]\" \/>\n<meta property=\"og:url\" content=\"https:\/\/dev.artheauaviation.com\/eng\/product\/dassault-falcon-2000\/\" \/>\n<meta property=\"og:site_name\" content=\"Artheau Aviation\" \/>\n<meta property=\"article:modified_time\" content=\"2023-02-27T15:34:13+00:00\" \/>\n<meta property=\"og:image\" content=\"http:\/\/dev.artheauaviation.com\/eng\/wp-content\/uploads\/sites\/4\/2016\/10\/Falcon-2000.jpg\" \/>\n\t<meta property=\"og:image:width\" content=\"500\" \/>\n\t<meta property=\"og:image:height\" content=\"350\" \/>\n\t<meta property=\"og:image:type\" content=\"image\/jpeg\" \/>\n<meta name=\"twitter:card\" content=\"summary_large_image\" \/>\n<meta name=\"twitter:label1\" content=\"Estimated reading time\" \/>\n\t<meta name=\"twitter:data1\" content=\"2 minutes\" \/>\n<script type=\"application\/ld+json\" class=\"yoast-schema-graph\">{\"@context\":\"https:\/\/schema.org\",\"@graph\":[{\"@type\":\"WebPage\",\"@id\":\"https:\/\/dev.artheauaviation.com\/eng\/product\/dassault-falcon-2000\/\",\"url\":\"https:\/\/dev.artheauaviation.com\/eng\/product\/dassault-falcon-2000\/\",\"name\":\"Dassault Falcon 2000 - Artheau Aviation\",\"isPartOf\":{\"@id\":\"https:\/\/dev.artheauaviation.com\/eng\/#website\"},\"datePublished\":\"2016-10-11T10:29:18+00:00\",\"dateModified\":\"2023-02-27T15:34:13+00:00\",\"breadcrumb\":{\"@id\":\"https:\/\/dev.artheauaviation.com\/eng\/product\/dassault-falcon-2000\/#breadcrumb\"},\"inLanguage\":\"en-GB\",\"potentialAction\":[{\"@type\":\"ReadAction\",\"target\":[\"https:\/\/dev.artheauaviation.com\/eng\/product\/dassault-falcon-2000\/\"]}]},{\"@type\":\"BreadcrumbList\",\"@id\":\"https:\/\/dev.artheauaviation.com\/eng\/product\/dassault-falcon-2000\/#breadcrumb\",\"itemListElement\":[{\"@type\":\"ListItem\",\"position\":1,\"name\":\"Home\",\"item\":\"https:\/\/dev.artheauaviation.com\/eng\/\"},{\"@type\":\"ListItem\",\"position\":2,\"name\":\"Our Planes\",\"item\":\"https:\/\/dev.artheauaviation.com\/eng\/nos-avions\/\"},{\"@type\":\"ListItem\",\"position\":3,\"name\":\"Dassault Falcon 2000\"}]},{\"@type\":\"WebSite\",\"@id\":\"https:\/\/dev.artheauaviation.com\/eng\/#website\",\"url\":\"https:\/\/dev.artheauaviation.com\/eng\/\",\"name\":\"Artheau Aviation\",\"description\":\"Let&#039;s Fly Together\",\"potentialAction\":[{\"@type\":\"SearchAction\",\"target\":{\"@type\":\"EntryPoint\",\"urlTemplate\":\"https:\/\/dev.artheauaviation.com\/eng\/?s={search_term_string}\"},\"query-input\":\"required name=search_term_string\"}],\"inLanguage\":\"en-GB\"}]}<\/script>\n<!-- \/ Yoast SEO plugin. -->","yoast_head_json":{"title":"Dassault Falcon 2000 - Artheau Aviation","robots":{"index":"noindex","follow":"follow","max-snippet":"max-snippet:-1","max-image-preview":"max-image-preview:large","max-video-preview":"max-video-preview:-1"},"og_locale":"en_GB","og_type":"article","og_title":"Dassault Falcon 2000 - Artheau Aviation","og_description":"Pr\u00e9sentation g\u00e9n\u00e9rale: Le Falcon 2000 est un avion d\u2019affaires bir\u00e9acteur d\u00e9velopp\u00e9 et produit par le constructeur fran\u00e7ais Dassault Aviation. C&#8217;est l&#8217;un des appareil de la marque ayant remport\u00e9 le plus de succ\u00e8s aupr\u00e8s des voyageurs d&#8217;affaires mais \u00e9galement des pilotes. Il est d\u00e9crit comme un avion puissant, \u00e9l\u00e9gant et \u00e9conomique, r\u00e9pondant aux attentes et besoins [&hellip;]","og_url":"https:\/\/dev.artheauaviation.com\/eng\/product\/dassault-falcon-2000\/","og_site_name":"Artheau Aviation","article_modified_time":"2023-02-27T15:34:13+00:00","og_image":[{"width":500,"height":350,"url":"http:\/\/dev.artheauaviation.com\/eng\/wp-content\/uploads\/sites\/4\/2016\/10\/Falcon-2000.jpg","type":"image\/jpeg"}],"twitter_card":"summary_large_image","twitter_misc":{"Estimated reading time":"2 minutes"},"schema":{"@context":"https:\/\/schema.org","@graph":[{"@type":"WebPage","@id":"https:\/\/dev.artheauaviation.com\/eng\/product\/dassault-falcon-2000\/","url":"https:\/\/dev.artheauaviation.com\/eng\/product\/dassault-falcon-2000\/","name":"Dassault Falcon 2000 - Artheau Aviation","isPartOf":{"@id":"https:\/\/dev.artheauaviation.com\/eng\/#website"},"datePublished":"2016-10-11T10:29:18+00:00","dateModified":"2023-02-27T15:34:13+00:00","breadcrumb":{"@id":"https:\/\/dev.artheauaviation.com\/eng\/product\/dassault-falcon-2000\/#breadcrumb"},"inLanguage":"en-GB","potentialAction":[{"@type":"ReadAction","target":["https:\/\/dev.artheauaviation.com\/eng\/product\/dassault-falcon-2000\/"]}]},{"@type":"BreadcrumbList","@id":"https:\/\/dev.artheauaviation.com\/eng\/product\/dassault-falcon-2000\/#breadcrumb","itemListElement":[{"@type":"ListItem","position":1,"name":"Home","item":"https:\/\/dev.artheauaviation.com\/eng\/"},{"@type":"ListItem","position":2,"name":"Our Planes","item":"https:\/\/dev.artheauaviation.com\/eng\/nos-avions\/"},{"@type":"ListItem","position":3,"name":"Dassault Falcon 2000"}]},{"@type":"WebSite","@id":"https:\/\/dev.artheauaviation.com\/eng\/#website","url":"https:\/\/dev.artheauaviation.com\/eng\/","name":"Artheau Aviation","description":"Let&#039;s Fly Together","potentialAction":[{"@type":"SearchAction","target":{"@type":"EntryPoint","urlTemplate":"https:\/\/dev.artheauaviation.com\/eng\/?s={search_term_string}"},"query-input":"required name=search_term_string"}],"inLanguage":"en-GB"}]}},"yoast_meta":{"title":""},"_links":{"self":[{"href":"https:\/\/dev.artheauaviation.com\/eng\/wp-json\/wp\/v2\/product\/1717"}],"collection":[{"href":"https:\/\/dev.artheauaviation.com\/eng\/wp-json\/wp\/v2\/product"}],"about":[{"href":"https:\/\/dev.artheauaviation.com\/eng\/wp-json\/wp\/v2\/types\/product"}],"wp:featuredmedia":[{"embeddable":true,"href":"https:\/\/dev.artheauaviation.com\/eng\/wp-json\/wp\/v2\/media\/2497"}],"wp:attachment":[{"href":"https:\/\/dev.artheauaviation.com\/eng\/wp-json\/wp\/v2\/media?parent=1717"}],"wp:term":[{"taxonomy":"product_cat","embeddable":true,"href":"https:\/\/dev.artheauaviation.com\/eng\/wp-json\/wp\/v2\/product_cat?post=1717"},{"taxonomy":"product_tag","embeddable":true,"href":"https:\/\/dev.artheauaviation.com\/eng\/wp-json\/wp\/v2\/product_tag?post=1717"}],"curies":[{"name":"wp","href":"https:\/\/api.w.org\/{rel}","templated":true}]}}