{"id":1742,"date":"2016-10-11T14:28:02","date_gmt":"2016-10-11T12:28:02","guid":{"rendered":"https:\/\/artheauaviation.com\/eng\/?post_type=product&#038;p=1742"},"modified":"2023-02-27T17:34:13","modified_gmt":"2023-02-27T15:34:13","slug":"boeing-b787-dreamliner","status":"publish","type":"product","link":"https:\/\/dev.artheauaviation.com\/eng\/product\/boeing-b787-dreamliner\/","title":{"rendered":"Boeing B787 Dreamliner"},"content":{"rendered":"<p style=\"text-align: justify;\"><strong>Pr\u00e9sentation g\u00e9n\u00e9rale:<\/strong><\/p>\n<p style=\"text-align: justify;\">Le Boeing 787, \u00e9galement connu sous son surnom &#8220;Dreamliner&#8221;, est un avion de ligne long-courrier pens\u00e9 et d\u00e9velopp\u00e9 \u00e0 partir de 2001.<\/p>\n<p style=\"text-align: justify;\">Comme r\u00e9ponse \u00e0 Airbus et au lancement de son nouveau tr\u00e8s gros-porteur l&#8217;A380, Boeing opte pour une approche diff\u00e9rente que l&#8217;augmentation de la capacit\u00e9 de ses appareils. C&#8217;est d&#8217;abord le projet d&#8217;un avion tr\u00e8s rapide (proche de la vitesse du son, Mach 0,95) qui est envisag\u00e9. N\u00e9anmoins face aux r\u00e9ticences des compagnies a\u00e9riennes, peut enclines \u00e0 de telles d\u00e9penses de k\u00e9ros\u00e8ne, ce projet est abandonn\u00e9.<\/p>\n<p style=\"text-align: justify;\">C&#8217;est finalement la m\u00e9thode oppos\u00e9e que choisira le constructeur am\u00e9ricain pour concurrencer Airbus. Un avion dont la capacit\u00e9 reste standard pour un gros-porteur mais consommant moins (gr\u00e2ce \u00e0 l&#8217;utilisation de mat\u00e9riaux composites et donc une r\u00e9duction du poids de l&#8217;appareil). Le B787 est alors enti\u00e8rement pens\u00e9 et d\u00e9velopp\u00e9 afin d&#8217;en faire un avion \u00e0 tr\u00e8s faible consommation.<\/p>\n<p style=\"text-align: justify;\">Les compagnies a\u00e9riennes se montrent alors plus int\u00e9ress\u00e9es et All Nipon Airways devient la premi\u00e8re compagnie cliente en commandant 50 appareils. La premi\u00e8re livraison du Boeing 787-8 Dreamliner a eu lieu le 26 septembre 2011 (avec plusieurs mois de retard) et le premier vol commercial \u00a0au dernier trimestre de la m\u00eame ann\u00e9e.<\/p>\n<p style=\"text-align: justify;\"><strong>Caract\u00e9ristiques commerciales:<\/strong><\/p>\n<p style=\"text-align: justify;\">Cet avion transporte entre 210 et 330 passagers selon les versions et configurations. En plus d&#8217;avoir am\u00e9lior\u00e9 consid\u00e9rablement les composants et l&#8217;avioniques de l&#8217;appareil pour en baisser la consommation, Boeing a \u00e9galement d\u00e9velopper une pressurisation plus supportable qui att\u00e9nue les maux de t\u00eates et la fatigue. Dans la continuit\u00e9 de l&#8217;am\u00e9lioration du confort, on peut noter une augmentation de 67% de la taille des hublots et la diminution de pr\u00e8s de 60% du bruit en vol.<\/p>\n<p style=\"text-align: justify;\"><strong>Caract\u00e9ristiques techniques:<\/strong><\/p>\n<p style=\"text-align: justify;\">Les nouveaut\u00e9s propres \u00e0 cet avion ne s\u2019arr\u00eatent pas \u00e0 l\u2019utilisation massive des composites. En effet, tous les syst\u00e8mes techniques et technologiques ont \u00e9t\u00e9 repens\u00e9s afin de r\u00e9duire la consommation de carburant. C&#8217;est le premier avion dont les Winglets sont r\u00e9duits, en effet apr\u00e8s observation de grand rapaces, le constructeur d\u00e9cide de plut\u00f4t recourber le bout des ailes vers l&#8217;arri\u00e8re.<\/p>\n<p style=\"text-align: justify;\">Les r\u00e9chauffeurs ext\u00e9rieurs (pour emp\u00eacher la formation de givre) ainsi que le chauffage et la pressurisation sont enti\u00e8rement \u00e9lectriques. Tous les autres avions de cette cat\u00e9gorie utilisent de l\u2019air chaud et comprim\u00e9 (<span class=\"lang-en\" lang=\"en\"><i>bleed air<\/i><\/span>) pr\u00e9lev\u00e9 sur les moteurs.<\/p>\n","protected":false},"excerpt":{"rendered":"<p>Pr\u00e9sentation g\u00e9n\u00e9rale: Le Boeing 787, \u00e9galement connu sous son surnom &#8220;Dreamliner&#8221;, est un avion de ligne long-courrier pens\u00e9 et d\u00e9velopp\u00e9 \u00e0 partir de 2001. Comme r\u00e9ponse \u00e0 Airbus et au lancement de son nouveau tr\u00e8s gros-porteur l&#8217;A380, Boeing opte pour une approche diff\u00e9rente que l&#8217;augmentation de la capacit\u00e9 de ses appareils. C&#8217;est d&#8217;abord le projet [&hellip;]<\/p>\n","protected":false},"featured_media":2529,"template":"","meta":[],"product_cat":[43],"product_tag":[],"yoast_head":"<!-- This site is optimized with the Yoast SEO plugin v20.3 - https:\/\/yoast.com\/wordpress\/plugins\/seo\/ -->\n<title>Boeing B787 Dreamliner - Artheau Aviation<\/title>\n<meta name=\"robots\" content=\"noindex, follow, max-snippet:-1, max-image-preview:large, max-video-preview:-1\" \/>\n<meta property=\"og:locale\" content=\"en_GB\" \/>\n<meta property=\"og:type\" content=\"article\" \/>\n<meta property=\"og:title\" content=\"Boeing B787 Dreamliner - Artheau Aviation\" \/>\n<meta property=\"og:description\" content=\"Pr\u00e9sentation g\u00e9n\u00e9rale: Le Boeing 787, \u00e9galement connu sous son surnom &#8220;Dreamliner&#8221;, est un avion de ligne long-courrier pens\u00e9 et d\u00e9velopp\u00e9 \u00e0 partir de 2001. Comme r\u00e9ponse \u00e0 Airbus et au lancement de son nouveau tr\u00e8s gros-porteur l&#8217;A380, Boeing opte pour une approche diff\u00e9rente que l&#8217;augmentation de la capacit\u00e9 de ses appareils. C&#8217;est d&#8217;abord le projet [&hellip;]\" \/>\n<meta property=\"og:url\" content=\"https:\/\/dev.artheauaviation.com\/eng\/product\/boeing-b787-dreamliner\/\" \/>\n<meta property=\"og:site_name\" content=\"Artheau Aviation\" \/>\n<meta property=\"article:modified_time\" content=\"2023-02-27T15:34:13+00:00\" \/>\n<meta property=\"og:image\" content=\"http:\/\/dev.artheauaviation.com\/eng\/wp-content\/uploads\/sites\/4\/2016\/10\/Boeing-B787-Dreamliner.jpg\" \/>\n\t<meta property=\"og:image:width\" content=\"500\" \/>\n\t<meta property=\"og:image:height\" content=\"334\" \/>\n\t<meta property=\"og:image:type\" content=\"image\/jpeg\" \/>\n<meta name=\"twitter:card\" content=\"summary_large_image\" \/>\n<meta name=\"twitter:label1\" content=\"Estimated reading time\" \/>\n\t<meta name=\"twitter:data1\" content=\"2 minutes\" \/>\n<script type=\"application\/ld+json\" class=\"yoast-schema-graph\">{\"@context\":\"https:\/\/schema.org\",\"@graph\":[{\"@type\":\"WebPage\",\"@id\":\"https:\/\/dev.artheauaviation.com\/eng\/product\/boeing-b787-dreamliner\/\",\"url\":\"https:\/\/dev.artheauaviation.com\/eng\/product\/boeing-b787-dreamliner\/\",\"name\":\"Boeing B787 Dreamliner - Artheau Aviation\",\"isPartOf\":{\"@id\":\"https:\/\/dev.artheauaviation.com\/eng\/#website\"},\"datePublished\":\"2016-10-11T12:28:02+00:00\",\"dateModified\":\"2023-02-27T15:34:13+00:00\",\"breadcrumb\":{\"@id\":\"https:\/\/dev.artheauaviation.com\/eng\/product\/boeing-b787-dreamliner\/#breadcrumb\"},\"inLanguage\":\"en-GB\",\"potentialAction\":[{\"@type\":\"ReadAction\",\"target\":[\"https:\/\/dev.artheauaviation.com\/eng\/product\/boeing-b787-dreamliner\/\"]}]},{\"@type\":\"BreadcrumbList\",\"@id\":\"https:\/\/dev.artheauaviation.com\/eng\/product\/boeing-b787-dreamliner\/#breadcrumb\",\"itemListElement\":[{\"@type\":\"ListItem\",\"position\":1,\"name\":\"Home\",\"item\":\"https:\/\/dev.artheauaviation.com\/eng\/\"},{\"@type\":\"ListItem\",\"position\":2,\"name\":\"Our Planes\",\"item\":\"https:\/\/dev.artheauaviation.com\/eng\/nos-avions\/\"},{\"@type\":\"ListItem\",\"position\":3,\"name\":\"Boeing B787 Dreamliner\"}]},{\"@type\":\"WebSite\",\"@id\":\"https:\/\/dev.artheauaviation.com\/eng\/#website\",\"url\":\"https:\/\/dev.artheauaviation.com\/eng\/\",\"name\":\"Artheau Aviation\",\"description\":\"Let&#039;s Fly Together\",\"potentialAction\":[{\"@type\":\"SearchAction\",\"target\":{\"@type\":\"EntryPoint\",\"urlTemplate\":\"https:\/\/dev.artheauaviation.com\/eng\/?s={search_term_string}\"},\"query-input\":\"required name=search_term_string\"}],\"inLanguage\":\"en-GB\"}]}<\/script>\n<!-- \/ Yoast SEO plugin. -->","yoast_head_json":{"title":"Boeing B787 Dreamliner - Artheau Aviation","robots":{"index":"noindex","follow":"follow","max-snippet":"max-snippet:-1","max-image-preview":"max-image-preview:large","max-video-preview":"max-video-preview:-1"},"og_locale":"en_GB","og_type":"article","og_title":"Boeing B787 Dreamliner - Artheau Aviation","og_description":"Pr\u00e9sentation g\u00e9n\u00e9rale: Le Boeing 787, \u00e9galement connu sous son surnom &#8220;Dreamliner&#8221;, est un avion de ligne long-courrier pens\u00e9 et d\u00e9velopp\u00e9 \u00e0 partir de 2001. Comme r\u00e9ponse \u00e0 Airbus et au lancement de son nouveau tr\u00e8s gros-porteur l&#8217;A380, Boeing opte pour une approche diff\u00e9rente que l&#8217;augmentation de la capacit\u00e9 de ses appareils. C&#8217;est d&#8217;abord le projet [&hellip;]","og_url":"https:\/\/dev.artheauaviation.com\/eng\/product\/boeing-b787-dreamliner\/","og_site_name":"Artheau Aviation","article_modified_time":"2023-02-27T15:34:13+00:00","og_image":[{"width":500,"height":334,"url":"http:\/\/dev.artheauaviation.com\/eng\/wp-content\/uploads\/sites\/4\/2016\/10\/Boeing-B787-Dreamliner.jpg","type":"image\/jpeg"}],"twitter_card":"summary_large_image","twitter_misc":{"Estimated reading time":"2 minutes"},"schema":{"@context":"https:\/\/schema.org","@graph":[{"@type":"WebPage","@id":"https:\/\/dev.artheauaviation.com\/eng\/product\/boeing-b787-dreamliner\/","url":"https:\/\/dev.artheauaviation.com\/eng\/product\/boeing-b787-dreamliner\/","name":"Boeing B787 Dreamliner - Artheau Aviation","isPartOf":{"@id":"https:\/\/dev.artheauaviation.com\/eng\/#website"},"datePublished":"2016-10-11T12:28:02+00:00","dateModified":"2023-02-27T15:34:13+00:00","breadcrumb":{"@id":"https:\/\/dev.artheauaviation.com\/eng\/product\/boeing-b787-dreamliner\/#breadcrumb"},"inLanguage":"en-GB","potentialAction":[{"@type":"ReadAction","target":["https:\/\/dev.artheauaviation.com\/eng\/product\/boeing-b787-dreamliner\/"]}]},{"@type":"BreadcrumbList","@id":"https:\/\/dev.artheauaviation.com\/eng\/product\/boeing-b787-dreamliner\/#breadcrumb","itemListElement":[{"@type":"ListItem","position":1,"name":"Home","item":"https:\/\/dev.artheauaviation.com\/eng\/"},{"@type":"ListItem","position":2,"name":"Our Planes","item":"https:\/\/dev.artheauaviation.com\/eng\/nos-avions\/"},{"@type":"ListItem","position":3,"name":"Boeing B787 Dreamliner"}]},{"@type":"WebSite","@id":"https:\/\/dev.artheauaviation.com\/eng\/#website","url":"https:\/\/dev.artheauaviation.com\/eng\/","name":"Artheau Aviation","description":"Let&#039;s Fly Together","potentialAction":[{"@type":"SearchAction","target":{"@type":"EntryPoint","urlTemplate":"https:\/\/dev.artheauaviation.com\/eng\/?s={search_term_string}"},"query-input":"required name=search_term_string"}],"inLanguage":"en-GB"}]}},"yoast_meta":{"title":""},"_links":{"self":[{"href":"https:\/\/dev.artheauaviation.com\/eng\/wp-json\/wp\/v2\/product\/1742"}],"collection":[{"href":"https:\/\/dev.artheauaviation.com\/eng\/wp-json\/wp\/v2\/product"}],"about":[{"href":"https:\/\/dev.artheauaviation.com\/eng\/wp-json\/wp\/v2\/types\/product"}],"wp:featuredmedia":[{"embeddable":true,"href":"https:\/\/dev.artheauaviation.com\/eng\/wp-json\/wp\/v2\/media\/2529"}],"wp:attachment":[{"href":"https:\/\/dev.artheauaviation.com\/eng\/wp-json\/wp\/v2\/media?parent=1742"}],"wp:term":[{"taxonomy":"product_cat","embeddable":true,"href":"https:\/\/dev.artheauaviation.com\/eng\/wp-json\/wp\/v2\/product_cat?post=1742"},{"taxonomy":"product_tag","embeddable":true,"href":"https:\/\/dev.artheauaviation.com\/eng\/wp-json\/wp\/v2\/product_tag?post=1742"}],"curies":[{"name":"wp","href":"https:\/\/api.w.org\/{rel}","templated":true}]}}