{"id":1758,"date":"2016-10-11T15:04:54","date_gmt":"2016-10-11T13:04:54","guid":{"rendered":"https:\/\/artheauaviation.com\/eng\/?post_type=product&#038;p=1758"},"modified":"2023-02-27T17:34:12","modified_gmt":"2023-02-27T15:34:12","slug":"saab-2000","status":"publish","type":"product","link":"https:\/\/dev.artheauaviation.com\/eng\/product\/saab-2000\/","title":{"rendered":"SAAB 2000"},"content":{"rendered":"<p style=\"text-align: justify;\"><strong>Pr\u00e9sentation g\u00e9n\u00e9rale:<\/strong><\/p>\n<p style=\"text-align: justify;\">Cet avion de ligne peu r\u00e9pandu et \u00e9galement peu connu est un avion bimoteur con\u00e7u par la compagnie su\u00e9doise SAAB et dont le premier vol a \u00e9t\u00e9 effectu\u00e9 le 26 mars 1992. D\u00e8s 1988, les ing\u00e9nieurs de SAAB entreprirent de d\u00e9velopper un avion approchant de la vitesse d&#8217;un jet mais \u00e0 plus faible co\u00fbt, ce dernier serait con\u00e7u sur la base du Saab 340. Le plus faible co\u00fbt d&#8217;exploitation est possible gr\u00e2ce \u00e0 l&#8217;utilisation de turbopropulseur.<\/p>\n<p style=\"text-align: justify;\"><strong>Caract\u00e9ristiques commerciales:<\/strong><\/p>\n<p style=\"text-align: justify;\">Capable de transporter jusqu&#8217;\u00e0 58 passagers, le Saab 2000 ne su, malheureusement, pas concurrencer les Bombardier CRJ 100 et les Embraer ERJ 145 notamment car ces derniers sont plus rapides et plus confortables. Mais aussi car, si les turbopropulseurs sont moins gourmands en k\u00e9ros\u00e8ne, ils demandent plus d&#8217;entretien et donc de frais qui leurs sont li\u00e9s. La sortie du Saab 2000 est un &#8220;flop&#8221; commercial, en effet il n&#8217;est vendu qu&#8217;en 63 exemplaires et d\u00e8s 1999 la production est arr\u00eat\u00e9e.<\/p>\n<p style=\"text-align: justify;\">N\u00e9anmoins on peut imaginer que si la production avait pu tenir jusqu&#8217;\u00e0 l&#8217;envol\u00e9e des prix du p\u00e9trole, il aurait pu remonter et se maintenir sur le march\u00e9 des vols r\u00e9gionaux. Cet appareil n&#8217;a connu aucun probl\u00e8mes techniques depuis sa certification et 57 sont toujours en activit\u00e9 chez Darwin Airlines et Eastern Airways notamment.<\/p>\n<p style=\"text-align: justify;\"><span class=\"notranslate\">La Saab 340 et Saab 2000 sont \u00e0 la fois efficaces et fiables.<\/span> <span class=\"notranslate\"> Ils ont fourni un excellent service pour les op\u00e9rateurs \u00e0 travers le monde depuis qu&#8217;ils ont \u00e9t\u00e9 introduits sur le march\u00e9.<\/span><\/p>\n<p style=\"text-align: justify;\">Le 2000 fut exploit\u00e9 par des compagnies r\u00e9gionales europ\u00e9ennes telles que R\u00e9gional Airlines (Air France), Crossair, Blue1, Carpatair, Darwin Airlines, Golden Air\u2026 De son temps, et encore aujourd\u2019hui, il est le turbopropulseur civil le plus rapide sur le march\u00e9 (avec le Dash 8 Q400.<\/p>\n<p style=\"text-align: justify;\"><strong>Caract\u00e9ristiques techniques:<\/strong><\/p>\n<p style=\"text-align: justify;\">Deux turbopropulseurs Rolls-Royce AE2100E de 4209 ch (par la suite fabriqu\u00e9s par Allison), coupl\u00e9s chacun \u00e0 une h\u00e9lice hexapale Dowty Rotol \u00e0 pas variable, le rendent capable de voler \u00e0 plus de 680 km\/h.\u00a0Leur positionnement, plus bas que le fuselage contribue \u00e0 la r\u00e9duction du niveau sonore per\u00e7u par les passagers.<\/p>\n<p>&nbsp;<\/p>\n<div id=\":4pl\" class=\"ii gt\">\n<div id=\":1c8\" class=\"a3s aXjCH \">\n<div dir=\"ltr\">\n<table class=\"m_1199009013620577941gmail-fileinfotpl-type-information m_1199009013620577941gmail-toccolours m_1199009013620577941gmail-vevent m_1199009013620577941gmail-mw-content-ltr\" cellpadding=\"4\">\n<tbody>\n<tr>\n<td id=\"m_1199009013620577941gmail-fileinfotpl_desc\" class=\"m_1199009013620577941gmail-fileinfo-paramfield\" lang=\"en\">Description<\/td>\n<td class=\"m_1199009013620577941gmail-description\">Loganair&#8217;s latest addition to their Saab 2000 fleet seen here at Sumburgh<\/td>\n<\/tr>\n<tr>\n<td id=\"m_1199009013620577941gmail-fileinfotpl_date\" class=\"m_1199009013620577941gmail-fileinfo-paramfield\" lang=\"en\">Date<\/td>\n<td lang=\"en\">3 May 2016, 12:59<\/td>\n<\/tr>\n<tr>\n<td id=\"m_1199009013620577941gmail-fileinfotpl_src\" class=\"m_1199009013620577941gmail-fileinfo-paramfield\" lang=\"en\">Source<\/td>\n<td>Saab 2000 G-LGNT IMG_9499<\/td>\n<\/tr>\n<tr>\n<td id=\"m_1199009013620577941gmail-fileinfotpl_aut\" class=\"m_1199009013620577941gmail-fileinfo-paramfield\" lang=\"en\">Author<\/td>\n<td>Ronnie Robertson<\/td>\n<\/tr>\n<\/tbody>\n<\/table>\n<\/div>\n<\/div>\n<\/div>\n","protected":false},"excerpt":{"rendered":"<p>Pr\u00e9sentation g\u00e9n\u00e9rale: Cet avion de ligne peu r\u00e9pandu et \u00e9galement peu connu est un avion bimoteur con\u00e7u par la compagnie su\u00e9doise SAAB et dont le premier vol a \u00e9t\u00e9 effectu\u00e9 le 26 mars 1992. D\u00e8s 1988, les ing\u00e9nieurs de SAAB entreprirent de d\u00e9velopper un avion approchant de la vitesse d&#8217;un jet mais \u00e0 plus faible [&hellip;]<\/p>\n","protected":false},"featured_media":2558,"template":"","meta":[],"product_cat":[43],"product_tag":[],"yoast_head":"<!-- This site is optimized with the Yoast SEO plugin v20.3 - https:\/\/yoast.com\/wordpress\/plugins\/seo\/ -->\n<title>SAAB 2000 - Artheau Aviation<\/title>\n<meta name=\"robots\" content=\"noindex, follow, max-snippet:-1, max-image-preview:large, max-video-preview:-1\" \/>\n<meta property=\"og:locale\" content=\"en_GB\" \/>\n<meta property=\"og:type\" content=\"article\" \/>\n<meta property=\"og:title\" content=\"SAAB 2000 - Artheau Aviation\" \/>\n<meta property=\"og:description\" content=\"Pr\u00e9sentation g\u00e9n\u00e9rale: Cet avion de ligne peu r\u00e9pandu et \u00e9galement peu connu est un avion bimoteur con\u00e7u par la compagnie su\u00e9doise SAAB et dont le premier vol a \u00e9t\u00e9 effectu\u00e9 le 26 mars 1992. D\u00e8s 1988, les ing\u00e9nieurs de SAAB entreprirent de d\u00e9velopper un avion approchant de la vitesse d&#8217;un jet mais \u00e0 plus faible [&hellip;]\" \/>\n<meta property=\"og:url\" content=\"https:\/\/dev.artheauaviation.com\/eng\/product\/saab-2000\/\" \/>\n<meta property=\"og:site_name\" content=\"Artheau Aviation\" \/>\n<meta property=\"article:modified_time\" content=\"2023-02-27T15:34:12+00:00\" \/>\n<meta property=\"og:image\" content=\"http:\/\/dev.artheauaviation.com\/eng\/wp-content\/uploads\/sites\/4\/2016\/10\/SAAB2000.jpg\" \/>\n\t<meta property=\"og:image:width\" content=\"800\" \/>\n\t<meta property=\"og:image:height\" content=\"384\" \/>\n\t<meta property=\"og:image:type\" content=\"image\/jpeg\" \/>\n<meta name=\"twitter:card\" content=\"summary_large_image\" \/>\n<meta name=\"twitter:label1\" content=\"Estimated reading time\" \/>\n\t<meta name=\"twitter:data1\" content=\"2 minutes\" \/>\n<script type=\"application\/ld+json\" class=\"yoast-schema-graph\">{\"@context\":\"https:\/\/schema.org\",\"@graph\":[{\"@type\":\"WebPage\",\"@id\":\"https:\/\/dev.artheauaviation.com\/eng\/product\/saab-2000\/\",\"url\":\"https:\/\/dev.artheauaviation.com\/eng\/product\/saab-2000\/\",\"name\":\"SAAB 2000 - Artheau Aviation\",\"isPartOf\":{\"@id\":\"https:\/\/dev.artheauaviation.com\/eng\/#website\"},\"datePublished\":\"2016-10-11T13:04:54+00:00\",\"dateModified\":\"2023-02-27T15:34:12+00:00\",\"breadcrumb\":{\"@id\":\"https:\/\/dev.artheauaviation.com\/eng\/product\/saab-2000\/#breadcrumb\"},\"inLanguage\":\"en-GB\",\"potentialAction\":[{\"@type\":\"ReadAction\",\"target\":[\"https:\/\/dev.artheauaviation.com\/eng\/product\/saab-2000\/\"]}]},{\"@type\":\"BreadcrumbList\",\"@id\":\"https:\/\/dev.artheauaviation.com\/eng\/product\/saab-2000\/#breadcrumb\",\"itemListElement\":[{\"@type\":\"ListItem\",\"position\":1,\"name\":\"Home\",\"item\":\"https:\/\/dev.artheauaviation.com\/eng\/\"},{\"@type\":\"ListItem\",\"position\":2,\"name\":\"Our Planes\",\"item\":\"https:\/\/dev.artheauaviation.com\/eng\/nos-avions\/\"},{\"@type\":\"ListItem\",\"position\":3,\"name\":\"SAAB 2000\"}]},{\"@type\":\"WebSite\",\"@id\":\"https:\/\/dev.artheauaviation.com\/eng\/#website\",\"url\":\"https:\/\/dev.artheauaviation.com\/eng\/\",\"name\":\"Artheau Aviation\",\"description\":\"Let&#039;s Fly Together\",\"potentialAction\":[{\"@type\":\"SearchAction\",\"target\":{\"@type\":\"EntryPoint\",\"urlTemplate\":\"https:\/\/dev.artheauaviation.com\/eng\/?s={search_term_string}\"},\"query-input\":\"required name=search_term_string\"}],\"inLanguage\":\"en-GB\"}]}<\/script>\n<!-- \/ Yoast SEO plugin. -->","yoast_head_json":{"title":"SAAB 2000 - Artheau Aviation","robots":{"index":"noindex","follow":"follow","max-snippet":"max-snippet:-1","max-image-preview":"max-image-preview:large","max-video-preview":"max-video-preview:-1"},"og_locale":"en_GB","og_type":"article","og_title":"SAAB 2000 - Artheau Aviation","og_description":"Pr\u00e9sentation g\u00e9n\u00e9rale: Cet avion de ligne peu r\u00e9pandu et \u00e9galement peu connu est un avion bimoteur con\u00e7u par la compagnie su\u00e9doise SAAB et dont le premier vol a \u00e9t\u00e9 effectu\u00e9 le 26 mars 1992. D\u00e8s 1988, les ing\u00e9nieurs de SAAB entreprirent de d\u00e9velopper un avion approchant de la vitesse d&#8217;un jet mais \u00e0 plus faible [&hellip;]","og_url":"https:\/\/dev.artheauaviation.com\/eng\/product\/saab-2000\/","og_site_name":"Artheau Aviation","article_modified_time":"2023-02-27T15:34:12+00:00","og_image":[{"width":800,"height":384,"url":"http:\/\/dev.artheauaviation.com\/eng\/wp-content\/uploads\/sites\/4\/2016\/10\/SAAB2000.jpg","type":"image\/jpeg"}],"twitter_card":"summary_large_image","twitter_misc":{"Estimated reading time":"2 minutes"},"schema":{"@context":"https:\/\/schema.org","@graph":[{"@type":"WebPage","@id":"https:\/\/dev.artheauaviation.com\/eng\/product\/saab-2000\/","url":"https:\/\/dev.artheauaviation.com\/eng\/product\/saab-2000\/","name":"SAAB 2000 - Artheau Aviation","isPartOf":{"@id":"https:\/\/dev.artheauaviation.com\/eng\/#website"},"datePublished":"2016-10-11T13:04:54+00:00","dateModified":"2023-02-27T15:34:12+00:00","breadcrumb":{"@id":"https:\/\/dev.artheauaviation.com\/eng\/product\/saab-2000\/#breadcrumb"},"inLanguage":"en-GB","potentialAction":[{"@type":"ReadAction","target":["https:\/\/dev.artheauaviation.com\/eng\/product\/saab-2000\/"]}]},{"@type":"BreadcrumbList","@id":"https:\/\/dev.artheauaviation.com\/eng\/product\/saab-2000\/#breadcrumb","itemListElement":[{"@type":"ListItem","position":1,"name":"Home","item":"https:\/\/dev.artheauaviation.com\/eng\/"},{"@type":"ListItem","position":2,"name":"Our Planes","item":"https:\/\/dev.artheauaviation.com\/eng\/nos-avions\/"},{"@type":"ListItem","position":3,"name":"SAAB 2000"}]},{"@type":"WebSite","@id":"https:\/\/dev.artheauaviation.com\/eng\/#website","url":"https:\/\/dev.artheauaviation.com\/eng\/","name":"Artheau Aviation","description":"Let&#039;s Fly Together","potentialAction":[{"@type":"SearchAction","target":{"@type":"EntryPoint","urlTemplate":"https:\/\/dev.artheauaviation.com\/eng\/?s={search_term_string}"},"query-input":"required name=search_term_string"}],"inLanguage":"en-GB"}]}},"yoast_meta":{"title":""},"_links":{"self":[{"href":"https:\/\/dev.artheauaviation.com\/eng\/wp-json\/wp\/v2\/product\/1758"}],"collection":[{"href":"https:\/\/dev.artheauaviation.com\/eng\/wp-json\/wp\/v2\/product"}],"about":[{"href":"https:\/\/dev.artheauaviation.com\/eng\/wp-json\/wp\/v2\/types\/product"}],"wp:featuredmedia":[{"embeddable":true,"href":"https:\/\/dev.artheauaviation.com\/eng\/wp-json\/wp\/v2\/media\/2558"}],"wp:attachment":[{"href":"https:\/\/dev.artheauaviation.com\/eng\/wp-json\/wp\/v2\/media?parent=1758"}],"wp:term":[{"taxonomy":"product_cat","embeddable":true,"href":"https:\/\/dev.artheauaviation.com\/eng\/wp-json\/wp\/v2\/product_cat?post=1758"},{"taxonomy":"product_tag","embeddable":true,"href":"https:\/\/dev.artheauaviation.com\/eng\/wp-json\/wp\/v2\/product_tag?post=1758"}],"curies":[{"name":"wp","href":"https:\/\/api.w.org\/{rel}","templated":true}]}}