{"id":1759,"date":"2016-10-11T15:07:02","date_gmt":"2016-10-11T13:07:02","guid":{"rendered":"https:\/\/artheauaviation.com\/eng\/?post_type=product&#038;p=1759"},"modified":"2023-02-27T17:34:12","modified_gmt":"2023-02-27T15:34:12","slug":"embraer-145","status":"publish","type":"product","link":"https:\/\/dev.artheauaviation.com\/eng\/product\/embraer-145\/","title":{"rendered":"Embraer 145"},"content":{"rendered":"<p style=\"text-align: justify;\"><strong>Pr\u00e9sentation g\u00e9n\u00e9rale:<\/strong><\/p>\n<p style=\"text-align: justify;\">L&#8217;avion de transport r\u00e9gional Embraer ERJ 145 est un bir\u00e9acteur de 50 places produit par la soci\u00e9t\u00e9 br\u00e9silienne Embraer. Il poss\u00e8de une autonomie de 2\u00a0500\u00a0km. Il fait partie des jets r\u00e9gionaux les plus populaires du monde, son principal concurrent \u00e9tant le Bombardier CRJ (Canadair Regional Jet). L&#8217;Embraer ERJ-145 est le bir\u00e9acteur le plus commercialis\u00e9 du constructeur br\u00e9silien Embraer avec 693 avions livr\u00e9s aux compagnies a\u00e9riennes. Con\u00e7u \u00e0 partir de l&#8217;Embraer EMB-120 cet avion a r\u00e9alis\u00e9 son premier vol le 11 ao\u00fbt 1995 et il a \u00e9t\u00e9 livr\u00e9 en d\u00e9cembre 1996 \u00e0 ExpressJet Airline, filiale de Continental Airlines.<\/p>\n<p style=\"text-align: justify;\">L&#8217;Embraer ERJ 145 a \u00e9t\u00e9 pr\u00e9sent\u00e9 pour la premi\u00e8re fois au salon a\u00e9ronautique du Bourget en 1989.<\/p>\n<p style=\"text-align: justify;\"><strong>Caract\u00e9ristiques commerciales:<\/strong><\/p>\n<p style=\"text-align: justify;\">L&#8217;Embraer ERJ 145 est le premier mod\u00e8le de la s\u00e9rie 145 qui comprend l&#8217;ERJ 140 (qui a r\u00e9alis\u00e9 son premier vol le 27 juin 2000) et l&#8217;ERJ 135, deux avions plus petits pouvant transporter respectivement 44 et 37 passagers.<\/p>\n<p style=\"text-align: justify;\">L&#8217;ERJ 145 peut transporter 50 passagers sur une distance maximale de 2 871 kilom\u00e8tres \u00e0 une vitesse de croisi\u00e8re de 833 km\/h. Comme dit pr\u00e9c\u00e9demment, cet avion entre en concurrence avec les appareils Canadair Regional Jet du constructeur canadien Bombardier. Les principaux clients d&#8217;Embraer pour cet avion sont les compagnies ExpressJet Airlines et American Eagle Airlines.<\/p>\n<p style=\"text-align: justify;\">Cet appareil b\u00e9n\u00e9ficie des caract\u00e9ristiques suivantes:<\/p>\n<div id=\"presentation_texte13B\" style=\"text-align: justify;\">\n<ul>\n<li>Hauteur : 1,82 m<\/li>\n<li>Largeur\u00a0 : 2,1 m<\/li>\n<li>Longueur : 15,9 m<\/li>\n<li>Vitesse de croisi\u00e8re : 833 km\/h<\/li>\n<li>Rayon d\u2019action sans escale : 2870 km<\/li>\n<li>Altitude de croisi\u00e8re : 11 280 m<\/li>\n<\/ul>\n<\/div>\n<p style=\"text-align: justify;\"><strong>Caract\u00e9ristiques techniques:<\/strong><\/p>\n<p style=\"text-align: justify;\">L&#8217;embraer 145 est un peu plus long et plus \u00e9troit que le Canadair Regional Jet. Il est \u00e9quip\u00e9 de deux moteurs Rolls-Royce AE-3007 situ\u00e9s \u00e0 l&#8217;arri\u00e8re de l&#8217;appareil.\u00a0<span class=\"notranslate\"> Les moteurs sont command\u00e9s par deux FADEC\u00a0(contr\u00f4les de moteur num\u00e9rique \u00e0 pleine autorit\u00e9).<\/span> <span class=\"notranslate\"> Les FADEC supervisent pratiquement tous les aspects du moteur et envoient les donn\u00e9es du moteur \u00e0 afficher sur l&#8217; EICAS\u00a0(syst\u00e8me de moteur et d&#8217; affichage d&#8217; \u00e9quipage d&#8217; alerte) pour le pilote.<\/span><\/p>\n<p style=\"text-align: justify;\"><span class=\"notranslate\">La suite se compose normalement de cinq unit\u00e9s d&#8217;affichage CRT (DUS) ou des \u00e9crans.<\/span> <span class=\"notranslate\"> De gauche \u00e0 droite, le syst\u00e8me dispose d&#8217;un \u00e9cran principal de vol (PFD), d&#8217;un affichage multifonctions (MFD), d&#8217;un indication moteur et de l&#8217;\u00e9quipage &#8220;Alerting Syst\u00e8me&#8221; (EICAS).\u00a0<\/span><\/p>\n","protected":false},"excerpt":{"rendered":"<p>Pr\u00e9sentation g\u00e9n\u00e9rale: L&#8217;avion de transport r\u00e9gional Embraer ERJ 145 est un bir\u00e9acteur de 50 places produit par la soci\u00e9t\u00e9 br\u00e9silienne Embraer. Il poss\u00e8de une autonomie de 2\u00a0500\u00a0km. Il fait partie des jets r\u00e9gionaux les plus populaires du monde, son principal concurrent \u00e9tant le Bombardier CRJ (Canadair Regional Jet). L&#8217;Embraer ERJ-145 est le bir\u00e9acteur le plus [&hellip;]<\/p>\n","protected":false},"featured_media":2484,"template":"","meta":[],"product_cat":[43],"product_tag":[],"yoast_head":"<!-- This site is optimized with the Yoast SEO plugin v20.3 - https:\/\/yoast.com\/wordpress\/plugins\/seo\/ -->\n<title>Embraer 145 - Artheau Aviation<\/title>\n<meta name=\"robots\" content=\"noindex, follow, max-snippet:-1, max-image-preview:large, max-video-preview:-1\" \/>\n<meta property=\"og:locale\" content=\"en_GB\" \/>\n<meta property=\"og:type\" content=\"article\" \/>\n<meta property=\"og:title\" content=\"Embraer 145 - Artheau Aviation\" \/>\n<meta property=\"og:description\" content=\"Pr\u00e9sentation g\u00e9n\u00e9rale: L&#8217;avion de transport r\u00e9gional Embraer ERJ 145 est un bir\u00e9acteur de 50 places produit par la soci\u00e9t\u00e9 br\u00e9silienne Embraer. Il poss\u00e8de une autonomie de 2\u00a0500\u00a0km. Il fait partie des jets r\u00e9gionaux les plus populaires du monde, son principal concurrent \u00e9tant le Bombardier CRJ (Canadair Regional Jet). L&#8217;Embraer ERJ-145 est le bir\u00e9acteur le plus [&hellip;]\" \/>\n<meta property=\"og:url\" content=\"https:\/\/dev.artheauaviation.com\/eng\/product\/embraer-145\/\" \/>\n<meta property=\"og:site_name\" content=\"Artheau Aviation\" \/>\n<meta property=\"article:modified_time\" content=\"2023-02-27T15:34:12+00:00\" \/>\n<meta property=\"og:image\" content=\"http:\/\/dev.artheauaviation.com\/eng\/wp-content\/uploads\/sites\/4\/2016\/10\/Embraer-145.jpg\" \/>\n\t<meta property=\"og:image:width\" content=\"500\" \/>\n\t<meta property=\"og:image:height\" content=\"350\" \/>\n\t<meta property=\"og:image:type\" content=\"image\/jpeg\" \/>\n<meta name=\"twitter:card\" content=\"summary_large_image\" \/>\n<meta name=\"twitter:label1\" content=\"Estimated reading time\" \/>\n\t<meta name=\"twitter:data1\" content=\"2 minutes\" \/>\n<script type=\"application\/ld+json\" class=\"yoast-schema-graph\">{\"@context\":\"https:\/\/schema.org\",\"@graph\":[{\"@type\":\"WebPage\",\"@id\":\"https:\/\/dev.artheauaviation.com\/eng\/product\/embraer-145\/\",\"url\":\"https:\/\/dev.artheauaviation.com\/eng\/product\/embraer-145\/\",\"name\":\"Embraer 145 - Artheau Aviation\",\"isPartOf\":{\"@id\":\"https:\/\/dev.artheauaviation.com\/eng\/#website\"},\"datePublished\":\"2016-10-11T13:07:02+00:00\",\"dateModified\":\"2023-02-27T15:34:12+00:00\",\"breadcrumb\":{\"@id\":\"https:\/\/dev.artheauaviation.com\/eng\/product\/embraer-145\/#breadcrumb\"},\"inLanguage\":\"en-GB\",\"potentialAction\":[{\"@type\":\"ReadAction\",\"target\":[\"https:\/\/dev.artheauaviation.com\/eng\/product\/embraer-145\/\"]}]},{\"@type\":\"BreadcrumbList\",\"@id\":\"https:\/\/dev.artheauaviation.com\/eng\/product\/embraer-145\/#breadcrumb\",\"itemListElement\":[{\"@type\":\"ListItem\",\"position\":1,\"name\":\"Home\",\"item\":\"https:\/\/dev.artheauaviation.com\/eng\/\"},{\"@type\":\"ListItem\",\"position\":2,\"name\":\"Our Planes\",\"item\":\"https:\/\/dev.artheauaviation.com\/eng\/nos-avions\/\"},{\"@type\":\"ListItem\",\"position\":3,\"name\":\"Embraer 145\"}]},{\"@type\":\"WebSite\",\"@id\":\"https:\/\/dev.artheauaviation.com\/eng\/#website\",\"url\":\"https:\/\/dev.artheauaviation.com\/eng\/\",\"name\":\"Artheau Aviation\",\"description\":\"Let&#039;s Fly Together\",\"potentialAction\":[{\"@type\":\"SearchAction\",\"target\":{\"@type\":\"EntryPoint\",\"urlTemplate\":\"https:\/\/dev.artheauaviation.com\/eng\/?s={search_term_string}\"},\"query-input\":\"required name=search_term_string\"}],\"inLanguage\":\"en-GB\"}]}<\/script>\n<!-- \/ Yoast SEO plugin. -->","yoast_head_json":{"title":"Embraer 145 - Artheau Aviation","robots":{"index":"noindex","follow":"follow","max-snippet":"max-snippet:-1","max-image-preview":"max-image-preview:large","max-video-preview":"max-video-preview:-1"},"og_locale":"en_GB","og_type":"article","og_title":"Embraer 145 - Artheau Aviation","og_description":"Pr\u00e9sentation g\u00e9n\u00e9rale: L&#8217;avion de transport r\u00e9gional Embraer ERJ 145 est un bir\u00e9acteur de 50 places produit par la soci\u00e9t\u00e9 br\u00e9silienne Embraer. Il poss\u00e8de une autonomie de 2\u00a0500\u00a0km. Il fait partie des jets r\u00e9gionaux les plus populaires du monde, son principal concurrent \u00e9tant le Bombardier CRJ (Canadair Regional Jet). L&#8217;Embraer ERJ-145 est le bir\u00e9acteur le plus [&hellip;]","og_url":"https:\/\/dev.artheauaviation.com\/eng\/product\/embraer-145\/","og_site_name":"Artheau Aviation","article_modified_time":"2023-02-27T15:34:12+00:00","og_image":[{"width":500,"height":350,"url":"http:\/\/dev.artheauaviation.com\/eng\/wp-content\/uploads\/sites\/4\/2016\/10\/Embraer-145.jpg","type":"image\/jpeg"}],"twitter_card":"summary_large_image","twitter_misc":{"Estimated reading time":"2 minutes"},"schema":{"@context":"https:\/\/schema.org","@graph":[{"@type":"WebPage","@id":"https:\/\/dev.artheauaviation.com\/eng\/product\/embraer-145\/","url":"https:\/\/dev.artheauaviation.com\/eng\/product\/embraer-145\/","name":"Embraer 145 - Artheau Aviation","isPartOf":{"@id":"https:\/\/dev.artheauaviation.com\/eng\/#website"},"datePublished":"2016-10-11T13:07:02+00:00","dateModified":"2023-02-27T15:34:12+00:00","breadcrumb":{"@id":"https:\/\/dev.artheauaviation.com\/eng\/product\/embraer-145\/#breadcrumb"},"inLanguage":"en-GB","potentialAction":[{"@type":"ReadAction","target":["https:\/\/dev.artheauaviation.com\/eng\/product\/embraer-145\/"]}]},{"@type":"BreadcrumbList","@id":"https:\/\/dev.artheauaviation.com\/eng\/product\/embraer-145\/#breadcrumb","itemListElement":[{"@type":"ListItem","position":1,"name":"Home","item":"https:\/\/dev.artheauaviation.com\/eng\/"},{"@type":"ListItem","position":2,"name":"Our Planes","item":"https:\/\/dev.artheauaviation.com\/eng\/nos-avions\/"},{"@type":"ListItem","position":3,"name":"Embraer 145"}]},{"@type":"WebSite","@id":"https:\/\/dev.artheauaviation.com\/eng\/#website","url":"https:\/\/dev.artheauaviation.com\/eng\/","name":"Artheau Aviation","description":"Let&#039;s Fly Together","potentialAction":[{"@type":"SearchAction","target":{"@type":"EntryPoint","urlTemplate":"https:\/\/dev.artheauaviation.com\/eng\/?s={search_term_string}"},"query-input":"required name=search_term_string"}],"inLanguage":"en-GB"}]}},"yoast_meta":{"title":""},"_links":{"self":[{"href":"https:\/\/dev.artheauaviation.com\/eng\/wp-json\/wp\/v2\/product\/1759"}],"collection":[{"href":"https:\/\/dev.artheauaviation.com\/eng\/wp-json\/wp\/v2\/product"}],"about":[{"href":"https:\/\/dev.artheauaviation.com\/eng\/wp-json\/wp\/v2\/types\/product"}],"wp:featuredmedia":[{"embeddable":true,"href":"https:\/\/dev.artheauaviation.com\/eng\/wp-json\/wp\/v2\/media\/2484"}],"wp:attachment":[{"href":"https:\/\/dev.artheauaviation.com\/eng\/wp-json\/wp\/v2\/media?parent=1759"}],"wp:term":[{"taxonomy":"product_cat","embeddable":true,"href":"https:\/\/dev.artheauaviation.com\/eng\/wp-json\/wp\/v2\/product_cat?post=1759"},{"taxonomy":"product_tag","embeddable":true,"href":"https:\/\/dev.artheauaviation.com\/eng\/wp-json\/wp\/v2\/product_tag?post=1759"}],"curies":[{"name":"wp","href":"https:\/\/api.w.org\/{rel}","templated":true}]}}