{"id":1905,"date":"2017-03-16T17:42:36","date_gmt":"2017-03-16T15:42:36","guid":{"rendered":"https:\/\/artheauaviation.com\/eng\/?post_type=product&#038;p=1905"},"modified":"2023-02-27T17:34:12","modified_gmt":"2023-02-27T15:34:12","slug":"bombardier-crj-100","status":"publish","type":"product","link":"https:\/\/dev.artheauaviation.com\/eng\/product\/bombardier-crj-100\/","title":{"rendered":"Bombardier CRJ 100"},"content":{"rendered":"<p style=\"text-align: justify;\"><strong>Pr\u00e9sentation g\u00e9n\u00e9rale:<\/strong><\/p>\n<p style=\"text-align: justify;\">L&#8217;appellation CRJ est une abr\u00e9viation pour Canadair R\u00e9gional Jet. Le CRJ100 est un avion du constructeur canadien Bombardier A\u00e9ronautique. Le constructeur avait pour projet de d\u00e9velopper un avion de ligne \u00e0 r\u00e9action moyen courrier dans le but d&#8217;assurer des liaisons rapides entre les petits a\u00e9roports r\u00e9gionaux et les a\u00e9roports internationaux.<\/p>\n<p style=\"text-align: justify;\">Il a effectu\u00e9 son vol inaugural le 10 mai 1991. Il est ensuite entr\u00e9 en service le 1er Novembre 1992, sur un vol commercial entre Cologne et Barcelone. Sa premi\u00e8re livraison fut pour la compagnie allemande Lufthansa. Le premier client en France du CRJ100 \u00e9tait la compagnie a\u00e9rienne Air Littoral, bas\u00e9e \u00e0 l&#8217;\u00e9poque \u00e0 Montpellier puis \u00e0 Nice. Elle effectuait des vols de navettes pour Air France.<\/p>\n<p style=\"text-align: justify;\"><strong>Caract\u00e9ristiques commerciales:<\/strong><\/p>\n<p style=\"text-align: justify;\">Le CRJ100 est le premier jet r\u00e9gional commercial. Il est \u00e9quip\u00e9 de 50 si\u00e8ges.\u00a0C&#8217;est un appareil id\u00e9al pour les a\u00e9roports secondaires que les jets r\u00e9gionaux couvrent les vols moyen-courrier entre des destinations o\u00f9 les avions de ligne plus gros sont peu rentables.<\/p>\n<p style=\"text-align: justify;\">Le constructeur Bombardier a livr\u00e9 au total 226 avions de la s\u00e9rie CRJ100 aux compagnies a\u00e9riennes. Il fut remplac\u00e9 pour le CRJ200 : cet appareil a la m\u00eame structure, mais il est \u00e9quip\u00e9 de moteurs plus modernes et plus puissants. COMAIR est la compagnie a\u00e9rienne qui a eu\u00a0le plus de CRJ 100 dans sa flotte, avec un total de 110 CRJ100.<\/p>\n<p style=\"text-align: justify;\"><strong>Caract\u00e9ristiques techniques:<\/strong><\/p>\n<p style=\"text-align: justify;\">Pour assurer le succ\u00e8s commercial du CRJ100, Bombardier a r\u00e9uni une centaine de transporteurs a\u00e9riens pour la conception de l\u2019avion. Le premier CRJ100 \u00e9tait immatricul\u00e9 CL-600-2B19. Cet appareil \u00e9tait le\u00a0<abbr class=\"abbr\" title=\"num\u00e9ro\">n<sup>o<\/sup><\/abbr>\u00a03 de la cha\u00eene de montage.<\/p>\n<p style=\"text-align: justify;\">Il a une longueur de 27,77 m\u00e8tres, et une hauteur de 6,22 m\u00e8tres. Les dimensions sont communes avec le CRJ200. Il est \u00e9quip\u00e9 de deux moteurs General Electric CF34-3Aq. Sa vitesse de croisi\u00e8re est de 809 km\/h. De plus, son rayon d&#8217;action est de 3000 km, ce qui lui permet de couvrir ais\u00e9ment et rapidement des vols dans toute l&#8217;Europe.<\/p>\n","protected":false},"excerpt":{"rendered":"<p>Pr\u00e9sentation g\u00e9n\u00e9rale: L&#8217;appellation CRJ est une abr\u00e9viation pour Canadair R\u00e9gional Jet. Le CRJ100 est un avion du constructeur canadien Bombardier A\u00e9ronautique. Le constructeur avait pour projet de d\u00e9velopper un avion de ligne \u00e0 r\u00e9action moyen courrier dans le but d&#8217;assurer des liaisons rapides entre les petits a\u00e9roports r\u00e9gionaux et les a\u00e9roports internationaux. Il a effectu\u00e9 [&hellip;]<\/p>\n","protected":false},"featured_media":2470,"template":"","meta":[],"product_cat":[43],"product_tag":[],"yoast_head":"<!-- This site is optimized with the Yoast SEO plugin v20.3 - https:\/\/yoast.com\/wordpress\/plugins\/seo\/ -->\n<title>Bombardier CRJ 100 - Artheau Aviation<\/title>\n<meta name=\"robots\" content=\"noindex, follow, max-snippet:-1, max-image-preview:large, max-video-preview:-1\" \/>\n<meta property=\"og:locale\" content=\"en_GB\" \/>\n<meta property=\"og:type\" content=\"article\" \/>\n<meta property=\"og:title\" content=\"Bombardier CRJ 100 - Artheau Aviation\" \/>\n<meta property=\"og:description\" content=\"Pr\u00e9sentation g\u00e9n\u00e9rale: L&#8217;appellation CRJ est une abr\u00e9viation pour Canadair R\u00e9gional Jet. Le CRJ100 est un avion du constructeur canadien Bombardier A\u00e9ronautique. Le constructeur avait pour projet de d\u00e9velopper un avion de ligne \u00e0 r\u00e9action moyen courrier dans le but d&#8217;assurer des liaisons rapides entre les petits a\u00e9roports r\u00e9gionaux et les a\u00e9roports internationaux. Il a effectu\u00e9 [&hellip;]\" \/>\n<meta property=\"og:url\" content=\"https:\/\/dev.artheauaviation.com\/eng\/product\/bombardier-crj-100\/\" \/>\n<meta property=\"og:site_name\" content=\"Artheau Aviation\" \/>\n<meta property=\"article:modified_time\" content=\"2023-02-27T15:34:12+00:00\" \/>\n<meta property=\"og:image\" content=\"http:\/\/dev.artheauaviation.com\/eng\/wp-content\/uploads\/sites\/4\/2017\/03\/Bombardier-CRJ-100.jpg\" \/>\n\t<meta property=\"og:image:width\" content=\"500\" \/>\n\t<meta property=\"og:image:height\" content=\"350\" \/>\n\t<meta property=\"og:image:type\" content=\"image\/jpeg\" \/>\n<meta name=\"twitter:card\" content=\"summary_large_image\" \/>\n<meta name=\"twitter:label1\" content=\"Estimated reading time\" \/>\n\t<meta name=\"twitter:data1\" content=\"2 minutes\" \/>\n<script type=\"application\/ld+json\" class=\"yoast-schema-graph\">{\"@context\":\"https:\/\/schema.org\",\"@graph\":[{\"@type\":\"WebPage\",\"@id\":\"https:\/\/dev.artheauaviation.com\/eng\/product\/bombardier-crj-100\/\",\"url\":\"https:\/\/dev.artheauaviation.com\/eng\/product\/bombardier-crj-100\/\",\"name\":\"Bombardier CRJ 100 - Artheau Aviation\",\"isPartOf\":{\"@id\":\"https:\/\/dev.artheauaviation.com\/eng\/#website\"},\"datePublished\":\"2017-03-16T15:42:36+00:00\",\"dateModified\":\"2023-02-27T15:34:12+00:00\",\"breadcrumb\":{\"@id\":\"https:\/\/dev.artheauaviation.com\/eng\/product\/bombardier-crj-100\/#breadcrumb\"},\"inLanguage\":\"en-GB\",\"potentialAction\":[{\"@type\":\"ReadAction\",\"target\":[\"https:\/\/dev.artheauaviation.com\/eng\/product\/bombardier-crj-100\/\"]}]},{\"@type\":\"BreadcrumbList\",\"@id\":\"https:\/\/dev.artheauaviation.com\/eng\/product\/bombardier-crj-100\/#breadcrumb\",\"itemListElement\":[{\"@type\":\"ListItem\",\"position\":1,\"name\":\"Home\",\"item\":\"https:\/\/dev.artheauaviation.com\/eng\/\"},{\"@type\":\"ListItem\",\"position\":2,\"name\":\"Our Planes\",\"item\":\"https:\/\/dev.artheauaviation.com\/eng\/nos-avions\/\"},{\"@type\":\"ListItem\",\"position\":3,\"name\":\"Bombardier CRJ 100\"}]},{\"@type\":\"WebSite\",\"@id\":\"https:\/\/dev.artheauaviation.com\/eng\/#website\",\"url\":\"https:\/\/dev.artheauaviation.com\/eng\/\",\"name\":\"Artheau Aviation\",\"description\":\"Let&#039;s Fly Together\",\"potentialAction\":[{\"@type\":\"SearchAction\",\"target\":{\"@type\":\"EntryPoint\",\"urlTemplate\":\"https:\/\/dev.artheauaviation.com\/eng\/?s={search_term_string}\"},\"query-input\":\"required name=search_term_string\"}],\"inLanguage\":\"en-GB\"}]}<\/script>\n<!-- \/ Yoast SEO plugin. -->","yoast_head_json":{"title":"Bombardier CRJ 100 - Artheau Aviation","robots":{"index":"noindex","follow":"follow","max-snippet":"max-snippet:-1","max-image-preview":"max-image-preview:large","max-video-preview":"max-video-preview:-1"},"og_locale":"en_GB","og_type":"article","og_title":"Bombardier CRJ 100 - Artheau Aviation","og_description":"Pr\u00e9sentation g\u00e9n\u00e9rale: L&#8217;appellation CRJ est une abr\u00e9viation pour Canadair R\u00e9gional Jet. Le CRJ100 est un avion du constructeur canadien Bombardier A\u00e9ronautique. Le constructeur avait pour projet de d\u00e9velopper un avion de ligne \u00e0 r\u00e9action moyen courrier dans le but d&#8217;assurer des liaisons rapides entre les petits a\u00e9roports r\u00e9gionaux et les a\u00e9roports internationaux. Il a effectu\u00e9 [&hellip;]","og_url":"https:\/\/dev.artheauaviation.com\/eng\/product\/bombardier-crj-100\/","og_site_name":"Artheau Aviation","article_modified_time":"2023-02-27T15:34:12+00:00","og_image":[{"width":500,"height":350,"url":"http:\/\/dev.artheauaviation.com\/eng\/wp-content\/uploads\/sites\/4\/2017\/03\/Bombardier-CRJ-100.jpg","type":"image\/jpeg"}],"twitter_card":"summary_large_image","twitter_misc":{"Estimated reading time":"2 minutes"},"schema":{"@context":"https:\/\/schema.org","@graph":[{"@type":"WebPage","@id":"https:\/\/dev.artheauaviation.com\/eng\/product\/bombardier-crj-100\/","url":"https:\/\/dev.artheauaviation.com\/eng\/product\/bombardier-crj-100\/","name":"Bombardier CRJ 100 - Artheau Aviation","isPartOf":{"@id":"https:\/\/dev.artheauaviation.com\/eng\/#website"},"datePublished":"2017-03-16T15:42:36+00:00","dateModified":"2023-02-27T15:34:12+00:00","breadcrumb":{"@id":"https:\/\/dev.artheauaviation.com\/eng\/product\/bombardier-crj-100\/#breadcrumb"},"inLanguage":"en-GB","potentialAction":[{"@type":"ReadAction","target":["https:\/\/dev.artheauaviation.com\/eng\/product\/bombardier-crj-100\/"]}]},{"@type":"BreadcrumbList","@id":"https:\/\/dev.artheauaviation.com\/eng\/product\/bombardier-crj-100\/#breadcrumb","itemListElement":[{"@type":"ListItem","position":1,"name":"Home","item":"https:\/\/dev.artheauaviation.com\/eng\/"},{"@type":"ListItem","position":2,"name":"Our Planes","item":"https:\/\/dev.artheauaviation.com\/eng\/nos-avions\/"},{"@type":"ListItem","position":3,"name":"Bombardier CRJ 100"}]},{"@type":"WebSite","@id":"https:\/\/dev.artheauaviation.com\/eng\/#website","url":"https:\/\/dev.artheauaviation.com\/eng\/","name":"Artheau Aviation","description":"Let&#039;s Fly Together","potentialAction":[{"@type":"SearchAction","target":{"@type":"EntryPoint","urlTemplate":"https:\/\/dev.artheauaviation.com\/eng\/?s={search_term_string}"},"query-input":"required name=search_term_string"}],"inLanguage":"en-GB"}]}},"yoast_meta":{"title":""},"_links":{"self":[{"href":"https:\/\/dev.artheauaviation.com\/eng\/wp-json\/wp\/v2\/product\/1905"}],"collection":[{"href":"https:\/\/dev.artheauaviation.com\/eng\/wp-json\/wp\/v2\/product"}],"about":[{"href":"https:\/\/dev.artheauaviation.com\/eng\/wp-json\/wp\/v2\/types\/product"}],"wp:featuredmedia":[{"embeddable":true,"href":"https:\/\/dev.artheauaviation.com\/eng\/wp-json\/wp\/v2\/media\/2470"}],"wp:attachment":[{"href":"https:\/\/dev.artheauaviation.com\/eng\/wp-json\/wp\/v2\/media?parent=1905"}],"wp:term":[{"taxonomy":"product_cat","embeddable":true,"href":"https:\/\/dev.artheauaviation.com\/eng\/wp-json\/wp\/v2\/product_cat?post=1905"},{"taxonomy":"product_tag","embeddable":true,"href":"https:\/\/dev.artheauaviation.com\/eng\/wp-json\/wp\/v2\/product_tag?post=1905"}],"curies":[{"name":"wp","href":"https:\/\/api.w.org\/{rel}","templated":true}]}}