{"id":1992,"date":"2017-05-26T16:41:24","date_gmt":"2017-05-26T14:41:24","guid":{"rendered":"https:\/\/artheauaviation.com\/eng\/?post_type=product&#038;p=1992"},"modified":"2023-02-27T17:34:12","modified_gmt":"2023-02-27T15:34:12","slug":"bombardier-dash-8-q400","status":"publish","type":"product","link":"https:\/\/dev.artheauaviation.com\/eng\/product\/bombardier-dash-8-q400\/","title":{"rendered":"Bombardier Dash 8-Q400"},"content":{"rendered":"<p style=\"text-align: justify;\"><strong>Pr\u00e9sentation g\u00e9n\u00e9rale:<\/strong><\/p>\n<p style=\"text-align: justify;\">Les De Havilland Canada DHC 8 ou Bombardier Q \u2013 Series, plus connus sous le nom Dash 8 sont une famille d\u2019avions de ligne, d\u00e9velopp\u00e9s par le constructeur canadien DHC puis par Bombardier A\u00e9ronautique, quand ce dernier rach\u00e8te la filiale de Boeing en 1992. Ce sont des avions civils courts-courriers dot\u00e9 de deux turbopropulseurs. Le Bombardier Q400, initialement appel\u00e9 DHC-8-400, est renomm\u00e9 ainsi apr\u00e8s l&#8217;acquisition de DHC par Bombardier.<\/p>\n<p style=\"text-align: justify;\"><strong>Caract\u00e9ristiques commerciales:<\/strong><\/p>\n<p style=\"text-align: justify;\">Le Dash 8-Q400 est une version allong\u00e9e, avec une longueur de\u00a0<span class=\"nowrap\">32,80 <abbr class=\"abbr\" title=\"m\u00e8tre\">m,<\/abbr><\/span>\u00a0pouvant accueillir de 70 \u00e0 <span class=\"nowrap\">78 passagers. Cette version est\u00a0<\/span>entr\u00e9e en service en 2000. \u00a0Il est \u00a0le plus gros appareil de la s\u00e9rie Dash 8 avec\u00a0<span class=\"nowrap\">10,1 m\u00e8tres<\/span> plus long que le Dash 8-Q100.\u00a0Depuis le rachat de Havilland Canada, Bombardier A\u00e9ronautique continue de produire le Dash 8. Depuis 1996, un syst\u00e8me actif de r\u00e9duction de bruit et de vibrations est install\u00e9 \u00e0 bord, et l&#8217;avion est commercialis\u00e9 sous le nom de <i>S\u00e9rie Q<\/i> (Q comme <i>Quiet<\/i>)\u00a0: Q100, Q200, Q300 et Q400. Les avions de la s\u00e9rie \u00ab\u00a0Q\u00a0\u00bb consomment moins de carburant et \u00e9mettent moins de gaz.<sup id=\"cite_ref-1\" class=\"reference\"><\/sup><\/p>\n<p style=\"text-align: justify;\">Le Q400 offre un tr\u00e8s grand espace par passager qui, combin\u00e9 au syst\u00e8me NVS, rend le voyage nettement plus confortable et plus agr\u00e9able que sur les autres avions turbo propuls\u00e9s r\u00e9gionaux. Il peut embarquer de 68 \u00e0 78 passagers, selon la configuration, r\u00e9partis dans deux rang\u00e9es de deux si\u00e8ges chacune. Il ressemble et concurrence particuli\u00e8rement l&#8217;ATR 42, \u00e0 l&#8217;ATR 72 et au Fokker F50.<\/p>\n<p style=\"text-align: justify;\"><strong>Caract\u00e9ristiques techniques:<\/strong><\/p>\n<p style=\"text-align: justify;\">Le Dash 8-Q400 poss\u00e8de 2 turbopropulseurs PW150A \u00e0 6 pales, contrairement aux autres moteurs de Dash 8, dont les moteurs ont quatre pales. La lettre \u00ab\u00a0Q\u00a0\u00bb dans Q400 est pour <i>quiet<\/i> (\u00ab\u00a0silencieux\u00a0\u00bb). Effectivement, l&#8217;utilisation de 6 pales r\u00e9duit l&#8217;\u00e9mission sonore. Le Q400 poss\u00e8de aussi le <i>Noise and Vibration Suppression<\/i> (NVS), un syst\u00e8me r\u00e9duisant les vibrations et le bruit. Il consomme moins de carburant et \u00e9met moins de gaz polluant. Il est aussi l&#8217;un des plus rapides avions turbo propuls\u00e9s avec sa vitesse de croisi\u00e8re moyenne de <span class=\"nowrap\">670 km\/, ce qui lui permet d&#8217;\u00eatre presque aussi rapide qu&#8217;un jet sur un trajet de moins d&#8217;une heure, tout en demandant moins de carburant.<\/span><span class=\"nowrap\">\u00a0<\/span><\/p>\n<p style=\"text-align: justify;\">La longueur de cet appareil est de 32,8 m\u00e8tres, et son envergure est de\u00a0<span class=\"nowrap\">28,40 m\u00e8tres.<\/span><\/p>\n","protected":false},"excerpt":{"rendered":"<p>Pr\u00e9sentation g\u00e9n\u00e9rale: Les De Havilland Canada DHC 8 ou Bombardier Q \u2013 Series, plus connus sous le nom Dash 8 sont une famille d\u2019avions de ligne, d\u00e9velopp\u00e9s par le constructeur canadien DHC puis par Bombardier A\u00e9ronautique, quand ce dernier rach\u00e8te la filiale de Boeing en 1992. Ce sont des avions civils courts-courriers dot\u00e9 de deux [&hellip;]<\/p>\n","protected":false},"featured_media":2040,"template":"","meta":[],"product_cat":[43],"product_tag":[],"yoast_head":"<!-- This site is optimized with the Yoast SEO plugin v20.3 - https:\/\/yoast.com\/wordpress\/plugins\/seo\/ -->\n<title>Bombardier Dash 8-Q400 - Artheau Aviation<\/title>\n<meta name=\"robots\" content=\"noindex, follow, max-snippet:-1, max-image-preview:large, max-video-preview:-1\" \/>\n<meta property=\"og:locale\" content=\"en_GB\" \/>\n<meta property=\"og:type\" content=\"article\" \/>\n<meta property=\"og:title\" content=\"Bombardier Dash 8-Q400 - Artheau Aviation\" \/>\n<meta property=\"og:description\" content=\"Pr\u00e9sentation g\u00e9n\u00e9rale: Les De Havilland Canada DHC 8 ou Bombardier Q \u2013 Series, plus connus sous le nom Dash 8 sont une famille d\u2019avions de ligne, d\u00e9velopp\u00e9s par le constructeur canadien DHC puis par Bombardier A\u00e9ronautique, quand ce dernier rach\u00e8te la filiale de Boeing en 1992. Ce sont des avions civils courts-courriers dot\u00e9 de deux [&hellip;]\" \/>\n<meta property=\"og:url\" content=\"https:\/\/dev.artheauaviation.com\/eng\/product\/bombardier-dash-8-q400\/\" \/>\n<meta property=\"og:site_name\" content=\"Artheau Aviation\" \/>\n<meta property=\"article:modified_time\" content=\"2023-02-27T15:34:12+00:00\" \/>\n<meta property=\"og:image\" content=\"http:\/\/dev.artheauaviation.com\/eng\/wp-content\/uploads\/sites\/4\/2017\/05\/aj_bombardier-dash8-q400.jpg\" \/>\n\t<meta property=\"og:image:width\" content=\"640\" \/>\n\t<meta property=\"og:image:height\" content=\"480\" \/>\n\t<meta property=\"og:image:type\" content=\"image\/jpeg\" \/>\n<meta name=\"twitter:card\" content=\"summary_large_image\" \/>\n<meta name=\"twitter:label1\" content=\"Estimated reading time\" \/>\n\t<meta name=\"twitter:data1\" content=\"2 minutes\" \/>\n<script type=\"application\/ld+json\" class=\"yoast-schema-graph\">{\"@context\":\"https:\/\/schema.org\",\"@graph\":[{\"@type\":\"WebPage\",\"@id\":\"https:\/\/dev.artheauaviation.com\/eng\/product\/bombardier-dash-8-q400\/\",\"url\":\"https:\/\/dev.artheauaviation.com\/eng\/product\/bombardier-dash-8-q400\/\",\"name\":\"Bombardier Dash 8-Q400 - Artheau Aviation\",\"isPartOf\":{\"@id\":\"https:\/\/dev.artheauaviation.com\/eng\/#website\"},\"datePublished\":\"2017-05-26T14:41:24+00:00\",\"dateModified\":\"2023-02-27T15:34:12+00:00\",\"breadcrumb\":{\"@id\":\"https:\/\/dev.artheauaviation.com\/eng\/product\/bombardier-dash-8-q400\/#breadcrumb\"},\"inLanguage\":\"en-GB\",\"potentialAction\":[{\"@type\":\"ReadAction\",\"target\":[\"https:\/\/dev.artheauaviation.com\/eng\/product\/bombardier-dash-8-q400\/\"]}]},{\"@type\":\"BreadcrumbList\",\"@id\":\"https:\/\/dev.artheauaviation.com\/eng\/product\/bombardier-dash-8-q400\/#breadcrumb\",\"itemListElement\":[{\"@type\":\"ListItem\",\"position\":1,\"name\":\"Home\",\"item\":\"https:\/\/dev.artheauaviation.com\/eng\/\"},{\"@type\":\"ListItem\",\"position\":2,\"name\":\"Our Planes\",\"item\":\"https:\/\/dev.artheauaviation.com\/eng\/nos-avions\/\"},{\"@type\":\"ListItem\",\"position\":3,\"name\":\"Bombardier Dash 8-Q400\"}]},{\"@type\":\"WebSite\",\"@id\":\"https:\/\/dev.artheauaviation.com\/eng\/#website\",\"url\":\"https:\/\/dev.artheauaviation.com\/eng\/\",\"name\":\"Artheau Aviation\",\"description\":\"Let&#039;s Fly Together\",\"potentialAction\":[{\"@type\":\"SearchAction\",\"target\":{\"@type\":\"EntryPoint\",\"urlTemplate\":\"https:\/\/dev.artheauaviation.com\/eng\/?s={search_term_string}\"},\"query-input\":\"required name=search_term_string\"}],\"inLanguage\":\"en-GB\"}]}<\/script>\n<!-- \/ Yoast SEO plugin. -->","yoast_head_json":{"title":"Bombardier Dash 8-Q400 - Artheau Aviation","robots":{"index":"noindex","follow":"follow","max-snippet":"max-snippet:-1","max-image-preview":"max-image-preview:large","max-video-preview":"max-video-preview:-1"},"og_locale":"en_GB","og_type":"article","og_title":"Bombardier Dash 8-Q400 - Artheau Aviation","og_description":"Pr\u00e9sentation g\u00e9n\u00e9rale: Les De Havilland Canada DHC 8 ou Bombardier Q \u2013 Series, plus connus sous le nom Dash 8 sont une famille d\u2019avions de ligne, d\u00e9velopp\u00e9s par le constructeur canadien DHC puis par Bombardier A\u00e9ronautique, quand ce dernier rach\u00e8te la filiale de Boeing en 1992. Ce sont des avions civils courts-courriers dot\u00e9 de deux [&hellip;]","og_url":"https:\/\/dev.artheauaviation.com\/eng\/product\/bombardier-dash-8-q400\/","og_site_name":"Artheau Aviation","article_modified_time":"2023-02-27T15:34:12+00:00","og_image":[{"width":640,"height":480,"url":"http:\/\/dev.artheauaviation.com\/eng\/wp-content\/uploads\/sites\/4\/2017\/05\/aj_bombardier-dash8-q400.jpg","type":"image\/jpeg"}],"twitter_card":"summary_large_image","twitter_misc":{"Estimated reading time":"2 minutes"},"schema":{"@context":"https:\/\/schema.org","@graph":[{"@type":"WebPage","@id":"https:\/\/dev.artheauaviation.com\/eng\/product\/bombardier-dash-8-q400\/","url":"https:\/\/dev.artheauaviation.com\/eng\/product\/bombardier-dash-8-q400\/","name":"Bombardier Dash 8-Q400 - Artheau Aviation","isPartOf":{"@id":"https:\/\/dev.artheauaviation.com\/eng\/#website"},"datePublished":"2017-05-26T14:41:24+00:00","dateModified":"2023-02-27T15:34:12+00:00","breadcrumb":{"@id":"https:\/\/dev.artheauaviation.com\/eng\/product\/bombardier-dash-8-q400\/#breadcrumb"},"inLanguage":"en-GB","potentialAction":[{"@type":"ReadAction","target":["https:\/\/dev.artheauaviation.com\/eng\/product\/bombardier-dash-8-q400\/"]}]},{"@type":"BreadcrumbList","@id":"https:\/\/dev.artheauaviation.com\/eng\/product\/bombardier-dash-8-q400\/#breadcrumb","itemListElement":[{"@type":"ListItem","position":1,"name":"Home","item":"https:\/\/dev.artheauaviation.com\/eng\/"},{"@type":"ListItem","position":2,"name":"Our Planes","item":"https:\/\/dev.artheauaviation.com\/eng\/nos-avions\/"},{"@type":"ListItem","position":3,"name":"Bombardier Dash 8-Q400"}]},{"@type":"WebSite","@id":"https:\/\/dev.artheauaviation.com\/eng\/#website","url":"https:\/\/dev.artheauaviation.com\/eng\/","name":"Artheau Aviation","description":"Let&#039;s Fly Together","potentialAction":[{"@type":"SearchAction","target":{"@type":"EntryPoint","urlTemplate":"https:\/\/dev.artheauaviation.com\/eng\/?s={search_term_string}"},"query-input":"required name=search_term_string"}],"inLanguage":"en-GB"}]}},"yoast_meta":{"title":""},"_links":{"self":[{"href":"https:\/\/dev.artheauaviation.com\/eng\/wp-json\/wp\/v2\/product\/1992"}],"collection":[{"href":"https:\/\/dev.artheauaviation.com\/eng\/wp-json\/wp\/v2\/product"}],"about":[{"href":"https:\/\/dev.artheauaviation.com\/eng\/wp-json\/wp\/v2\/types\/product"}],"wp:featuredmedia":[{"embeddable":true,"href":"https:\/\/dev.artheauaviation.com\/eng\/wp-json\/wp\/v2\/media\/2040"}],"wp:attachment":[{"href":"https:\/\/dev.artheauaviation.com\/eng\/wp-json\/wp\/v2\/media?parent=1992"}],"wp:term":[{"taxonomy":"product_cat","embeddable":true,"href":"https:\/\/dev.artheauaviation.com\/eng\/wp-json\/wp\/v2\/product_cat?post=1992"},{"taxonomy":"product_tag","embeddable":true,"href":"https:\/\/dev.artheauaviation.com\/eng\/wp-json\/wp\/v2\/product_tag?post=1992"}],"curies":[{"name":"wp","href":"https:\/\/api.w.org\/{rel}","templated":true}]}}