{"id":1996,"date":"2017-05-26T16:47:11","date_gmt":"2017-05-26T14:47:11","guid":{"rendered":"https:\/\/artheauaviation.com\/eng\/?post_type=product&#038;p=1996"},"modified":"2023-02-27T17:34:12","modified_gmt":"2023-02-27T15:34:12","slug":"cessna-citation-sovereign","status":"publish","type":"product","link":"https:\/\/dev.artheauaviation.com\/eng\/product\/cessna-citation-sovereign\/","title":{"rendered":"Cessna Citation Sovereign"},"content":{"rendered":"<p style=\"text-align: justify;\"><strong>Pr\u00e9sentation g\u00e9n\u00e9rale:<\/strong><\/p>\n<p style=\"text-align: justify;\">Le Cessna Citation Sovereign est un avion d&#8217;affaire con\u00e7u et r\u00e9alis\u00e9 aux \u00c9tats-Unis. Il a r\u00e9alis\u00e9 son premier vol le 27 F\u00e9vrier 2002, et fut mis en service en 2004.\u00a0Le d\u00e9veloppement du Cessna 680 Citation Sovereign a \u00e9t\u00e9 lanc\u00e9 afin de trouver un successeur aux jets d&#8217;affaire de premi\u00e8re g\u00e9n\u00e9ration tels que le Hawker-Siddeley HS-125 ou le North American Sabreliner. Le nouvel avion visait donc le cr\u00e9neau des avions de dix \u00e0 douze places.<\/p>\n<p style=\"text-align: justify;\"><span id=\"tran0\">Cet avion est consid\u00e9r\u00e9 comme un avion transcontinental avec une meilleure capacit\u00e9 de voler entre Los Angeles et Hawaii, en respectant les exigences de la certification ETOPS et est utilis\u00e9 principalement pour les voyages d&#8217;entreprise.<\/span><\/p>\n<p style=\"text-align: justify;\"><strong>Caract\u00e9ristiques commerciales:<\/strong><\/p>\n<p style=\"text-align: justify;\">Pr\u00e9sent\u00e9 officiellement en 1998 sous forme de maquette lors du salon NBAA de Las Vegas, son prototype a r\u00e9alis\u00e9 son vol inaugural en f\u00e9vrier 2002. Il peut embarqu\u00e9 8 passagers dans une configuration de cabine classique, et jusqu&#8217;\u00e0 12 avec une capacit\u00e9 maximum de l&#8217;appareil, en plus d&#8217;un \u00e9quipage de deux personnes. La premi\u00e8re livraison d&#8217;un avion de s\u00e9rie intervint en 2004. Si la majorit\u00e9 des clients de cet avions sont civils, au moins un exemplaire a \u00e9t\u00e9 command\u00e9 pour un usage militaire, par l&#8217;\u00c9gypte. Cet appareil a \u00e9t\u00e9 produit \u00e0 plus de 260 exemplaires.<sup id=\"cite_ref-2\" class=\"reference\"><\/sup><\/p>\n<p style=\"text-align: justify;\">Ses principaux concurrents sont le Bombardier Challenger 300, le Dassault Falcon 2000 et l&#8217;Embraer Legacy 500.<\/p>\n<p style=\"text-align: justify;\"><strong>Caract\u00e9ristiques techniques:<\/strong><\/p>\n<p style=\"text-align: justify;\">Le Cessna 680 Citation Sovereign se pr\u00e9sente sous la forme d&#8217;un bir\u00e9acteur d&#8217;affaire \u00e0 ailes basses. Il poss\u00e8de un train d&#8217;atterrissage tricycle escamotable et un empennage cruciforme. Sa plus grande force est que cet avion peut d\u00e9coller et atterrir sur des pistes courtes. Cet appareil est un d\u00e9riv\u00e9 du Cessna Citation Excel.<\/p>\n<p style=\"text-align: justify;\">L&#8217;\u00e9quipage dispose d&#8217;un cockpit c\u00f4te \u00e0 c\u00f4te, tandis que les passagers prennent place dans une luxueuse cabine, dot\u00e9e de si\u00e8ges en cuir. La longueur de l&#8217;appareil est de 18,87 m\u00e8tres, pour une envergure de 19,24 m\u00e8tres. Il est \u00e9quip\u00e9 de deux moteurs\u00a0 Pratt &amp; Whitney Canada PW306C turbofan.<\/p>\n","protected":false},"excerpt":{"rendered":"<p>Pr\u00e9sentation g\u00e9n\u00e9rale: Le Cessna Citation Sovereign est un avion d&#8217;affaire con\u00e7u et r\u00e9alis\u00e9 aux \u00c9tats-Unis. Il a r\u00e9alis\u00e9 son premier vol le 27 F\u00e9vrier 2002, et fut mis en service en 2004.\u00a0Le d\u00e9veloppement du Cessna 680 Citation Sovereign a \u00e9t\u00e9 lanc\u00e9 afin de trouver un successeur aux jets d&#8217;affaire de premi\u00e8re g\u00e9n\u00e9ration tels que le [&hellip;]<\/p>\n","protected":false},"featured_media":2476,"template":"","meta":[],"product_cat":[44],"product_tag":[],"yoast_head":"<!-- This site is optimized with the Yoast SEO plugin v20.3 - https:\/\/yoast.com\/wordpress\/plugins\/seo\/ -->\n<title>Cessna Citation Sovereign - Artheau Aviation<\/title>\n<meta name=\"robots\" content=\"noindex, follow, max-snippet:-1, max-image-preview:large, max-video-preview:-1\" \/>\n<meta property=\"og:locale\" content=\"en_GB\" \/>\n<meta property=\"og:type\" content=\"article\" \/>\n<meta property=\"og:title\" content=\"Cessna Citation Sovereign - Artheau Aviation\" \/>\n<meta property=\"og:description\" content=\"Pr\u00e9sentation g\u00e9n\u00e9rale: Le Cessna Citation Sovereign est un avion d&#8217;affaire con\u00e7u et r\u00e9alis\u00e9 aux \u00c9tats-Unis. Il a r\u00e9alis\u00e9 son premier vol le 27 F\u00e9vrier 2002, et fut mis en service en 2004.\u00a0Le d\u00e9veloppement du Cessna 680 Citation Sovereign a \u00e9t\u00e9 lanc\u00e9 afin de trouver un successeur aux jets d&#8217;affaire de premi\u00e8re g\u00e9n\u00e9ration tels que le [&hellip;]\" \/>\n<meta property=\"og:url\" content=\"https:\/\/dev.artheauaviation.com\/eng\/product\/cessna-citation-sovereign\/\" \/>\n<meta property=\"og:site_name\" content=\"Artheau Aviation\" \/>\n<meta property=\"article:modified_time\" content=\"2023-02-27T15:34:12+00:00\" \/>\n<meta property=\"og:image\" content=\"http:\/\/dev.artheauaviation.com\/eng\/wp-content\/uploads\/sites\/4\/2017\/05\/Cessna-Citation-Sovereign.jpg\" \/>\n\t<meta property=\"og:image:width\" content=\"500\" \/>\n\t<meta property=\"og:image:height\" content=\"350\" \/>\n\t<meta property=\"og:image:type\" content=\"image\/jpeg\" \/>\n<meta name=\"twitter:card\" content=\"summary_large_image\" \/>\n<meta name=\"twitter:label1\" content=\"Estimated reading time\" \/>\n\t<meta name=\"twitter:data1\" content=\"2 minutes\" \/>\n<script type=\"application\/ld+json\" class=\"yoast-schema-graph\">{\"@context\":\"https:\/\/schema.org\",\"@graph\":[{\"@type\":\"WebPage\",\"@id\":\"https:\/\/dev.artheauaviation.com\/eng\/product\/cessna-citation-sovereign\/\",\"url\":\"https:\/\/dev.artheauaviation.com\/eng\/product\/cessna-citation-sovereign\/\",\"name\":\"Cessna Citation Sovereign - Artheau Aviation\",\"isPartOf\":{\"@id\":\"https:\/\/dev.artheauaviation.com\/eng\/#website\"},\"datePublished\":\"2017-05-26T14:47:11+00:00\",\"dateModified\":\"2023-02-27T15:34:12+00:00\",\"breadcrumb\":{\"@id\":\"https:\/\/dev.artheauaviation.com\/eng\/product\/cessna-citation-sovereign\/#breadcrumb\"},\"inLanguage\":\"en-GB\",\"potentialAction\":[{\"@type\":\"ReadAction\",\"target\":[\"https:\/\/dev.artheauaviation.com\/eng\/product\/cessna-citation-sovereign\/\"]}]},{\"@type\":\"BreadcrumbList\",\"@id\":\"https:\/\/dev.artheauaviation.com\/eng\/product\/cessna-citation-sovereign\/#breadcrumb\",\"itemListElement\":[{\"@type\":\"ListItem\",\"position\":1,\"name\":\"Home\",\"item\":\"https:\/\/dev.artheauaviation.com\/eng\/\"},{\"@type\":\"ListItem\",\"position\":2,\"name\":\"Our Planes\",\"item\":\"https:\/\/dev.artheauaviation.com\/eng\/nos-avions\/\"},{\"@type\":\"ListItem\",\"position\":3,\"name\":\"Cessna Citation Sovereign\"}]},{\"@type\":\"WebSite\",\"@id\":\"https:\/\/dev.artheauaviation.com\/eng\/#website\",\"url\":\"https:\/\/dev.artheauaviation.com\/eng\/\",\"name\":\"Artheau Aviation\",\"description\":\"Let&#039;s Fly Together\",\"potentialAction\":[{\"@type\":\"SearchAction\",\"target\":{\"@type\":\"EntryPoint\",\"urlTemplate\":\"https:\/\/dev.artheauaviation.com\/eng\/?s={search_term_string}\"},\"query-input\":\"required name=search_term_string\"}],\"inLanguage\":\"en-GB\"}]}<\/script>\n<!-- \/ Yoast SEO plugin. -->","yoast_head_json":{"title":"Cessna Citation Sovereign - Artheau Aviation","robots":{"index":"noindex","follow":"follow","max-snippet":"max-snippet:-1","max-image-preview":"max-image-preview:large","max-video-preview":"max-video-preview:-1"},"og_locale":"en_GB","og_type":"article","og_title":"Cessna Citation Sovereign - Artheau Aviation","og_description":"Pr\u00e9sentation g\u00e9n\u00e9rale: Le Cessna Citation Sovereign est un avion d&#8217;affaire con\u00e7u et r\u00e9alis\u00e9 aux \u00c9tats-Unis. Il a r\u00e9alis\u00e9 son premier vol le 27 F\u00e9vrier 2002, et fut mis en service en 2004.\u00a0Le d\u00e9veloppement du Cessna 680 Citation Sovereign a \u00e9t\u00e9 lanc\u00e9 afin de trouver un successeur aux jets d&#8217;affaire de premi\u00e8re g\u00e9n\u00e9ration tels que le [&hellip;]","og_url":"https:\/\/dev.artheauaviation.com\/eng\/product\/cessna-citation-sovereign\/","og_site_name":"Artheau Aviation","article_modified_time":"2023-02-27T15:34:12+00:00","og_image":[{"width":500,"height":350,"url":"http:\/\/dev.artheauaviation.com\/eng\/wp-content\/uploads\/sites\/4\/2017\/05\/Cessna-Citation-Sovereign.jpg","type":"image\/jpeg"}],"twitter_card":"summary_large_image","twitter_misc":{"Estimated reading time":"2 minutes"},"schema":{"@context":"https:\/\/schema.org","@graph":[{"@type":"WebPage","@id":"https:\/\/dev.artheauaviation.com\/eng\/product\/cessna-citation-sovereign\/","url":"https:\/\/dev.artheauaviation.com\/eng\/product\/cessna-citation-sovereign\/","name":"Cessna Citation Sovereign - Artheau Aviation","isPartOf":{"@id":"https:\/\/dev.artheauaviation.com\/eng\/#website"},"datePublished":"2017-05-26T14:47:11+00:00","dateModified":"2023-02-27T15:34:12+00:00","breadcrumb":{"@id":"https:\/\/dev.artheauaviation.com\/eng\/product\/cessna-citation-sovereign\/#breadcrumb"},"inLanguage":"en-GB","potentialAction":[{"@type":"ReadAction","target":["https:\/\/dev.artheauaviation.com\/eng\/product\/cessna-citation-sovereign\/"]}]},{"@type":"BreadcrumbList","@id":"https:\/\/dev.artheauaviation.com\/eng\/product\/cessna-citation-sovereign\/#breadcrumb","itemListElement":[{"@type":"ListItem","position":1,"name":"Home","item":"https:\/\/dev.artheauaviation.com\/eng\/"},{"@type":"ListItem","position":2,"name":"Our Planes","item":"https:\/\/dev.artheauaviation.com\/eng\/nos-avions\/"},{"@type":"ListItem","position":3,"name":"Cessna Citation Sovereign"}]},{"@type":"WebSite","@id":"https:\/\/dev.artheauaviation.com\/eng\/#website","url":"https:\/\/dev.artheauaviation.com\/eng\/","name":"Artheau Aviation","description":"Let&#039;s Fly Together","potentialAction":[{"@type":"SearchAction","target":{"@type":"EntryPoint","urlTemplate":"https:\/\/dev.artheauaviation.com\/eng\/?s={search_term_string}"},"query-input":"required name=search_term_string"}],"inLanguage":"en-GB"}]}},"yoast_meta":{"title":""},"_links":{"self":[{"href":"https:\/\/dev.artheauaviation.com\/eng\/wp-json\/wp\/v2\/product\/1996"}],"collection":[{"href":"https:\/\/dev.artheauaviation.com\/eng\/wp-json\/wp\/v2\/product"}],"about":[{"href":"https:\/\/dev.artheauaviation.com\/eng\/wp-json\/wp\/v2\/types\/product"}],"wp:featuredmedia":[{"embeddable":true,"href":"https:\/\/dev.artheauaviation.com\/eng\/wp-json\/wp\/v2\/media\/2476"}],"wp:attachment":[{"href":"https:\/\/dev.artheauaviation.com\/eng\/wp-json\/wp\/v2\/media?parent=1996"}],"wp:term":[{"taxonomy":"product_cat","embeddable":true,"href":"https:\/\/dev.artheauaviation.com\/eng\/wp-json\/wp\/v2\/product_cat?post=1996"},{"taxonomy":"product_tag","embeddable":true,"href":"https:\/\/dev.artheauaviation.com\/eng\/wp-json\/wp\/v2\/product_tag?post=1996"}],"curies":[{"name":"wp","href":"https:\/\/api.w.org\/{rel}","templated":true}]}}