{"id":1999,"date":"2017-05-26T16:54:05","date_gmt":"2017-05-26T14:54:05","guid":{"rendered":"https:\/\/artheauaviation.com\/eng\/?post_type=product&#038;p=1999"},"modified":"2023-02-27T17:34:12","modified_gmt":"2023-02-27T15:34:12","slug":"cessna-citation-vi","status":"publish","type":"product","link":"https:\/\/dev.artheauaviation.com\/eng\/product\/cessna-citation-vi\/","title":{"rendered":"Cessna Citation VI"},"content":{"rendered":"<p style=\"text-align: justify;\"><strong>Pr\u00e9sentation g\u00e9n\u00e9rale:<\/strong><\/p>\n<p style=\"text-align: justify;\">Le constructeur Cessna a eu besoin d\u2019un appareil \u00e0 haute performance, notamment d\u2019un jet de taille moyenne pour rivaliser avec la croissance du march\u00e9 des avions d\u2019affaires rapides. Le d\u00e9veloppement du Citation III a commenc\u00e9 en 1978 avec un premier prototype effectuant son vol inaugural le 30 mai 1979, puis un second volant le 2 mai 1980. Le nouveau citation est un jet d\u2019affaires bon march\u00e9 qui met \u00e0 disposition une cabine confortable et des co\u00fbts d\u2019exploitation limit\u00e9s, mais aussi une vitesse et une port\u00e9e satisfaisantes.<\/p>\n<p style=\"text-align: justify;\">Ensuite le constructeur a souhait\u00e9 d\u00e9velopp\u00e9 le Cessna Citation IV comme \u00e9volution du Cessna Citation III. Ce projet d\u2019avion est appel\u00e9 Citation IV, mais il sera annul\u00e9 avant que le premier appareil soit construit. Pour pallier \u00e0 ceci, le constructeur est a port\u00e9 son attention sur le d\u00e9veloppement de deux nouvelles versions simultan\u00e9ment, dont le Cessna Citation VI.<\/p>\n<p style=\"text-align: justify;\"><strong>Caract\u00e9ristiques commerciales:<\/strong><\/p>\n<p style=\"text-align: justify;\">En 1983, apr\u00e8s la livraison d\u2019appareils \u00e0 des clients, le Citation III a \u00e9tabli plusieurs records, y compris deux records de vitesse d\u2019ascension (taux de mont\u00e9e) et un record de vitesse globale de 5 heures, 13 minutes pour un vol de Gander, Terre-Neuve \u00e0 Paris \u2013 A\u00e9roport Le Bourget. La production a continu\u00e9 pendant neuf ans, jusqu\u2019en 1992, avec un total de 202 Citation III en cours de construction.<\/p>\n<p style=\"text-align: justify;\">La premi\u00e8re nouvelle version du Citation III est le Citation VI, devant \u00eatre une version \u00e9conomique de celui-ci. Effectivement, la cabine dans le Citation VI est basique, sans les\u00a0fauteuils inclinables et pivotants, munis d\u2019appuis-t\u00eate et de repose-pieds r\u00e9glables du Citation III. Le premier vol de cet appareil eu lieu en 1991.<\/p>\n<p style=\"text-align: justify;\"><strong>Caract\u00e9ristiques techniques:<\/strong><\/p>\n<p style=\"text-align: justify;\">Le Citation III, tout comme le Citation VI, est aliment\u00e9 par une paire de Garrett TFE731-3B turbor\u00e9acteurs relativement \u00e9conomiques. Il peut effectuer une distance de 3774 km \u00e0 la vitesse de 875 km\/h.<\/p>\n<p style=\"text-align: justify;\">Seulement 39 avions ont \u00e9t\u00e9 construit avant que ce mod\u00e8le soit arr\u00eat\u00e9 en Mai 1995.<\/p>\n","protected":false},"excerpt":{"rendered":"<p>Pr\u00e9sentation g\u00e9n\u00e9rale: Le constructeur Cessna a eu besoin d\u2019un appareil \u00e0 haute performance, notamment d\u2019un jet de taille moyenne pour rivaliser avec la croissance du march\u00e9 des avions d\u2019affaires rapides. Le d\u00e9veloppement du Citation III a commenc\u00e9 en 1978 avec un premier prototype effectuant son vol inaugural le 30 mai 1979, puis un second volant [&hellip;]<\/p>\n","protected":false},"featured_media":2543,"template":"","meta":[],"product_cat":[44],"product_tag":[],"yoast_head":"<!-- This site is optimized with the Yoast SEO plugin v20.3 - https:\/\/yoast.com\/wordpress\/plugins\/seo\/ -->\n<title>Cessna Citation VI - Artheau Aviation<\/title>\n<meta name=\"robots\" content=\"noindex, follow, max-snippet:-1, max-image-preview:large, max-video-preview:-1\" \/>\n<meta property=\"og:locale\" content=\"en_GB\" \/>\n<meta property=\"og:type\" content=\"article\" \/>\n<meta property=\"og:title\" content=\"Cessna Citation VI - Artheau Aviation\" \/>\n<meta property=\"og:description\" content=\"Pr\u00e9sentation g\u00e9n\u00e9rale: Le constructeur Cessna a eu besoin d\u2019un appareil \u00e0 haute performance, notamment d\u2019un jet de taille moyenne pour rivaliser avec la croissance du march\u00e9 des avions d\u2019affaires rapides. Le d\u00e9veloppement du Citation III a commenc\u00e9 en 1978 avec un premier prototype effectuant son vol inaugural le 30 mai 1979, puis un second volant [&hellip;]\" \/>\n<meta property=\"og:url\" content=\"https:\/\/dev.artheauaviation.com\/eng\/product\/cessna-citation-vi\/\" \/>\n<meta property=\"og:site_name\" content=\"Artheau Aviation\" \/>\n<meta property=\"article:modified_time\" content=\"2023-02-27T15:34:12+00:00\" \/>\n<meta property=\"og:image\" content=\"http:\/\/dev.artheauaviation.com\/eng\/wp-content\/uploads\/sites\/4\/2017\/05\/Cessna-Citation-III.jpg\" \/>\n\t<meta property=\"og:image:width\" content=\"500\" \/>\n\t<meta property=\"og:image:height\" content=\"226\" \/>\n\t<meta property=\"og:image:type\" content=\"image\/jpeg\" \/>\n<meta name=\"twitter:card\" content=\"summary_large_image\" \/>\n<meta name=\"twitter:label1\" content=\"Estimated reading time\" \/>\n\t<meta name=\"twitter:data1\" content=\"2 minutes\" \/>\n<script type=\"application\/ld+json\" class=\"yoast-schema-graph\">{\"@context\":\"https:\/\/schema.org\",\"@graph\":[{\"@type\":\"WebPage\",\"@id\":\"https:\/\/dev.artheauaviation.com\/eng\/product\/cessna-citation-vi\/\",\"url\":\"https:\/\/dev.artheauaviation.com\/eng\/product\/cessna-citation-vi\/\",\"name\":\"Cessna Citation VI - Artheau Aviation\",\"isPartOf\":{\"@id\":\"https:\/\/dev.artheauaviation.com\/eng\/#website\"},\"datePublished\":\"2017-05-26T14:54:05+00:00\",\"dateModified\":\"2023-02-27T15:34:12+00:00\",\"breadcrumb\":{\"@id\":\"https:\/\/dev.artheauaviation.com\/eng\/product\/cessna-citation-vi\/#breadcrumb\"},\"inLanguage\":\"en-GB\",\"potentialAction\":[{\"@type\":\"ReadAction\",\"target\":[\"https:\/\/dev.artheauaviation.com\/eng\/product\/cessna-citation-vi\/\"]}]},{\"@type\":\"BreadcrumbList\",\"@id\":\"https:\/\/dev.artheauaviation.com\/eng\/product\/cessna-citation-vi\/#breadcrumb\",\"itemListElement\":[{\"@type\":\"ListItem\",\"position\":1,\"name\":\"Home\",\"item\":\"https:\/\/dev.artheauaviation.com\/eng\/\"},{\"@type\":\"ListItem\",\"position\":2,\"name\":\"Our Planes\",\"item\":\"https:\/\/dev.artheauaviation.com\/eng\/nos-avions\/\"},{\"@type\":\"ListItem\",\"position\":3,\"name\":\"Cessna Citation VI\"}]},{\"@type\":\"WebSite\",\"@id\":\"https:\/\/dev.artheauaviation.com\/eng\/#website\",\"url\":\"https:\/\/dev.artheauaviation.com\/eng\/\",\"name\":\"Artheau Aviation\",\"description\":\"Let&#039;s Fly Together\",\"potentialAction\":[{\"@type\":\"SearchAction\",\"target\":{\"@type\":\"EntryPoint\",\"urlTemplate\":\"https:\/\/dev.artheauaviation.com\/eng\/?s={search_term_string}\"},\"query-input\":\"required name=search_term_string\"}],\"inLanguage\":\"en-GB\"}]}<\/script>\n<!-- \/ Yoast SEO plugin. -->","yoast_head_json":{"title":"Cessna Citation VI - Artheau Aviation","robots":{"index":"noindex","follow":"follow","max-snippet":"max-snippet:-1","max-image-preview":"max-image-preview:large","max-video-preview":"max-video-preview:-1"},"og_locale":"en_GB","og_type":"article","og_title":"Cessna Citation VI - Artheau Aviation","og_description":"Pr\u00e9sentation g\u00e9n\u00e9rale: Le constructeur Cessna a eu besoin d\u2019un appareil \u00e0 haute performance, notamment d\u2019un jet de taille moyenne pour rivaliser avec la croissance du march\u00e9 des avions d\u2019affaires rapides. Le d\u00e9veloppement du Citation III a commenc\u00e9 en 1978 avec un premier prototype effectuant son vol inaugural le 30 mai 1979, puis un second volant [&hellip;]","og_url":"https:\/\/dev.artheauaviation.com\/eng\/product\/cessna-citation-vi\/","og_site_name":"Artheau Aviation","article_modified_time":"2023-02-27T15:34:12+00:00","og_image":[{"width":500,"height":226,"url":"http:\/\/dev.artheauaviation.com\/eng\/wp-content\/uploads\/sites\/4\/2017\/05\/Cessna-Citation-III.jpg","type":"image\/jpeg"}],"twitter_card":"summary_large_image","twitter_misc":{"Estimated reading time":"2 minutes"},"schema":{"@context":"https:\/\/schema.org","@graph":[{"@type":"WebPage","@id":"https:\/\/dev.artheauaviation.com\/eng\/product\/cessna-citation-vi\/","url":"https:\/\/dev.artheauaviation.com\/eng\/product\/cessna-citation-vi\/","name":"Cessna Citation VI - Artheau Aviation","isPartOf":{"@id":"https:\/\/dev.artheauaviation.com\/eng\/#website"},"datePublished":"2017-05-26T14:54:05+00:00","dateModified":"2023-02-27T15:34:12+00:00","breadcrumb":{"@id":"https:\/\/dev.artheauaviation.com\/eng\/product\/cessna-citation-vi\/#breadcrumb"},"inLanguage":"en-GB","potentialAction":[{"@type":"ReadAction","target":["https:\/\/dev.artheauaviation.com\/eng\/product\/cessna-citation-vi\/"]}]},{"@type":"BreadcrumbList","@id":"https:\/\/dev.artheauaviation.com\/eng\/product\/cessna-citation-vi\/#breadcrumb","itemListElement":[{"@type":"ListItem","position":1,"name":"Home","item":"https:\/\/dev.artheauaviation.com\/eng\/"},{"@type":"ListItem","position":2,"name":"Our Planes","item":"https:\/\/dev.artheauaviation.com\/eng\/nos-avions\/"},{"@type":"ListItem","position":3,"name":"Cessna Citation VI"}]},{"@type":"WebSite","@id":"https:\/\/dev.artheauaviation.com\/eng\/#website","url":"https:\/\/dev.artheauaviation.com\/eng\/","name":"Artheau Aviation","description":"Let&#039;s Fly Together","potentialAction":[{"@type":"SearchAction","target":{"@type":"EntryPoint","urlTemplate":"https:\/\/dev.artheauaviation.com\/eng\/?s={search_term_string}"},"query-input":"required name=search_term_string"}],"inLanguage":"en-GB"}]}},"yoast_meta":{"title":""},"_links":{"self":[{"href":"https:\/\/dev.artheauaviation.com\/eng\/wp-json\/wp\/v2\/product\/1999"}],"collection":[{"href":"https:\/\/dev.artheauaviation.com\/eng\/wp-json\/wp\/v2\/product"}],"about":[{"href":"https:\/\/dev.artheauaviation.com\/eng\/wp-json\/wp\/v2\/types\/product"}],"wp:featuredmedia":[{"embeddable":true,"href":"https:\/\/dev.artheauaviation.com\/eng\/wp-json\/wp\/v2\/media\/2543"}],"wp:attachment":[{"href":"https:\/\/dev.artheauaviation.com\/eng\/wp-json\/wp\/v2\/media?parent=1999"}],"wp:term":[{"taxonomy":"product_cat","embeddable":true,"href":"https:\/\/dev.artheauaviation.com\/eng\/wp-json\/wp\/v2\/product_cat?post=1999"},{"taxonomy":"product_tag","embeddable":true,"href":"https:\/\/dev.artheauaviation.com\/eng\/wp-json\/wp\/v2\/product_tag?post=1999"}],"curies":[{"name":"wp","href":"https:\/\/api.w.org\/{rel}","templated":true}]}}