{"id":2006,"date":"2017-05-26T17:43:34","date_gmt":"2017-05-26T15:43:34","guid":{"rendered":"https:\/\/artheauaviation.com\/eng\/?post_type=product&#038;p=2006"},"modified":"2023-02-27T17:34:11","modified_gmt":"2023-02-27T15:34:11","slug":"piaggio-avanti-ii","status":"publish","type":"product","link":"https:\/\/dev.artheauaviation.com\/eng\/product\/piaggio-avanti-ii\/","title":{"rendered":"Piaggio Avanti II"},"content":{"rendered":"<p style=\"text-align: justify;\"><strong>Pr\u00e9sentation g\u00e9n\u00e9rale:<\/strong><\/p>\n<p style=\"text-align: justify;\">Le Piaggio Avanti est un avion d&#8217;affaires bimoteur construit par la soci\u00e9t\u00e9 italienne Piaggio Aero. L&#8217;ing\u00e9nieur principal \u00e9tait Alessandro Mazzoni. Cet appareil a effectu\u00e9 son premier vol en 1986. Il est construit en deux versions : le Piaggio Avanti et le Piaggio Avanti II, qui a obtenu sa certification en novembre 2005. Cet appareil est toujours en service.<\/p>\n<p style=\"text-align: justify;\"><strong>Caract\u00e9ristiques commerciales:<\/strong><\/p>\n<p style=\"text-align: justify;\">Le Piaggio Avanti poss\u00e8de une cabine pressuris\u00e9e et peut emporter deux pilotes et jusqu&#8217;\u00e0 7 passagers, pour une masse totale de\u00a0<span class=\"nowrap\">907 <abbr class=\"abbr\" title=\"kilogramme\">kg<\/abbr><\/span>. L&#8217;effet des gazs d&#8217;\u00e9chappement sur les h\u00e9lices propulsives et la configuration des ailes de cet appareil ont pour effet un son particulier en vol. Malgr\u00e9 cela, cet appareil n&#8217;est plus bruyant que ses avions \u00e0 configuration similaire.<\/p>\n<p style=\"text-align: justify;\">Cet appareil est \u00e9quip\u00e9 d&#8217;une avionique enti\u00e8rement \u00e9lectronique nomm\u00e9e \u00ab\u00a0Pro Line 21\u00a0\u00bb, ce qui fait de lui\u00a0le turbopropulseur le plus moderne et le plus rapide actuellement produit. Son \u00e9quipement int\u00e9rieur le fait parfois surnommer la \u00ab\u00a0Ferrari du ciel\u00a0\u00bb. Il peut ainsi rivaliser avec des jets.<\/p>\n<p style=\"text-align: justify;\">Aujourd&#8217;hui, 70 exemplaires ont d\u00e9j\u00e0 \u00e9t\u00e9 command\u00e9s.\u00a0La conception unique du Piaggio Avanti permet d&#8217;obtenir une vitesse de croisi\u00e8re de 600 \u00e0 670 km\/h au niveau Flight Level 350, soit \u00e0 10 600 m\u00e8tres de hauteur,\u00a0tout en ayant la consommation d&#8217;un bi-turbopropulseur de type Beechcraft 350 ou Beechcraft Super King Air.<\/p>\n<p style=\"text-align: justify;\"><strong>Caract\u00e9ristiques techniques:\u00a0<\/strong><\/p>\n<p style=\"text-align: justify;\">Le Piaggio Avanti II offre la m\u00eame configuration \u00e0 trois surfaces portantes que son pr\u00e9d\u00e9cesseur : une aile avant, une aile principale, et un empennage porteur. Il dispose \u00e9galement de deux h\u00e9lices propulsives. Cette architecture est la solution retenue pour \u00e9viter la perte de volume habitable caus\u00e9e par le passage du longeron de l&#8217;aile en cabine. Gr\u00e2ce \u00e0 l&#8217;aile avant, le longeron de l&#8217;aile peut \u00eatre recul\u00e9 \u00e0 l&#8217;arri\u00e8re de la cabine.<\/p>\n<p style=\"text-align: justify;\">Cet appareil poss\u00e8de deux turbines Pratt &amp; Whitney Canada PT6A-66 850 ch, tar\u00e9 gardant une puissance maximale jusqu&#8217;au Flight Level 250. Il a une longueur de\u00a0<span class=\"nowrap\">14,17 m\u00e8tres<\/span>, pour une hauteur de\u00a0<span class=\"nowrap\">3,90\u00a0m\u00e8tres. Son syst\u00e8me de propulsion poss\u00e8de deux h\u00e9lices \u00e0 cinq pales de diam\u00e8tre 2,16\u00a0m\u00e8tres. Cet avion d\u00e9tient onze records du monde de vitesse : il assure une autonomie de 1\u00a0300 milles nautiques, soit 2\u00a0400 km, une vitesse maximale de 398 n\u0153uds, soit\u00a0738 km\/h, et une altitude de croisi\u00e8re maximum de 12\u00a0500 m\u00e8tres.<\/span><\/p>\n","protected":false},"excerpt":{"rendered":"<p>Pr\u00e9sentation g\u00e9n\u00e9rale: Le Piaggio Avanti est un avion d&#8217;affaires bimoteur construit par la soci\u00e9t\u00e9 italienne Piaggio Aero. L&#8217;ing\u00e9nieur principal \u00e9tait Alessandro Mazzoni. Cet appareil a effectu\u00e9 son premier vol en 1986. Il est construit en deux versions : le Piaggio Avanti et le Piaggio Avanti II, qui a obtenu sa certification en novembre 2005. Cet [&hellip;]<\/p>\n","protected":false},"featured_media":2536,"template":"","meta":[],"product_cat":[44],"product_tag":[],"yoast_head":"<!-- This site is optimized with the Yoast SEO plugin v20.3 - https:\/\/yoast.com\/wordpress\/plugins\/seo\/ -->\n<title>Piaggio Avanti II - Artheau Aviation<\/title>\n<meta name=\"robots\" content=\"noindex, follow, max-snippet:-1, max-image-preview:large, max-video-preview:-1\" \/>\n<meta property=\"og:locale\" content=\"en_GB\" \/>\n<meta property=\"og:type\" content=\"article\" \/>\n<meta property=\"og:title\" content=\"Piaggio Avanti II - Artheau Aviation\" \/>\n<meta property=\"og:description\" content=\"Pr\u00e9sentation g\u00e9n\u00e9rale: Le Piaggio Avanti est un avion d&#8217;affaires bimoteur construit par la soci\u00e9t\u00e9 italienne Piaggio Aero. L&#8217;ing\u00e9nieur principal \u00e9tait Alessandro Mazzoni. Cet appareil a effectu\u00e9 son premier vol en 1986. Il est construit en deux versions : le Piaggio Avanti et le Piaggio Avanti II, qui a obtenu sa certification en novembre 2005. Cet [&hellip;]\" \/>\n<meta property=\"og:url\" content=\"https:\/\/dev.artheauaviation.com\/eng\/product\/piaggio-avanti-ii\/\" \/>\n<meta property=\"og:site_name\" content=\"Artheau Aviation\" \/>\n<meta property=\"article:modified_time\" content=\"2023-02-27T15:34:11+00:00\" \/>\n<meta property=\"og:image\" content=\"http:\/\/dev.artheauaviation.com\/eng\/wp-content\/uploads\/sites\/4\/2017\/05\/Piaggio-Avanti-II.jpg\" \/>\n\t<meta property=\"og:image:width\" content=\"500\" \/>\n\t<meta property=\"og:image:height\" content=\"375\" \/>\n\t<meta property=\"og:image:type\" content=\"image\/jpeg\" \/>\n<meta name=\"twitter:card\" content=\"summary_large_image\" \/>\n<meta name=\"twitter:label1\" content=\"Estimated reading time\" \/>\n\t<meta name=\"twitter:data1\" content=\"2 minutes\" \/>\n<script type=\"application\/ld+json\" class=\"yoast-schema-graph\">{\"@context\":\"https:\/\/schema.org\",\"@graph\":[{\"@type\":\"WebPage\",\"@id\":\"https:\/\/dev.artheauaviation.com\/eng\/product\/piaggio-avanti-ii\/\",\"url\":\"https:\/\/dev.artheauaviation.com\/eng\/product\/piaggio-avanti-ii\/\",\"name\":\"Piaggio Avanti II - Artheau Aviation\",\"isPartOf\":{\"@id\":\"https:\/\/dev.artheauaviation.com\/eng\/#website\"},\"datePublished\":\"2017-05-26T15:43:34+00:00\",\"dateModified\":\"2023-02-27T15:34:11+00:00\",\"breadcrumb\":{\"@id\":\"https:\/\/dev.artheauaviation.com\/eng\/product\/piaggio-avanti-ii\/#breadcrumb\"},\"inLanguage\":\"en-GB\",\"potentialAction\":[{\"@type\":\"ReadAction\",\"target\":[\"https:\/\/dev.artheauaviation.com\/eng\/product\/piaggio-avanti-ii\/\"]}]},{\"@type\":\"BreadcrumbList\",\"@id\":\"https:\/\/dev.artheauaviation.com\/eng\/product\/piaggio-avanti-ii\/#breadcrumb\",\"itemListElement\":[{\"@type\":\"ListItem\",\"position\":1,\"name\":\"Home\",\"item\":\"https:\/\/dev.artheauaviation.com\/eng\/\"},{\"@type\":\"ListItem\",\"position\":2,\"name\":\"Our Planes\",\"item\":\"https:\/\/dev.artheauaviation.com\/eng\/nos-avions\/\"},{\"@type\":\"ListItem\",\"position\":3,\"name\":\"Piaggio Avanti II\"}]},{\"@type\":\"WebSite\",\"@id\":\"https:\/\/dev.artheauaviation.com\/eng\/#website\",\"url\":\"https:\/\/dev.artheauaviation.com\/eng\/\",\"name\":\"Artheau Aviation\",\"description\":\"Let&#039;s Fly Together\",\"potentialAction\":[{\"@type\":\"SearchAction\",\"target\":{\"@type\":\"EntryPoint\",\"urlTemplate\":\"https:\/\/dev.artheauaviation.com\/eng\/?s={search_term_string}\"},\"query-input\":\"required name=search_term_string\"}],\"inLanguage\":\"en-GB\"}]}<\/script>\n<!-- \/ Yoast SEO plugin. -->","yoast_head_json":{"title":"Piaggio Avanti II - Artheau Aviation","robots":{"index":"noindex","follow":"follow","max-snippet":"max-snippet:-1","max-image-preview":"max-image-preview:large","max-video-preview":"max-video-preview:-1"},"og_locale":"en_GB","og_type":"article","og_title":"Piaggio Avanti II - Artheau Aviation","og_description":"Pr\u00e9sentation g\u00e9n\u00e9rale: Le Piaggio Avanti est un avion d&#8217;affaires bimoteur construit par la soci\u00e9t\u00e9 italienne Piaggio Aero. L&#8217;ing\u00e9nieur principal \u00e9tait Alessandro Mazzoni. Cet appareil a effectu\u00e9 son premier vol en 1986. Il est construit en deux versions : le Piaggio Avanti et le Piaggio Avanti II, qui a obtenu sa certification en novembre 2005. Cet [&hellip;]","og_url":"https:\/\/dev.artheauaviation.com\/eng\/product\/piaggio-avanti-ii\/","og_site_name":"Artheau Aviation","article_modified_time":"2023-02-27T15:34:11+00:00","og_image":[{"width":500,"height":375,"url":"http:\/\/dev.artheauaviation.com\/eng\/wp-content\/uploads\/sites\/4\/2017\/05\/Piaggio-Avanti-II.jpg","type":"image\/jpeg"}],"twitter_card":"summary_large_image","twitter_misc":{"Estimated reading time":"2 minutes"},"schema":{"@context":"https:\/\/schema.org","@graph":[{"@type":"WebPage","@id":"https:\/\/dev.artheauaviation.com\/eng\/product\/piaggio-avanti-ii\/","url":"https:\/\/dev.artheauaviation.com\/eng\/product\/piaggio-avanti-ii\/","name":"Piaggio Avanti II - Artheau Aviation","isPartOf":{"@id":"https:\/\/dev.artheauaviation.com\/eng\/#website"},"datePublished":"2017-05-26T15:43:34+00:00","dateModified":"2023-02-27T15:34:11+00:00","breadcrumb":{"@id":"https:\/\/dev.artheauaviation.com\/eng\/product\/piaggio-avanti-ii\/#breadcrumb"},"inLanguage":"en-GB","potentialAction":[{"@type":"ReadAction","target":["https:\/\/dev.artheauaviation.com\/eng\/product\/piaggio-avanti-ii\/"]}]},{"@type":"BreadcrumbList","@id":"https:\/\/dev.artheauaviation.com\/eng\/product\/piaggio-avanti-ii\/#breadcrumb","itemListElement":[{"@type":"ListItem","position":1,"name":"Home","item":"https:\/\/dev.artheauaviation.com\/eng\/"},{"@type":"ListItem","position":2,"name":"Our Planes","item":"https:\/\/dev.artheauaviation.com\/eng\/nos-avions\/"},{"@type":"ListItem","position":3,"name":"Piaggio Avanti II"}]},{"@type":"WebSite","@id":"https:\/\/dev.artheauaviation.com\/eng\/#website","url":"https:\/\/dev.artheauaviation.com\/eng\/","name":"Artheau Aviation","description":"Let&#039;s Fly Together","potentialAction":[{"@type":"SearchAction","target":{"@type":"EntryPoint","urlTemplate":"https:\/\/dev.artheauaviation.com\/eng\/?s={search_term_string}"},"query-input":"required name=search_term_string"}],"inLanguage":"en-GB"}]}},"yoast_meta":{"title":""},"_links":{"self":[{"href":"https:\/\/dev.artheauaviation.com\/eng\/wp-json\/wp\/v2\/product\/2006"}],"collection":[{"href":"https:\/\/dev.artheauaviation.com\/eng\/wp-json\/wp\/v2\/product"}],"about":[{"href":"https:\/\/dev.artheauaviation.com\/eng\/wp-json\/wp\/v2\/types\/product"}],"wp:featuredmedia":[{"embeddable":true,"href":"https:\/\/dev.artheauaviation.com\/eng\/wp-json\/wp\/v2\/media\/2536"}],"wp:attachment":[{"href":"https:\/\/dev.artheauaviation.com\/eng\/wp-json\/wp\/v2\/media?parent=2006"}],"wp:term":[{"taxonomy":"product_cat","embeddable":true,"href":"https:\/\/dev.artheauaviation.com\/eng\/wp-json\/wp\/v2\/product_cat?post=2006"},{"taxonomy":"product_tag","embeddable":true,"href":"https:\/\/dev.artheauaviation.com\/eng\/wp-json\/wp\/v2\/product_tag?post=2006"}],"curies":[{"name":"wp","href":"https:\/\/api.w.org\/{rel}","templated":true}]}}