{"id":2008,"date":"2017-05-26T17:50:42","date_gmt":"2017-05-26T15:50:42","guid":{"rendered":"https:\/\/artheauaviation.com\/eng\/?post_type=product&#038;p=2008"},"modified":"2023-02-27T17:34:11","modified_gmt":"2023-02-27T15:34:11","slug":"dassault-falcon-mystere-20","status":"publish","type":"product","link":"https:\/\/dev.artheauaviation.com\/eng\/product\/dassault-falcon-mystere-20\/","title":{"rendered":"Dassault Falcon Myst\u00e8re 20"},"content":{"rendered":"<p style=\"text-align: justify;\"><strong>Pr\u00e9sentation g\u00e9n\u00e9rale :<\/strong><\/p>\n<p style=\"text-align: justify;\">Le Myst\u00e8re 20 ou Falcon 20 est un avion d&#8217;affaires bir\u00e9acteur d\u00e9velopp\u00e9 par la soci\u00e9t\u00e9 fran\u00e7aise Dassault Aviation. Il effectue son premier vol le 4 mai\u00a01963. Il s&#8217;agit du premier avion d&#8217;affaires de la famille Falcon.\u00a0Myst\u00e8re-Falcon est le nom de la famille d&#8217;avions d&#8217;affaires \u00e0 r\u00e9action construits depuis 1963 par le constructeur fran\u00e7ais Dassault Aviation. Aujourd&#8217;hui seule la marque Falcon est utilis\u00e9e. En 2012, Dassault Aviation d\u00e9tenait avec cette gamme 17\u00a0% du march\u00e9 mondial de l&#8217;aviation d&#8217;affaire.<\/p>\n<p style=\"text-align: justify;\"><strong>Caract\u00e9ristiques commerciales :<\/strong><\/p>\n<p style=\"text-align: justify;\">Le projet du Falcon 20 est \u00e9tudi\u00e9 bien avant sa mise en service. C&#8217;est en 1954 que le bureau d&#8217;\u00e9tudes de M\u00e9rignac envisage un premier projet de bir\u00e9acteur d&#8217;affaires sous le nom de <i>M\u00e9diterran\u00e9e<\/i>. En l&#8217;absence de motorisation adapt\u00e9e c&#8217;est finalement en 1961 que commence r\u00e9ellement l&#8217;\u00e9tude d&#8217;un avion d&#8217;affaires bir\u00e9acteur d&#8217;abord appel\u00e9 Myst\u00e8re 100. Il sera finalement appel\u00e9 le Myst\u00e8re 20.<\/p>\n<p style=\"text-align: justify;\">Tr\u00e8s rapidement, la compagnie a\u00e9rienne Pan Am passe commande de 40 appareils et annonce le projet d&#8217;en acqu\u00e9rir 200 pour une premi\u00e8re livraison en 1965. L&#8217;avion est am\u00e9ricanis\u00e9 et baptis\u00e9 Fan Jet Falcon. Les certificats de navigabilit\u00e9 sont d\u00e9livr\u00e9s en juin 1965. Le nom Falcon restera d\u00e9finitivement attach\u00e9 \u00e0 la s\u00e9rie.<\/p>\n<p style=\"text-align: justify;\">En 1971, Frederick W. Smith, jeune entrepreneur am\u00e9ricain imagine le concept du transport rapide de fret a\u00e9rien de nuit. Il choisit finalement le Falcon 20 et en commande 33 exemplaires. C&#8217;est avec ces seuls avions que Federal Express Corporation est n\u00e9e et fonctionna avec succ\u00e8s pendant 10 ans. Ce n&#8217;est qu&#8217;en 1982 qu&#8217;elle les rempla\u00e7a par des Boeing 727 et des Douglas DC10.<\/p>\n<p style=\"text-align: justify;\"><strong>Caract\u00e9ristiques techniques :<\/strong><\/p>\n<p style=\"text-align: justify;\">Le Falcon 20 a un \u00e9quipage de deux personnes. Il poss\u00e8de une longueur de 17,15 m\u00e8tres, pour une hauteur de 5,32 m\u00e8tres.\u00a0En 1989, Dassault d\u00e9voile le Falcon 20-5, re-motoris\u00e9 par deux r\u00e9acteurs Garrett TFE-731 BR.<\/p>\n<p style=\"text-align: justify;\">Plusieurs versions extrapol\u00e9es furent \u00e9tudi\u00e9es, notamment les Falcon 30 et 40. Seule une version re-motoris\u00e9e, baptis\u00e9e Falcon 200, fut r\u00e9ellement produite. 477 Myst\u00e8re 20 et 38 Falcon 200 furent construits par Dassault Aviation entre 1965 et 1988 pour des utilisateurs civils, parapublics et militaires.<sup id=\"cite_ref-DA_MF20_7-0\" class=\"reference\"><\/sup><\/p>\n<p>&nbsp;<\/p>\n<p>Eddie Maloney from North Las Vegas, USA &#8211; N42WJ<\/p>\n<p>CC BY-SA 2.0<\/p>\n<p>File: EM N42WJ (2935608735).jpg<\/p>\n<p>Cr\u00e9ation : 12 octobre 2008<\/p>\n","protected":false},"excerpt":{"rendered":"<p>Pr\u00e9sentation g\u00e9n\u00e9rale : Le Myst\u00e8re 20 ou Falcon 20 est un avion d&#8217;affaires bir\u00e9acteur d\u00e9velopp\u00e9 par la soci\u00e9t\u00e9 fran\u00e7aise Dassault Aviation. Il effectue son premier vol le 4 mai\u00a01963. Il s&#8217;agit du premier avion d&#8217;affaires de la famille Falcon.\u00a0Myst\u00e8re-Falcon est le nom de la famille d&#8217;avions d&#8217;affaires \u00e0 r\u00e9action construits depuis 1963 par le constructeur [&hellip;]<\/p>\n","protected":false},"featured_media":2547,"template":"","meta":[],"product_cat":[44],"product_tag":[],"yoast_head":"<!-- This site is optimized with the Yoast SEO plugin v20.3 - https:\/\/yoast.com\/wordpress\/plugins\/seo\/ -->\n<title>Dassault Falcon Myst\u00e8re 20 - Artheau Aviation<\/title>\n<meta name=\"robots\" content=\"noindex, follow, max-snippet:-1, max-image-preview:large, max-video-preview:-1\" \/>\n<meta property=\"og:locale\" content=\"en_GB\" \/>\n<meta property=\"og:type\" content=\"article\" \/>\n<meta property=\"og:title\" content=\"Dassault Falcon Myst\u00e8re 20 - Artheau Aviation\" \/>\n<meta property=\"og:description\" content=\"Pr\u00e9sentation g\u00e9n\u00e9rale : Le Myst\u00e8re 20 ou Falcon 20 est un avion d&#8217;affaires bir\u00e9acteur d\u00e9velopp\u00e9 par la soci\u00e9t\u00e9 fran\u00e7aise Dassault Aviation. Il effectue son premier vol le 4 mai\u00a01963. Il s&#8217;agit du premier avion d&#8217;affaires de la famille Falcon.\u00a0Myst\u00e8re-Falcon est le nom de la famille d&#8217;avions d&#8217;affaires \u00e0 r\u00e9action construits depuis 1963 par le constructeur [&hellip;]\" \/>\n<meta property=\"og:url\" content=\"https:\/\/dev.artheauaviation.com\/eng\/product\/dassault-falcon-mystere-20\/\" \/>\n<meta property=\"og:site_name\" content=\"Artheau Aviation\" \/>\n<meta property=\"article:modified_time\" content=\"2023-02-27T15:34:11+00:00\" \/>\n<meta property=\"og:image\" content=\"http:\/\/dev.artheauaviation.com\/eng\/wp-content\/uploads\/sites\/4\/2017\/05\/Falcon-20.jpg\" \/>\n\t<meta property=\"og:image:width\" content=\"1920\" \/>\n\t<meta property=\"og:image:height\" content=\"889\" \/>\n\t<meta property=\"og:image:type\" content=\"image\/jpeg\" \/>\n<meta name=\"twitter:card\" content=\"summary_large_image\" \/>\n<meta name=\"twitter:label1\" content=\"Estimated reading time\" \/>\n\t<meta name=\"twitter:data1\" content=\"2 minutes\" \/>\n<script type=\"application\/ld+json\" class=\"yoast-schema-graph\">{\"@context\":\"https:\/\/schema.org\",\"@graph\":[{\"@type\":\"WebPage\",\"@id\":\"https:\/\/dev.artheauaviation.com\/eng\/product\/dassault-falcon-mystere-20\/\",\"url\":\"https:\/\/dev.artheauaviation.com\/eng\/product\/dassault-falcon-mystere-20\/\",\"name\":\"Dassault Falcon Myst\u00e8re 20 - Artheau Aviation\",\"isPartOf\":{\"@id\":\"https:\/\/dev.artheauaviation.com\/eng\/#website\"},\"datePublished\":\"2017-05-26T15:50:42+00:00\",\"dateModified\":\"2023-02-27T15:34:11+00:00\",\"breadcrumb\":{\"@id\":\"https:\/\/dev.artheauaviation.com\/eng\/product\/dassault-falcon-mystere-20\/#breadcrumb\"},\"inLanguage\":\"en-GB\",\"potentialAction\":[{\"@type\":\"ReadAction\",\"target\":[\"https:\/\/dev.artheauaviation.com\/eng\/product\/dassault-falcon-mystere-20\/\"]}]},{\"@type\":\"BreadcrumbList\",\"@id\":\"https:\/\/dev.artheauaviation.com\/eng\/product\/dassault-falcon-mystere-20\/#breadcrumb\",\"itemListElement\":[{\"@type\":\"ListItem\",\"position\":1,\"name\":\"Home\",\"item\":\"https:\/\/dev.artheauaviation.com\/eng\/\"},{\"@type\":\"ListItem\",\"position\":2,\"name\":\"Our Planes\",\"item\":\"https:\/\/dev.artheauaviation.com\/eng\/nos-avions\/\"},{\"@type\":\"ListItem\",\"position\":3,\"name\":\"Dassault Falcon Myst\u00e8re 20\"}]},{\"@type\":\"WebSite\",\"@id\":\"https:\/\/dev.artheauaviation.com\/eng\/#website\",\"url\":\"https:\/\/dev.artheauaviation.com\/eng\/\",\"name\":\"Artheau Aviation\",\"description\":\"Let&#039;s Fly Together\",\"potentialAction\":[{\"@type\":\"SearchAction\",\"target\":{\"@type\":\"EntryPoint\",\"urlTemplate\":\"https:\/\/dev.artheauaviation.com\/eng\/?s={search_term_string}\"},\"query-input\":\"required name=search_term_string\"}],\"inLanguage\":\"en-GB\"}]}<\/script>\n<!-- \/ Yoast SEO plugin. -->","yoast_head_json":{"title":"Dassault Falcon Myst\u00e8re 20 - Artheau Aviation","robots":{"index":"noindex","follow":"follow","max-snippet":"max-snippet:-1","max-image-preview":"max-image-preview:large","max-video-preview":"max-video-preview:-1"},"og_locale":"en_GB","og_type":"article","og_title":"Dassault Falcon Myst\u00e8re 20 - Artheau Aviation","og_description":"Pr\u00e9sentation g\u00e9n\u00e9rale : Le Myst\u00e8re 20 ou Falcon 20 est un avion d&#8217;affaires bir\u00e9acteur d\u00e9velopp\u00e9 par la soci\u00e9t\u00e9 fran\u00e7aise Dassault Aviation. Il effectue son premier vol le 4 mai\u00a01963. Il s&#8217;agit du premier avion d&#8217;affaires de la famille Falcon.\u00a0Myst\u00e8re-Falcon est le nom de la famille d&#8217;avions d&#8217;affaires \u00e0 r\u00e9action construits depuis 1963 par le constructeur [&hellip;]","og_url":"https:\/\/dev.artheauaviation.com\/eng\/product\/dassault-falcon-mystere-20\/","og_site_name":"Artheau Aviation","article_modified_time":"2023-02-27T15:34:11+00:00","og_image":[{"width":1920,"height":889,"url":"http:\/\/dev.artheauaviation.com\/eng\/wp-content\/uploads\/sites\/4\/2017\/05\/Falcon-20.jpg","type":"image\/jpeg"}],"twitter_card":"summary_large_image","twitter_misc":{"Estimated reading time":"2 minutes"},"schema":{"@context":"https:\/\/schema.org","@graph":[{"@type":"WebPage","@id":"https:\/\/dev.artheauaviation.com\/eng\/product\/dassault-falcon-mystere-20\/","url":"https:\/\/dev.artheauaviation.com\/eng\/product\/dassault-falcon-mystere-20\/","name":"Dassault Falcon Myst\u00e8re 20 - Artheau Aviation","isPartOf":{"@id":"https:\/\/dev.artheauaviation.com\/eng\/#website"},"datePublished":"2017-05-26T15:50:42+00:00","dateModified":"2023-02-27T15:34:11+00:00","breadcrumb":{"@id":"https:\/\/dev.artheauaviation.com\/eng\/product\/dassault-falcon-mystere-20\/#breadcrumb"},"inLanguage":"en-GB","potentialAction":[{"@type":"ReadAction","target":["https:\/\/dev.artheauaviation.com\/eng\/product\/dassault-falcon-mystere-20\/"]}]},{"@type":"BreadcrumbList","@id":"https:\/\/dev.artheauaviation.com\/eng\/product\/dassault-falcon-mystere-20\/#breadcrumb","itemListElement":[{"@type":"ListItem","position":1,"name":"Home","item":"https:\/\/dev.artheauaviation.com\/eng\/"},{"@type":"ListItem","position":2,"name":"Our Planes","item":"https:\/\/dev.artheauaviation.com\/eng\/nos-avions\/"},{"@type":"ListItem","position":3,"name":"Dassault Falcon Myst\u00e8re 20"}]},{"@type":"WebSite","@id":"https:\/\/dev.artheauaviation.com\/eng\/#website","url":"https:\/\/dev.artheauaviation.com\/eng\/","name":"Artheau Aviation","description":"Let&#039;s Fly Together","potentialAction":[{"@type":"SearchAction","target":{"@type":"EntryPoint","urlTemplate":"https:\/\/dev.artheauaviation.com\/eng\/?s={search_term_string}"},"query-input":"required name=search_term_string"}],"inLanguage":"en-GB"}]}},"yoast_meta":{"title":""},"_links":{"self":[{"href":"https:\/\/dev.artheauaviation.com\/eng\/wp-json\/wp\/v2\/product\/2008"}],"collection":[{"href":"https:\/\/dev.artheauaviation.com\/eng\/wp-json\/wp\/v2\/product"}],"about":[{"href":"https:\/\/dev.artheauaviation.com\/eng\/wp-json\/wp\/v2\/types\/product"}],"wp:featuredmedia":[{"embeddable":true,"href":"https:\/\/dev.artheauaviation.com\/eng\/wp-json\/wp\/v2\/media\/2547"}],"wp:attachment":[{"href":"https:\/\/dev.artheauaviation.com\/eng\/wp-json\/wp\/v2\/media?parent=2008"}],"wp:term":[{"taxonomy":"product_cat","embeddable":true,"href":"https:\/\/dev.artheauaviation.com\/eng\/wp-json\/wp\/v2\/product_cat?post=2008"},{"taxonomy":"product_tag","embeddable":true,"href":"https:\/\/dev.artheauaviation.com\/eng\/wp-json\/wp\/v2\/product_tag?post=2008"}],"curies":[{"name":"wp","href":"https:\/\/api.w.org\/{rel}","templated":true}]}}