{"id":2009,"date":"2017-05-26T17:57:06","date_gmt":"2017-05-26T15:57:06","guid":{"rendered":"https:\/\/artheauaviation.com\/eng\/?post_type=product&#038;p=2009"},"modified":"2023-02-27T17:34:11","modified_gmt":"2023-02-27T15:34:11","slug":"dassault-falcon-50","status":"publish","type":"product","link":"https:\/\/dev.artheauaviation.com\/eng\/product\/dassault-falcon-50\/","title":{"rendered":"Dassault Falcon 50"},"content":{"rendered":"<p style=\"text-align: justify;\"><strong>Pr\u00e9sentation g\u00e9n\u00e9rale:<\/strong><\/p>\n<p style=\"text-align: justify;\">Le Falcon 50 est un tri-r\u00e9acteur de la famille Falcon, construit par la soci\u00e9t\u00e9 fran\u00e7aise \u00a0Dassault Aviation \u00e0 partir de 1976. Il est le troisi\u00e8me avion d&#8217;affaires, et premier tri-r\u00e9acteur de la famille Falcon. Son premier vol a eu lieu le 7 novembre 1976.<\/p>\n<p style=\"text-align: justify;\"><strong>Caract\u00e9ristiques commerciales:<\/strong><\/p>\n<p style=\"text-align: justify;\">Dans les ann\u00e9es 70, une forte demande am\u00e9ricaine d&#8217;un avion d&#8217;affaires \u00e0 long rayon d&#8217;action commence \u00e0 appara\u00eetre. Pour r\u00e9pondre \u00e0 celle-ci, le constructeur Dassault Aviation commence en 1974 l\u2019\u00e9tude de l&#8217;appareil nomm\u00e9 Falcon 50. L&#8217;avion devra parcourir 3\u00a0400 NM, soit <span class=\"nowrap\">6\u00a0300 <abbr class=\"abbr\" title=\"kilom\u00e8tre\">km<\/abbr><\/span>, rendant possible la travers\u00e9e de l\u2019Atlantique Nord ou des \u00c9tats-Unis, sans escale. Le Dassault Falcon 50 fut alors le premier avion d\u2019affaires pouvant franchir l\u2019Atlantique sans escale en respectant les normes du transport public.<\/p>\n<p style=\"text-align: justify;\">Il est \u00e9galement le premier avion civil \u00e0 \u00eatre \u00e9quip\u00e9 d&#8217;une voilure supercritique. Les effets d&#8217;une telle voilure sont l&#8217;augmentation de la vitesse de croisi\u00e8re, une \u00e9conomie de carburant, ainsi qu&#8217;une augmentation de la capacit\u00e9 des r\u00e9servoirs. Ce type de profil, en plus de ces avantages a\u00e9rodynamiques, permet donc de disposer d&#8217;un appareil pouvant parcourir de longues distances \u00e0 une vitesse importante, de mani\u00e8re \u00e9conomique.<\/p>\n<p style=\"text-align: justify;\"><strong>Caract\u00e9ristiques techniques:<\/strong><\/p>\n<p style=\"text-align: justify;\">Le Falcon 50 est bas\u00e9 sur une extrapolation du Myst\u00e8re 20 avec un troisi\u00e8me r\u00e9acteur plac\u00e9 en pied de d\u00e9rive. Dassault Aviation ayant d\u00e9j\u00e0 lanc\u00e9 d&#8217;autres projets tel que le Falcon 30 et Falcon 40, la d\u00e9signation Falcon 50 est finalement choisie. Le premier Falcon 50 est sorti d&#8217;usine le <time class=\"nowrap date-lien\" datetime=\"1976-09-04\">4 septembre 1976. Il<\/time> est le seul Falcon \u00e0 avoir \u00e9t\u00e9 \u00e9quip\u00e9 de si\u00e8ges \u00e9jectables. Sa certification est obtenue le 27 f\u00e9vrier 1979. Il a une longueur de 18,52 m\u00e8tres, avec une hauteur de 6,98 m\u00e8tres.<\/p>\n<p style=\"text-align: justify;\">Le mod\u00e8le a \u00e9t\u00e9 remplac\u00e9 en <time class=\"nowrap date-lien\" datetime=\"1996-04\">avril 1996<\/time> par le Falcon 50EX (<i>EXtended range<\/i>) motoris\u00e9 par des moteurs Honeywell TFE731-40-1C (la pouss\u00e9e est identique \u00e0 la premi\u00e8re motorisation, mais avec la consommation est r\u00e9duite et les potentiels d&#8217;inspection sont augment\u00e9s).\u00a0Le dernier Falcon 50 est sorti de cha\u00eene en 2007.<\/p>\n","protected":false},"excerpt":{"rendered":"<p>Pr\u00e9sentation g\u00e9n\u00e9rale: Le Falcon 50 est un tri-r\u00e9acteur de la famille Falcon, construit par la soci\u00e9t\u00e9 fran\u00e7aise \u00a0Dassault Aviation \u00e0 partir de 1976. Il est le troisi\u00e8me avion d&#8217;affaires, et premier tri-r\u00e9acteur de la famille Falcon. Son premier vol a eu lieu le 7 novembre 1976. Caract\u00e9ristiques commerciales: Dans les ann\u00e9es 70, une forte demande [&hellip;]<\/p>\n","protected":false},"featured_media":2478,"template":"","meta":[],"product_cat":[44],"product_tag":[],"yoast_head":"<!-- This site is optimized with the Yoast SEO plugin v20.3 - https:\/\/yoast.com\/wordpress\/plugins\/seo\/ -->\n<title>Dassault Falcon 50 - Artheau Aviation<\/title>\n<meta name=\"robots\" content=\"noindex, follow, max-snippet:-1, max-image-preview:large, max-video-preview:-1\" \/>\n<meta property=\"og:locale\" content=\"en_GB\" \/>\n<meta property=\"og:type\" content=\"article\" \/>\n<meta property=\"og:title\" content=\"Dassault Falcon 50 - Artheau Aviation\" \/>\n<meta property=\"og:description\" content=\"Pr\u00e9sentation g\u00e9n\u00e9rale: Le Falcon 50 est un tri-r\u00e9acteur de la famille Falcon, construit par la soci\u00e9t\u00e9 fran\u00e7aise \u00a0Dassault Aviation \u00e0 partir de 1976. Il est le troisi\u00e8me avion d&#8217;affaires, et premier tri-r\u00e9acteur de la famille Falcon. Son premier vol a eu lieu le 7 novembre 1976. Caract\u00e9ristiques commerciales: Dans les ann\u00e9es 70, une forte demande [&hellip;]\" \/>\n<meta property=\"og:url\" content=\"https:\/\/dev.artheauaviation.com\/eng\/product\/dassault-falcon-50\/\" \/>\n<meta property=\"og:site_name\" content=\"Artheau Aviation\" \/>\n<meta property=\"article:modified_time\" content=\"2023-02-27T15:34:11+00:00\" \/>\n<meta property=\"og:image\" content=\"http:\/\/dev.artheauaviation.com\/eng\/wp-content\/uploads\/sites\/4\/2017\/05\/Dassault-50.jpg\" \/>\n\t<meta property=\"og:image:width\" content=\"500\" \/>\n\t<meta property=\"og:image:height\" content=\"350\" \/>\n\t<meta property=\"og:image:type\" content=\"image\/jpeg\" \/>\n<meta name=\"twitter:card\" content=\"summary_large_image\" \/>\n<meta name=\"twitter:label1\" content=\"Estimated reading time\" \/>\n\t<meta name=\"twitter:data1\" content=\"2 minutes\" \/>\n<script type=\"application\/ld+json\" class=\"yoast-schema-graph\">{\"@context\":\"https:\/\/schema.org\",\"@graph\":[{\"@type\":\"WebPage\",\"@id\":\"https:\/\/dev.artheauaviation.com\/eng\/product\/dassault-falcon-50\/\",\"url\":\"https:\/\/dev.artheauaviation.com\/eng\/product\/dassault-falcon-50\/\",\"name\":\"Dassault Falcon 50 - Artheau Aviation\",\"isPartOf\":{\"@id\":\"https:\/\/dev.artheauaviation.com\/eng\/#website\"},\"datePublished\":\"2017-05-26T15:57:06+00:00\",\"dateModified\":\"2023-02-27T15:34:11+00:00\",\"breadcrumb\":{\"@id\":\"https:\/\/dev.artheauaviation.com\/eng\/product\/dassault-falcon-50\/#breadcrumb\"},\"inLanguage\":\"en-GB\",\"potentialAction\":[{\"@type\":\"ReadAction\",\"target\":[\"https:\/\/dev.artheauaviation.com\/eng\/product\/dassault-falcon-50\/\"]}]},{\"@type\":\"BreadcrumbList\",\"@id\":\"https:\/\/dev.artheauaviation.com\/eng\/product\/dassault-falcon-50\/#breadcrumb\",\"itemListElement\":[{\"@type\":\"ListItem\",\"position\":1,\"name\":\"Home\",\"item\":\"https:\/\/dev.artheauaviation.com\/eng\/\"},{\"@type\":\"ListItem\",\"position\":2,\"name\":\"Our Planes\",\"item\":\"https:\/\/dev.artheauaviation.com\/eng\/nos-avions\/\"},{\"@type\":\"ListItem\",\"position\":3,\"name\":\"Dassault Falcon 50\"}]},{\"@type\":\"WebSite\",\"@id\":\"https:\/\/dev.artheauaviation.com\/eng\/#website\",\"url\":\"https:\/\/dev.artheauaviation.com\/eng\/\",\"name\":\"Artheau Aviation\",\"description\":\"Let&#039;s Fly Together\",\"potentialAction\":[{\"@type\":\"SearchAction\",\"target\":{\"@type\":\"EntryPoint\",\"urlTemplate\":\"https:\/\/dev.artheauaviation.com\/eng\/?s={search_term_string}\"},\"query-input\":\"required name=search_term_string\"}],\"inLanguage\":\"en-GB\"}]}<\/script>\n<!-- \/ Yoast SEO plugin. -->","yoast_head_json":{"title":"Dassault Falcon 50 - Artheau Aviation","robots":{"index":"noindex","follow":"follow","max-snippet":"max-snippet:-1","max-image-preview":"max-image-preview:large","max-video-preview":"max-video-preview:-1"},"og_locale":"en_GB","og_type":"article","og_title":"Dassault Falcon 50 - Artheau Aviation","og_description":"Pr\u00e9sentation g\u00e9n\u00e9rale: Le Falcon 50 est un tri-r\u00e9acteur de la famille Falcon, construit par la soci\u00e9t\u00e9 fran\u00e7aise \u00a0Dassault Aviation \u00e0 partir de 1976. Il est le troisi\u00e8me avion d&#8217;affaires, et premier tri-r\u00e9acteur de la famille Falcon. Son premier vol a eu lieu le 7 novembre 1976. Caract\u00e9ristiques commerciales: Dans les ann\u00e9es 70, une forte demande [&hellip;]","og_url":"https:\/\/dev.artheauaviation.com\/eng\/product\/dassault-falcon-50\/","og_site_name":"Artheau Aviation","article_modified_time":"2023-02-27T15:34:11+00:00","og_image":[{"width":500,"height":350,"url":"http:\/\/dev.artheauaviation.com\/eng\/wp-content\/uploads\/sites\/4\/2017\/05\/Dassault-50.jpg","type":"image\/jpeg"}],"twitter_card":"summary_large_image","twitter_misc":{"Estimated reading time":"2 minutes"},"schema":{"@context":"https:\/\/schema.org","@graph":[{"@type":"WebPage","@id":"https:\/\/dev.artheauaviation.com\/eng\/product\/dassault-falcon-50\/","url":"https:\/\/dev.artheauaviation.com\/eng\/product\/dassault-falcon-50\/","name":"Dassault Falcon 50 - Artheau Aviation","isPartOf":{"@id":"https:\/\/dev.artheauaviation.com\/eng\/#website"},"datePublished":"2017-05-26T15:57:06+00:00","dateModified":"2023-02-27T15:34:11+00:00","breadcrumb":{"@id":"https:\/\/dev.artheauaviation.com\/eng\/product\/dassault-falcon-50\/#breadcrumb"},"inLanguage":"en-GB","potentialAction":[{"@type":"ReadAction","target":["https:\/\/dev.artheauaviation.com\/eng\/product\/dassault-falcon-50\/"]}]},{"@type":"BreadcrumbList","@id":"https:\/\/dev.artheauaviation.com\/eng\/product\/dassault-falcon-50\/#breadcrumb","itemListElement":[{"@type":"ListItem","position":1,"name":"Home","item":"https:\/\/dev.artheauaviation.com\/eng\/"},{"@type":"ListItem","position":2,"name":"Our Planes","item":"https:\/\/dev.artheauaviation.com\/eng\/nos-avions\/"},{"@type":"ListItem","position":3,"name":"Dassault Falcon 50"}]},{"@type":"WebSite","@id":"https:\/\/dev.artheauaviation.com\/eng\/#website","url":"https:\/\/dev.artheauaviation.com\/eng\/","name":"Artheau Aviation","description":"Let&#039;s Fly Together","potentialAction":[{"@type":"SearchAction","target":{"@type":"EntryPoint","urlTemplate":"https:\/\/dev.artheauaviation.com\/eng\/?s={search_term_string}"},"query-input":"required name=search_term_string"}],"inLanguage":"en-GB"}]}},"yoast_meta":{"title":""},"_links":{"self":[{"href":"https:\/\/dev.artheauaviation.com\/eng\/wp-json\/wp\/v2\/product\/2009"}],"collection":[{"href":"https:\/\/dev.artheauaviation.com\/eng\/wp-json\/wp\/v2\/product"}],"about":[{"href":"https:\/\/dev.artheauaviation.com\/eng\/wp-json\/wp\/v2\/types\/product"}],"wp:featuredmedia":[{"embeddable":true,"href":"https:\/\/dev.artheauaviation.com\/eng\/wp-json\/wp\/v2\/media\/2478"}],"wp:attachment":[{"href":"https:\/\/dev.artheauaviation.com\/eng\/wp-json\/wp\/v2\/media?parent=2009"}],"wp:term":[{"taxonomy":"product_cat","embeddable":true,"href":"https:\/\/dev.artheauaviation.com\/eng\/wp-json\/wp\/v2\/product_cat?post=2009"},{"taxonomy":"product_tag","embeddable":true,"href":"https:\/\/dev.artheauaviation.com\/eng\/wp-json\/wp\/v2\/product_tag?post=2009"}],"curies":[{"name":"wp","href":"https:\/\/api.w.org\/{rel}","templated":true}]}}