{"id":2010,"date":"2017-05-26T17:58:09","date_gmt":"2017-05-26T15:58:09","guid":{"rendered":"https:\/\/artheauaviation.com\/eng\/?post_type=product&#038;p=2010"},"modified":"2023-02-27T17:34:11","modified_gmt":"2023-02-27T15:34:11","slug":"dassault-falcon-900","status":"publish","type":"product","link":"https:\/\/dev.artheauaviation.com\/eng\/product\/dassault-falcon-900\/","title":{"rendered":"Dassault Falcon 900"},"content":{"rendered":"<p style=\"text-align: justify;\"><strong>Pr\u00e9sentation g\u00e9n\u00e9rale:<\/strong><\/p>\n<p style=\"text-align: justify;\">Le Falcon 900 est un avion d&#8217;affaires trir\u00e9acteur de la gamme Myst\u00e8re-Falcon du constructeur fran\u00e7ais\u00a0Dassault Aviation. Les utilisateurs \u00e9tant satisait du Falcon 50, ces derniers souhaitent une version plus grande de cet appareil. Ce projet est confi\u00e9 au bureau d&#8217;\u00e9tudes de M\u00e9rignac et commence en 1982.\u00a0Annonc\u00e9 en 1983 durant le Salon du Bourget, ce nouvel avion d\u00e9riv\u00e9 du trir\u00e9acteur Falcon 50 avait pour objectif de proposer sur le march\u00e9 un avion intercontinental avec une cabine beaucoup plus vaste pour am\u00e9liorer son confort.<\/p>\n<p style=\"text-align: justify;\"><strong>Caract\u00e9ristiques commerciales:<\/strong><\/p>\n<p style=\"text-align: justify;\">Le Falcon 900 propose une capacit\u00e9 de 12 \u00e0 14 passagers contre 8 passagers pour le Falcon 50. Le premier vol se d\u00e9roula le 21 septembre 1984 depuis l&#8217;a\u00e9roport Bordeaux-M\u00e9rignac. L&#8217;avion obtint son certificat de navigabilit\u00e9 de la DGAC le 14 mars 1986, et il obtint \u00a0le 21 mars 1986 sa certification de la Federal Aviation Administration.<\/p>\n<p style=\"text-align: justify;\">M\u00eame si le Falcon 900 ressemble fortement au\u00a0Falcon 50, il pr\u00e9sente de nombreuses innovations. Le fuselage est plus long et plus large, augmentant consid\u00e9rablement le confort int\u00e9rieur. Il remporte d&#8217;ailleurs imm\u00e9diatement un grand succ\u00e8s aupr\u00e8s de la client\u00e8le des avions d\u2019affaires. Un total de 160 Falcon 900 et 900 B ont \u00e9t\u00e9 livr\u00e9s \u00e0 travers le monde. La version Falcon 900EX est commercialis\u00e9e depuis 1996. Cet appreil offre alors un voyage confortable, pour une longue distance sans escale, et pouvant se poser sur diff\u00e9rents terrains.<\/p>\n<p style=\"text-align: justify;\"><strong>Caract\u00e9ristiques techniques:<\/strong><\/p>\n<p style=\"text-align: justify;\">Le Falcon 900 est \u00e9quip\u00e9 d\u2019une avionique num\u00e9rique. La conception et la fabrication assist\u00e9es par ordinateur, utilisant le syst\u00e8me CATIA d\u00e9velopp\u00e9 par Dassault Syst\u00e8mes, permettent de cr\u00e9er, de mettre au point puis de fabriquer, avec une pr\u00e9cision exemplaire, les formes a\u00e9rodynamiques et les structures de l\u2019appareil.<\/p>\n<p style=\"text-align: justify;\">Plusieurs versions se sont succ\u00e9d\u00e9 (900A, 900B, 900Ex, 900C), permettant chacune \u00e0 leur tour d&#8217;augmenter la distance franchissable, et d&#8217;am\u00e9liorer l&#8217;avionique. Gr\u00e2ce \u00e0 ces modifications, l&#8217;appareil a maintenant une distance frnachissable de 4500 milles marins. De plus, les modifications du train d&#8217;atterrissage permettent l&#8217;utilisation de terrains sommaires\u00a0pour permettre des atterrissages sur des a\u00e9roports certifi\u00e9s cat\u00e9gorie II. Au total, avec toutes ces versions, 315 appareils ont \u00e9t\u00e9 vendu.<\/p>\n","protected":false},"excerpt":{"rendered":"<p>Pr\u00e9sentation g\u00e9n\u00e9rale: Le Falcon 900 est un avion d&#8217;affaires trir\u00e9acteur de la gamme Myst\u00e8re-Falcon du constructeur fran\u00e7ais\u00a0Dassault Aviation. Les utilisateurs \u00e9tant satisait du Falcon 50, ces derniers souhaitent une version plus grande de cet appareil. Ce projet est confi\u00e9 au bureau d&#8217;\u00e9tudes de M\u00e9rignac et commence en 1982.\u00a0Annonc\u00e9 en 1983 durant le Salon du Bourget, [&hellip;]<\/p>\n","protected":false},"featured_media":2479,"template":"","meta":[],"product_cat":[44],"product_tag":[],"yoast_head":"<!-- This site is optimized with the Yoast SEO plugin v20.3 - https:\/\/yoast.com\/wordpress\/plugins\/seo\/ -->\n<title>Dassault Falcon 900 - Artheau Aviation<\/title>\n<meta name=\"robots\" content=\"noindex, follow, max-snippet:-1, max-image-preview:large, max-video-preview:-1\" \/>\n<meta property=\"og:locale\" content=\"en_GB\" \/>\n<meta property=\"og:type\" content=\"article\" \/>\n<meta property=\"og:title\" content=\"Dassault Falcon 900 - Artheau Aviation\" \/>\n<meta property=\"og:description\" content=\"Pr\u00e9sentation g\u00e9n\u00e9rale: Le Falcon 900 est un avion d&#8217;affaires trir\u00e9acteur de la gamme Myst\u00e8re-Falcon du constructeur fran\u00e7ais\u00a0Dassault Aviation. Les utilisateurs \u00e9tant satisait du Falcon 50, ces derniers souhaitent une version plus grande de cet appareil. Ce projet est confi\u00e9 au bureau d&#8217;\u00e9tudes de M\u00e9rignac et commence en 1982.\u00a0Annonc\u00e9 en 1983 durant le Salon du Bourget, [&hellip;]\" \/>\n<meta property=\"og:url\" content=\"https:\/\/dev.artheauaviation.com\/eng\/product\/dassault-falcon-900\/\" \/>\n<meta property=\"og:site_name\" content=\"Artheau Aviation\" \/>\n<meta property=\"article:modified_time\" content=\"2023-02-27T15:34:11+00:00\" \/>\n<meta property=\"og:image\" content=\"http:\/\/dev.artheauaviation.com\/eng\/wp-content\/uploads\/sites\/4\/2017\/05\/Dassault-900.jpg\" \/>\n\t<meta property=\"og:image:width\" content=\"500\" \/>\n\t<meta property=\"og:image:height\" content=\"350\" \/>\n\t<meta property=\"og:image:type\" content=\"image\/jpeg\" \/>\n<meta name=\"twitter:card\" content=\"summary_large_image\" \/>\n<meta name=\"twitter:label1\" content=\"Estimated reading time\" \/>\n\t<meta name=\"twitter:data1\" content=\"2 minutes\" \/>\n<script type=\"application\/ld+json\" class=\"yoast-schema-graph\">{\"@context\":\"https:\/\/schema.org\",\"@graph\":[{\"@type\":\"WebPage\",\"@id\":\"https:\/\/dev.artheauaviation.com\/eng\/product\/dassault-falcon-900\/\",\"url\":\"https:\/\/dev.artheauaviation.com\/eng\/product\/dassault-falcon-900\/\",\"name\":\"Dassault Falcon 900 - Artheau Aviation\",\"isPartOf\":{\"@id\":\"https:\/\/dev.artheauaviation.com\/eng\/#website\"},\"datePublished\":\"2017-05-26T15:58:09+00:00\",\"dateModified\":\"2023-02-27T15:34:11+00:00\",\"breadcrumb\":{\"@id\":\"https:\/\/dev.artheauaviation.com\/eng\/product\/dassault-falcon-900\/#breadcrumb\"},\"inLanguage\":\"en-GB\",\"potentialAction\":[{\"@type\":\"ReadAction\",\"target\":[\"https:\/\/dev.artheauaviation.com\/eng\/product\/dassault-falcon-900\/\"]}]},{\"@type\":\"BreadcrumbList\",\"@id\":\"https:\/\/dev.artheauaviation.com\/eng\/product\/dassault-falcon-900\/#breadcrumb\",\"itemListElement\":[{\"@type\":\"ListItem\",\"position\":1,\"name\":\"Home\",\"item\":\"https:\/\/dev.artheauaviation.com\/eng\/\"},{\"@type\":\"ListItem\",\"position\":2,\"name\":\"Our Planes\",\"item\":\"https:\/\/dev.artheauaviation.com\/eng\/nos-avions\/\"},{\"@type\":\"ListItem\",\"position\":3,\"name\":\"Dassault Falcon 900\"}]},{\"@type\":\"WebSite\",\"@id\":\"https:\/\/dev.artheauaviation.com\/eng\/#website\",\"url\":\"https:\/\/dev.artheauaviation.com\/eng\/\",\"name\":\"Artheau Aviation\",\"description\":\"Let&#039;s Fly Together\",\"potentialAction\":[{\"@type\":\"SearchAction\",\"target\":{\"@type\":\"EntryPoint\",\"urlTemplate\":\"https:\/\/dev.artheauaviation.com\/eng\/?s={search_term_string}\"},\"query-input\":\"required name=search_term_string\"}],\"inLanguage\":\"en-GB\"}]}<\/script>\n<!-- \/ Yoast SEO plugin. -->","yoast_head_json":{"title":"Dassault Falcon 900 - Artheau Aviation","robots":{"index":"noindex","follow":"follow","max-snippet":"max-snippet:-1","max-image-preview":"max-image-preview:large","max-video-preview":"max-video-preview:-1"},"og_locale":"en_GB","og_type":"article","og_title":"Dassault Falcon 900 - Artheau Aviation","og_description":"Pr\u00e9sentation g\u00e9n\u00e9rale: Le Falcon 900 est un avion d&#8217;affaires trir\u00e9acteur de la gamme Myst\u00e8re-Falcon du constructeur fran\u00e7ais\u00a0Dassault Aviation. Les utilisateurs \u00e9tant satisait du Falcon 50, ces derniers souhaitent une version plus grande de cet appareil. Ce projet est confi\u00e9 au bureau d&#8217;\u00e9tudes de M\u00e9rignac et commence en 1982.\u00a0Annonc\u00e9 en 1983 durant le Salon du Bourget, [&hellip;]","og_url":"https:\/\/dev.artheauaviation.com\/eng\/product\/dassault-falcon-900\/","og_site_name":"Artheau Aviation","article_modified_time":"2023-02-27T15:34:11+00:00","og_image":[{"width":500,"height":350,"url":"http:\/\/dev.artheauaviation.com\/eng\/wp-content\/uploads\/sites\/4\/2017\/05\/Dassault-900.jpg","type":"image\/jpeg"}],"twitter_card":"summary_large_image","twitter_misc":{"Estimated reading time":"2 minutes"},"schema":{"@context":"https:\/\/schema.org","@graph":[{"@type":"WebPage","@id":"https:\/\/dev.artheauaviation.com\/eng\/product\/dassault-falcon-900\/","url":"https:\/\/dev.artheauaviation.com\/eng\/product\/dassault-falcon-900\/","name":"Dassault Falcon 900 - Artheau Aviation","isPartOf":{"@id":"https:\/\/dev.artheauaviation.com\/eng\/#website"},"datePublished":"2017-05-26T15:58:09+00:00","dateModified":"2023-02-27T15:34:11+00:00","breadcrumb":{"@id":"https:\/\/dev.artheauaviation.com\/eng\/product\/dassault-falcon-900\/#breadcrumb"},"inLanguage":"en-GB","potentialAction":[{"@type":"ReadAction","target":["https:\/\/dev.artheauaviation.com\/eng\/product\/dassault-falcon-900\/"]}]},{"@type":"BreadcrumbList","@id":"https:\/\/dev.artheauaviation.com\/eng\/product\/dassault-falcon-900\/#breadcrumb","itemListElement":[{"@type":"ListItem","position":1,"name":"Home","item":"https:\/\/dev.artheauaviation.com\/eng\/"},{"@type":"ListItem","position":2,"name":"Our Planes","item":"https:\/\/dev.artheauaviation.com\/eng\/nos-avions\/"},{"@type":"ListItem","position":3,"name":"Dassault Falcon 900"}]},{"@type":"WebSite","@id":"https:\/\/dev.artheauaviation.com\/eng\/#website","url":"https:\/\/dev.artheauaviation.com\/eng\/","name":"Artheau Aviation","description":"Let&#039;s Fly Together","potentialAction":[{"@type":"SearchAction","target":{"@type":"EntryPoint","urlTemplate":"https:\/\/dev.artheauaviation.com\/eng\/?s={search_term_string}"},"query-input":"required name=search_term_string"}],"inLanguage":"en-GB"}]}},"yoast_meta":{"title":""},"_links":{"self":[{"href":"https:\/\/dev.artheauaviation.com\/eng\/wp-json\/wp\/v2\/product\/2010"}],"collection":[{"href":"https:\/\/dev.artheauaviation.com\/eng\/wp-json\/wp\/v2\/product"}],"about":[{"href":"https:\/\/dev.artheauaviation.com\/eng\/wp-json\/wp\/v2\/types\/product"}],"wp:featuredmedia":[{"embeddable":true,"href":"https:\/\/dev.artheauaviation.com\/eng\/wp-json\/wp\/v2\/media\/2479"}],"wp:attachment":[{"href":"https:\/\/dev.artheauaviation.com\/eng\/wp-json\/wp\/v2\/media?parent=2010"}],"wp:term":[{"taxonomy":"product_cat","embeddable":true,"href":"https:\/\/dev.artheauaviation.com\/eng\/wp-json\/wp\/v2\/product_cat?post=2010"},{"taxonomy":"product_tag","embeddable":true,"href":"https:\/\/dev.artheauaviation.com\/eng\/wp-json\/wp\/v2\/product_tag?post=2010"}],"curies":[{"name":"wp","href":"https:\/\/api.w.org\/{rel}","templated":true}]}}