{"id":2012,"date":"2017-05-26T17:37:58","date_gmt":"2017-05-26T15:37:58","guid":{"rendered":"https:\/\/artheauaviation.com\/eng\/?post_type=product&#038;p=2012"},"modified":"2023-02-27T17:34:11","modified_gmt":"2023-02-27T15:34:11","slug":"dornier-328-jet","status":"publish","type":"product","link":"https:\/\/dev.artheauaviation.com\/eng\/product\/dornier-328-jet\/","title":{"rendered":"Dornier 328 Jet"},"content":{"rendered":"<p style=\"text-align: justify;\"><strong>Pr\u00e9sentation g\u00e9n\u00e9rale:<\/strong><\/p>\n<p style=\"text-align: justify;\">Le Dornier 328 est un avion de transport commercial bimoteur de grande capacit\u00e9 \u00e0 faible autonomie, con\u00e7u \u00e0 l\u2019origine par la soci\u00e9t\u00e9 allemande de construction a\u00e9ronautique Dornier. La fabrication\u00a0fut ensuite r\u00e9alis\u00e9e et la commercialisation faite par Dornier Luftfahrt GmbH, qui appartenait \u00e0 l\u2019ancienne filiale de Daimler-Benz DASA. \u00c0 la suite de la vente de Dornier \u00e0 Fairchild en 1996, une version suppl\u00e9mentaire \u00e9quip\u00e9e de moteurs \u00e0 r\u00e9action fut lanc\u00e9e d\u00e8s f\u00e9vrier 1997, le \u00ab\u00a0328 Jet\u00a0\u00bb. C\u2019est le dernier appareil con\u00e7u par l\u2019usine Dornier qui ait \u00e9t\u00e9 en service. C\u2019est aussi le dernier appareil de transport enti\u00e8rement con\u00e7u et r\u00e9alis\u00e9 par une soci\u00e9t\u00e9 allemande.<\/p>\n<p style=\"text-align: justify;\"><strong>Caract\u00e9ristiques commerciales:<\/strong><\/p>\n<p style=\"text-align: justify;\">Le Dornier 328-300 ou Dornier 328JET a donn\u00e9 naissance en 1997 \u00e0 un nouveau segment d&#8217;avions r\u00e9gionaux \u00e0 r\u00e9action de tr\u00e8s petite taille. Le premier prototype, un Dornier 328-100 modifi\u00e9, fit sa sortie d\u2019atelier officielle le 6 d\u00e9cembre 1997 \u00e0 Oberpfaffenhofen. Son premier vol eu lieu le 20 janvier 1998. La certification et la premi\u00e8re livraison suivirent vers le milieu de l\u2019ann\u00e9e 1999. 83 exemplaires avaient \u00e9t\u00e9 livr\u00e9s jusqu\u2019en 2002.<\/p>\n<p style=\"text-align: justify;\">La cabine, haute de 1,88 m au milieu de l&#8217;all\u00e9e centrale, est dot\u00e9e de grands compartiments de rangements au-dessus des si\u00e8ges et comprend des toilettes et un espace cuisine enti\u00e8rement \u00e9quip\u00e9. Gr\u00e2ce \u00e0 ses extraordinaires performances sur pistes courtes et ses capacit\u00e9s d\u2019acc\u00e8s vers les grands a\u00e9roports, cet appareil est souvent choisi par les musiciens en tourn\u00e9e, ainsi que les hommes d\u2019affaires.<\/p>\n<p style=\"text-align: justify;\"><strong>Caract\u00e9ristiques techniques:<\/strong><\/p>\n<p style=\"text-align: justify;\">La version standard du Dornier 328 existe dans plusieurs configurations de cabine pour 33 passagers maximum. La diff\u00e9rence essentielle par rapport au mod\u00e8le 328-100 est sa motorisation consistant en turbor\u00e9acteurs \u00e0 soufflante PW308B de Pratt &amp; Whitney Canada. Peu d\u2019autre modifications ont \u00e9t\u00e9 apport\u00e9es pour minimiser les co\u00fbts de fabrication et ne pas remettre en question la communaut\u00e9 avec les autres mod\u00e8les. Fairchild fit cependant faillite au cours de la crise du transport a\u00e9rien de 2001 et ceci mit fin \u00e0 la fabrication du Do 328.<\/p>\n<p style=\"text-align: justify;\">Avec des am\u00e9nagements modulables, cet avion peut se poser des plus petits au plus grands a\u00e9roports en Europe. Agr\u00e9able et confortable, il pr\u00e9sente l\u2019avantage d\u2019\u00eatre l\u2019un des jets les plus \u00e9conomiques pour transporter vos petits groupes sur des courtes distances en France et en Europe.<\/p>\n<p>&nbsp;<\/p>\n<p>Las Vegas &#8211; McCarran International (LAS \/ KLAS) USA &#8211; Nevada, May 19, 2011 Photo: Thom\u00e0s Del Coro<\/p>\n<p>19 May 2011; 17h42<\/p>\n<p>Fairchild Dornier 328-300 328JET N328DA (cn3171)<\/p>\n<p>Tom\u00e0s Del Coro from Las Vegas, Nevada, USA<\/p>\n","protected":false},"excerpt":{"rendered":"<p>Pr\u00e9sentation g\u00e9n\u00e9rale: Le Dornier 328 est un avion de transport commercial bimoteur de grande capacit\u00e9 \u00e0 faible autonomie, con\u00e7u \u00e0 l\u2019origine par la soci\u00e9t\u00e9 allemande de construction a\u00e9ronautique Dornier. La fabrication\u00a0fut ensuite r\u00e9alis\u00e9e et la commercialisation faite par Dornier Luftfahrt GmbH, qui appartenait \u00e0 l\u2019ancienne filiale de Daimler-Benz DASA. \u00c0 la suite de la vente [&hellip;]<\/p>\n","protected":false},"featured_media":2552,"template":"","meta":[],"product_cat":[43],"product_tag":[],"yoast_head":"<!-- This site is optimized with the Yoast SEO plugin v20.3 - https:\/\/yoast.com\/wordpress\/plugins\/seo\/ -->\n<title>Dornier 328 Jet - Artheau Aviation<\/title>\n<meta name=\"robots\" content=\"noindex, follow, max-snippet:-1, max-image-preview:large, max-video-preview:-1\" \/>\n<meta property=\"og:locale\" content=\"en_GB\" \/>\n<meta property=\"og:type\" content=\"article\" \/>\n<meta property=\"og:title\" content=\"Dornier 328 Jet - Artheau Aviation\" \/>\n<meta property=\"og:description\" content=\"Pr\u00e9sentation g\u00e9n\u00e9rale: Le Dornier 328 est un avion de transport commercial bimoteur de grande capacit\u00e9 \u00e0 faible autonomie, con\u00e7u \u00e0 l\u2019origine par la soci\u00e9t\u00e9 allemande de construction a\u00e9ronautique Dornier. La fabrication\u00a0fut ensuite r\u00e9alis\u00e9e et la commercialisation faite par Dornier Luftfahrt GmbH, qui appartenait \u00e0 l\u2019ancienne filiale de Daimler-Benz DASA. \u00c0 la suite de la vente [&hellip;]\" \/>\n<meta property=\"og:url\" content=\"https:\/\/dev.artheauaviation.com\/eng\/product\/dornier-328-jet\/\" \/>\n<meta property=\"og:site_name\" content=\"Artheau Aviation\" \/>\n<meta property=\"article:modified_time\" content=\"2023-02-27T15:34:11+00:00\" \/>\n<meta property=\"og:image\" content=\"http:\/\/dev.artheauaviation.com\/eng\/wp-content\/uploads\/sites\/4\/2017\/05\/dornierjet.jpg\" \/>\n\t<meta property=\"og:image:width\" content=\"800\" \/>\n\t<meta property=\"og:image:height\" content=\"570\" \/>\n\t<meta property=\"og:image:type\" content=\"image\/jpeg\" \/>\n<meta name=\"twitter:card\" content=\"summary_large_image\" \/>\n<meta name=\"twitter:label1\" content=\"Estimated reading time\" \/>\n\t<meta name=\"twitter:data1\" content=\"2 minutes\" \/>\n<script type=\"application\/ld+json\" class=\"yoast-schema-graph\">{\"@context\":\"https:\/\/schema.org\",\"@graph\":[{\"@type\":\"WebPage\",\"@id\":\"https:\/\/dev.artheauaviation.com\/eng\/product\/dornier-328-jet\/\",\"url\":\"https:\/\/dev.artheauaviation.com\/eng\/product\/dornier-328-jet\/\",\"name\":\"Dornier 328 Jet - Artheau Aviation\",\"isPartOf\":{\"@id\":\"https:\/\/dev.artheauaviation.com\/eng\/#website\"},\"datePublished\":\"2017-05-26T15:37:58+00:00\",\"dateModified\":\"2023-02-27T15:34:11+00:00\",\"breadcrumb\":{\"@id\":\"https:\/\/dev.artheauaviation.com\/eng\/product\/dornier-328-jet\/#breadcrumb\"},\"inLanguage\":\"en-GB\",\"potentialAction\":[{\"@type\":\"ReadAction\",\"target\":[\"https:\/\/dev.artheauaviation.com\/eng\/product\/dornier-328-jet\/\"]}]},{\"@type\":\"BreadcrumbList\",\"@id\":\"https:\/\/dev.artheauaviation.com\/eng\/product\/dornier-328-jet\/#breadcrumb\",\"itemListElement\":[{\"@type\":\"ListItem\",\"position\":1,\"name\":\"Home\",\"item\":\"https:\/\/dev.artheauaviation.com\/eng\/\"},{\"@type\":\"ListItem\",\"position\":2,\"name\":\"Our Planes\",\"item\":\"https:\/\/dev.artheauaviation.com\/eng\/nos-avions\/\"},{\"@type\":\"ListItem\",\"position\":3,\"name\":\"Dornier 328 Jet\"}]},{\"@type\":\"WebSite\",\"@id\":\"https:\/\/dev.artheauaviation.com\/eng\/#website\",\"url\":\"https:\/\/dev.artheauaviation.com\/eng\/\",\"name\":\"Artheau Aviation\",\"description\":\"Let&#039;s Fly Together\",\"potentialAction\":[{\"@type\":\"SearchAction\",\"target\":{\"@type\":\"EntryPoint\",\"urlTemplate\":\"https:\/\/dev.artheauaviation.com\/eng\/?s={search_term_string}\"},\"query-input\":\"required name=search_term_string\"}],\"inLanguage\":\"en-GB\"}]}<\/script>\n<!-- \/ Yoast SEO plugin. -->","yoast_head_json":{"title":"Dornier 328 Jet - Artheau Aviation","robots":{"index":"noindex","follow":"follow","max-snippet":"max-snippet:-1","max-image-preview":"max-image-preview:large","max-video-preview":"max-video-preview:-1"},"og_locale":"en_GB","og_type":"article","og_title":"Dornier 328 Jet - Artheau Aviation","og_description":"Pr\u00e9sentation g\u00e9n\u00e9rale: Le Dornier 328 est un avion de transport commercial bimoteur de grande capacit\u00e9 \u00e0 faible autonomie, con\u00e7u \u00e0 l\u2019origine par la soci\u00e9t\u00e9 allemande de construction a\u00e9ronautique Dornier. La fabrication\u00a0fut ensuite r\u00e9alis\u00e9e et la commercialisation faite par Dornier Luftfahrt GmbH, qui appartenait \u00e0 l\u2019ancienne filiale de Daimler-Benz DASA. \u00c0 la suite de la vente [&hellip;]","og_url":"https:\/\/dev.artheauaviation.com\/eng\/product\/dornier-328-jet\/","og_site_name":"Artheau Aviation","article_modified_time":"2023-02-27T15:34:11+00:00","og_image":[{"width":800,"height":570,"url":"http:\/\/dev.artheauaviation.com\/eng\/wp-content\/uploads\/sites\/4\/2017\/05\/dornierjet.jpg","type":"image\/jpeg"}],"twitter_card":"summary_large_image","twitter_misc":{"Estimated reading time":"2 minutes"},"schema":{"@context":"https:\/\/schema.org","@graph":[{"@type":"WebPage","@id":"https:\/\/dev.artheauaviation.com\/eng\/product\/dornier-328-jet\/","url":"https:\/\/dev.artheauaviation.com\/eng\/product\/dornier-328-jet\/","name":"Dornier 328 Jet - Artheau Aviation","isPartOf":{"@id":"https:\/\/dev.artheauaviation.com\/eng\/#website"},"datePublished":"2017-05-26T15:37:58+00:00","dateModified":"2023-02-27T15:34:11+00:00","breadcrumb":{"@id":"https:\/\/dev.artheauaviation.com\/eng\/product\/dornier-328-jet\/#breadcrumb"},"inLanguage":"en-GB","potentialAction":[{"@type":"ReadAction","target":["https:\/\/dev.artheauaviation.com\/eng\/product\/dornier-328-jet\/"]}]},{"@type":"BreadcrumbList","@id":"https:\/\/dev.artheauaviation.com\/eng\/product\/dornier-328-jet\/#breadcrumb","itemListElement":[{"@type":"ListItem","position":1,"name":"Home","item":"https:\/\/dev.artheauaviation.com\/eng\/"},{"@type":"ListItem","position":2,"name":"Our Planes","item":"https:\/\/dev.artheauaviation.com\/eng\/nos-avions\/"},{"@type":"ListItem","position":3,"name":"Dornier 328 Jet"}]},{"@type":"WebSite","@id":"https:\/\/dev.artheauaviation.com\/eng\/#website","url":"https:\/\/dev.artheauaviation.com\/eng\/","name":"Artheau Aviation","description":"Let&#039;s Fly Together","potentialAction":[{"@type":"SearchAction","target":{"@type":"EntryPoint","urlTemplate":"https:\/\/dev.artheauaviation.com\/eng\/?s={search_term_string}"},"query-input":"required name=search_term_string"}],"inLanguage":"en-GB"}]}},"yoast_meta":{"title":""},"_links":{"self":[{"href":"https:\/\/dev.artheauaviation.com\/eng\/wp-json\/wp\/v2\/product\/2012"}],"collection":[{"href":"https:\/\/dev.artheauaviation.com\/eng\/wp-json\/wp\/v2\/product"}],"about":[{"href":"https:\/\/dev.artheauaviation.com\/eng\/wp-json\/wp\/v2\/types\/product"}],"wp:featuredmedia":[{"embeddable":true,"href":"https:\/\/dev.artheauaviation.com\/eng\/wp-json\/wp\/v2\/media\/2552"}],"wp:attachment":[{"href":"https:\/\/dev.artheauaviation.com\/eng\/wp-json\/wp\/v2\/media?parent=2012"}],"wp:term":[{"taxonomy":"product_cat","embeddable":true,"href":"https:\/\/dev.artheauaviation.com\/eng\/wp-json\/wp\/v2\/product_cat?post=2012"},{"taxonomy":"product_tag","embeddable":true,"href":"https:\/\/dev.artheauaviation.com\/eng\/wp-json\/wp\/v2\/product_tag?post=2012"}],"curies":[{"name":"wp","href":"https:\/\/api.w.org\/{rel}","templated":true}]}}