{"id":2013,"date":"2017-05-26T17:35:33","date_gmt":"2017-05-26T15:35:33","guid":{"rendered":"https:\/\/artheauaviation.com\/eng\/?post_type=product&#038;p=2013"},"modified":"2023-02-27T17:34:12","modified_gmt":"2023-02-27T15:34:12","slug":"learjet-45","status":"publish","type":"product","link":"https:\/\/dev.artheauaviation.com\/eng\/product\/learjet-45\/","title":{"rendered":"Learjet 45"},"content":{"rendered":"<p style=\"text-align: justify;\"><strong>Pr\u00e9sentation g\u00e9n\u00e9rale:<\/strong><\/p>\n<p style=\"text-align: justify;\">Le Learjet 45 (LJ45) est un avion d&#8217;affaires de taille moyenne, d\u00e9velopp\u00e9 par Bombardier Aerospace. Learjet est un constructeur a\u00e9ronautique am\u00e9ricain cr\u00e9\u00e9 en 1959 et sp\u00e9cialis\u00e9 dans la construction de jets d&#8217;affaires. Il fait partie du groupe Bombardier A\u00e9ronautique depuis 1990.\u00a0En 1959, William P. Lear fonde en Suisse la <i>Swiss American Aviation Corporation<\/i>. Elle d\u00e9m\u00e9nage en 1962 au Kansas, aux \u00c9tats-Unis,\u00a0pour d\u00e9velopper la fabrication d&#8217;avions \u00e0 r\u00e9action \u00e0 usage priv\u00e9, et sera renomm\u00e9e en 1963 &#8220;Lear Jet Corporation&#8221;. Le premier mod\u00e8le fut le Learjet 23 Continentals, bas\u00e9 sur la structure d&#8217;un avion \u00e0 r\u00e9action suisse.<\/p>\n<p style=\"text-align: justify;\"><strong>Caract\u00e9ristiques commerciales:<\/strong><\/p>\n<p style=\"text-align: justify;\">Le d\u00e9veloppement du Learjet 45 a \u00e9t\u00e9 annonc\u00e9 par le constructeur canadien Bombardier en septembre 1992, et le premier prototype fut sorti le 7 octobre 1995, 32 ans apr\u00e8s le premier du Learjet 23. La Federal Aviation Admnistration (FAA) accorda son homologation en septembre 1997. Depuis, 264 appareils ont \u00e9t\u00e9 produits.<\/p>\n<p style=\"text-align: justify;\">Huit passagers peuvent voyager \u00e0 bord de la cabine du Learjet 45, confortablement install\u00e9s dans des si\u00e8ges group\u00e9s par deux et suffisamment espac\u00e9s pour pivoter, s&#8217;incliner ou s&#8217;avancer. \u00a0Si ses dimensions peuvent parfois freiner (il offre une hauteur de 4,31 m\u00e8tres), l&#8217;int\u00e9rieur du Learjet 45 a \u00e9t\u00e9 con\u00e7u pour offrir un maximum d&#8217;espace aux passagers.<\/p>\n<p style=\"text-align: justify;\"><strong>Caract\u00e9ristiques techniques:<\/strong><\/p>\n<p style=\"text-align: justify;\">Chaque ann\u00e9e apparaissent de nouveaux mod\u00e8les de jets priv\u00e9s, mais il est rare d&#8217;assister au lancement d&#8217;un appareil r\u00e9ellement innovant. Le Learjet 45 fait partie de ces rares jets int\u00e9grant sans fausses notes une technologie de pointe \u00e0 un mod\u00e8le plus ancien reconnu et appr\u00e9ci\u00e9, le Learjet 23. Sa vitesse et sa faible consommation de carburant ne surprennent personne, mais l&#8217;ensemble de ses autres caract\u00e9ristiques en font un jet priv\u00e9 d&#8217;excellente qualit\u00e9.<\/p>\n<p style=\"text-align: justify;\">Le Learjet 45 fait partie de la derni\u00e8re technologie de jet priv\u00e9 de taille moyenne. Cet appareil offre une autonomie de 1800 miles nautiques et une cabine spacieuse munie de si\u00e8ges doubles confortables. Tr\u00e8s populaire et \u00e9conomique, cet avion propose une cabine am\u00e9nag\u00e9e avec \u00e9l\u00e9gance et style.<\/p>\n","protected":false},"excerpt":{"rendered":"<p>Pr\u00e9sentation g\u00e9n\u00e9rale: Le Learjet 45 (LJ45) est un avion d&#8217;affaires de taille moyenne, d\u00e9velopp\u00e9 par Bombardier Aerospace. Learjet est un constructeur a\u00e9ronautique am\u00e9ricain cr\u00e9\u00e9 en 1959 et sp\u00e9cialis\u00e9 dans la construction de jets d&#8217;affaires. Il fait partie du groupe Bombardier A\u00e9ronautique depuis 1990.\u00a0En 1959, William P. Lear fonde en Suisse la Swiss American Aviation Corporation. [&hellip;]<\/p>\n","protected":false},"featured_media":2493,"template":"","meta":[],"product_cat":[44],"product_tag":[],"yoast_head":"<!-- This site is optimized with the Yoast SEO plugin v20.3 - https:\/\/yoast.com\/wordpress\/plugins\/seo\/ -->\n<title>Learjet 45 - Artheau Aviation<\/title>\n<meta name=\"robots\" content=\"noindex, follow, max-snippet:-1, max-image-preview:large, max-video-preview:-1\" \/>\n<meta property=\"og:locale\" content=\"en_GB\" \/>\n<meta property=\"og:type\" content=\"article\" \/>\n<meta property=\"og:title\" content=\"Learjet 45 - Artheau Aviation\" \/>\n<meta property=\"og:description\" content=\"Pr\u00e9sentation g\u00e9n\u00e9rale: Le Learjet 45 (LJ45) est un avion d&#8217;affaires de taille moyenne, d\u00e9velopp\u00e9 par Bombardier Aerospace. Learjet est un constructeur a\u00e9ronautique am\u00e9ricain cr\u00e9\u00e9 en 1959 et sp\u00e9cialis\u00e9 dans la construction de jets d&#8217;affaires. Il fait partie du groupe Bombardier A\u00e9ronautique depuis 1990.\u00a0En 1959, William P. Lear fonde en Suisse la Swiss American Aviation Corporation. [&hellip;]\" \/>\n<meta property=\"og:url\" content=\"https:\/\/dev.artheauaviation.com\/eng\/product\/learjet-45\/\" \/>\n<meta property=\"og:site_name\" content=\"Artheau Aviation\" \/>\n<meta property=\"article:modified_time\" content=\"2023-02-27T15:34:12+00:00\" \/>\n<meta property=\"og:image\" content=\"http:\/\/dev.artheauaviation.com\/eng\/wp-content\/uploads\/sites\/4\/2017\/05\/Learjet-45.jpg\" \/>\n\t<meta property=\"og:image:width\" content=\"500\" \/>\n\t<meta property=\"og:image:height\" content=\"350\" \/>\n\t<meta property=\"og:image:type\" content=\"image\/jpeg\" \/>\n<meta name=\"twitter:card\" content=\"summary_large_image\" \/>\n<meta name=\"twitter:label1\" content=\"Estimated reading time\" \/>\n\t<meta name=\"twitter:data1\" content=\"2 minutes\" \/>\n<script type=\"application\/ld+json\" class=\"yoast-schema-graph\">{\"@context\":\"https:\/\/schema.org\",\"@graph\":[{\"@type\":\"WebPage\",\"@id\":\"https:\/\/dev.artheauaviation.com\/eng\/product\/learjet-45\/\",\"url\":\"https:\/\/dev.artheauaviation.com\/eng\/product\/learjet-45\/\",\"name\":\"Learjet 45 - Artheau Aviation\",\"isPartOf\":{\"@id\":\"https:\/\/dev.artheauaviation.com\/eng\/#website\"},\"datePublished\":\"2017-05-26T15:35:33+00:00\",\"dateModified\":\"2023-02-27T15:34:12+00:00\",\"breadcrumb\":{\"@id\":\"https:\/\/dev.artheauaviation.com\/eng\/product\/learjet-45\/#breadcrumb\"},\"inLanguage\":\"en-GB\",\"potentialAction\":[{\"@type\":\"ReadAction\",\"target\":[\"https:\/\/dev.artheauaviation.com\/eng\/product\/learjet-45\/\"]}]},{\"@type\":\"BreadcrumbList\",\"@id\":\"https:\/\/dev.artheauaviation.com\/eng\/product\/learjet-45\/#breadcrumb\",\"itemListElement\":[{\"@type\":\"ListItem\",\"position\":1,\"name\":\"Home\",\"item\":\"https:\/\/dev.artheauaviation.com\/eng\/\"},{\"@type\":\"ListItem\",\"position\":2,\"name\":\"Our Planes\",\"item\":\"https:\/\/dev.artheauaviation.com\/eng\/nos-avions\/\"},{\"@type\":\"ListItem\",\"position\":3,\"name\":\"Learjet 45\"}]},{\"@type\":\"WebSite\",\"@id\":\"https:\/\/dev.artheauaviation.com\/eng\/#website\",\"url\":\"https:\/\/dev.artheauaviation.com\/eng\/\",\"name\":\"Artheau Aviation\",\"description\":\"Let&#039;s Fly Together\",\"potentialAction\":[{\"@type\":\"SearchAction\",\"target\":{\"@type\":\"EntryPoint\",\"urlTemplate\":\"https:\/\/dev.artheauaviation.com\/eng\/?s={search_term_string}\"},\"query-input\":\"required name=search_term_string\"}],\"inLanguage\":\"en-GB\"}]}<\/script>\n<!-- \/ Yoast SEO plugin. -->","yoast_head_json":{"title":"Learjet 45 - Artheau Aviation","robots":{"index":"noindex","follow":"follow","max-snippet":"max-snippet:-1","max-image-preview":"max-image-preview:large","max-video-preview":"max-video-preview:-1"},"og_locale":"en_GB","og_type":"article","og_title":"Learjet 45 - Artheau Aviation","og_description":"Pr\u00e9sentation g\u00e9n\u00e9rale: Le Learjet 45 (LJ45) est un avion d&#8217;affaires de taille moyenne, d\u00e9velopp\u00e9 par Bombardier Aerospace. Learjet est un constructeur a\u00e9ronautique am\u00e9ricain cr\u00e9\u00e9 en 1959 et sp\u00e9cialis\u00e9 dans la construction de jets d&#8217;affaires. Il fait partie du groupe Bombardier A\u00e9ronautique depuis 1990.\u00a0En 1959, William P. Lear fonde en Suisse la Swiss American Aviation Corporation. [&hellip;]","og_url":"https:\/\/dev.artheauaviation.com\/eng\/product\/learjet-45\/","og_site_name":"Artheau Aviation","article_modified_time":"2023-02-27T15:34:12+00:00","og_image":[{"width":500,"height":350,"url":"http:\/\/dev.artheauaviation.com\/eng\/wp-content\/uploads\/sites\/4\/2017\/05\/Learjet-45.jpg","type":"image\/jpeg"}],"twitter_card":"summary_large_image","twitter_misc":{"Estimated reading time":"2 minutes"},"schema":{"@context":"https:\/\/schema.org","@graph":[{"@type":"WebPage","@id":"https:\/\/dev.artheauaviation.com\/eng\/product\/learjet-45\/","url":"https:\/\/dev.artheauaviation.com\/eng\/product\/learjet-45\/","name":"Learjet 45 - Artheau Aviation","isPartOf":{"@id":"https:\/\/dev.artheauaviation.com\/eng\/#website"},"datePublished":"2017-05-26T15:35:33+00:00","dateModified":"2023-02-27T15:34:12+00:00","breadcrumb":{"@id":"https:\/\/dev.artheauaviation.com\/eng\/product\/learjet-45\/#breadcrumb"},"inLanguage":"en-GB","potentialAction":[{"@type":"ReadAction","target":["https:\/\/dev.artheauaviation.com\/eng\/product\/learjet-45\/"]}]},{"@type":"BreadcrumbList","@id":"https:\/\/dev.artheauaviation.com\/eng\/product\/learjet-45\/#breadcrumb","itemListElement":[{"@type":"ListItem","position":1,"name":"Home","item":"https:\/\/dev.artheauaviation.com\/eng\/"},{"@type":"ListItem","position":2,"name":"Our Planes","item":"https:\/\/dev.artheauaviation.com\/eng\/nos-avions\/"},{"@type":"ListItem","position":3,"name":"Learjet 45"}]},{"@type":"WebSite","@id":"https:\/\/dev.artheauaviation.com\/eng\/#website","url":"https:\/\/dev.artheauaviation.com\/eng\/","name":"Artheau Aviation","description":"Let&#039;s Fly Together","potentialAction":[{"@type":"SearchAction","target":{"@type":"EntryPoint","urlTemplate":"https:\/\/dev.artheauaviation.com\/eng\/?s={search_term_string}"},"query-input":"required name=search_term_string"}],"inLanguage":"en-GB"}]}},"yoast_meta":{"title":""},"_links":{"self":[{"href":"https:\/\/dev.artheauaviation.com\/eng\/wp-json\/wp\/v2\/product\/2013"}],"collection":[{"href":"https:\/\/dev.artheauaviation.com\/eng\/wp-json\/wp\/v2\/product"}],"about":[{"href":"https:\/\/dev.artheauaviation.com\/eng\/wp-json\/wp\/v2\/types\/product"}],"wp:featuredmedia":[{"embeddable":true,"href":"https:\/\/dev.artheauaviation.com\/eng\/wp-json\/wp\/v2\/media\/2493"}],"wp:attachment":[{"href":"https:\/\/dev.artheauaviation.com\/eng\/wp-json\/wp\/v2\/media?parent=2013"}],"wp:term":[{"taxonomy":"product_cat","embeddable":true,"href":"https:\/\/dev.artheauaviation.com\/eng\/wp-json\/wp\/v2\/product_cat?post=2013"},{"taxonomy":"product_tag","embeddable":true,"href":"https:\/\/dev.artheauaviation.com\/eng\/wp-json\/wp\/v2\/product_tag?post=2013"}],"curies":[{"name":"wp","href":"https:\/\/api.w.org\/{rel}","templated":true}]}}