{"id":2014,"date":"2017-05-26T17:34:37","date_gmt":"2017-05-26T15:34:37","guid":{"rendered":"https:\/\/artheauaviation.com\/eng\/?post_type=product&#038;p=2014"},"modified":"2019-04-17T00:43:31","modified_gmt":"2019-04-16T22:43:31","slug":"learjet-60","status":"publish","type":"product","link":"https:\/\/dev.artheauaviation.com\/eng\/product\/learjet-60\/","title":{"rendered":"Learjet 60"},"content":{"rendered":"<p style=\"text-align: justify;\"><strong>Pr\u00e9sentation g\u00e9n\u00e9rale:<\/strong><\/p>\n<p style=\"text-align: justify;\">Le Learjet 60 est un jet d&#8217;affaires am\u00e9ricain fabriqu\u00e9 par Bombardier A\u00e9ronautique \u00e0 Wichita, au Kansas. Learjet est un constructeur a\u00e9ronautique am\u00e9ricain cr\u00e9\u00e9 en 1959 et sp\u00e9cialis\u00e9 dans la construction de jets d&#8217;affaires. Il fait partie du groupe Bombardier A\u00e9ronautique depuis 1990.\u00a0En 1959, William P. Lear fonde en Suisse la <i>Swiss American Aviation Corporation<\/i>. Elle d\u00e9m\u00e9nage en 1962 au Kansas, aux \u00c9tats-Unis,\u00a0pour d\u00e9velopper la fabrication d&#8217;avions \u00e0 r\u00e9action \u00e0 usage priv\u00e9, et sera renomm\u00e9e en 1963 &#8220;Lear Jet Corporation&#8221;.<\/p>\n<p style=\"text-align: justify;\"><strong>Caract\u00e9ristiques commerciales:<\/strong><\/p>\n<p style=\"text-align: justify;\">Le Learjet 60 est une version am\u00e9lior\u00e9e du Learjet 55, pourvu d&#8217;un fuselage plus long et de turbor\u00e9acteurs plus puissants. Son premier vol s&#8217;est d\u00e9roul\u00e9 en juin 1991 et a re\u00e7u son certificat de vol en janvier 1993.<\/p>\n<p style=\"text-align: justify;\">Cet appareil ne fait pas partie de la cat\u00e9gorie d&#8217;avion pouvant faire des vols transoc\u00e9aniques directement \u00e0 partir des \u00c9tats-Unis, mais il peut n\u00e9anmoins traverser l&#8217;Atlantique, de Terre-Neuve jusqu&#8217;aux \u00eeles britanniques.<\/p>\n<p style=\"text-align: justify;\"><strong>Caract\u00e9ristiques techniques:<\/strong><\/p>\n<p style=\"text-align: justify;\">Les modifications qui ont convertit le mod\u00e8le Learjet 55 en Learjet 60 r\u00e9sultent d&#8217;un programme d&#8217;am\u00e9liorations a\u00e9rodynamiques et d&#8217;un besoin d&#8217;augmenter la gamme de produits Learjet. Quelques-unes de ces modifications furent une premi\u00e8re pour Learjet. 314 appareils ont \u00e9t\u00e9 construits, et la production du Learjet 60 s&#8217;est termin\u00e9e en 2007.\u00a0Sa cabine est la plus spacieuse de la gamme. Elle peut accueillir sept ou huit passagers dans un espace con\u00e7u pour apporter de l&#8217;aisance l\u00e0 o\u00f9 elle est n\u00e9cessaire, notamment sur les accoudoirs des passagers.<\/p>\n<p style=\"text-align: justify;\">Bombardier annonce en 2005 le lancement de son successeur le Learjet 60XR, certifi\u00e9 en 2007. Il dispose d&#8217;une nouvelle avionique Rockwell Collins Pro Line 21 et des freins plus performants.<sup id=\"cite_ref-2\" class=\"reference\"><\/sup><\/p>\n<p style=\"text-align: justify;\">Le Learjet 60 est con\u00e7u pour la vitesse. Il a une mont\u00e9e plus rapide en haute altitude o\u00f9 il se d\u00e9place \u00e0 une vitesse de Mach 0,81, soit \u00e0 1000 km\/h. En plus d&#8217;\u00eatre rapide, le Learjet 60 consomme peu de carburant et est un des jets de taille moyenne les plus fiables du march\u00e9 de l&#8217;affr\u00e8tement.<\/p>\n","protected":false},"excerpt":{"rendered":"<p>Pr\u00e9sentation g\u00e9n\u00e9rale: Le Learjet 60 est un jet d&#8217;affaires am\u00e9ricain fabriqu\u00e9 par Bombardier A\u00e9ronautique \u00e0 Wichita, au Kansas. Learjet est un constructeur a\u00e9ronautique am\u00e9ricain cr\u00e9\u00e9 en 1959 et sp\u00e9cialis\u00e9 dans la construction de jets d&#8217;affaires. Il fait partie du groupe Bombardier A\u00e9ronautique depuis 1990.\u00a0En 1959, William P. Lear fonde en Suisse la Swiss American Aviation [&hellip;]<\/p>\n","protected":false},"featured_media":2492,"template":"","meta":[],"product_cat":[44],"product_tag":[],"yoast_head":"<!-- This site is optimized with the Yoast SEO plugin v20.3 - https:\/\/yoast.com\/wordpress\/plugins\/seo\/ -->\n<title>Learjet 60 - Artheau Aviation<\/title>\n<meta name=\"robots\" content=\"noindex, follow, max-snippet:-1, max-image-preview:large, max-video-preview:-1\" \/>\n<meta property=\"og:locale\" content=\"en_GB\" \/>\n<meta property=\"og:type\" content=\"article\" \/>\n<meta property=\"og:title\" content=\"Learjet 60 - Artheau Aviation\" \/>\n<meta property=\"og:description\" content=\"Pr\u00e9sentation g\u00e9n\u00e9rale: Le Learjet 60 est un jet d&#8217;affaires am\u00e9ricain fabriqu\u00e9 par Bombardier A\u00e9ronautique \u00e0 Wichita, au Kansas. Learjet est un constructeur a\u00e9ronautique am\u00e9ricain cr\u00e9\u00e9 en 1959 et sp\u00e9cialis\u00e9 dans la construction de jets d&#8217;affaires. Il fait partie du groupe Bombardier A\u00e9ronautique depuis 1990.\u00a0En 1959, William P. Lear fonde en Suisse la Swiss American Aviation [&hellip;]\" \/>\n<meta property=\"og:url\" content=\"https:\/\/dev.artheauaviation.com\/eng\/product\/learjet-60\/\" \/>\n<meta property=\"og:site_name\" content=\"Artheau Aviation\" \/>\n<meta property=\"article:modified_time\" content=\"2019-04-16T22:43:31+00:00\" \/>\n<meta property=\"og:image\" content=\"http:\/\/dev.artheauaviation.com\/eng\/wp-content\/uploads\/sites\/4\/2017\/05\/Learjet-60.jpg\" \/>\n\t<meta property=\"og:image:width\" content=\"500\" \/>\n\t<meta property=\"og:image:height\" content=\"350\" \/>\n\t<meta property=\"og:image:type\" content=\"image\/jpeg\" \/>\n<meta name=\"twitter:card\" content=\"summary_large_image\" \/>\n<meta name=\"twitter:label1\" content=\"Estimated reading time\" \/>\n\t<meta name=\"twitter:data1\" content=\"2 minutes\" \/>\n<script type=\"application\/ld+json\" class=\"yoast-schema-graph\">{\"@context\":\"https:\/\/schema.org\",\"@graph\":[{\"@type\":\"WebPage\",\"@id\":\"https:\/\/dev.artheauaviation.com\/eng\/product\/learjet-60\/\",\"url\":\"https:\/\/dev.artheauaviation.com\/eng\/product\/learjet-60\/\",\"name\":\"Learjet 60 - Artheau Aviation\",\"isPartOf\":{\"@id\":\"https:\/\/dev.artheauaviation.com\/eng\/#website\"},\"datePublished\":\"2017-05-26T15:34:37+00:00\",\"dateModified\":\"2019-04-16T22:43:31+00:00\",\"breadcrumb\":{\"@id\":\"https:\/\/dev.artheauaviation.com\/eng\/product\/learjet-60\/#breadcrumb\"},\"inLanguage\":\"en-GB\",\"potentialAction\":[{\"@type\":\"ReadAction\",\"target\":[\"https:\/\/dev.artheauaviation.com\/eng\/product\/learjet-60\/\"]}]},{\"@type\":\"BreadcrumbList\",\"@id\":\"https:\/\/dev.artheauaviation.com\/eng\/product\/learjet-60\/#breadcrumb\",\"itemListElement\":[{\"@type\":\"ListItem\",\"position\":1,\"name\":\"Home\",\"item\":\"https:\/\/dev.artheauaviation.com\/eng\/\"},{\"@type\":\"ListItem\",\"position\":2,\"name\":\"Our Planes\",\"item\":\"https:\/\/dev.artheauaviation.com\/eng\/nos-avions\/\"},{\"@type\":\"ListItem\",\"position\":3,\"name\":\"Learjet 60\"}]},{\"@type\":\"WebSite\",\"@id\":\"https:\/\/dev.artheauaviation.com\/eng\/#website\",\"url\":\"https:\/\/dev.artheauaviation.com\/eng\/\",\"name\":\"Artheau Aviation\",\"description\":\"Let&#039;s Fly Together\",\"potentialAction\":[{\"@type\":\"SearchAction\",\"target\":{\"@type\":\"EntryPoint\",\"urlTemplate\":\"https:\/\/dev.artheauaviation.com\/eng\/?s={search_term_string}\"},\"query-input\":\"required name=search_term_string\"}],\"inLanguage\":\"en-GB\"}]}<\/script>\n<!-- \/ Yoast SEO plugin. -->","yoast_head_json":{"title":"Learjet 60 - Artheau Aviation","robots":{"index":"noindex","follow":"follow","max-snippet":"max-snippet:-1","max-image-preview":"max-image-preview:large","max-video-preview":"max-video-preview:-1"},"og_locale":"en_GB","og_type":"article","og_title":"Learjet 60 - Artheau Aviation","og_description":"Pr\u00e9sentation g\u00e9n\u00e9rale: Le Learjet 60 est un jet d&#8217;affaires am\u00e9ricain fabriqu\u00e9 par Bombardier A\u00e9ronautique \u00e0 Wichita, au Kansas. Learjet est un constructeur a\u00e9ronautique am\u00e9ricain cr\u00e9\u00e9 en 1959 et sp\u00e9cialis\u00e9 dans la construction de jets d&#8217;affaires. Il fait partie du groupe Bombardier A\u00e9ronautique depuis 1990.\u00a0En 1959, William P. Lear fonde en Suisse la Swiss American Aviation [&hellip;]","og_url":"https:\/\/dev.artheauaviation.com\/eng\/product\/learjet-60\/","og_site_name":"Artheau Aviation","article_modified_time":"2019-04-16T22:43:31+00:00","og_image":[{"width":500,"height":350,"url":"http:\/\/dev.artheauaviation.com\/eng\/wp-content\/uploads\/sites\/4\/2017\/05\/Learjet-60.jpg","type":"image\/jpeg"}],"twitter_card":"summary_large_image","twitter_misc":{"Estimated reading time":"2 minutes"},"schema":{"@context":"https:\/\/schema.org","@graph":[{"@type":"WebPage","@id":"https:\/\/dev.artheauaviation.com\/eng\/product\/learjet-60\/","url":"https:\/\/dev.artheauaviation.com\/eng\/product\/learjet-60\/","name":"Learjet 60 - Artheau Aviation","isPartOf":{"@id":"https:\/\/dev.artheauaviation.com\/eng\/#website"},"datePublished":"2017-05-26T15:34:37+00:00","dateModified":"2019-04-16T22:43:31+00:00","breadcrumb":{"@id":"https:\/\/dev.artheauaviation.com\/eng\/product\/learjet-60\/#breadcrumb"},"inLanguage":"en-GB","potentialAction":[{"@type":"ReadAction","target":["https:\/\/dev.artheauaviation.com\/eng\/product\/learjet-60\/"]}]},{"@type":"BreadcrumbList","@id":"https:\/\/dev.artheauaviation.com\/eng\/product\/learjet-60\/#breadcrumb","itemListElement":[{"@type":"ListItem","position":1,"name":"Home","item":"https:\/\/dev.artheauaviation.com\/eng\/"},{"@type":"ListItem","position":2,"name":"Our Planes","item":"https:\/\/dev.artheauaviation.com\/eng\/nos-avions\/"},{"@type":"ListItem","position":3,"name":"Learjet 60"}]},{"@type":"WebSite","@id":"https:\/\/dev.artheauaviation.com\/eng\/#website","url":"https:\/\/dev.artheauaviation.com\/eng\/","name":"Artheau Aviation","description":"Let&#039;s Fly Together","potentialAction":[{"@type":"SearchAction","target":{"@type":"EntryPoint","urlTemplate":"https:\/\/dev.artheauaviation.com\/eng\/?s={search_term_string}"},"query-input":"required name=search_term_string"}],"inLanguage":"en-GB"}]}},"yoast_meta":{"title":""},"_links":{"self":[{"href":"https:\/\/dev.artheauaviation.com\/eng\/wp-json\/wp\/v2\/product\/2014"}],"collection":[{"href":"https:\/\/dev.artheauaviation.com\/eng\/wp-json\/wp\/v2\/product"}],"about":[{"href":"https:\/\/dev.artheauaviation.com\/eng\/wp-json\/wp\/v2\/types\/product"}],"wp:featuredmedia":[{"embeddable":true,"href":"https:\/\/dev.artheauaviation.com\/eng\/wp-json\/wp\/v2\/media\/2492"}],"wp:attachment":[{"href":"https:\/\/dev.artheauaviation.com\/eng\/wp-json\/wp\/v2\/media?parent=2014"}],"wp:term":[{"taxonomy":"product_cat","embeddable":true,"href":"https:\/\/dev.artheauaviation.com\/eng\/wp-json\/wp\/v2\/product_cat?post=2014"},{"taxonomy":"product_tag","embeddable":true,"href":"https:\/\/dev.artheauaviation.com\/eng\/wp-json\/wp\/v2\/product_tag?post=2014"}],"curies":[{"name":"wp","href":"https:\/\/api.w.org\/{rel}","templated":true}]}}