{"id":2015,"date":"2017-05-26T17:31:34","date_gmt":"2017-05-26T15:31:34","guid":{"rendered":"https:\/\/artheauaviation.com\/eng\/?post_type=product&#038;p=2015"},"modified":"2023-02-27T17:34:12","modified_gmt":"2023-02-27T15:34:12","slug":"embraer-emb-120","status":"publish","type":"product","link":"https:\/\/dev.artheauaviation.com\/eng\/product\/embraer-emb-120\/","title":{"rendered":"Embraer 120"},"content":{"rendered":"<p style=\"text-align: justify;\"><strong>Pr\u00e9sentation g\u00e9n\u00e9rale:<\/strong><\/p>\n<p style=\"text-align: justify;\">L&#8217;Embraer EMB 120 est un avion bi-turbopropulseur de 30 places, fabriqu\u00e9 par le constructeur br\u00e9silien Embraer\u00a0\u00e0 S\u00e3o Jos\u00e9 dos Campos dans l&#8217;\u00c9tat de S\u00e3o Paulo. Son premier vol a eu lieu le 27 juillet 1983. Il a \u00e9t\u00e9 mis en service en 1985. Depuis, plus de 350 exemplaires de cet avion ont \u00e9t\u00e9 construits.\u00a0Cet appareil est ensuite remplac\u00e9 par l&#8217;EMB 135.<\/p>\n<p style=\"text-align: justify;\"><strong>Caract\u00e9ristiques commerciales:<\/strong><\/p>\n<p style=\"text-align: justify;\">L&#8217;Embraer 120 Brasilia offre un tout nouveau fuselage permettant d\u2019accueillir 30 passagers.\u00a0D\u00e8s son lancement, le Brasilia attira l\u2019attention de plusieurs transporteurs r\u00e9gionaux, particuli\u00e8rement aux \u00c9tats-Unis. \u00a0Plus de 370 avions Embraer 120 seront fabriqu\u00e9s et volent encore en grand nombre. De nos jours, cet appareil n\u2019est malheureusement pratiquement plus en service en Europe. La compagnie Air France (Regional Airlines) en aura poss\u00e9d\u00e9 jusqu\u2019\u00e0 18 dans sa flotte jusqu\u2019en 2008, puis il sera remplac\u00e9 par les ATR 42 et les Embraer 145.<\/p>\n<p style=\"text-align: justify;\">Pratique et agr\u00e9able, l\u2019Embraer 120 Brasilia est un avion d\u2019affaires qui dispose d\u2019un rayon d\u2019action suffisant pour atteindre la plupart des villes d\u2019Europe.\u00a0Avion particuli\u00e8rement bien adapt\u00e9 pour desservir de petites communes, rapide et \u00e9conomique, cet appareil poss\u00e8de de tr\u00e8s bonnes performances en altitude et dans les r\u00e9gions aux temp\u00e9ratures \u00e9lev\u00e9es.<\/p>\n<p style=\"text-align: justify;\"><strong>Caract\u00e9ristiques techniques:<\/strong><\/p>\n<p style=\"text-align: justify;\">La majorit\u00e9 des EMB120 ont \u00e9t\u00e9 vendus aux USA et en Europe. La production en s\u00e9rie est stopp\u00e9e en 2001, mais le constructeur est toujours capable d\u2019honorer des commandes ponctuelles sur cet appareil, car l&#8217;EMB 120 poss\u00e8de de nombreuses pi\u00e8ces communes avec l\u2019ERJ-145 actuellement en cours de production. Cet avion est un d\u00e9riv\u00e9 de l&#8217;Embraer EMB 110.<\/p>\n<p style=\"text-align: justify;\">Il est propuls\u00e9 par deux turbines PW118B de Pratt &amp; Whitney. Sa vitesse de croisi\u00e8re est de l&#8217;ordre de <span class=\"nowrap\">300 n\u0153uds<\/span> (<span class=\"nowrap\">555 <abbr class=\"abbr\" title=\"kilom\u00e8tre par heure\">km\/h<\/abbr><\/span>) et il a une autonomie de <span class=\"nowrap\">1\u00a0480\u00a0<abbr class=\"abbr\" title=\"kilom\u00e8tre\">km<\/abbr><\/span>. La version standard produite \u00e0 compter de 1994, d\u00e9sign\u00e9e EMB-120ER (Extended Range), incorpore d\u2019autres am\u00e9liorations telles que l&#8217;emport plus important de carburant et l&#8217;accroissement de la vitesse de l\u2019appareil. Pour finir, la ventilation, l&#8217;\u00e9clairage et l&#8217;att\u00e9nuation du bruit sur cet appareil procure un meilleur confort des passagers.<\/p>\n","protected":false},"excerpt":{"rendered":"<p>Pr\u00e9sentation g\u00e9n\u00e9rale: L&#8217;Embraer EMB 120 est un avion bi-turbopropulseur de 30 places, fabriqu\u00e9 par le constructeur br\u00e9silien Embraer\u00a0\u00e0 S\u00e3o Jos\u00e9 dos Campos dans l&#8217;\u00c9tat de S\u00e3o Paulo. Son premier vol a eu lieu le 27 juillet 1983. Il a \u00e9t\u00e9 mis en service en 1985. Depuis, plus de 350 exemplaires de cet avion ont \u00e9t\u00e9 [&hellip;]<\/p>\n","protected":false},"featured_media":2480,"template":"","meta":[],"product_cat":[43],"product_tag":[],"yoast_head":"<!-- This site is optimized with the Yoast SEO plugin v20.3 - https:\/\/yoast.com\/wordpress\/plugins\/seo\/ -->\n<title>Embraer 120 - Artheau Aviation<\/title>\n<meta name=\"robots\" content=\"noindex, follow, max-snippet:-1, max-image-preview:large, max-video-preview:-1\" \/>\n<meta property=\"og:locale\" content=\"en_GB\" \/>\n<meta property=\"og:type\" content=\"article\" \/>\n<meta property=\"og:title\" content=\"Embraer 120 - Artheau Aviation\" \/>\n<meta property=\"og:description\" content=\"Pr\u00e9sentation g\u00e9n\u00e9rale: L&#8217;Embraer EMB 120 est un avion bi-turbopropulseur de 30 places, fabriqu\u00e9 par le constructeur br\u00e9silien Embraer\u00a0\u00e0 S\u00e3o Jos\u00e9 dos Campos dans l&#8217;\u00c9tat de S\u00e3o Paulo. Son premier vol a eu lieu le 27 juillet 1983. Il a \u00e9t\u00e9 mis en service en 1985. Depuis, plus de 350 exemplaires de cet avion ont \u00e9t\u00e9 [&hellip;]\" \/>\n<meta property=\"og:url\" content=\"https:\/\/dev.artheauaviation.com\/eng\/product\/embraer-emb-120\/\" \/>\n<meta property=\"og:site_name\" content=\"Artheau Aviation\" \/>\n<meta property=\"article:modified_time\" content=\"2023-02-27T15:34:12+00:00\" \/>\n<meta property=\"og:image\" content=\"http:\/\/dev.artheauaviation.com\/eng\/wp-content\/uploads\/sites\/4\/2017\/05\/Embraer-120.jpg\" \/>\n\t<meta property=\"og:image:width\" content=\"500\" \/>\n\t<meta property=\"og:image:height\" content=\"350\" \/>\n\t<meta property=\"og:image:type\" content=\"image\/jpeg\" \/>\n<meta name=\"twitter:card\" content=\"summary_large_image\" \/>\n<meta name=\"twitter:label1\" content=\"Estimated reading time\" \/>\n\t<meta name=\"twitter:data1\" content=\"2 minutes\" \/>\n<script type=\"application\/ld+json\" class=\"yoast-schema-graph\">{\"@context\":\"https:\/\/schema.org\",\"@graph\":[{\"@type\":\"WebPage\",\"@id\":\"https:\/\/dev.artheauaviation.com\/eng\/product\/embraer-emb-120\/\",\"url\":\"https:\/\/dev.artheauaviation.com\/eng\/product\/embraer-emb-120\/\",\"name\":\"Embraer 120 - Artheau Aviation\",\"isPartOf\":{\"@id\":\"https:\/\/dev.artheauaviation.com\/eng\/#website\"},\"datePublished\":\"2017-05-26T15:31:34+00:00\",\"dateModified\":\"2023-02-27T15:34:12+00:00\",\"breadcrumb\":{\"@id\":\"https:\/\/dev.artheauaviation.com\/eng\/product\/embraer-emb-120\/#breadcrumb\"},\"inLanguage\":\"en-GB\",\"potentialAction\":[{\"@type\":\"ReadAction\",\"target\":[\"https:\/\/dev.artheauaviation.com\/eng\/product\/embraer-emb-120\/\"]}]},{\"@type\":\"BreadcrumbList\",\"@id\":\"https:\/\/dev.artheauaviation.com\/eng\/product\/embraer-emb-120\/#breadcrumb\",\"itemListElement\":[{\"@type\":\"ListItem\",\"position\":1,\"name\":\"Home\",\"item\":\"https:\/\/dev.artheauaviation.com\/eng\/\"},{\"@type\":\"ListItem\",\"position\":2,\"name\":\"Our Planes\",\"item\":\"https:\/\/dev.artheauaviation.com\/eng\/nos-avions\/\"},{\"@type\":\"ListItem\",\"position\":3,\"name\":\"Embraer 120\"}]},{\"@type\":\"WebSite\",\"@id\":\"https:\/\/dev.artheauaviation.com\/eng\/#website\",\"url\":\"https:\/\/dev.artheauaviation.com\/eng\/\",\"name\":\"Artheau Aviation\",\"description\":\"Let&#039;s Fly Together\",\"potentialAction\":[{\"@type\":\"SearchAction\",\"target\":{\"@type\":\"EntryPoint\",\"urlTemplate\":\"https:\/\/dev.artheauaviation.com\/eng\/?s={search_term_string}\"},\"query-input\":\"required name=search_term_string\"}],\"inLanguage\":\"en-GB\"}]}<\/script>\n<!-- \/ Yoast SEO plugin. -->","yoast_head_json":{"title":"Embraer 120 - Artheau Aviation","robots":{"index":"noindex","follow":"follow","max-snippet":"max-snippet:-1","max-image-preview":"max-image-preview:large","max-video-preview":"max-video-preview:-1"},"og_locale":"en_GB","og_type":"article","og_title":"Embraer 120 - Artheau Aviation","og_description":"Pr\u00e9sentation g\u00e9n\u00e9rale: L&#8217;Embraer EMB 120 est un avion bi-turbopropulseur de 30 places, fabriqu\u00e9 par le constructeur br\u00e9silien Embraer\u00a0\u00e0 S\u00e3o Jos\u00e9 dos Campos dans l&#8217;\u00c9tat de S\u00e3o Paulo. Son premier vol a eu lieu le 27 juillet 1983. Il a \u00e9t\u00e9 mis en service en 1985. Depuis, plus de 350 exemplaires de cet avion ont \u00e9t\u00e9 [&hellip;]","og_url":"https:\/\/dev.artheauaviation.com\/eng\/product\/embraer-emb-120\/","og_site_name":"Artheau Aviation","article_modified_time":"2023-02-27T15:34:12+00:00","og_image":[{"width":500,"height":350,"url":"http:\/\/dev.artheauaviation.com\/eng\/wp-content\/uploads\/sites\/4\/2017\/05\/Embraer-120.jpg","type":"image\/jpeg"}],"twitter_card":"summary_large_image","twitter_misc":{"Estimated reading time":"2 minutes"},"schema":{"@context":"https:\/\/schema.org","@graph":[{"@type":"WebPage","@id":"https:\/\/dev.artheauaviation.com\/eng\/product\/embraer-emb-120\/","url":"https:\/\/dev.artheauaviation.com\/eng\/product\/embraer-emb-120\/","name":"Embraer 120 - Artheau Aviation","isPartOf":{"@id":"https:\/\/dev.artheauaviation.com\/eng\/#website"},"datePublished":"2017-05-26T15:31:34+00:00","dateModified":"2023-02-27T15:34:12+00:00","breadcrumb":{"@id":"https:\/\/dev.artheauaviation.com\/eng\/product\/embraer-emb-120\/#breadcrumb"},"inLanguage":"en-GB","potentialAction":[{"@type":"ReadAction","target":["https:\/\/dev.artheauaviation.com\/eng\/product\/embraer-emb-120\/"]}]},{"@type":"BreadcrumbList","@id":"https:\/\/dev.artheauaviation.com\/eng\/product\/embraer-emb-120\/#breadcrumb","itemListElement":[{"@type":"ListItem","position":1,"name":"Home","item":"https:\/\/dev.artheauaviation.com\/eng\/"},{"@type":"ListItem","position":2,"name":"Our Planes","item":"https:\/\/dev.artheauaviation.com\/eng\/nos-avions\/"},{"@type":"ListItem","position":3,"name":"Embraer 120"}]},{"@type":"WebSite","@id":"https:\/\/dev.artheauaviation.com\/eng\/#website","url":"https:\/\/dev.artheauaviation.com\/eng\/","name":"Artheau Aviation","description":"Let&#039;s Fly Together","potentialAction":[{"@type":"SearchAction","target":{"@type":"EntryPoint","urlTemplate":"https:\/\/dev.artheauaviation.com\/eng\/?s={search_term_string}"},"query-input":"required name=search_term_string"}],"inLanguage":"en-GB"}]}},"yoast_meta":{"title":""},"_links":{"self":[{"href":"https:\/\/dev.artheauaviation.com\/eng\/wp-json\/wp\/v2\/product\/2015"}],"collection":[{"href":"https:\/\/dev.artheauaviation.com\/eng\/wp-json\/wp\/v2\/product"}],"about":[{"href":"https:\/\/dev.artheauaviation.com\/eng\/wp-json\/wp\/v2\/types\/product"}],"wp:featuredmedia":[{"embeddable":true,"href":"https:\/\/dev.artheauaviation.com\/eng\/wp-json\/wp\/v2\/media\/2480"}],"wp:attachment":[{"href":"https:\/\/dev.artheauaviation.com\/eng\/wp-json\/wp\/v2\/media?parent=2015"}],"wp:term":[{"taxonomy":"product_cat","embeddable":true,"href":"https:\/\/dev.artheauaviation.com\/eng\/wp-json\/wp\/v2\/product_cat?post=2015"},{"taxonomy":"product_tag","embeddable":true,"href":"https:\/\/dev.artheauaviation.com\/eng\/wp-json\/wp\/v2\/product_tag?post=2015"}],"curies":[{"name":"wp","href":"https:\/\/api.w.org\/{rel}","templated":true}]}}