{"id":2017,"date":"2017-05-26T17:29:22","date_gmt":"2017-05-26T15:29:22","guid":{"rendered":"https:\/\/artheauaviation.com\/eng\/?post_type=product&#038;p=2017"},"modified":"2017-05-26T17:29:22","modified_gmt":"2017-05-26T15:29:22","slug":"embraer-lineage-1000","status":"publish","type":"product","link":"https:\/\/dev.artheauaviation.com\/eng\/product\/embraer-lineage-1000\/","title":{"rendered":"Embraer Lineage 1000"},"content":{"rendered":"<p style=\"text-align: justify;\"><strong>Pr\u00e9sentation g\u00e9n\u00e9rale: <\/strong><\/p>\n<p style=\"text-align: justify;\">L&#8217;Embraer Lineage 1000 est un\u00a0jet priv\u00e9 fabriqu\u00e9 par le constructeur a\u00e9ronautique br\u00e9silien Embraer. Il a \u00e9t\u00e9 lanc\u00e9 le 2 mai 2006. C&#8217;est un avion d&#8217;affaires \u00ab\u00a0ultra large\u00a0\u00bb pouvant accueillir jusqu&#8217;\u00e0 19 passagers. La firme a annonc\u00e9 un prix de vente de pr\u00e8s de 41 millions de dollars am\u00e9ricain et compte produire trois ou quatre unit\u00e9s en 2008-2009.<sup id=\"cite_ref-1\" class=\"reference\"><\/sup><\/p>\n<p style=\"text-align: justify;\"><strong>Caract\u00e9ristiques commerciales:<\/strong><\/p>\n<p style=\"text-align: justify;\">Le premier vol du Lineage 1000 a eu lieu le <time class=\"nowrap date-lien\" datetime=\"2007-10-26\">26 octobre 2007<\/time>, et le vol du second prototype a eu lieu en f\u00e9vrier 2008.<\/p>\n<p style=\"text-align: justify;\">Un des nombreux atouts du Lineage 2000 est le diam\u00e8tre de son fuselage, qui est beaucoup plus grand que les appareils d&#8217;affaires similaires tel que le\u00a0Cessna Citation X ou le Falcon 2000. De plus, son int\u00e9rieur est divis\u00e9 en 5 sections, incluant une chambre et une salle de bain.\u00a0Avec ses cinq cabines distinctes disponibles sous plusieurs configurations, vous pouvez adapter votre exp\u00e9rience de vol \u00e0 votre convenance, selon si vous souhaitez travailler, d\u00eener, vous relaxer, ou dormir.<\/p>\n<p style=\"text-align: justify;\"><span id=\"tran0\">Egalement, le Lineage 2000 dispose de fonctions de cuisine standards, un r\u00e9frig\u00e9rateur, des machines \u00e0 caf\u00e9, un four \u00e0 convection, un four \u00e0 micro-ondes, ainsi qu&#8217;un grand espace pour contenir la quantit\u00e9 de nourriture suffisante et la boisson pour des vols intercontinentaux.<\/span><\/p>\n<p style=\"text-align: justify;\"><strong>Caract\u00e9ristiques techniques:<\/strong><\/p>\n<p style=\"text-align: justify;\">Le Lineage 1000 est une variante de l&#8217;Embraer 190. La diff\u00e9rentiation la plus importante entre ces deux appareils est l&#8217;addition de deux r\u00e9servoirs sur le pont inf\u00e9rieur de l&#8217;appareil, doublant par cons\u00e9quent quasiment son rayon d&#8217;action.\u00a0\u00a0Le Lineage 1000 est seulement devanc\u00e9 pour sa taille par des avions comme le Boeing 737 ou les Airbus A318 et A319.<\/p>\n<p style=\"text-align: justify;\">Le Lineage 1000 est un jet polyvalent et fiable, vous offrant ainsi un grand espace pour vos diverses activit\u00e9s \u00e0 bord, avec tout le confort n\u00e9cessaire.\u00a0En pla\u00e7ant jusqu&#8217;\u00e0 19 passagers, cet appareil peut op\u00e9rer dans les a\u00e9roports restrictifs de destinations populaires tels que Teterboro, Aspen, ou London City en livrant les co\u00fbts d&#8217;exploitation les plus bas.<\/p>\n","protected":false},"excerpt":{"rendered":"<p>Pr\u00e9sentation g\u00e9n\u00e9rale: L&#8217;Embraer Lineage 1000 est un\u00a0jet priv\u00e9 fabriqu\u00e9 par le constructeur a\u00e9ronautique br\u00e9silien Embraer. Il a \u00e9t\u00e9 lanc\u00e9 le 2 mai 2006. C&#8217;est un avion d&#8217;affaires \u00ab\u00a0ultra large\u00a0\u00bb pouvant accueillir jusqu&#8217;\u00e0 19 passagers. La firme a annonc\u00e9 un prix de vente de pr\u00e8s de 41 millions de dollars am\u00e9ricain et compte produire trois ou [&hellip;]<\/p>\n","protected":false},"featured_media":2050,"template":"","meta":[],"product_cat":[44],"product_tag":[],"yoast_head":"<!-- This site is optimized with the Yoast SEO plugin v20.3 - https:\/\/yoast.com\/wordpress\/plugins\/seo\/ -->\n<title>Embraer Lineage 1000 - Artheau Aviation<\/title>\n<meta name=\"robots\" content=\"noindex, follow, max-snippet:-1, max-image-preview:large, max-video-preview:-1\" \/>\n<meta property=\"og:locale\" content=\"en_GB\" \/>\n<meta property=\"og:type\" content=\"article\" \/>\n<meta property=\"og:title\" content=\"Embraer Lineage 1000 - Artheau Aviation\" \/>\n<meta property=\"og:description\" content=\"Pr\u00e9sentation g\u00e9n\u00e9rale: L&#8217;Embraer Lineage 1000 est un\u00a0jet priv\u00e9 fabriqu\u00e9 par le constructeur a\u00e9ronautique br\u00e9silien Embraer. Il a \u00e9t\u00e9 lanc\u00e9 le 2 mai 2006. C&#8217;est un avion d&#8217;affaires \u00ab\u00a0ultra large\u00a0\u00bb pouvant accueillir jusqu&#8217;\u00e0 19 passagers. La firme a annonc\u00e9 un prix de vente de pr\u00e8s de 41 millions de dollars am\u00e9ricain et compte produire trois ou [&hellip;]\" \/>\n<meta property=\"og:url\" content=\"https:\/\/dev.artheauaviation.com\/eng\/product\/embraer-lineage-1000\/\" \/>\n<meta property=\"og:site_name\" content=\"Artheau Aviation\" \/>\n<meta property=\"og:image\" content=\"http:\/\/dev.artheauaviation.com\/eng\/wp-content\/uploads\/sites\/4\/2017\/05\/embraer-lineage-1000.jpg\" \/>\n\t<meta property=\"og:image:width\" content=\"800\" \/>\n\t<meta property=\"og:image:height\" content=\"533\" \/>\n\t<meta property=\"og:image:type\" content=\"image\/jpeg\" \/>\n<meta name=\"twitter:card\" content=\"summary_large_image\" \/>\n<meta name=\"twitter:label1\" content=\"Estimated reading time\" \/>\n\t<meta name=\"twitter:data1\" content=\"2 minutes\" \/>\n<script type=\"application\/ld+json\" class=\"yoast-schema-graph\">{\"@context\":\"https:\/\/schema.org\",\"@graph\":[{\"@type\":\"WebPage\",\"@id\":\"https:\/\/dev.artheauaviation.com\/eng\/product\/embraer-lineage-1000\/\",\"url\":\"https:\/\/dev.artheauaviation.com\/eng\/product\/embraer-lineage-1000\/\",\"name\":\"Embraer Lineage 1000 - Artheau Aviation\",\"isPartOf\":{\"@id\":\"https:\/\/dev.artheauaviation.com\/eng\/#website\"},\"datePublished\":\"2017-05-26T15:29:22+00:00\",\"dateModified\":\"2017-05-26T15:29:22+00:00\",\"breadcrumb\":{\"@id\":\"https:\/\/dev.artheauaviation.com\/eng\/product\/embraer-lineage-1000\/#breadcrumb\"},\"inLanguage\":\"en-GB\",\"potentialAction\":[{\"@type\":\"ReadAction\",\"target\":[\"https:\/\/dev.artheauaviation.com\/eng\/product\/embraer-lineage-1000\/\"]}]},{\"@type\":\"BreadcrumbList\",\"@id\":\"https:\/\/dev.artheauaviation.com\/eng\/product\/embraer-lineage-1000\/#breadcrumb\",\"itemListElement\":[{\"@type\":\"ListItem\",\"position\":1,\"name\":\"Home\",\"item\":\"https:\/\/dev.artheauaviation.com\/eng\/\"},{\"@type\":\"ListItem\",\"position\":2,\"name\":\"Our Planes\",\"item\":\"https:\/\/dev.artheauaviation.com\/eng\/nos-avions\/\"},{\"@type\":\"ListItem\",\"position\":3,\"name\":\"Embraer Lineage 1000\"}]},{\"@type\":\"WebSite\",\"@id\":\"https:\/\/dev.artheauaviation.com\/eng\/#website\",\"url\":\"https:\/\/dev.artheauaviation.com\/eng\/\",\"name\":\"Artheau Aviation\",\"description\":\"Let&#039;s Fly Together\",\"potentialAction\":[{\"@type\":\"SearchAction\",\"target\":{\"@type\":\"EntryPoint\",\"urlTemplate\":\"https:\/\/dev.artheauaviation.com\/eng\/?s={search_term_string}\"},\"query-input\":\"required name=search_term_string\"}],\"inLanguage\":\"en-GB\"}]}<\/script>\n<!-- \/ Yoast SEO plugin. -->","yoast_head_json":{"title":"Embraer Lineage 1000 - Artheau Aviation","robots":{"index":"noindex","follow":"follow","max-snippet":"max-snippet:-1","max-image-preview":"max-image-preview:large","max-video-preview":"max-video-preview:-1"},"og_locale":"en_GB","og_type":"article","og_title":"Embraer Lineage 1000 - Artheau Aviation","og_description":"Pr\u00e9sentation g\u00e9n\u00e9rale: L&#8217;Embraer Lineage 1000 est un\u00a0jet priv\u00e9 fabriqu\u00e9 par le constructeur a\u00e9ronautique br\u00e9silien Embraer. Il a \u00e9t\u00e9 lanc\u00e9 le 2 mai 2006. C&#8217;est un avion d&#8217;affaires \u00ab\u00a0ultra large\u00a0\u00bb pouvant accueillir jusqu&#8217;\u00e0 19 passagers. La firme a annonc\u00e9 un prix de vente de pr\u00e8s de 41 millions de dollars am\u00e9ricain et compte produire trois ou [&hellip;]","og_url":"https:\/\/dev.artheauaviation.com\/eng\/product\/embraer-lineage-1000\/","og_site_name":"Artheau Aviation","og_image":[{"width":800,"height":533,"url":"http:\/\/dev.artheauaviation.com\/eng\/wp-content\/uploads\/sites\/4\/2017\/05\/embraer-lineage-1000.jpg","type":"image\/jpeg"}],"twitter_card":"summary_large_image","twitter_misc":{"Estimated reading time":"2 minutes"},"schema":{"@context":"https:\/\/schema.org","@graph":[{"@type":"WebPage","@id":"https:\/\/dev.artheauaviation.com\/eng\/product\/embraer-lineage-1000\/","url":"https:\/\/dev.artheauaviation.com\/eng\/product\/embraer-lineage-1000\/","name":"Embraer Lineage 1000 - Artheau Aviation","isPartOf":{"@id":"https:\/\/dev.artheauaviation.com\/eng\/#website"},"datePublished":"2017-05-26T15:29:22+00:00","dateModified":"2017-05-26T15:29:22+00:00","breadcrumb":{"@id":"https:\/\/dev.artheauaviation.com\/eng\/product\/embraer-lineage-1000\/#breadcrumb"},"inLanguage":"en-GB","potentialAction":[{"@type":"ReadAction","target":["https:\/\/dev.artheauaviation.com\/eng\/product\/embraer-lineage-1000\/"]}]},{"@type":"BreadcrumbList","@id":"https:\/\/dev.artheauaviation.com\/eng\/product\/embraer-lineage-1000\/#breadcrumb","itemListElement":[{"@type":"ListItem","position":1,"name":"Home","item":"https:\/\/dev.artheauaviation.com\/eng\/"},{"@type":"ListItem","position":2,"name":"Our Planes","item":"https:\/\/dev.artheauaviation.com\/eng\/nos-avions\/"},{"@type":"ListItem","position":3,"name":"Embraer Lineage 1000"}]},{"@type":"WebSite","@id":"https:\/\/dev.artheauaviation.com\/eng\/#website","url":"https:\/\/dev.artheauaviation.com\/eng\/","name":"Artheau Aviation","description":"Let&#039;s Fly Together","potentialAction":[{"@type":"SearchAction","target":{"@type":"EntryPoint","urlTemplate":"https:\/\/dev.artheauaviation.com\/eng\/?s={search_term_string}"},"query-input":"required name=search_term_string"}],"inLanguage":"en-GB"}]}},"yoast_meta":{"title":""},"_links":{"self":[{"href":"https:\/\/dev.artheauaviation.com\/eng\/wp-json\/wp\/v2\/product\/2017"}],"collection":[{"href":"https:\/\/dev.artheauaviation.com\/eng\/wp-json\/wp\/v2\/product"}],"about":[{"href":"https:\/\/dev.artheauaviation.com\/eng\/wp-json\/wp\/v2\/types\/product"}],"wp:featuredmedia":[{"embeddable":true,"href":"https:\/\/dev.artheauaviation.com\/eng\/wp-json\/wp\/v2\/media\/2050"}],"wp:attachment":[{"href":"https:\/\/dev.artheauaviation.com\/eng\/wp-json\/wp\/v2\/media?parent=2017"}],"wp:term":[{"taxonomy":"product_cat","embeddable":true,"href":"https:\/\/dev.artheauaviation.com\/eng\/wp-json\/wp\/v2\/product_cat?post=2017"},{"taxonomy":"product_tag","embeddable":true,"href":"https:\/\/dev.artheauaviation.com\/eng\/wp-json\/wp\/v2\/product_tag?post=2017"}],"curies":[{"name":"wp","href":"https:\/\/api.w.org\/{rel}","templated":true}]}}