{"id":2019,"date":"2017-05-26T17:26:56","date_gmt":"2017-05-26T15:26:56","guid":{"rendered":"https:\/\/artheauaviation.com\/eng\/?post_type=product&#038;p=2019"},"modified":"2023-02-27T17:34:12","modified_gmt":"2023-02-27T15:34:12","slug":"embraer-legacy-450","status":"publish","type":"product","link":"https:\/\/dev.artheauaviation.com\/eng\/product\/embraer-legacy-450\/","title":{"rendered":"Embraer Legacy 450"},"content":{"rendered":"<p style=\"text-align: justify;\"><strong>Pr\u00e9sentation g\u00e9n\u00e9rale:<\/strong><\/p>\n<p style=\"text-align: justify;\">Le Legacy 450 est un avion d&#8217;affaires cr\u00e9\u00e9 par le constructeur br\u00e9silien Embraer. \u00a0Le programme du Legacy 450 a \u00e9t\u00e9 lanc\u00e9 en septembre 2007, en m\u00eame temps que le Legacy 500, sous le nom de <i>Mid-light jet<\/i> (MLJ). Il effectue son premier vol le <time class=\"nowrap date-lien\" datetime=\"2013-12-28\">28 d\u00e9cembre 2013<\/time>. En ao\u00fbt 2015, le Legacy 450 re\u00e7oit sa certification de type de la part de l&#8217;Agence Nationale de L&#8217;aviation Civile\u00a0br\u00e9silienne et de la Federal Aviation Administration (FAA) am\u00e9ricaine.<\/p>\n<p style=\"text-align: justify;\"><strong>Caract\u00e9ristiques commerciales:<\/strong><\/p>\n<p style=\"text-align: justify;\">Le premier appareil est livr\u00e9 le 22 d\u00e9cembre 2016 \u00e0 la soci\u00e9t\u00e9 LMG.\u00a0L&#8217;appareil est con\u00e7u pour porter 7 \u00e0 9 passagers.\u00a0<span id=\"tran0\">Le Legacy 450 a \u00e9t\u00e9 con\u00e7u pour \u00eatre un d\u00e9clencheur de changement dans sa cat\u00e9gorie d&#8217;avions d&#8217;affaires pour offrir aux passagers\u00a0des innovations qui le distingue de ses concurrents.<\/span><\/p>\n<p style=\"text-align: justify;\"><span id=\"tran0\">Quatre si\u00e8ges confortables enti\u00e8rement inclinables peuvent \u00eatre convertis en deux lits pour le repos complet, \u00e0 une altitude de cabine de 6000 pieds. Des \u00e9quipements\u00a0de divertissement en vol facultatifs sont disponibles : syst\u00e8me vid\u00e9o haute d\u00e9finition, \u00e9quipement audio et options d&#8217;entr\u00e9es vid\u00e9o. La cabine inclut \u00e9galement un centre de rafra\u00eechissement, des toilettes priv\u00e9es \u00e0 l&#8217;arri\u00e8re et la zone de bagages est accessible durant le vol. L&#8217;espace de stockage des bagages total est le plus grand de la cat\u00e9gorie des Legacy.<\/span><\/p>\n<p style=\"text-align: justify;\"><strong>Caract\u00e9ristiques techniques:<\/strong><\/p>\n<p style=\"text-align: justify;\">Le Legacy 450 est un d\u00e9riv\u00e9 du Legacy 500.\u00a0<span id=\"tran0\">Il a re\u00e7u sa certification br\u00e9silienne sur 11 ao\u00fbt 2015. Il a \u00e9t\u00e9 certifi\u00e9 par la FAA peu de temps apr\u00e8s, soit le 31 ao\u00fbt 2015. En juillet 2016, son autonomie certifi\u00e9e a \u00e9t\u00e9 \u00e9tendue \u00e0 5,378 km, soit 609 km plus loin que pr\u00e9c\u00e9demment.\u00a0L&#8217;avion a respect\u00e9 et d\u00e9pass\u00e9 tous les buts de conception et a \u00e9t\u00e9 r\u00e9cemment certifi\u00e9 par les agences mondiales de s\u00e9curit\u00e9 d&#8217;aviation majeures. La production en s\u00e9ries a commenc\u00e9 peu de temps apr\u00e8s que le Legacy 450 ait re\u00e7u l&#8217;approbation des autorit\u00e9s a\u00e9ronautiques.\u00a0<\/span><\/p>\n<p style=\"text-align: justify;\">Le Legacy 450 est un avion qui offre une performance exceptionnelle et une technologie de pointe.\u00a0Il est le premier mid-light jet d&#8217;affaires \u00e0 pr\u00e9senter des syst\u00e8mes de commandes de vols \u00e9lectriques avec la technologie filaire avec une cabine de deux m\u00e8tres de hauteur.<\/p>\n<p>&nbsp;<\/p>\n<p>At Gloucestrershire Airport<\/p>\n<p>16 May 2017, 14:36<\/p>\n<p>N801EE Embraer Legacy 450 EMB-545 Embraer Executive Aircraft<\/p>\n<p>James from Cheltenham, Gloucestershire<\/p>\n","protected":false},"excerpt":{"rendered":"<p>Pr\u00e9sentation g\u00e9n\u00e9rale: Le Legacy 450 est un avion d&#8217;affaires cr\u00e9\u00e9 par le constructeur br\u00e9silien Embraer. \u00a0Le programme du Legacy 450 a \u00e9t\u00e9 lanc\u00e9 en septembre 2007, en m\u00eame temps que le Legacy 500, sous le nom de Mid-light jet (MLJ). Il effectue son premier vol le 28 d\u00e9cembre 2013. En ao\u00fbt 2015, le Legacy 450 [&hellip;]<\/p>\n","protected":false},"featured_media":2554,"template":"","meta":[],"product_cat":[44],"product_tag":[],"yoast_head":"<!-- This site is optimized with the Yoast SEO plugin v20.3 - https:\/\/yoast.com\/wordpress\/plugins\/seo\/ -->\n<title>Embraer Legacy 450 - Artheau Aviation<\/title>\n<meta name=\"robots\" content=\"noindex, follow, max-snippet:-1, max-image-preview:large, max-video-preview:-1\" \/>\n<meta property=\"og:locale\" content=\"en_GB\" \/>\n<meta property=\"og:type\" content=\"article\" \/>\n<meta property=\"og:title\" content=\"Embraer Legacy 450 - Artheau Aviation\" \/>\n<meta property=\"og:description\" content=\"Pr\u00e9sentation g\u00e9n\u00e9rale: Le Legacy 450 est un avion d&#8217;affaires cr\u00e9\u00e9 par le constructeur br\u00e9silien Embraer. \u00a0Le programme du Legacy 450 a \u00e9t\u00e9 lanc\u00e9 en septembre 2007, en m\u00eame temps que le Legacy 500, sous le nom de Mid-light jet (MLJ). Il effectue son premier vol le 28 d\u00e9cembre 2013. En ao\u00fbt 2015, le Legacy 450 [&hellip;]\" \/>\n<meta property=\"og:url\" content=\"https:\/\/dev.artheauaviation.com\/eng\/product\/embraer-legacy-450\/\" \/>\n<meta property=\"og:site_name\" content=\"Artheau Aviation\" \/>\n<meta property=\"article:modified_time\" content=\"2023-02-27T15:34:12+00:00\" \/>\n<meta property=\"og:image\" content=\"http:\/\/dev.artheauaviation.com\/eng\/wp-content\/uploads\/sites\/4\/2017\/05\/embraer450.jpg\" \/>\n\t<meta property=\"og:image:width\" content=\"800\" \/>\n\t<meta property=\"og:image:height\" content=\"600\" \/>\n\t<meta property=\"og:image:type\" content=\"image\/jpeg\" \/>\n<meta name=\"twitter:card\" content=\"summary_large_image\" \/>\n<meta name=\"twitter:label1\" content=\"Estimated reading time\" \/>\n\t<meta name=\"twitter:data1\" content=\"2 minutes\" \/>\n<script type=\"application\/ld+json\" class=\"yoast-schema-graph\">{\"@context\":\"https:\/\/schema.org\",\"@graph\":[{\"@type\":\"WebPage\",\"@id\":\"https:\/\/dev.artheauaviation.com\/eng\/product\/embraer-legacy-450\/\",\"url\":\"https:\/\/dev.artheauaviation.com\/eng\/product\/embraer-legacy-450\/\",\"name\":\"Embraer Legacy 450 - Artheau Aviation\",\"isPartOf\":{\"@id\":\"https:\/\/dev.artheauaviation.com\/eng\/#website\"},\"datePublished\":\"2017-05-26T15:26:56+00:00\",\"dateModified\":\"2023-02-27T15:34:12+00:00\",\"breadcrumb\":{\"@id\":\"https:\/\/dev.artheauaviation.com\/eng\/product\/embraer-legacy-450\/#breadcrumb\"},\"inLanguage\":\"en-GB\",\"potentialAction\":[{\"@type\":\"ReadAction\",\"target\":[\"https:\/\/dev.artheauaviation.com\/eng\/product\/embraer-legacy-450\/\"]}]},{\"@type\":\"BreadcrumbList\",\"@id\":\"https:\/\/dev.artheauaviation.com\/eng\/product\/embraer-legacy-450\/#breadcrumb\",\"itemListElement\":[{\"@type\":\"ListItem\",\"position\":1,\"name\":\"Home\",\"item\":\"https:\/\/dev.artheauaviation.com\/eng\/\"},{\"@type\":\"ListItem\",\"position\":2,\"name\":\"Our Planes\",\"item\":\"https:\/\/dev.artheauaviation.com\/eng\/nos-avions\/\"},{\"@type\":\"ListItem\",\"position\":3,\"name\":\"Embraer Legacy 450\"}]},{\"@type\":\"WebSite\",\"@id\":\"https:\/\/dev.artheauaviation.com\/eng\/#website\",\"url\":\"https:\/\/dev.artheauaviation.com\/eng\/\",\"name\":\"Artheau Aviation\",\"description\":\"Let&#039;s Fly Together\",\"potentialAction\":[{\"@type\":\"SearchAction\",\"target\":{\"@type\":\"EntryPoint\",\"urlTemplate\":\"https:\/\/dev.artheauaviation.com\/eng\/?s={search_term_string}\"},\"query-input\":\"required name=search_term_string\"}],\"inLanguage\":\"en-GB\"}]}<\/script>\n<!-- \/ Yoast SEO plugin. -->","yoast_head_json":{"title":"Embraer Legacy 450 - Artheau Aviation","robots":{"index":"noindex","follow":"follow","max-snippet":"max-snippet:-1","max-image-preview":"max-image-preview:large","max-video-preview":"max-video-preview:-1"},"og_locale":"en_GB","og_type":"article","og_title":"Embraer Legacy 450 - Artheau Aviation","og_description":"Pr\u00e9sentation g\u00e9n\u00e9rale: Le Legacy 450 est un avion d&#8217;affaires cr\u00e9\u00e9 par le constructeur br\u00e9silien Embraer. \u00a0Le programme du Legacy 450 a \u00e9t\u00e9 lanc\u00e9 en septembre 2007, en m\u00eame temps que le Legacy 500, sous le nom de Mid-light jet (MLJ). Il effectue son premier vol le 28 d\u00e9cembre 2013. En ao\u00fbt 2015, le Legacy 450 [&hellip;]","og_url":"https:\/\/dev.artheauaviation.com\/eng\/product\/embraer-legacy-450\/","og_site_name":"Artheau Aviation","article_modified_time":"2023-02-27T15:34:12+00:00","og_image":[{"width":800,"height":600,"url":"http:\/\/dev.artheauaviation.com\/eng\/wp-content\/uploads\/sites\/4\/2017\/05\/embraer450.jpg","type":"image\/jpeg"}],"twitter_card":"summary_large_image","twitter_misc":{"Estimated reading time":"2 minutes"},"schema":{"@context":"https:\/\/schema.org","@graph":[{"@type":"WebPage","@id":"https:\/\/dev.artheauaviation.com\/eng\/product\/embraer-legacy-450\/","url":"https:\/\/dev.artheauaviation.com\/eng\/product\/embraer-legacy-450\/","name":"Embraer Legacy 450 - Artheau Aviation","isPartOf":{"@id":"https:\/\/dev.artheauaviation.com\/eng\/#website"},"datePublished":"2017-05-26T15:26:56+00:00","dateModified":"2023-02-27T15:34:12+00:00","breadcrumb":{"@id":"https:\/\/dev.artheauaviation.com\/eng\/product\/embraer-legacy-450\/#breadcrumb"},"inLanguage":"en-GB","potentialAction":[{"@type":"ReadAction","target":["https:\/\/dev.artheauaviation.com\/eng\/product\/embraer-legacy-450\/"]}]},{"@type":"BreadcrumbList","@id":"https:\/\/dev.artheauaviation.com\/eng\/product\/embraer-legacy-450\/#breadcrumb","itemListElement":[{"@type":"ListItem","position":1,"name":"Home","item":"https:\/\/dev.artheauaviation.com\/eng\/"},{"@type":"ListItem","position":2,"name":"Our Planes","item":"https:\/\/dev.artheauaviation.com\/eng\/nos-avions\/"},{"@type":"ListItem","position":3,"name":"Embraer Legacy 450"}]},{"@type":"WebSite","@id":"https:\/\/dev.artheauaviation.com\/eng\/#website","url":"https:\/\/dev.artheauaviation.com\/eng\/","name":"Artheau Aviation","description":"Let&#039;s Fly Together","potentialAction":[{"@type":"SearchAction","target":{"@type":"EntryPoint","urlTemplate":"https:\/\/dev.artheauaviation.com\/eng\/?s={search_term_string}"},"query-input":"required name=search_term_string"}],"inLanguage":"en-GB"}]}},"yoast_meta":{"title":""},"_links":{"self":[{"href":"https:\/\/dev.artheauaviation.com\/eng\/wp-json\/wp\/v2\/product\/2019"}],"collection":[{"href":"https:\/\/dev.artheauaviation.com\/eng\/wp-json\/wp\/v2\/product"}],"about":[{"href":"https:\/\/dev.artheauaviation.com\/eng\/wp-json\/wp\/v2\/types\/product"}],"wp:featuredmedia":[{"embeddable":true,"href":"https:\/\/dev.artheauaviation.com\/eng\/wp-json\/wp\/v2\/media\/2554"}],"wp:attachment":[{"href":"https:\/\/dev.artheauaviation.com\/eng\/wp-json\/wp\/v2\/media?parent=2019"}],"wp:term":[{"taxonomy":"product_cat","embeddable":true,"href":"https:\/\/dev.artheauaviation.com\/eng\/wp-json\/wp\/v2\/product_cat?post=2019"},{"taxonomy":"product_tag","embeddable":true,"href":"https:\/\/dev.artheauaviation.com\/eng\/wp-json\/wp\/v2\/product_tag?post=2019"}],"curies":[{"name":"wp","href":"https:\/\/api.w.org\/{rel}","templated":true}]}}