{"id":2024,"date":"2017-05-26T17:24:08","date_gmt":"2017-05-26T15:24:08","guid":{"rendered":"https:\/\/artheauaviation.com\/eng\/?post_type=product&#038;p=2024"},"modified":"2023-02-27T17:34:12","modified_gmt":"2023-02-27T15:34:12","slug":"embraer-legacy-500","status":"publish","type":"product","link":"https:\/\/dev.artheauaviation.com\/eng\/product\/embraer-legacy-500\/","title":{"rendered":"Embraer Legacy 500"},"content":{"rendered":"<p style=\"text-align: justify;\"><strong>Pr\u00e9sentation g\u00e9n\u00e9rale:<\/strong><\/p>\n<p style=\"text-align: justify;\">Le Legacy 500 est un avion d&#8217;affaires bir\u00e9acteur du constructeur a\u00e9ronautique br\u00e9silien Embraer, entr\u00e9 en service en octobre 2014. Le Legacy 500 a \u00e9t\u00e9 officiellement annonc\u00e9 en mai 2008, en m\u00eame temps qu&#8217;un mod\u00e8le plus petit, le Legacy 450. C&#8217;est un concurrent du Bombardier Challenger 300 et 350.<\/p>\n<p style=\"text-align: justify;\"><strong>Caract\u00e9ristiques commerciales:<\/strong><\/p>\n<p style=\"text-align: justify;\">Cet appareil se trouve entre son grand fr\u00e8re long-courrier le Legacy 600 et le tout nouveau Legacy 450. Il a effectu\u00e9 son premier vol le 27 novembre 2012. Une compagnie br\u00e9silienne non pr\u00e9cis\u00e9e a re\u00e7u le premier exemplaire le 11 octobre 2014. Le 21 octobre, le Legacy 500 a re\u00e7u son autorisation de vol au-dessus des \u00c9tats-Unis.<\/p>\n<p style=\"text-align: justify;\">La cabine du Legacy 500 est claire et spacieuse d\u00fb \u00e0 ses\u00a0grands hublots, les plus larges de sa gamme. C&#8217;est la seule cabine de la gamme des jets de moyenne taille \u00e0 permettre \u00e0 ses passagers de se tenir debout sur un sol plat. Tous les fauteuils du Legacy 500, au total de huit, s&#8217;inclinent et pivotent, les rendant totalement amovibles. Les fen\u00eatres sont elles-m\u00eames parfaitement align\u00e9es pour s&#8217;adapter \u00e0 chaque position des fauteuils.<\/p>\n<p style=\"text-align: justify;\">Le constructeur Embraer a mis en place un partenariat avec BMW Group Design aux USA, que l&#8217;on retrouve parfaitement \u00e0 l&#8217;int\u00e9rieur de la cabine. Le design est moderne et sophistiqu\u00e9, alliant luminosit\u00e9 et simplicit\u00e9 pour \u00a0accentuer l&#8217;\u00e9l\u00e9gance de cet appareil.\u00a0La soute \u00e0 bagages est chauff\u00e9e, et permet de ranger jusqu&#8217;\u00e0 14 valises larges, 4 housses \u00e0 v\u00eatements et 6 paires de skis. Vous pourrez ainsi vous rendre vers toutes les destinations gr\u00e2ce \u00e0 ce jet, en voyageant confortablement.<\/p>\n<p style=\"text-align: justify;\"><strong>Caract\u00e9ristiques techniques:<\/strong><\/p>\n<p style=\"text-align: justify;\">Le Legacy 500 a une capacit\u00e9 maximale de 12 personnes. Au dessus de 5 460km, il a une capacit\u00e9 de 8 passagers \u00e0 bord, pour 4 passagers au dessus de 5 788 km.\u00a0Les commandes de vol \u00e9lectrique du Legacy 500 et sa performance en vol, combin\u00e9es \u00e0 une distance de vol allant jusqu&#8217;\u00e0 5 550 km et une vitesse de croisi\u00e8re de 876 km\/h fait de lui l&#8217;un des jets les plus rapides de sa gamme.<\/p>\n<p style=\"text-align: justify;\">L&#8217;autonomie de vol du Legacy 500 permet de relier des villes telles que Londres et Duba\u00ef, Lagos et Paris ou encore Moscou et Marrakech.<\/p>\n<p>&nbsp;<\/p>\n<p>Creative Commons\u00a0&#8211;<\/p>\n<p>CC0 1.0, d\u00e9dicace universelle au domaine public<\/p>\n","protected":false},"excerpt":{"rendered":"<p>Pr\u00e9sentation g\u00e9n\u00e9rale: Le Legacy 500 est un avion d&#8217;affaires bir\u00e9acteur du constructeur a\u00e9ronautique br\u00e9silien Embraer, entr\u00e9 en service en octobre 2014. Le Legacy 500 a \u00e9t\u00e9 officiellement annonc\u00e9 en mai 2008, en m\u00eame temps qu&#8217;un mod\u00e8le plus petit, le Legacy 450. C&#8217;est un concurrent du Bombardier Challenger 300 et 350. Caract\u00e9ristiques commerciales: Cet appareil se [&hellip;]<\/p>\n","protected":false},"featured_media":2556,"template":"","meta":[],"product_cat":[44],"product_tag":[],"yoast_head":"<!-- This site is optimized with the Yoast SEO plugin v20.3 - https:\/\/yoast.com\/wordpress\/plugins\/seo\/ -->\n<title>Embraer Legacy 500 - Artheau Aviation<\/title>\n<meta name=\"robots\" content=\"noindex, follow, max-snippet:-1, max-image-preview:large, max-video-preview:-1\" \/>\n<meta property=\"og:locale\" content=\"en_GB\" \/>\n<meta property=\"og:type\" content=\"article\" \/>\n<meta property=\"og:title\" content=\"Embraer Legacy 500 - Artheau Aviation\" \/>\n<meta property=\"og:description\" content=\"Pr\u00e9sentation g\u00e9n\u00e9rale: Le Legacy 500 est un avion d&#8217;affaires bir\u00e9acteur du constructeur a\u00e9ronautique br\u00e9silien Embraer, entr\u00e9 en service en octobre 2014. Le Legacy 500 a \u00e9t\u00e9 officiellement annonc\u00e9 en mai 2008, en m\u00eame temps qu&#8217;un mod\u00e8le plus petit, le Legacy 450. C&#8217;est un concurrent du Bombardier Challenger 300 et 350. Caract\u00e9ristiques commerciales: Cet appareil se [&hellip;]\" \/>\n<meta property=\"og:url\" content=\"https:\/\/dev.artheauaviation.com\/eng\/product\/embraer-legacy-500\/\" \/>\n<meta property=\"og:site_name\" content=\"Artheau Aviation\" \/>\n<meta property=\"article:modified_time\" content=\"2023-02-27T15:34:12+00:00\" \/>\n<meta property=\"og:image\" content=\"http:\/\/dev.artheauaviation.com\/eng\/wp-content\/uploads\/sites\/4\/2017\/05\/embraer500.jpg\" \/>\n\t<meta property=\"og:image:width\" content=\"800\" \/>\n\t<meta property=\"og:image:height\" content=\"534\" \/>\n\t<meta property=\"og:image:type\" content=\"image\/jpeg\" \/>\n<meta name=\"twitter:card\" content=\"summary_large_image\" \/>\n<meta name=\"twitter:label1\" content=\"Estimated reading time\" \/>\n\t<meta name=\"twitter:data1\" content=\"2 minutes\" \/>\n<script type=\"application\/ld+json\" class=\"yoast-schema-graph\">{\"@context\":\"https:\/\/schema.org\",\"@graph\":[{\"@type\":\"WebPage\",\"@id\":\"https:\/\/dev.artheauaviation.com\/eng\/product\/embraer-legacy-500\/\",\"url\":\"https:\/\/dev.artheauaviation.com\/eng\/product\/embraer-legacy-500\/\",\"name\":\"Embraer Legacy 500 - Artheau Aviation\",\"isPartOf\":{\"@id\":\"https:\/\/dev.artheauaviation.com\/eng\/#website\"},\"datePublished\":\"2017-05-26T15:24:08+00:00\",\"dateModified\":\"2023-02-27T15:34:12+00:00\",\"breadcrumb\":{\"@id\":\"https:\/\/dev.artheauaviation.com\/eng\/product\/embraer-legacy-500\/#breadcrumb\"},\"inLanguage\":\"en-GB\",\"potentialAction\":[{\"@type\":\"ReadAction\",\"target\":[\"https:\/\/dev.artheauaviation.com\/eng\/product\/embraer-legacy-500\/\"]}]},{\"@type\":\"BreadcrumbList\",\"@id\":\"https:\/\/dev.artheauaviation.com\/eng\/product\/embraer-legacy-500\/#breadcrumb\",\"itemListElement\":[{\"@type\":\"ListItem\",\"position\":1,\"name\":\"Home\",\"item\":\"https:\/\/dev.artheauaviation.com\/eng\/\"},{\"@type\":\"ListItem\",\"position\":2,\"name\":\"Our Planes\",\"item\":\"https:\/\/dev.artheauaviation.com\/eng\/nos-avions\/\"},{\"@type\":\"ListItem\",\"position\":3,\"name\":\"Embraer Legacy 500\"}]},{\"@type\":\"WebSite\",\"@id\":\"https:\/\/dev.artheauaviation.com\/eng\/#website\",\"url\":\"https:\/\/dev.artheauaviation.com\/eng\/\",\"name\":\"Artheau Aviation\",\"description\":\"Let&#039;s Fly Together\",\"potentialAction\":[{\"@type\":\"SearchAction\",\"target\":{\"@type\":\"EntryPoint\",\"urlTemplate\":\"https:\/\/dev.artheauaviation.com\/eng\/?s={search_term_string}\"},\"query-input\":\"required name=search_term_string\"}],\"inLanguage\":\"en-GB\"}]}<\/script>\n<!-- \/ Yoast SEO plugin. -->","yoast_head_json":{"title":"Embraer Legacy 500 - Artheau Aviation","robots":{"index":"noindex","follow":"follow","max-snippet":"max-snippet:-1","max-image-preview":"max-image-preview:large","max-video-preview":"max-video-preview:-1"},"og_locale":"en_GB","og_type":"article","og_title":"Embraer Legacy 500 - Artheau Aviation","og_description":"Pr\u00e9sentation g\u00e9n\u00e9rale: Le Legacy 500 est un avion d&#8217;affaires bir\u00e9acteur du constructeur a\u00e9ronautique br\u00e9silien Embraer, entr\u00e9 en service en octobre 2014. Le Legacy 500 a \u00e9t\u00e9 officiellement annonc\u00e9 en mai 2008, en m\u00eame temps qu&#8217;un mod\u00e8le plus petit, le Legacy 450. C&#8217;est un concurrent du Bombardier Challenger 300 et 350. Caract\u00e9ristiques commerciales: Cet appareil se [&hellip;]","og_url":"https:\/\/dev.artheauaviation.com\/eng\/product\/embraer-legacy-500\/","og_site_name":"Artheau Aviation","article_modified_time":"2023-02-27T15:34:12+00:00","og_image":[{"width":800,"height":534,"url":"http:\/\/dev.artheauaviation.com\/eng\/wp-content\/uploads\/sites\/4\/2017\/05\/embraer500.jpg","type":"image\/jpeg"}],"twitter_card":"summary_large_image","twitter_misc":{"Estimated reading time":"2 minutes"},"schema":{"@context":"https:\/\/schema.org","@graph":[{"@type":"WebPage","@id":"https:\/\/dev.artheauaviation.com\/eng\/product\/embraer-legacy-500\/","url":"https:\/\/dev.artheauaviation.com\/eng\/product\/embraer-legacy-500\/","name":"Embraer Legacy 500 - Artheau Aviation","isPartOf":{"@id":"https:\/\/dev.artheauaviation.com\/eng\/#website"},"datePublished":"2017-05-26T15:24:08+00:00","dateModified":"2023-02-27T15:34:12+00:00","breadcrumb":{"@id":"https:\/\/dev.artheauaviation.com\/eng\/product\/embraer-legacy-500\/#breadcrumb"},"inLanguage":"en-GB","potentialAction":[{"@type":"ReadAction","target":["https:\/\/dev.artheauaviation.com\/eng\/product\/embraer-legacy-500\/"]}]},{"@type":"BreadcrumbList","@id":"https:\/\/dev.artheauaviation.com\/eng\/product\/embraer-legacy-500\/#breadcrumb","itemListElement":[{"@type":"ListItem","position":1,"name":"Home","item":"https:\/\/dev.artheauaviation.com\/eng\/"},{"@type":"ListItem","position":2,"name":"Our Planes","item":"https:\/\/dev.artheauaviation.com\/eng\/nos-avions\/"},{"@type":"ListItem","position":3,"name":"Embraer Legacy 500"}]},{"@type":"WebSite","@id":"https:\/\/dev.artheauaviation.com\/eng\/#website","url":"https:\/\/dev.artheauaviation.com\/eng\/","name":"Artheau Aviation","description":"Let&#039;s Fly Together","potentialAction":[{"@type":"SearchAction","target":{"@type":"EntryPoint","urlTemplate":"https:\/\/dev.artheauaviation.com\/eng\/?s={search_term_string}"},"query-input":"required name=search_term_string"}],"inLanguage":"en-GB"}]}},"yoast_meta":{"title":""},"_links":{"self":[{"href":"https:\/\/dev.artheauaviation.com\/eng\/wp-json\/wp\/v2\/product\/2024"}],"collection":[{"href":"https:\/\/dev.artheauaviation.com\/eng\/wp-json\/wp\/v2\/product"}],"about":[{"href":"https:\/\/dev.artheauaviation.com\/eng\/wp-json\/wp\/v2\/types\/product"}],"wp:featuredmedia":[{"embeddable":true,"href":"https:\/\/dev.artheauaviation.com\/eng\/wp-json\/wp\/v2\/media\/2556"}],"wp:attachment":[{"href":"https:\/\/dev.artheauaviation.com\/eng\/wp-json\/wp\/v2\/media?parent=2024"}],"wp:term":[{"taxonomy":"product_cat","embeddable":true,"href":"https:\/\/dev.artheauaviation.com\/eng\/wp-json\/wp\/v2\/product_cat?post=2024"},{"taxonomy":"product_tag","embeddable":true,"href":"https:\/\/dev.artheauaviation.com\/eng\/wp-json\/wp\/v2\/product_tag?post=2024"}],"curies":[{"name":"wp","href":"https:\/\/api.w.org\/{rel}","templated":true}]}}