{"id":2025,"date":"2017-05-26T17:22:04","date_gmt":"2017-05-26T15:22:04","guid":{"rendered":"https:\/\/artheauaviation.com\/eng\/?post_type=product&#038;p=2025"},"modified":"2023-02-27T17:34:12","modified_gmt":"2023-02-27T15:34:12","slug":"embraer-legacy-600","status":"publish","type":"product","link":"https:\/\/dev.artheauaviation.com\/eng\/product\/embraer-legacy-600\/","title":{"rendered":"Embraer Legacy 600"},"content":{"rendered":"<p style=\"text-align: justify;\"><strong>Pr\u00e9sentation g\u00e9n\u00e9rale:<\/strong><\/p>\n<p style=\"text-align: justify;\">Le Legacy 600 ou EMB-135BJ est un avion d&#8217;affaires bir\u00e9acteur du constructeur a\u00e9ronautique br\u00e9silien Embraer. Son premier vol a eu lieu le 31 mars 2001. Il obtient sa certification en d\u00e9cembre 2001 et entre en service en octobre 2002, juste apr\u00e8s l&#8217;obtention de sa certification par la Federal Aviation Administration en septembre 2002. Il est d\u00e9riv\u00e9 du jet r\u00e9gional ERJ 135.<\/p>\n<p style=\"text-align: justify;\"><strong>Caract\u00e9ristiques commerciales:<\/strong><\/p>\n<p style=\"text-align: justify;\">Le Legacy 600 est un des jet long-courriers les plus \u00e9conomiques du march\u00e9. Son autonomie est suffisante pour relier Londres \u00e0 New-York sans escale. La conception de cabine dispose de trois zones, fournissant le confort et la vie priv\u00e9e de chaque passager. \u00a0Sa configuration \u00e0 13 si\u00e8ges offre une cabine spacieuse, souvent plus grande que celles des jets d&#8217;affaires dans sa cat\u00e9gorie.\u00a0Le Legacy 600 est \u00e9quip\u00e9 de deux grands \u00e9crans, un au front et un \u00e0 l&#8217;arri\u00e8re de la cabine. Il dispose \u00e9galement d&#8217;une cuisine \u00e9quip\u00e9e et adapt\u00e9e avec un four et un micro-ondes.<\/p>\n<p style=\"text-align: justify;\">Le compartiment \u00e0 bagages contenant 6,83m<sup>3<\/sup>\u00a0est \u00e9galement le plus grand compartiment de rangement des jets d&#8217;affaires de cette cat\u00e9gorie. Il se situe de plus \u00e0 l&#8217;int\u00e9rieur de l&#8217;appareil, rendant alors accessible tout document ou objet important dans la valise, sans sacrifier la taille de la cabine.<\/p>\n<p style=\"text-align: justify;\"><strong>Caract\u00e9ristiques techniques:<\/strong><\/p>\n<p style=\"text-align: justify;\">Le Legacy 600 est d\u00e9riv\u00e9 du jet r\u00e9gional ERJ 135 dont il h\u00e9rite les caract\u00e9ristiques techniques. Il fait partie de la cat\u00e9gorie des avions d&#8217;affaires &#8220;Super Midsize&#8221;. Il a une longueur de 26,33 m\u00e8tres, pour une hauteur de 6,76 m\u00e8tres. Un \u00e9quipage de deux personnes est demand\u00e9 pour cet appareil.<\/p>\n<p style=\"text-align: justify;\">Le Legacy 600 est aussi construit dans une variante baptis\u00e9e Legacy 650 et disposant d&#8217;une autonomie accrue \u00e0 <span class=\"nowrap\">7\u00a0200 <abbr class=\"abbr\" title=\"kilom\u00e8tre\">km<\/abbr><\/span> et de r\u00e9acteurs AE 3007A2 de <span class=\"nowrap\">40,1 <abbr class=\"abbr\" title=\"kilonewton\">kN<\/abbr><\/span> de pouss\u00e9e.\u00a0<span id=\"tran2\">L&#8217;autonomie de cet appareil, gr\u00e2ce aux moteurs Rolls Royce, permet d&#8217;atteindre des destinations en Europe de l&#8217;Est et en Afrique du Nord facilement et sans escale.<\/span><\/p>\n<p style=\"text-align: justify;\">Cet appareil a \u00e9t\u00e9 d\u00e9velopp\u00e9 d&#8217;une mani\u00e8re rentable pour r\u00e9pondre aux besoins de voyages a\u00e9riens de soci\u00e9t\u00e9s, des entrepreneurs et des chefs d&#8217;\u00c9tat. Con\u00e7u sur la base du tr\u00e8s appr\u00e9ci\u00e9 ERJ 135, le Legacy 600 combine confort de cabine, performance et efficacit\u00e9 d&#8217;exploitation pour r\u00e9pondre aux besoins divers de propri\u00e9taires.<\/p>\n","protected":false},"excerpt":{"rendered":"<p>Pr\u00e9sentation g\u00e9n\u00e9rale: Le Legacy 600 ou EMB-135BJ est un avion d&#8217;affaires bir\u00e9acteur du constructeur a\u00e9ronautique br\u00e9silien Embraer. Son premier vol a eu lieu le 31 mars 2001. Il obtient sa certification en d\u00e9cembre 2001 et entre en service en octobre 2002, juste apr\u00e8s l&#8217;obtention de sa certification par la Federal Aviation Administration en septembre 2002. [&hellip;]<\/p>\n","protected":false},"featured_media":2483,"template":"","meta":[],"product_cat":[44],"product_tag":[],"yoast_head":"<!-- This site is optimized with the Yoast SEO plugin v20.3 - https:\/\/yoast.com\/wordpress\/plugins\/seo\/ -->\n<title>Embraer Legacy 600 - Artheau Aviation<\/title>\n<meta name=\"robots\" content=\"noindex, follow, max-snippet:-1, max-image-preview:large, max-video-preview:-1\" \/>\n<meta property=\"og:locale\" content=\"en_GB\" \/>\n<meta property=\"og:type\" content=\"article\" \/>\n<meta property=\"og:title\" content=\"Embraer Legacy 600 - Artheau Aviation\" \/>\n<meta property=\"og:description\" content=\"Pr\u00e9sentation g\u00e9n\u00e9rale: Le Legacy 600 ou EMB-135BJ est un avion d&#8217;affaires bir\u00e9acteur du constructeur a\u00e9ronautique br\u00e9silien Embraer. Son premier vol a eu lieu le 31 mars 2001. Il obtient sa certification en d\u00e9cembre 2001 et entre en service en octobre 2002, juste apr\u00e8s l&#8217;obtention de sa certification par la Federal Aviation Administration en septembre 2002. [&hellip;]\" \/>\n<meta property=\"og:url\" content=\"https:\/\/dev.artheauaviation.com\/eng\/product\/embraer-legacy-600\/\" \/>\n<meta property=\"og:site_name\" content=\"Artheau Aviation\" \/>\n<meta property=\"article:modified_time\" content=\"2023-02-27T15:34:12+00:00\" \/>\n<meta property=\"og:image\" content=\"http:\/\/dev.artheauaviation.com\/eng\/wp-content\/uploads\/sites\/4\/2017\/05\/Embraer-600.jpg\" \/>\n\t<meta property=\"og:image:width\" content=\"500\" \/>\n\t<meta property=\"og:image:height\" content=\"350\" \/>\n\t<meta property=\"og:image:type\" content=\"image\/jpeg\" \/>\n<meta name=\"twitter:card\" content=\"summary_large_image\" \/>\n<meta name=\"twitter:label1\" content=\"Estimated reading time\" \/>\n\t<meta name=\"twitter:data1\" content=\"2 minutes\" \/>\n<script type=\"application\/ld+json\" class=\"yoast-schema-graph\">{\"@context\":\"https:\/\/schema.org\",\"@graph\":[{\"@type\":\"WebPage\",\"@id\":\"https:\/\/dev.artheauaviation.com\/eng\/product\/embraer-legacy-600\/\",\"url\":\"https:\/\/dev.artheauaviation.com\/eng\/product\/embraer-legacy-600\/\",\"name\":\"Embraer Legacy 600 - Artheau Aviation\",\"isPartOf\":{\"@id\":\"https:\/\/dev.artheauaviation.com\/eng\/#website\"},\"datePublished\":\"2017-05-26T15:22:04+00:00\",\"dateModified\":\"2023-02-27T15:34:12+00:00\",\"breadcrumb\":{\"@id\":\"https:\/\/dev.artheauaviation.com\/eng\/product\/embraer-legacy-600\/#breadcrumb\"},\"inLanguage\":\"en-GB\",\"potentialAction\":[{\"@type\":\"ReadAction\",\"target\":[\"https:\/\/dev.artheauaviation.com\/eng\/product\/embraer-legacy-600\/\"]}]},{\"@type\":\"BreadcrumbList\",\"@id\":\"https:\/\/dev.artheauaviation.com\/eng\/product\/embraer-legacy-600\/#breadcrumb\",\"itemListElement\":[{\"@type\":\"ListItem\",\"position\":1,\"name\":\"Home\",\"item\":\"https:\/\/dev.artheauaviation.com\/eng\/\"},{\"@type\":\"ListItem\",\"position\":2,\"name\":\"Our Planes\",\"item\":\"https:\/\/dev.artheauaviation.com\/eng\/nos-avions\/\"},{\"@type\":\"ListItem\",\"position\":3,\"name\":\"Embraer Legacy 600\"}]},{\"@type\":\"WebSite\",\"@id\":\"https:\/\/dev.artheauaviation.com\/eng\/#website\",\"url\":\"https:\/\/dev.artheauaviation.com\/eng\/\",\"name\":\"Artheau Aviation\",\"description\":\"Let&#039;s Fly Together\",\"potentialAction\":[{\"@type\":\"SearchAction\",\"target\":{\"@type\":\"EntryPoint\",\"urlTemplate\":\"https:\/\/dev.artheauaviation.com\/eng\/?s={search_term_string}\"},\"query-input\":\"required name=search_term_string\"}],\"inLanguage\":\"en-GB\"}]}<\/script>\n<!-- \/ Yoast SEO plugin. -->","yoast_head_json":{"title":"Embraer Legacy 600 - Artheau Aviation","robots":{"index":"noindex","follow":"follow","max-snippet":"max-snippet:-1","max-image-preview":"max-image-preview:large","max-video-preview":"max-video-preview:-1"},"og_locale":"en_GB","og_type":"article","og_title":"Embraer Legacy 600 - Artheau Aviation","og_description":"Pr\u00e9sentation g\u00e9n\u00e9rale: Le Legacy 600 ou EMB-135BJ est un avion d&#8217;affaires bir\u00e9acteur du constructeur a\u00e9ronautique br\u00e9silien Embraer. Son premier vol a eu lieu le 31 mars 2001. Il obtient sa certification en d\u00e9cembre 2001 et entre en service en octobre 2002, juste apr\u00e8s l&#8217;obtention de sa certification par la Federal Aviation Administration en septembre 2002. [&hellip;]","og_url":"https:\/\/dev.artheauaviation.com\/eng\/product\/embraer-legacy-600\/","og_site_name":"Artheau Aviation","article_modified_time":"2023-02-27T15:34:12+00:00","og_image":[{"width":500,"height":350,"url":"http:\/\/dev.artheauaviation.com\/eng\/wp-content\/uploads\/sites\/4\/2017\/05\/Embraer-600.jpg","type":"image\/jpeg"}],"twitter_card":"summary_large_image","twitter_misc":{"Estimated reading time":"2 minutes"},"schema":{"@context":"https:\/\/schema.org","@graph":[{"@type":"WebPage","@id":"https:\/\/dev.artheauaviation.com\/eng\/product\/embraer-legacy-600\/","url":"https:\/\/dev.artheauaviation.com\/eng\/product\/embraer-legacy-600\/","name":"Embraer Legacy 600 - Artheau Aviation","isPartOf":{"@id":"https:\/\/dev.artheauaviation.com\/eng\/#website"},"datePublished":"2017-05-26T15:22:04+00:00","dateModified":"2023-02-27T15:34:12+00:00","breadcrumb":{"@id":"https:\/\/dev.artheauaviation.com\/eng\/product\/embraer-legacy-600\/#breadcrumb"},"inLanguage":"en-GB","potentialAction":[{"@type":"ReadAction","target":["https:\/\/dev.artheauaviation.com\/eng\/product\/embraer-legacy-600\/"]}]},{"@type":"BreadcrumbList","@id":"https:\/\/dev.artheauaviation.com\/eng\/product\/embraer-legacy-600\/#breadcrumb","itemListElement":[{"@type":"ListItem","position":1,"name":"Home","item":"https:\/\/dev.artheauaviation.com\/eng\/"},{"@type":"ListItem","position":2,"name":"Our Planes","item":"https:\/\/dev.artheauaviation.com\/eng\/nos-avions\/"},{"@type":"ListItem","position":3,"name":"Embraer Legacy 600"}]},{"@type":"WebSite","@id":"https:\/\/dev.artheauaviation.com\/eng\/#website","url":"https:\/\/dev.artheauaviation.com\/eng\/","name":"Artheau Aviation","description":"Let&#039;s Fly Together","potentialAction":[{"@type":"SearchAction","target":{"@type":"EntryPoint","urlTemplate":"https:\/\/dev.artheauaviation.com\/eng\/?s={search_term_string}"},"query-input":"required name=search_term_string"}],"inLanguage":"en-GB"}]}},"yoast_meta":{"title":""},"_links":{"self":[{"href":"https:\/\/dev.artheauaviation.com\/eng\/wp-json\/wp\/v2\/product\/2025"}],"collection":[{"href":"https:\/\/dev.artheauaviation.com\/eng\/wp-json\/wp\/v2\/product"}],"about":[{"href":"https:\/\/dev.artheauaviation.com\/eng\/wp-json\/wp\/v2\/types\/product"}],"wp:featuredmedia":[{"embeddable":true,"href":"https:\/\/dev.artheauaviation.com\/eng\/wp-json\/wp\/v2\/media\/2483"}],"wp:attachment":[{"href":"https:\/\/dev.artheauaviation.com\/eng\/wp-json\/wp\/v2\/media?parent=2025"}],"wp:term":[{"taxonomy":"product_cat","embeddable":true,"href":"https:\/\/dev.artheauaviation.com\/eng\/wp-json\/wp\/v2\/product_cat?post=2025"},{"taxonomy":"product_tag","embeddable":true,"href":"https:\/\/dev.artheauaviation.com\/eng\/wp-json\/wp\/v2\/product_tag?post=2025"}],"curies":[{"name":"wp","href":"https:\/\/api.w.org\/{rel}","templated":true}]}}