{"id":2065,"date":"2017-05-29T17:48:39","date_gmt":"2017-05-29T15:48:39","guid":{"rendered":"https:\/\/artheauaviation.com\/eng\/?post_type=product&#038;p=2065"},"modified":"2023-02-27T17:34:11","modified_gmt":"2023-02-27T15:34:11","slug":"hawker-400","status":"publish","type":"product","link":"https:\/\/dev.artheauaviation.com\/eng\/product\/hawker-400\/","title":{"rendered":"Hawker 400"},"content":{"rendered":"<p style=\"text-align: justify;\"><strong>Pr\u00e9sentation g\u00e9n\u00e9rale:<\/strong><\/p>\n<p style=\"text-align: justify;\">Le Hawker 400 est un avion bir\u00e9acteur d\u2019affaires fabriqu\u00e9\u00a0par Mitsubishi. Un accord fut rapidement n\u00e9goci\u00e9 entre Mitsubishi et Beechcraft. Le programme a \u00e9t\u00e9 vendu en 1985 \u00e0 Beech Aircraft Company, puisque le fabriquant souhaitait p\u00e9n\u00e9trer le march\u00e9 du jet d&#8217;affaires pour rejoindre son concurrent Cessna. L&#8217;appareil, baptis\u00e9 au d\u00e9part Model 400 Beechjet, est devenu Raytheon 400 Beechjet en 1994, puis il devient un produit Hawker en 2002.\u00a0Depuis 2003, cet appareil est produit et commercialis\u00e9 sons le nom de Hawker 400.<\/p>\n<p style=\"text-align: justify;\"><strong>Caract\u00e9ristiques commerciales:<\/strong><\/p>\n<p style=\"text-align: justify;\">En 1977 Mitsubishi Heavy Industries a lanc\u00e9 le d\u00e9veloppement d\u2019un petit bir\u00e9acteur destin\u00e9 \u00e0 compl\u00e9ter vers le haut la gamme de ses avions d\u2019affaires.\u00a0Le Hawker 400 a effectu\u00e9 son premier vol le 29 ao\u00fbt 1978, et est mis en service en 1982. Deux pilotes sont n\u00e9cessaires, et la cabine spacieuse peut accueillir jusqu&#8217;\u00e0 huit passagers.<\/p>\n<p style=\"text-align: justify;\">Le Hawker 400 XP, variante de Hawker 400, est un jet d\u2019affaires l\u00e9ger et technologiquement avanc\u00e9, par rapport aux jets de plus grandes tailles. Cet appareil offre un tr\u00e8s bon rapport qualit\u00e9-prix pour vos vols \u00e0 travers l&#8217;Europe.<\/p>\n<p style=\"text-align: justify;\"><strong>Caract\u00e9ristiques techniques:<\/strong><\/p>\n<p style=\"text-align: justify;\">Le Hawker 400XP est une modification du Beechjet 400. Cet appareil n&#8217;est pas tout \u00e0 fait consid\u00e9r\u00e9 comme un jet de taille moyenne, de par son poids, mais il permet toutefois de transporter jusqu&#8217;\u00e0 huit passagers dans une cabine \u00e9l\u00e9gante et tr\u00e8s confortable. La soute \u00e0 bagages peut toutefois \u00eatre parfois limit\u00e9e.<\/p>\n<p style=\"text-align: justify;\">Aliment\u00e9 par des moteurs \u00e0 basse consommation Pratt &amp; Whitney, le Hawker 400 est l\u2019un des jets d\u2019affaires l\u00e9gers les plus rapides sur le march\u00e9 des jets l\u00e9gers d&#8217;affaires. Ce type de petits jets l\u00e9gers fait partie de la cat\u00e9gorie principale du march\u00e9 de l&#8217;affr\u00e8tement. Il est \u00e0 l&#8217;image d&#8217;un choix \u00e9conomique pour vos d\u00e9placements court ou moyen courrier. Avec sa rapidit\u00e9 et sa capacit\u00e9 \u00e0 se poser sur de nombreux a\u00e9roports non accessibles par les compagnies a\u00e9riennes majeures, le Hawker 400 vous offre un transport de qualit\u00e9.<\/p>\n<p>&nbsp;<\/p>\n<table class=\"m_5056392282344670460gmail-fileinfotpl-type-information m_5056392282344670460gmail-toccolours m_5056392282344670460gmail-vevent m_5056392282344670460gmail-mw-content-ltr\" cellpadding=\"4\">\n<tbody>\n<tr>\n<td id=\"m_5056392282344670460gmail-fileinfotpl_desc\" class=\"m_5056392282344670460gmail-fileinfo-paramfield\" lang=\"en\">Description<\/td>\n<td class=\"m_5056392282344670460gmail-description\">\n<div class=\"m_5056392282344670460gmail-description m_5056392282344670460gmail-mw-content-ltr m_5056392282344670460en\" dir=\"ltr\" lang=\"en\"><span class=\"m_5056392282344670460gmail-language m_5056392282344670460en\" title=\"\"><b>English:<\/b><\/span>\u00a0Hawker 400 XP<\/div>\n<\/td>\n<\/tr>\n<tr>\n<td id=\"m_5056392282344670460gmail-fileinfotpl_date\" class=\"m_5056392282344670460gmail-fileinfo-paramfield\" lang=\"en\">Date<\/td>\n<td lang=\"en\"><\/td>\n<\/tr>\n<tr>\n<td id=\"m_5056392282344670460gmail-fileinfotpl_src\" class=\"m_5056392282344670460gmail-fileinfo-paramfield\" lang=\"en\">Source<\/td>\n<td><span class=\"m_5056392282344670460gmail-int-own-work\" lang=\"en\">Own work<\/span><\/td>\n<\/tr>\n<tr>\n<td id=\"m_5056392282344670460gmail-fileinfotpl_aut\" class=\"m_5056392282344670460gmail-fileinfo-paramfield\" lang=\"en\">Author<\/td>\n<td>EWildt<\/td>\n<\/tr>\n<\/tbody>\n<\/table>\n","protected":false},"excerpt":{"rendered":"<p>Pr\u00e9sentation g\u00e9n\u00e9rale: Le Hawker 400 est un avion bir\u00e9acteur d\u2019affaires fabriqu\u00e9\u00a0par Mitsubishi. Un accord fut rapidement n\u00e9goci\u00e9 entre Mitsubishi et Beechcraft. Le programme a \u00e9t\u00e9 vendu en 1985 \u00e0 Beech Aircraft Company, puisque le fabriquant souhaitait p\u00e9n\u00e9trer le march\u00e9 du jet d&#8217;affaires pour rejoindre son concurrent Cessna. L&#8217;appareil, baptis\u00e9 au d\u00e9part Model 400 Beechjet, est [&hellip;]<\/p>\n","protected":false},"featured_media":2560,"template":"","meta":[],"product_cat":[44],"product_tag":[],"yoast_head":"<!-- This site is optimized with the Yoast SEO plugin v20.3 - https:\/\/yoast.com\/wordpress\/plugins\/seo\/ -->\n<title>Hawker 400 - Artheau Aviation<\/title>\n<meta name=\"robots\" content=\"noindex, follow, max-snippet:-1, max-image-preview:large, max-video-preview:-1\" \/>\n<meta property=\"og:locale\" content=\"en_GB\" \/>\n<meta property=\"og:type\" content=\"article\" \/>\n<meta property=\"og:title\" content=\"Hawker 400 - Artheau Aviation\" \/>\n<meta property=\"og:description\" content=\"Pr\u00e9sentation g\u00e9n\u00e9rale: Le Hawker 400 est un avion bir\u00e9acteur d\u2019affaires fabriqu\u00e9\u00a0par Mitsubishi. Un accord fut rapidement n\u00e9goci\u00e9 entre Mitsubishi et Beechcraft. Le programme a \u00e9t\u00e9 vendu en 1985 \u00e0 Beech Aircraft Company, puisque le fabriquant souhaitait p\u00e9n\u00e9trer le march\u00e9 du jet d&#8217;affaires pour rejoindre son concurrent Cessna. L&#8217;appareil, baptis\u00e9 au d\u00e9part Model 400 Beechjet, est [&hellip;]\" \/>\n<meta property=\"og:url\" content=\"https:\/\/dev.artheauaviation.com\/eng\/product\/hawker-400\/\" \/>\n<meta property=\"og:site_name\" content=\"Artheau Aviation\" \/>\n<meta property=\"article:modified_time\" content=\"2023-02-27T15:34:11+00:00\" \/>\n<meta property=\"og:image\" content=\"http:\/\/dev.artheauaviation.com\/eng\/wp-content\/uploads\/sites\/4\/2017\/05\/Hawker_400_xp.jpg\" \/>\n\t<meta property=\"og:image:width\" content=\"300\" \/>\n\t<meta property=\"og:image:height\" content=\"225\" \/>\n\t<meta property=\"og:image:type\" content=\"image\/jpeg\" \/>\n<meta name=\"twitter:card\" content=\"summary_large_image\" \/>\n<meta name=\"twitter:label1\" content=\"Estimated reading time\" \/>\n\t<meta name=\"twitter:data1\" content=\"2 minutes\" \/>\n<script type=\"application\/ld+json\" class=\"yoast-schema-graph\">{\"@context\":\"https:\/\/schema.org\",\"@graph\":[{\"@type\":\"WebPage\",\"@id\":\"https:\/\/dev.artheauaviation.com\/eng\/product\/hawker-400\/\",\"url\":\"https:\/\/dev.artheauaviation.com\/eng\/product\/hawker-400\/\",\"name\":\"Hawker 400 - Artheau Aviation\",\"isPartOf\":{\"@id\":\"https:\/\/dev.artheauaviation.com\/eng\/#website\"},\"datePublished\":\"2017-05-29T15:48:39+00:00\",\"dateModified\":\"2023-02-27T15:34:11+00:00\",\"breadcrumb\":{\"@id\":\"https:\/\/dev.artheauaviation.com\/eng\/product\/hawker-400\/#breadcrumb\"},\"inLanguage\":\"en-GB\",\"potentialAction\":[{\"@type\":\"ReadAction\",\"target\":[\"https:\/\/dev.artheauaviation.com\/eng\/product\/hawker-400\/\"]}]},{\"@type\":\"BreadcrumbList\",\"@id\":\"https:\/\/dev.artheauaviation.com\/eng\/product\/hawker-400\/#breadcrumb\",\"itemListElement\":[{\"@type\":\"ListItem\",\"position\":1,\"name\":\"Home\",\"item\":\"https:\/\/dev.artheauaviation.com\/eng\/\"},{\"@type\":\"ListItem\",\"position\":2,\"name\":\"Our Planes\",\"item\":\"https:\/\/dev.artheauaviation.com\/eng\/nos-avions\/\"},{\"@type\":\"ListItem\",\"position\":3,\"name\":\"Hawker 400\"}]},{\"@type\":\"WebSite\",\"@id\":\"https:\/\/dev.artheauaviation.com\/eng\/#website\",\"url\":\"https:\/\/dev.artheauaviation.com\/eng\/\",\"name\":\"Artheau Aviation\",\"description\":\"Let&#039;s Fly Together\",\"potentialAction\":[{\"@type\":\"SearchAction\",\"target\":{\"@type\":\"EntryPoint\",\"urlTemplate\":\"https:\/\/dev.artheauaviation.com\/eng\/?s={search_term_string}\"},\"query-input\":\"required name=search_term_string\"}],\"inLanguage\":\"en-GB\"}]}<\/script>\n<!-- \/ Yoast SEO plugin. -->","yoast_head_json":{"title":"Hawker 400 - Artheau Aviation","robots":{"index":"noindex","follow":"follow","max-snippet":"max-snippet:-1","max-image-preview":"max-image-preview:large","max-video-preview":"max-video-preview:-1"},"og_locale":"en_GB","og_type":"article","og_title":"Hawker 400 - Artheau Aviation","og_description":"Pr\u00e9sentation g\u00e9n\u00e9rale: Le Hawker 400 est un avion bir\u00e9acteur d\u2019affaires fabriqu\u00e9\u00a0par Mitsubishi. Un accord fut rapidement n\u00e9goci\u00e9 entre Mitsubishi et Beechcraft. Le programme a \u00e9t\u00e9 vendu en 1985 \u00e0 Beech Aircraft Company, puisque le fabriquant souhaitait p\u00e9n\u00e9trer le march\u00e9 du jet d&#8217;affaires pour rejoindre son concurrent Cessna. L&#8217;appareil, baptis\u00e9 au d\u00e9part Model 400 Beechjet, est [&hellip;]","og_url":"https:\/\/dev.artheauaviation.com\/eng\/product\/hawker-400\/","og_site_name":"Artheau Aviation","article_modified_time":"2023-02-27T15:34:11+00:00","og_image":[{"width":300,"height":225,"url":"http:\/\/dev.artheauaviation.com\/eng\/wp-content\/uploads\/sites\/4\/2017\/05\/Hawker_400_xp.jpg","type":"image\/jpeg"}],"twitter_card":"summary_large_image","twitter_misc":{"Estimated reading time":"2 minutes"},"schema":{"@context":"https:\/\/schema.org","@graph":[{"@type":"WebPage","@id":"https:\/\/dev.artheauaviation.com\/eng\/product\/hawker-400\/","url":"https:\/\/dev.artheauaviation.com\/eng\/product\/hawker-400\/","name":"Hawker 400 - Artheau Aviation","isPartOf":{"@id":"https:\/\/dev.artheauaviation.com\/eng\/#website"},"datePublished":"2017-05-29T15:48:39+00:00","dateModified":"2023-02-27T15:34:11+00:00","breadcrumb":{"@id":"https:\/\/dev.artheauaviation.com\/eng\/product\/hawker-400\/#breadcrumb"},"inLanguage":"en-GB","potentialAction":[{"@type":"ReadAction","target":["https:\/\/dev.artheauaviation.com\/eng\/product\/hawker-400\/"]}]},{"@type":"BreadcrumbList","@id":"https:\/\/dev.artheauaviation.com\/eng\/product\/hawker-400\/#breadcrumb","itemListElement":[{"@type":"ListItem","position":1,"name":"Home","item":"https:\/\/dev.artheauaviation.com\/eng\/"},{"@type":"ListItem","position":2,"name":"Our Planes","item":"https:\/\/dev.artheauaviation.com\/eng\/nos-avions\/"},{"@type":"ListItem","position":3,"name":"Hawker 400"}]},{"@type":"WebSite","@id":"https:\/\/dev.artheauaviation.com\/eng\/#website","url":"https:\/\/dev.artheauaviation.com\/eng\/","name":"Artheau Aviation","description":"Let&#039;s Fly Together","potentialAction":[{"@type":"SearchAction","target":{"@type":"EntryPoint","urlTemplate":"https:\/\/dev.artheauaviation.com\/eng\/?s={search_term_string}"},"query-input":"required name=search_term_string"}],"inLanguage":"en-GB"}]}},"yoast_meta":{"title":""},"_links":{"self":[{"href":"https:\/\/dev.artheauaviation.com\/eng\/wp-json\/wp\/v2\/product\/2065"}],"collection":[{"href":"https:\/\/dev.artheauaviation.com\/eng\/wp-json\/wp\/v2\/product"}],"about":[{"href":"https:\/\/dev.artheauaviation.com\/eng\/wp-json\/wp\/v2\/types\/product"}],"wp:featuredmedia":[{"embeddable":true,"href":"https:\/\/dev.artheauaviation.com\/eng\/wp-json\/wp\/v2\/media\/2560"}],"wp:attachment":[{"href":"https:\/\/dev.artheauaviation.com\/eng\/wp-json\/wp\/v2\/media?parent=2065"}],"wp:term":[{"taxonomy":"product_cat","embeddable":true,"href":"https:\/\/dev.artheauaviation.com\/eng\/wp-json\/wp\/v2\/product_cat?post=2065"},{"taxonomy":"product_tag","embeddable":true,"href":"https:\/\/dev.artheauaviation.com\/eng\/wp-json\/wp\/v2\/product_tag?post=2065"}],"curies":[{"name":"wp","href":"https:\/\/api.w.org\/{rel}","templated":true}]}}