{"id":2071,"date":"2017-05-31T11:42:06","date_gmt":"2017-05-31T09:42:06","guid":{"rendered":"https:\/\/artheauaviation.com\/eng\/?post_type=product&#038;p=2071"},"modified":"2019-05-06T21:55:04","modified_gmt":"2019-05-06T19:55:04","slug":"hawker-900","status":"publish","type":"product","link":"https:\/\/dev.artheauaviation.com\/eng\/product\/hawker-900\/","title":{"rendered":"Hawker 900"},"content":{"rendered":"<p style=\"text-align: justify;\"><strong>Pr\u00e9sentation g\u00e9n\u00e9rale:<\/strong><\/p>\n<p style=\"text-align: justify;\">Le Hawker 900 fait partie de la s\u00e9rie des Hawker 800, qui a vol\u00e9 pour la premi\u00e8re fois en 1983. Cette s\u00e9rie est bas\u00e9e sur le BAe 125 ou le Hawker 700. Le Hawker 900 a \u00e9t\u00e9 vendu pour la premi\u00e8re fois en 2007. Le fabricant Hawker Beechcraft a livr\u00e9 plus de 650 jets dans cette s\u00e9rie, dont 183 Hawker 900.<\/p>\n<p style=\"text-align: justify;\"><strong>Caract\u00e9ristiques commerciales:<\/strong><\/p>\n<p style=\"text-align: justify;\">Le Hawker 900 est un appareil de la gamme des medium jet, ressemblant fortement aux appareils de sa s\u00e9rie, pouvant accueillir 11 passagers \u00e0 son bord. La cabine, lumineuse et spacieuse, offre du confort et de la place. Cet appareil est disponible est plusieurs configurations, suivant le nombre de passagers. \u00a0En terme de confort, une configuration de la cabine avec 6 \u00e0 8 passagers est id\u00e9ale. Notez par ailleurs que les si\u00e8ges peuvent \u00eatre transform\u00e9s en lits, favorisant ainsi le confort des passagers souhaitant se reposer. Elle\u00a0comprend de plus un compartiment \u00e0 bagages chauff\u00e9 et pressuris\u00e9, accessibles en vol, ce qui vous permet de ranger entre autre vos skis et vos clubs de golf.<\/p>\n<p style=\"text-align: justify;\">De par ses performances techniques, cet appareil\u00a0est particuli\u00e8rement adapt\u00e9 pour les a\u00e9roports \u00e0 haute altitude. Egalement, ses moteurs Honeywell respectant les r\u00e9gulations de niveau 4 sur le bruit, et n&#8217;ayant besoin de seulement 700 m\u00e8tres de piste pour se poser, cela lui permet de se poser dans pratiquement tous les a\u00e9roports du monde.<\/p>\n<p style=\"text-align: justify;\"><strong>Caract\u00e9ristiques techniques:<\/strong><\/p>\n<p style=\"text-align: justify;\">Le Hawker 900 est le jet d&#8217;affaires de taille moyenne le plus vendu dans le monde.\u00a0Il mesure 15,57 m\u00e8tres de long, et 5,5 m\u00e8tres de haut. La cabine fait 6,5 m\u00e8tres de long et 1,82 m\u00e8tres de large, ce qui rend tout \u00e0 fait possible vos d\u00e9placements \u00e0 l&#8217;int\u00e9rieur, sauf si vous mesurez plus de 1,75 m\u00e8tres. Gr\u00e2ce \u00e0 ses moteurs, l\u2019avion n\u2019a besoin que de 25 minutes pour atteindre 41 000 pieds, soit 12 500 m\u00e8tres d&#8217;altitude.\u00a0Il peut voler pendant 6 heures, sa port\u00e9e maximale \u00e9tant de 5 400 kilom\u00e8tres, m\u00eame avec un nombre maximum de passagers \u00e0 bord.<\/p>\n<p>&nbsp;<\/p>\n<p>Licence Pixabay<\/p>\n<div>Gratuit pour un usage commercial<br \/>\nAucune attribution requise<\/div>\n","protected":false},"excerpt":{"rendered":"<p>Pr\u00e9sentation g\u00e9n\u00e9rale: Le Hawker 900 fait partie de la s\u00e9rie des Hawker 800, qui a vol\u00e9 pour la premi\u00e8re fois en 1983. Cette s\u00e9rie est bas\u00e9e sur le BAe 125 ou le Hawker 700. Le Hawker 900 a \u00e9t\u00e9 vendu pour la premi\u00e8re fois en 2007. Le fabricant Hawker Beechcraft a livr\u00e9 plus de 650 [&hellip;]<\/p>\n","protected":false},"featured_media":2563,"template":"","meta":[],"product_cat":[44],"product_tag":[],"yoast_head":"<!-- This site is optimized with the Yoast SEO plugin v20.3 - https:\/\/yoast.com\/wordpress\/plugins\/seo\/ -->\n<title>Hawker 900 - Artheau Aviation<\/title>\n<meta name=\"robots\" content=\"noindex, follow, max-snippet:-1, max-image-preview:large, max-video-preview:-1\" \/>\n<meta property=\"og:locale\" content=\"en_GB\" \/>\n<meta property=\"og:type\" content=\"article\" \/>\n<meta property=\"og:title\" content=\"Hawker 900 - Artheau Aviation\" \/>\n<meta property=\"og:description\" content=\"Pr\u00e9sentation g\u00e9n\u00e9rale: Le Hawker 900 fait partie de la s\u00e9rie des Hawker 800, qui a vol\u00e9 pour la premi\u00e8re fois en 1983. Cette s\u00e9rie est bas\u00e9e sur le BAe 125 ou le Hawker 700. Le Hawker 900 a \u00e9t\u00e9 vendu pour la premi\u00e8re fois en 2007. Le fabricant Hawker Beechcraft a livr\u00e9 plus de 650 [&hellip;]\" \/>\n<meta property=\"og:url\" content=\"https:\/\/dev.artheauaviation.com\/eng\/product\/hawker-900\/\" \/>\n<meta property=\"og:site_name\" content=\"Artheau Aviation\" \/>\n<meta property=\"article:modified_time\" content=\"2019-05-06T19:55:04+00:00\" \/>\n<meta property=\"og:image\" content=\"http:\/\/dev.artheauaviation.com\/eng\/wp-content\/uploads\/sites\/4\/2017\/05\/hawker900.jpg\" \/>\n\t<meta property=\"og:image:width\" content=\"960\" \/>\n\t<meta property=\"og:image:height\" content=\"617\" \/>\n\t<meta property=\"og:image:type\" content=\"image\/jpeg\" \/>\n<meta name=\"twitter:card\" content=\"summary_large_image\" \/>\n<meta name=\"twitter:label1\" content=\"Estimated reading time\" \/>\n\t<meta name=\"twitter:data1\" content=\"2 minutes\" \/>\n<script type=\"application\/ld+json\" class=\"yoast-schema-graph\">{\"@context\":\"https:\/\/schema.org\",\"@graph\":[{\"@type\":\"WebPage\",\"@id\":\"https:\/\/dev.artheauaviation.com\/eng\/product\/hawker-900\/\",\"url\":\"https:\/\/dev.artheauaviation.com\/eng\/product\/hawker-900\/\",\"name\":\"Hawker 900 - Artheau Aviation\",\"isPartOf\":{\"@id\":\"https:\/\/dev.artheauaviation.com\/eng\/#website\"},\"datePublished\":\"2017-05-31T09:42:06+00:00\",\"dateModified\":\"2019-05-06T19:55:04+00:00\",\"breadcrumb\":{\"@id\":\"https:\/\/dev.artheauaviation.com\/eng\/product\/hawker-900\/#breadcrumb\"},\"inLanguage\":\"en-GB\",\"potentialAction\":[{\"@type\":\"ReadAction\",\"target\":[\"https:\/\/dev.artheauaviation.com\/eng\/product\/hawker-900\/\"]}]},{\"@type\":\"BreadcrumbList\",\"@id\":\"https:\/\/dev.artheauaviation.com\/eng\/product\/hawker-900\/#breadcrumb\",\"itemListElement\":[{\"@type\":\"ListItem\",\"position\":1,\"name\":\"Home\",\"item\":\"https:\/\/dev.artheauaviation.com\/eng\/\"},{\"@type\":\"ListItem\",\"position\":2,\"name\":\"Our Planes\",\"item\":\"https:\/\/dev.artheauaviation.com\/eng\/nos-avions\/\"},{\"@type\":\"ListItem\",\"position\":3,\"name\":\"Hawker 900\"}]},{\"@type\":\"WebSite\",\"@id\":\"https:\/\/dev.artheauaviation.com\/eng\/#website\",\"url\":\"https:\/\/dev.artheauaviation.com\/eng\/\",\"name\":\"Artheau Aviation\",\"description\":\"Let&#039;s Fly Together\",\"potentialAction\":[{\"@type\":\"SearchAction\",\"target\":{\"@type\":\"EntryPoint\",\"urlTemplate\":\"https:\/\/dev.artheauaviation.com\/eng\/?s={search_term_string}\"},\"query-input\":\"required name=search_term_string\"}],\"inLanguage\":\"en-GB\"}]}<\/script>\n<!-- \/ Yoast SEO plugin. -->","yoast_head_json":{"title":"Hawker 900 - Artheau Aviation","robots":{"index":"noindex","follow":"follow","max-snippet":"max-snippet:-1","max-image-preview":"max-image-preview:large","max-video-preview":"max-video-preview:-1"},"og_locale":"en_GB","og_type":"article","og_title":"Hawker 900 - Artheau Aviation","og_description":"Pr\u00e9sentation g\u00e9n\u00e9rale: Le Hawker 900 fait partie de la s\u00e9rie des Hawker 800, qui a vol\u00e9 pour la premi\u00e8re fois en 1983. Cette s\u00e9rie est bas\u00e9e sur le BAe 125 ou le Hawker 700. Le Hawker 900 a \u00e9t\u00e9 vendu pour la premi\u00e8re fois en 2007. Le fabricant Hawker Beechcraft a livr\u00e9 plus de 650 [&hellip;]","og_url":"https:\/\/dev.artheauaviation.com\/eng\/product\/hawker-900\/","og_site_name":"Artheau Aviation","article_modified_time":"2019-05-06T19:55:04+00:00","og_image":[{"width":960,"height":617,"url":"http:\/\/dev.artheauaviation.com\/eng\/wp-content\/uploads\/sites\/4\/2017\/05\/hawker900.jpg","type":"image\/jpeg"}],"twitter_card":"summary_large_image","twitter_misc":{"Estimated reading time":"2 minutes"},"schema":{"@context":"https:\/\/schema.org","@graph":[{"@type":"WebPage","@id":"https:\/\/dev.artheauaviation.com\/eng\/product\/hawker-900\/","url":"https:\/\/dev.artheauaviation.com\/eng\/product\/hawker-900\/","name":"Hawker 900 - Artheau Aviation","isPartOf":{"@id":"https:\/\/dev.artheauaviation.com\/eng\/#website"},"datePublished":"2017-05-31T09:42:06+00:00","dateModified":"2019-05-06T19:55:04+00:00","breadcrumb":{"@id":"https:\/\/dev.artheauaviation.com\/eng\/product\/hawker-900\/#breadcrumb"},"inLanguage":"en-GB","potentialAction":[{"@type":"ReadAction","target":["https:\/\/dev.artheauaviation.com\/eng\/product\/hawker-900\/"]}]},{"@type":"BreadcrumbList","@id":"https:\/\/dev.artheauaviation.com\/eng\/product\/hawker-900\/#breadcrumb","itemListElement":[{"@type":"ListItem","position":1,"name":"Home","item":"https:\/\/dev.artheauaviation.com\/eng\/"},{"@type":"ListItem","position":2,"name":"Our Planes","item":"https:\/\/dev.artheauaviation.com\/eng\/nos-avions\/"},{"@type":"ListItem","position":3,"name":"Hawker 900"}]},{"@type":"WebSite","@id":"https:\/\/dev.artheauaviation.com\/eng\/#website","url":"https:\/\/dev.artheauaviation.com\/eng\/","name":"Artheau Aviation","description":"Let&#039;s Fly Together","potentialAction":[{"@type":"SearchAction","target":{"@type":"EntryPoint","urlTemplate":"https:\/\/dev.artheauaviation.com\/eng\/?s={search_term_string}"},"query-input":"required name=search_term_string"}],"inLanguage":"en-GB"}]}},"yoast_meta":{"title":""},"_links":{"self":[{"href":"https:\/\/dev.artheauaviation.com\/eng\/wp-json\/wp\/v2\/product\/2071"}],"collection":[{"href":"https:\/\/dev.artheauaviation.com\/eng\/wp-json\/wp\/v2\/product"}],"about":[{"href":"https:\/\/dev.artheauaviation.com\/eng\/wp-json\/wp\/v2\/types\/product"}],"wp:featuredmedia":[{"embeddable":true,"href":"https:\/\/dev.artheauaviation.com\/eng\/wp-json\/wp\/v2\/media\/2563"}],"wp:attachment":[{"href":"https:\/\/dev.artheauaviation.com\/eng\/wp-json\/wp\/v2\/media?parent=2071"}],"wp:term":[{"taxonomy":"product_cat","embeddable":true,"href":"https:\/\/dev.artheauaviation.com\/eng\/wp-json\/wp\/v2\/product_cat?post=2071"},{"taxonomy":"product_tag","embeddable":true,"href":"https:\/\/dev.artheauaviation.com\/eng\/wp-json\/wp\/v2\/product_tag?post=2071"}],"curies":[{"name":"wp","href":"https:\/\/api.w.org\/{rel}","templated":true}]}}