{"id":2073,"date":"2017-05-31T16:17:51","date_gmt":"2017-05-31T14:17:51","guid":{"rendered":"https:\/\/artheauaviation.com\/eng\/?post_type=product&#038;p=2073"},"modified":"2023-02-27T17:34:11","modified_gmt":"2023-02-27T15:34:11","slug":"hawker-4000","status":"publish","type":"product","link":"https:\/\/dev.artheauaviation.com\/eng\/product\/hawker-4000\/","title":{"rendered":"Hawker 4000"},"content":{"rendered":"<p style=\"text-align: justify;\"><strong>Pr\u00e9sentation g\u00e9n\u00e9rale:<\/strong><\/p>\n<p style=\"text-align: justify;\">Le Hawker 4000, \u00e0 l&#8217;origine d\u00e9nomm\u00e9 Hawker Horizon, est un jet d&#8217;affaires bir\u00e9acteur \u00abSuper Mid Size\u00bb, d\u00e9velopp\u00e9 par le fabricant Hawker Beechcraft. Le fabricant\u00a0a annonc\u00e9 un nouveau jet d&#8217;affaires en novembre 1996 qui serait plus grand que le BAe 125, et ferait partie des ses jets\u00a0haut de gamme. La conception \u00e9tant lanc\u00e9e, cet avion devait voler en 1999, avec la certification et les\u00a0livraisons initiales \u00e0 la client\u00e8le pr\u00e9vues pour 2001. Il a effectivement effectu\u00e9 son premier vol le 11 ao\u00fbt 2001, et\u00a0a fait sa premi\u00e8re apparition publique en <time class=\"nowrap date-lien\" datetime=\"2002-11\">novembre 2002.<\/time><\/p>\n<p style=\"text-align: justify;\"><strong>Caract\u00e9ristiques commerciales:<\/strong><\/p>\n<p style=\"text-align: justify;\">Le Hawker 4000 est un mod\u00e8le d&#8217;entr\u00e9e de gamme dans la cat\u00e9gorie des jets priv\u00e9s long-courriers. Il offre\u00a0cependant les m\u00eames capacit\u00e9s que\u00a0des appareils tel que le\u00a0Challenger 300 ou le Falcon 50. Les passagers appr\u00e9cient\u00a0g\u00e9n\u00e9ralement cet appareil gr\u00e2ce \u00e0 son autonomie et sa vitesse pouvant atteindre 870 km\/h, ainsi que le confort de sa cabine. La structure de la cabine est en fibre de carbone, avec une hauteur de 1,83 m\u00e8tres. Elle est par cons\u00e9quent plus spacieuse et plus a\u00e9r\u00e9e que certaines cabines des appareils concurrents, puisque l&#8217;on peut tenir debout ais\u00e9ment \u00e0 l&#8217;int\u00e9rieur.\u00a0Enfin, le Hawker 4000 dispose d&#8217;une soute \u00e0 bagages chauff\u00e9e accessible en vol.<\/p>\n<p style=\"text-align: justify;\">En <time class=\"nowrap date-lien\" datetime=\"2007-03\">mars 2007, plus de 130<\/time> les commandes ont \u00e9t\u00e9 pass\u00e9, avec des livraisons pr\u00e9vues \u00e0 partir de juin 2008.<\/p>\n<p style=\"text-align: justify;\"><strong>Caract\u00e9ristiques techniques:<\/strong><\/p>\n<p style=\"text-align: justify;\">Le Hawker 4000 n&#8217;est pas fabriqu\u00e9 \u00e0 partir de fibres d&#8217;aluminium, mais \u00e0 partir de fibres de carbone. Cette composition le rend plus l\u00e9ger et plus rapide, ce qui engendre une r\u00e9duction de sa consommation de carburant. Sa grande autonomie lui permet de voler sans escale sur des vols transatlantiques tel que Londres &#8211; New York. A notez tout de m\u00eame que cet appareil,\u00a0tout comme la majorit\u00e9 des jets long-courriers, doit utiliser des pistes plus longues. Le Hawker 4000 ne peut donc pas se poser ou d\u00e9coller de petits a\u00e9roports.<\/p>\n<p>&nbsp;<\/p>\n<table class=\"m_-2225445947281616097gmail-fileinfotpl-type-information m_-2225445947281616097gmail-toccolours m_-2225445947281616097gmail-vevent m_-2225445947281616097gmail-mw-content-ltr\" cellpadding=\"4\">\n<tbody>\n<tr>\n<td id=\"m_-2225445947281616097gmail-fileinfotpl_desc\" class=\"m_-2225445947281616097gmail-fileinfo-paramfield\" lang=\"fr\">Description<\/td>\n<td class=\"m_-2225445947281616097gmail-description\">Untitled Hawker Beechcraft 4000; N223AF@ZRH;08.06.2013<\/td>\n<\/tr>\n<tr>\n<td id=\"m_-2225445947281616097gmail-fileinfotpl_date\" class=\"m_-2225445947281616097gmail-fileinfo-paramfield\" lang=\"fr\">Date<\/td>\n<td lang=\"fr\">8 juin 2013, 15:53<\/td>\n<\/tr>\n<tr>\n<td id=\"m_-2225445947281616097gmail-fileinfotpl_src\" class=\"m_-2225445947281616097gmail-fileinfo-paramfield\" lang=\"fr\">Source<\/td>\n<td>Untitled Hawker Beechcraft 4000; N223AF@ZRH;08.06.2013<\/td>\n<\/tr>\n<tr>\n<td id=\"m_-2225445947281616097gmail-fileinfotpl_aut\" class=\"m_-2225445947281616097gmail-fileinfo-paramfield\" lang=\"fr\">Auteur<\/td>\n<td>Aero Icarus\u00a0from Z\u00fcrich, Switzerland<\/td>\n<\/tr>\n<\/tbody>\n<\/table>\n","protected":false},"excerpt":{"rendered":"<p>Pr\u00e9sentation g\u00e9n\u00e9rale: Le Hawker 4000, \u00e0 l&#8217;origine d\u00e9nomm\u00e9 Hawker Horizon, est un jet d&#8217;affaires bir\u00e9acteur \u00abSuper Mid Size\u00bb, d\u00e9velopp\u00e9 par le fabricant Hawker Beechcraft. Le fabricant\u00a0a annonc\u00e9 un nouveau jet d&#8217;affaires en novembre 1996 qui serait plus grand que le BAe 125, et ferait partie des ses jets\u00a0haut de gamme. La conception \u00e9tant lanc\u00e9e, cet [&hellip;]<\/p>\n","protected":false},"featured_media":2562,"template":"","meta":[],"product_cat":[44],"product_tag":[],"yoast_head":"<!-- This site is optimized with the Yoast SEO plugin v20.3 - https:\/\/yoast.com\/wordpress\/plugins\/seo\/ -->\n<title>Hawker 4000 - Artheau Aviation<\/title>\n<meta name=\"robots\" content=\"noindex, follow, max-snippet:-1, max-image-preview:large, max-video-preview:-1\" \/>\n<meta property=\"og:locale\" content=\"en_GB\" \/>\n<meta property=\"og:type\" content=\"article\" \/>\n<meta property=\"og:title\" content=\"Hawker 4000 - Artheau Aviation\" \/>\n<meta property=\"og:description\" content=\"Pr\u00e9sentation g\u00e9n\u00e9rale: Le Hawker 4000, \u00e0 l&#8217;origine d\u00e9nomm\u00e9 Hawker Horizon, est un jet d&#8217;affaires bir\u00e9acteur \u00abSuper Mid Size\u00bb, d\u00e9velopp\u00e9 par le fabricant Hawker Beechcraft. Le fabricant\u00a0a annonc\u00e9 un nouveau jet d&#8217;affaires en novembre 1996 qui serait plus grand que le BAe 125, et ferait partie des ses jets\u00a0haut de gamme. La conception \u00e9tant lanc\u00e9e, cet [&hellip;]\" \/>\n<meta property=\"og:url\" content=\"https:\/\/dev.artheauaviation.com\/eng\/product\/hawker-4000\/\" \/>\n<meta property=\"og:site_name\" content=\"Artheau Aviation\" \/>\n<meta property=\"article:modified_time\" content=\"2023-02-27T15:34:11+00:00\" \/>\n<meta property=\"og:image\" content=\"http:\/\/dev.artheauaviation.com\/eng\/wp-content\/uploads\/sites\/4\/2017\/05\/hawker4000-1.jpg\" \/>\n\t<meta property=\"og:image:width\" content=\"800\" \/>\n\t<meta property=\"og:image:height\" content=\"531\" \/>\n\t<meta property=\"og:image:type\" content=\"image\/jpeg\" \/>\n<meta name=\"twitter:card\" content=\"summary_large_image\" \/>\n<meta name=\"twitter:label1\" content=\"Estimated reading time\" \/>\n\t<meta name=\"twitter:data1\" content=\"2 minutes\" \/>\n<script type=\"application\/ld+json\" class=\"yoast-schema-graph\">{\"@context\":\"https:\/\/schema.org\",\"@graph\":[{\"@type\":\"WebPage\",\"@id\":\"https:\/\/dev.artheauaviation.com\/eng\/product\/hawker-4000\/\",\"url\":\"https:\/\/dev.artheauaviation.com\/eng\/product\/hawker-4000\/\",\"name\":\"Hawker 4000 - Artheau Aviation\",\"isPartOf\":{\"@id\":\"https:\/\/dev.artheauaviation.com\/eng\/#website\"},\"datePublished\":\"2017-05-31T14:17:51+00:00\",\"dateModified\":\"2023-02-27T15:34:11+00:00\",\"breadcrumb\":{\"@id\":\"https:\/\/dev.artheauaviation.com\/eng\/product\/hawker-4000\/#breadcrumb\"},\"inLanguage\":\"en-GB\",\"potentialAction\":[{\"@type\":\"ReadAction\",\"target\":[\"https:\/\/dev.artheauaviation.com\/eng\/product\/hawker-4000\/\"]}]},{\"@type\":\"BreadcrumbList\",\"@id\":\"https:\/\/dev.artheauaviation.com\/eng\/product\/hawker-4000\/#breadcrumb\",\"itemListElement\":[{\"@type\":\"ListItem\",\"position\":1,\"name\":\"Home\",\"item\":\"https:\/\/dev.artheauaviation.com\/eng\/\"},{\"@type\":\"ListItem\",\"position\":2,\"name\":\"Our Planes\",\"item\":\"https:\/\/dev.artheauaviation.com\/eng\/nos-avions\/\"},{\"@type\":\"ListItem\",\"position\":3,\"name\":\"Hawker 4000\"}]},{\"@type\":\"WebSite\",\"@id\":\"https:\/\/dev.artheauaviation.com\/eng\/#website\",\"url\":\"https:\/\/dev.artheauaviation.com\/eng\/\",\"name\":\"Artheau Aviation\",\"description\":\"Let&#039;s Fly Together\",\"potentialAction\":[{\"@type\":\"SearchAction\",\"target\":{\"@type\":\"EntryPoint\",\"urlTemplate\":\"https:\/\/dev.artheauaviation.com\/eng\/?s={search_term_string}\"},\"query-input\":\"required name=search_term_string\"}],\"inLanguage\":\"en-GB\"}]}<\/script>\n<!-- \/ Yoast SEO plugin. -->","yoast_head_json":{"title":"Hawker 4000 - Artheau Aviation","robots":{"index":"noindex","follow":"follow","max-snippet":"max-snippet:-1","max-image-preview":"max-image-preview:large","max-video-preview":"max-video-preview:-1"},"og_locale":"en_GB","og_type":"article","og_title":"Hawker 4000 - Artheau Aviation","og_description":"Pr\u00e9sentation g\u00e9n\u00e9rale: Le Hawker 4000, \u00e0 l&#8217;origine d\u00e9nomm\u00e9 Hawker Horizon, est un jet d&#8217;affaires bir\u00e9acteur \u00abSuper Mid Size\u00bb, d\u00e9velopp\u00e9 par le fabricant Hawker Beechcraft. Le fabricant\u00a0a annonc\u00e9 un nouveau jet d&#8217;affaires en novembre 1996 qui serait plus grand que le BAe 125, et ferait partie des ses jets\u00a0haut de gamme. La conception \u00e9tant lanc\u00e9e, cet [&hellip;]","og_url":"https:\/\/dev.artheauaviation.com\/eng\/product\/hawker-4000\/","og_site_name":"Artheau Aviation","article_modified_time":"2023-02-27T15:34:11+00:00","og_image":[{"width":800,"height":531,"url":"http:\/\/dev.artheauaviation.com\/eng\/wp-content\/uploads\/sites\/4\/2017\/05\/hawker4000-1.jpg","type":"image\/jpeg"}],"twitter_card":"summary_large_image","twitter_misc":{"Estimated reading time":"2 minutes"},"schema":{"@context":"https:\/\/schema.org","@graph":[{"@type":"WebPage","@id":"https:\/\/dev.artheauaviation.com\/eng\/product\/hawker-4000\/","url":"https:\/\/dev.artheauaviation.com\/eng\/product\/hawker-4000\/","name":"Hawker 4000 - Artheau Aviation","isPartOf":{"@id":"https:\/\/dev.artheauaviation.com\/eng\/#website"},"datePublished":"2017-05-31T14:17:51+00:00","dateModified":"2023-02-27T15:34:11+00:00","breadcrumb":{"@id":"https:\/\/dev.artheauaviation.com\/eng\/product\/hawker-4000\/#breadcrumb"},"inLanguage":"en-GB","potentialAction":[{"@type":"ReadAction","target":["https:\/\/dev.artheauaviation.com\/eng\/product\/hawker-4000\/"]}]},{"@type":"BreadcrumbList","@id":"https:\/\/dev.artheauaviation.com\/eng\/product\/hawker-4000\/#breadcrumb","itemListElement":[{"@type":"ListItem","position":1,"name":"Home","item":"https:\/\/dev.artheauaviation.com\/eng\/"},{"@type":"ListItem","position":2,"name":"Our Planes","item":"https:\/\/dev.artheauaviation.com\/eng\/nos-avions\/"},{"@type":"ListItem","position":3,"name":"Hawker 4000"}]},{"@type":"WebSite","@id":"https:\/\/dev.artheauaviation.com\/eng\/#website","url":"https:\/\/dev.artheauaviation.com\/eng\/","name":"Artheau Aviation","description":"Let&#039;s Fly Together","potentialAction":[{"@type":"SearchAction","target":{"@type":"EntryPoint","urlTemplate":"https:\/\/dev.artheauaviation.com\/eng\/?s={search_term_string}"},"query-input":"required name=search_term_string"}],"inLanguage":"en-GB"}]}},"yoast_meta":{"title":""},"_links":{"self":[{"href":"https:\/\/dev.artheauaviation.com\/eng\/wp-json\/wp\/v2\/product\/2073"}],"collection":[{"href":"https:\/\/dev.artheauaviation.com\/eng\/wp-json\/wp\/v2\/product"}],"about":[{"href":"https:\/\/dev.artheauaviation.com\/eng\/wp-json\/wp\/v2\/types\/product"}],"wp:featuredmedia":[{"embeddable":true,"href":"https:\/\/dev.artheauaviation.com\/eng\/wp-json\/wp\/v2\/media\/2562"}],"wp:attachment":[{"href":"https:\/\/dev.artheauaviation.com\/eng\/wp-json\/wp\/v2\/media?parent=2073"}],"wp:term":[{"taxonomy":"product_cat","embeddable":true,"href":"https:\/\/dev.artheauaviation.com\/eng\/wp-json\/wp\/v2\/product_cat?post=2073"},{"taxonomy":"product_tag","embeddable":true,"href":"https:\/\/dev.artheauaviation.com\/eng\/wp-json\/wp\/v2\/product_tag?post=2073"}],"curies":[{"name":"wp","href":"https:\/\/api.w.org\/{rel}","templated":true}]}}