{"id":2075,"date":"2017-06-12T17:43:23","date_gmt":"2017-06-12T15:43:23","guid":{"rendered":"https:\/\/artheauaviation.com\/eng\/?post_type=product&#038;p=2075"},"modified":"2023-02-27T17:34:11","modified_gmt":"2023-02-27T15:34:11","slug":"bombardier-challenger-800","status":"publish","type":"product","link":"https:\/\/dev.artheauaviation.com\/eng\/product\/bombardier-challenger-800\/","title":{"rendered":"Bombardier Challenger 800"},"content":{"rendered":"<p style=\"text-align: justify;\"><strong>Pr\u00e9sentation g\u00e9n\u00e9rale:<\/strong><\/p>\n<p style=\"text-align: justify;\">Le Bombardier Challenger 800 est un avion d&#8217;affaires d\u00e9riv\u00e9 du Bombardier CRJ200. Il correspond effectivement \u00e0 la version <em>corporate<\/em>\u00a0du CRJ200. Il a effectu\u00e9 son premier vol en ao\u00fbt 2006. Le constructeur Bombardier A\u00e9ronautique est une filiale du Groupe Bombardier,\u00a0troisi\u00e8me employeur et vendeur dans le domaine de la construction a\u00e9ronautique apr\u00e8s les constructeurs am\u00e9ricain et fran\u00e7ais Boeing et Airbus. C&#8217;est \u00e9galement le quatri\u00e8me constructeur en terme de nombre d&#8217;avions commerciaux produits chaque ann\u00e9e apr\u00e8s Boeing, Airbus et Embraer.<\/p>\n<p style=\"text-align: justify;\"><strong>Caract\u00e9ristiques commerciales:<\/strong><\/p>\n<p style=\"text-align: justify;\">Le Challenger 800 dispose d&#8217;une cabine spacieuse, procurant ainsi aux passagers un niveau de confort incomparable. Elle peut \u00eatre con\u00e7ue de diff\u00e9rente fa\u00e7on : classique, confort avec des si\u00e8ges \u00e0 grande capacit\u00e9, ou avec plusieurs postes de travail. La zone de travail est effectivement agr\u00e9able et vaste, ce qui permet d&#8217;effectuer toutes vos activit\u00e9s professionnelles en vol.<\/p>\n<p style=\"text-align: justify;\">Cet appareil\u00a0peut accueillir 14 passagers dans sa cabine. La conception de celle-ci est de Lufthansa Technik. Cet avion est le plus gros jet d&#8217;affaires dans la cat\u00e9gorie des &#8220;Super Midsize Jet&#8221;. Le Challenger 800 est donc id\u00e9al pour vos transports professionnels, afin de travailler en vol tout en vous rendant sur votre destination rapidement, et dans le confort de la gamme des Challenger.<\/p>\n<p style=\"text-align: justify;\"><strong>Caract\u00e9ristiques techniques:<\/strong><\/p>\n<p style=\"text-align: justify;\">La famille des Challenger offre une autonomie, une vitesse de croisi\u00e8re, ainsi qu&#8217;une endurance hors du commun, ce qui lui permet d&#8217;effectuer des vols transatlantiques sans escales. Il dispose de deux turbor\u00e9acteurs General Electric CF34-3B1. Il a une longueur de 26,77 m\u00e8tres pour une envergure de 21,21 m\u00e8tres. Sa conception est commune avec le Challenger 600, mais n&#8217;a aucun lien avec le Challenger 300.<\/p>\n<p style=\"text-align: justify;\">Tous les avions de la s\u00e9rie CRJ ont la m\u00eame classification de type. Cela signifie que cette s\u00e9rie offre des avantages importants au niveau de la maintenance et de l&#8217;affectation des \u00e9quipages. Effectivement, un seul mod\u00e8le peut \u00eatre propos\u00e9 avec quatre dimensions, appel\u00e9es respectivement CRJ-200, CRJ-700, CRJ-900 et CRJ-1000. Une version <em>corporate<\/em> un peu plus grande est \u00e9galement disponible sous l\u2019appellation Challenger 850. Cet appareil peut accueillir une personne de plus, soit 15 passagers.<\/p>\n","protected":false},"excerpt":{"rendered":"<p>Pr\u00e9sentation g\u00e9n\u00e9rale: Le Bombardier Challenger 800 est un avion d&#8217;affaires d\u00e9riv\u00e9 du Bombardier CRJ200. Il correspond effectivement \u00e0 la version corporate\u00a0du CRJ200. Il a effectu\u00e9 son premier vol en ao\u00fbt 2006. Le constructeur Bombardier A\u00e9ronautique est une filiale du Groupe Bombardier,\u00a0troisi\u00e8me employeur et vendeur dans le domaine de la construction a\u00e9ronautique apr\u00e8s les constructeurs am\u00e9ricain [&hellip;]<\/p>\n","protected":false},"featured_media":2532,"template":"","meta":[],"product_cat":[44],"product_tag":[],"yoast_head":"<!-- This site is optimized with the Yoast SEO plugin v20.3 - https:\/\/yoast.com\/wordpress\/plugins\/seo\/ -->\n<title>Bombardier Challenger 800 - Artheau Aviation<\/title>\n<meta name=\"robots\" content=\"noindex, follow, max-snippet:-1, max-image-preview:large, max-video-preview:-1\" \/>\n<meta property=\"og:locale\" content=\"en_GB\" \/>\n<meta property=\"og:type\" content=\"article\" \/>\n<meta property=\"og:title\" content=\"Bombardier Challenger 800 - Artheau Aviation\" \/>\n<meta property=\"og:description\" content=\"Pr\u00e9sentation g\u00e9n\u00e9rale: Le Bombardier Challenger 800 est un avion d&#8217;affaires d\u00e9riv\u00e9 du Bombardier CRJ200. Il correspond effectivement \u00e0 la version corporate\u00a0du CRJ200. Il a effectu\u00e9 son premier vol en ao\u00fbt 2006. Le constructeur Bombardier A\u00e9ronautique est une filiale du Groupe Bombardier,\u00a0troisi\u00e8me employeur et vendeur dans le domaine de la construction a\u00e9ronautique apr\u00e8s les constructeurs am\u00e9ricain [&hellip;]\" \/>\n<meta property=\"og:url\" content=\"https:\/\/dev.artheauaviation.com\/eng\/product\/bombardier-challenger-800\/\" \/>\n<meta property=\"og:site_name\" content=\"Artheau Aviation\" \/>\n<meta property=\"article:modified_time\" content=\"2023-02-27T15:34:11+00:00\" \/>\n<meta property=\"og:image\" content=\"http:\/\/dev.artheauaviation.com\/eng\/wp-content\/uploads\/sites\/4\/2017\/06\/Bombardier-Challenger-800.jpg\" \/>\n\t<meta property=\"og:image:width\" content=\"500\" \/>\n\t<meta property=\"og:image:height\" content=\"334\" \/>\n\t<meta property=\"og:image:type\" content=\"image\/jpeg\" \/>\n<meta name=\"twitter:card\" content=\"summary_large_image\" \/>\n<meta name=\"twitter:label1\" content=\"Estimated reading time\" \/>\n\t<meta name=\"twitter:data1\" content=\"2 minutes\" \/>\n<script type=\"application\/ld+json\" class=\"yoast-schema-graph\">{\"@context\":\"https:\/\/schema.org\",\"@graph\":[{\"@type\":\"WebPage\",\"@id\":\"https:\/\/dev.artheauaviation.com\/eng\/product\/bombardier-challenger-800\/\",\"url\":\"https:\/\/dev.artheauaviation.com\/eng\/product\/bombardier-challenger-800\/\",\"name\":\"Bombardier Challenger 800 - Artheau Aviation\",\"isPartOf\":{\"@id\":\"https:\/\/dev.artheauaviation.com\/eng\/#website\"},\"datePublished\":\"2017-06-12T15:43:23+00:00\",\"dateModified\":\"2023-02-27T15:34:11+00:00\",\"breadcrumb\":{\"@id\":\"https:\/\/dev.artheauaviation.com\/eng\/product\/bombardier-challenger-800\/#breadcrumb\"},\"inLanguage\":\"en-GB\",\"potentialAction\":[{\"@type\":\"ReadAction\",\"target\":[\"https:\/\/dev.artheauaviation.com\/eng\/product\/bombardier-challenger-800\/\"]}]},{\"@type\":\"BreadcrumbList\",\"@id\":\"https:\/\/dev.artheauaviation.com\/eng\/product\/bombardier-challenger-800\/#breadcrumb\",\"itemListElement\":[{\"@type\":\"ListItem\",\"position\":1,\"name\":\"Home\",\"item\":\"https:\/\/dev.artheauaviation.com\/eng\/\"},{\"@type\":\"ListItem\",\"position\":2,\"name\":\"Our Planes\",\"item\":\"https:\/\/dev.artheauaviation.com\/eng\/nos-avions\/\"},{\"@type\":\"ListItem\",\"position\":3,\"name\":\"Bombardier Challenger 800\"}]},{\"@type\":\"WebSite\",\"@id\":\"https:\/\/dev.artheauaviation.com\/eng\/#website\",\"url\":\"https:\/\/dev.artheauaviation.com\/eng\/\",\"name\":\"Artheau Aviation\",\"description\":\"Let&#039;s Fly Together\",\"potentialAction\":[{\"@type\":\"SearchAction\",\"target\":{\"@type\":\"EntryPoint\",\"urlTemplate\":\"https:\/\/dev.artheauaviation.com\/eng\/?s={search_term_string}\"},\"query-input\":\"required name=search_term_string\"}],\"inLanguage\":\"en-GB\"}]}<\/script>\n<!-- \/ Yoast SEO plugin. -->","yoast_head_json":{"title":"Bombardier Challenger 800 - Artheau Aviation","robots":{"index":"noindex","follow":"follow","max-snippet":"max-snippet:-1","max-image-preview":"max-image-preview:large","max-video-preview":"max-video-preview:-1"},"og_locale":"en_GB","og_type":"article","og_title":"Bombardier Challenger 800 - Artheau Aviation","og_description":"Pr\u00e9sentation g\u00e9n\u00e9rale: Le Bombardier Challenger 800 est un avion d&#8217;affaires d\u00e9riv\u00e9 du Bombardier CRJ200. Il correspond effectivement \u00e0 la version corporate\u00a0du CRJ200. Il a effectu\u00e9 son premier vol en ao\u00fbt 2006. Le constructeur Bombardier A\u00e9ronautique est une filiale du Groupe Bombardier,\u00a0troisi\u00e8me employeur et vendeur dans le domaine de la construction a\u00e9ronautique apr\u00e8s les constructeurs am\u00e9ricain [&hellip;]","og_url":"https:\/\/dev.artheauaviation.com\/eng\/product\/bombardier-challenger-800\/","og_site_name":"Artheau Aviation","article_modified_time":"2023-02-27T15:34:11+00:00","og_image":[{"width":500,"height":334,"url":"http:\/\/dev.artheauaviation.com\/eng\/wp-content\/uploads\/sites\/4\/2017\/06\/Bombardier-Challenger-800.jpg","type":"image\/jpeg"}],"twitter_card":"summary_large_image","twitter_misc":{"Estimated reading time":"2 minutes"},"schema":{"@context":"https:\/\/schema.org","@graph":[{"@type":"WebPage","@id":"https:\/\/dev.artheauaviation.com\/eng\/product\/bombardier-challenger-800\/","url":"https:\/\/dev.artheauaviation.com\/eng\/product\/bombardier-challenger-800\/","name":"Bombardier Challenger 800 - Artheau Aviation","isPartOf":{"@id":"https:\/\/dev.artheauaviation.com\/eng\/#website"},"datePublished":"2017-06-12T15:43:23+00:00","dateModified":"2023-02-27T15:34:11+00:00","breadcrumb":{"@id":"https:\/\/dev.artheauaviation.com\/eng\/product\/bombardier-challenger-800\/#breadcrumb"},"inLanguage":"en-GB","potentialAction":[{"@type":"ReadAction","target":["https:\/\/dev.artheauaviation.com\/eng\/product\/bombardier-challenger-800\/"]}]},{"@type":"BreadcrumbList","@id":"https:\/\/dev.artheauaviation.com\/eng\/product\/bombardier-challenger-800\/#breadcrumb","itemListElement":[{"@type":"ListItem","position":1,"name":"Home","item":"https:\/\/dev.artheauaviation.com\/eng\/"},{"@type":"ListItem","position":2,"name":"Our Planes","item":"https:\/\/dev.artheauaviation.com\/eng\/nos-avions\/"},{"@type":"ListItem","position":3,"name":"Bombardier Challenger 800"}]},{"@type":"WebSite","@id":"https:\/\/dev.artheauaviation.com\/eng\/#website","url":"https:\/\/dev.artheauaviation.com\/eng\/","name":"Artheau Aviation","description":"Let&#039;s Fly Together","potentialAction":[{"@type":"SearchAction","target":{"@type":"EntryPoint","urlTemplate":"https:\/\/dev.artheauaviation.com\/eng\/?s={search_term_string}"},"query-input":"required name=search_term_string"}],"inLanguage":"en-GB"}]}},"yoast_meta":{"title":""},"_links":{"self":[{"href":"https:\/\/dev.artheauaviation.com\/eng\/wp-json\/wp\/v2\/product\/2075"}],"collection":[{"href":"https:\/\/dev.artheauaviation.com\/eng\/wp-json\/wp\/v2\/product"}],"about":[{"href":"https:\/\/dev.artheauaviation.com\/eng\/wp-json\/wp\/v2\/types\/product"}],"wp:featuredmedia":[{"embeddable":true,"href":"https:\/\/dev.artheauaviation.com\/eng\/wp-json\/wp\/v2\/media\/2532"}],"wp:attachment":[{"href":"https:\/\/dev.artheauaviation.com\/eng\/wp-json\/wp\/v2\/media?parent=2075"}],"wp:term":[{"taxonomy":"product_cat","embeddable":true,"href":"https:\/\/dev.artheauaviation.com\/eng\/wp-json\/wp\/v2\/product_cat?post=2075"},{"taxonomy":"product_tag","embeddable":true,"href":"https:\/\/dev.artheauaviation.com\/eng\/wp-json\/wp\/v2\/product_tag?post=2075"}],"curies":[{"name":"wp","href":"https:\/\/api.w.org\/{rel}","templated":true}]}}