{"id":2087,"date":"2017-06-13T16:39:31","date_gmt":"2017-06-13T14:39:31","guid":{"rendered":"https:\/\/artheauaviation.com\/eng\/?post_type=product&#038;p=2087"},"modified":"2023-02-27T17:34:11","modified_gmt":"2023-02-27T15:34:11","slug":"bombardier-challenger-300","status":"publish","type":"product","link":"https:\/\/dev.artheauaviation.com\/eng\/product\/bombardier-challenger-300\/","title":{"rendered":"Bombardier Challenger 300"},"content":{"rendered":"<p style=\"text-align: justify;\"><strong>Pr\u00e9sentation g\u00e9n\u00e9rale:<\/strong><\/p>\n<p style=\"text-align: justify;\">Le Challenger 300 est un avion d&#8217;affaires produit par le constructeur canadien\u00a0Bombardier A\u00e9ronautique. Il fait partie de la cat\u00e9gorie des &#8220;Super Midsize Jet&#8221;.\u00a0Cet appareil est issu d&#8217;un projet\u00a0lanc\u00e9 en juillet 1999 lors du Salon international de l&#8217;a\u00e9ronautique et de l&#8217;espace de Paris-Le Bourget. Le Challenger 300 \u00e9t\u00e9 initialement appel\u00e9\u00a0\u00a0<em>Bombardier Continental<\/em>. Il est entr\u00e9 en service en janvier 2004.<sup id=\"cite_ref-AT_1-1\" class=\"reference\"><\/sup><\/p>\n<p style=\"text-align: justify;\">Le constructeur Bombardier A\u00e9ronautique est une filiale du Groupe Bombardier,\u00a0troisi\u00e8me employeur et vendeur dans le domaine de la construction a\u00e9ronautique apr\u00e8s les constructeurs am\u00e9ricain et fran\u00e7ais Boeing et Airbus. C\u2019est \u00e9galement le quatri\u00e8me constructeur en terme de nombre d\u2019avions commerciaux produits chaque ann\u00e9e apr\u00e8s Boeing, Airbus et Embraer.<\/p>\n<p style=\"text-align: justify;\"><strong>Caract\u00e9ristiques commerciales:<\/strong><\/p>\n<p style=\"text-align: justify;\">Le Challenger 300 est un appareil nouveau, avec une conception totalement diff\u00e9rente des Challenger 600 et 800. Un des v\u00e9ritables atouts de cet appareil est que sa cabine est assez haute pour permettre aux passagers de se tenir debout \u00e0 l&#8217;int\u00e9rieur. Elle peut accueillir entre huit et neuf passagers dans sa configuration <em>double club<\/em>. Les si\u00e8ges sont\u00a0enti\u00e8rement r\u00e9glables, et les tables sont pliables.<\/p>\n<p style=\"text-align: justify;\">Au niveau de l&#8217;\u00e9quipement de l&#8217;appareil, vous pourrez ajuster la temp\u00e9rature de la cabine selon vos besoins, ind\u00e9pendamment des besoins des pilotes, puisque deux zones de climatisation sont install\u00e9es. De plus, l\u2019\u00e9clairage LED au plafond de la cabine apporte de l&#8217;espace au sein de l&#8217;appareil.<\/p>\n<p style=\"text-align: justify;\"><strong>Caract\u00e9ristiques techniques:<\/strong><\/p>\n<p style=\"text-align: justify;\">Le Challenger 300 a d&#8217;abord \u00e9tait assembl\u00e9 \u00e0 Wichita, dans le Kansas, puis \u00e0 Montr\u00e9al. La famille des Challenger offre une autonomie, une vitesse de croisi\u00e8re, ainsi qu\u2019une endurance hors du commun, ce qui lui permet d\u2019effectuer des vols transatlantiques sans escales. Cet\u00a0appareil a d&#8217;ailleurs \u00e9t\u00e9 con\u00e7u pour r\u00e9pondre au besoin de traverser les \u00c9tats-Unis d\u2019un oc\u00e9an \u00e0 l\u2019autre. La cabine spacieuse, ainsi que les faibles co\u00fbts d&#8217;exploitation font du Challenger 300 un avion demand\u00e9 et fiable sur le march\u00e9 des jets de taille moyenne.<\/p>\n","protected":false},"excerpt":{"rendered":"<p>Pr\u00e9sentation g\u00e9n\u00e9rale: Le Challenger 300 est un avion d&#8217;affaires produit par le constructeur canadien\u00a0Bombardier A\u00e9ronautique. Il fait partie de la cat\u00e9gorie des &#8220;Super Midsize Jet&#8221;.\u00a0Cet appareil est issu d&#8217;un projet\u00a0lanc\u00e9 en juillet 1999 lors du Salon international de l&#8217;a\u00e9ronautique et de l&#8217;espace de Paris-Le Bourget. Le Challenger 300 \u00e9t\u00e9 initialement appel\u00e9\u00a0\u00a0Bombardier Continental. Il est entr\u00e9 [&hellip;]<\/p>\n","protected":false},"featured_media":2530,"template":"","meta":[],"product_cat":[44],"product_tag":[],"yoast_head":"<!-- This site is optimized with the Yoast SEO plugin v20.3 - https:\/\/yoast.com\/wordpress\/plugins\/seo\/ -->\n<title>Bombardier Challenger 300 - Artheau Aviation<\/title>\n<meta name=\"robots\" content=\"noindex, follow, max-snippet:-1, max-image-preview:large, max-video-preview:-1\" \/>\n<meta property=\"og:locale\" content=\"en_GB\" \/>\n<meta property=\"og:type\" content=\"article\" \/>\n<meta property=\"og:title\" content=\"Bombardier Challenger 300 - Artheau Aviation\" \/>\n<meta property=\"og:description\" content=\"Pr\u00e9sentation g\u00e9n\u00e9rale: Le Challenger 300 est un avion d&#8217;affaires produit par le constructeur canadien\u00a0Bombardier A\u00e9ronautique. Il fait partie de la cat\u00e9gorie des &#8220;Super Midsize Jet&#8221;.\u00a0Cet appareil est issu d&#8217;un projet\u00a0lanc\u00e9 en juillet 1999 lors du Salon international de l&#8217;a\u00e9ronautique et de l&#8217;espace de Paris-Le Bourget. Le Challenger 300 \u00e9t\u00e9 initialement appel\u00e9\u00a0\u00a0Bombardier Continental. Il est entr\u00e9 [&hellip;]\" \/>\n<meta property=\"og:url\" content=\"https:\/\/dev.artheauaviation.com\/eng\/product\/bombardier-challenger-300\/\" \/>\n<meta property=\"og:site_name\" content=\"Artheau Aviation\" \/>\n<meta property=\"article:modified_time\" content=\"2023-02-27T15:34:11+00:00\" \/>\n<meta property=\"og:image\" content=\"http:\/\/dev.artheauaviation.com\/eng\/wp-content\/uploads\/sites\/4\/2017\/06\/Bombardier-Challenger-300.jpg\" \/>\n\t<meta property=\"og:image:width\" content=\"500\" \/>\n\t<meta property=\"og:image:height\" content=\"282\" \/>\n\t<meta property=\"og:image:type\" content=\"image\/jpeg\" \/>\n<meta name=\"twitter:card\" content=\"summary_large_image\" \/>\n<meta name=\"twitter:label1\" content=\"Estimated reading time\" \/>\n\t<meta name=\"twitter:data1\" content=\"2 minutes\" \/>\n<script type=\"application\/ld+json\" class=\"yoast-schema-graph\">{\"@context\":\"https:\/\/schema.org\",\"@graph\":[{\"@type\":\"WebPage\",\"@id\":\"https:\/\/dev.artheauaviation.com\/eng\/product\/bombardier-challenger-300\/\",\"url\":\"https:\/\/dev.artheauaviation.com\/eng\/product\/bombardier-challenger-300\/\",\"name\":\"Bombardier Challenger 300 - Artheau Aviation\",\"isPartOf\":{\"@id\":\"https:\/\/dev.artheauaviation.com\/eng\/#website\"},\"datePublished\":\"2017-06-13T14:39:31+00:00\",\"dateModified\":\"2023-02-27T15:34:11+00:00\",\"breadcrumb\":{\"@id\":\"https:\/\/dev.artheauaviation.com\/eng\/product\/bombardier-challenger-300\/#breadcrumb\"},\"inLanguage\":\"en-GB\",\"potentialAction\":[{\"@type\":\"ReadAction\",\"target\":[\"https:\/\/dev.artheauaviation.com\/eng\/product\/bombardier-challenger-300\/\"]}]},{\"@type\":\"BreadcrumbList\",\"@id\":\"https:\/\/dev.artheauaviation.com\/eng\/product\/bombardier-challenger-300\/#breadcrumb\",\"itemListElement\":[{\"@type\":\"ListItem\",\"position\":1,\"name\":\"Home\",\"item\":\"https:\/\/dev.artheauaviation.com\/eng\/\"},{\"@type\":\"ListItem\",\"position\":2,\"name\":\"Our Planes\",\"item\":\"https:\/\/dev.artheauaviation.com\/eng\/nos-avions\/\"},{\"@type\":\"ListItem\",\"position\":3,\"name\":\"Bombardier Challenger 300\"}]},{\"@type\":\"WebSite\",\"@id\":\"https:\/\/dev.artheauaviation.com\/eng\/#website\",\"url\":\"https:\/\/dev.artheauaviation.com\/eng\/\",\"name\":\"Artheau Aviation\",\"description\":\"Let&#039;s Fly Together\",\"potentialAction\":[{\"@type\":\"SearchAction\",\"target\":{\"@type\":\"EntryPoint\",\"urlTemplate\":\"https:\/\/dev.artheauaviation.com\/eng\/?s={search_term_string}\"},\"query-input\":\"required name=search_term_string\"}],\"inLanguage\":\"en-GB\"}]}<\/script>\n<!-- \/ Yoast SEO plugin. -->","yoast_head_json":{"title":"Bombardier Challenger 300 - Artheau Aviation","robots":{"index":"noindex","follow":"follow","max-snippet":"max-snippet:-1","max-image-preview":"max-image-preview:large","max-video-preview":"max-video-preview:-1"},"og_locale":"en_GB","og_type":"article","og_title":"Bombardier Challenger 300 - Artheau Aviation","og_description":"Pr\u00e9sentation g\u00e9n\u00e9rale: Le Challenger 300 est un avion d&#8217;affaires produit par le constructeur canadien\u00a0Bombardier A\u00e9ronautique. Il fait partie de la cat\u00e9gorie des &#8220;Super Midsize Jet&#8221;.\u00a0Cet appareil est issu d&#8217;un projet\u00a0lanc\u00e9 en juillet 1999 lors du Salon international de l&#8217;a\u00e9ronautique et de l&#8217;espace de Paris-Le Bourget. Le Challenger 300 \u00e9t\u00e9 initialement appel\u00e9\u00a0\u00a0Bombardier Continental. Il est entr\u00e9 [&hellip;]","og_url":"https:\/\/dev.artheauaviation.com\/eng\/product\/bombardier-challenger-300\/","og_site_name":"Artheau Aviation","article_modified_time":"2023-02-27T15:34:11+00:00","og_image":[{"width":500,"height":282,"url":"http:\/\/dev.artheauaviation.com\/eng\/wp-content\/uploads\/sites\/4\/2017\/06\/Bombardier-Challenger-300.jpg","type":"image\/jpeg"}],"twitter_card":"summary_large_image","twitter_misc":{"Estimated reading time":"2 minutes"},"schema":{"@context":"https:\/\/schema.org","@graph":[{"@type":"WebPage","@id":"https:\/\/dev.artheauaviation.com\/eng\/product\/bombardier-challenger-300\/","url":"https:\/\/dev.artheauaviation.com\/eng\/product\/bombardier-challenger-300\/","name":"Bombardier Challenger 300 - Artheau Aviation","isPartOf":{"@id":"https:\/\/dev.artheauaviation.com\/eng\/#website"},"datePublished":"2017-06-13T14:39:31+00:00","dateModified":"2023-02-27T15:34:11+00:00","breadcrumb":{"@id":"https:\/\/dev.artheauaviation.com\/eng\/product\/bombardier-challenger-300\/#breadcrumb"},"inLanguage":"en-GB","potentialAction":[{"@type":"ReadAction","target":["https:\/\/dev.artheauaviation.com\/eng\/product\/bombardier-challenger-300\/"]}]},{"@type":"BreadcrumbList","@id":"https:\/\/dev.artheauaviation.com\/eng\/product\/bombardier-challenger-300\/#breadcrumb","itemListElement":[{"@type":"ListItem","position":1,"name":"Home","item":"https:\/\/dev.artheauaviation.com\/eng\/"},{"@type":"ListItem","position":2,"name":"Our Planes","item":"https:\/\/dev.artheauaviation.com\/eng\/nos-avions\/"},{"@type":"ListItem","position":3,"name":"Bombardier Challenger 300"}]},{"@type":"WebSite","@id":"https:\/\/dev.artheauaviation.com\/eng\/#website","url":"https:\/\/dev.artheauaviation.com\/eng\/","name":"Artheau Aviation","description":"Let&#039;s Fly Together","potentialAction":[{"@type":"SearchAction","target":{"@type":"EntryPoint","urlTemplate":"https:\/\/dev.artheauaviation.com\/eng\/?s={search_term_string}"},"query-input":"required name=search_term_string"}],"inLanguage":"en-GB"}]}},"yoast_meta":{"title":""},"_links":{"self":[{"href":"https:\/\/dev.artheauaviation.com\/eng\/wp-json\/wp\/v2\/product\/2087"}],"collection":[{"href":"https:\/\/dev.artheauaviation.com\/eng\/wp-json\/wp\/v2\/product"}],"about":[{"href":"https:\/\/dev.artheauaviation.com\/eng\/wp-json\/wp\/v2\/types\/product"}],"wp:featuredmedia":[{"embeddable":true,"href":"https:\/\/dev.artheauaviation.com\/eng\/wp-json\/wp\/v2\/media\/2530"}],"wp:attachment":[{"href":"https:\/\/dev.artheauaviation.com\/eng\/wp-json\/wp\/v2\/media?parent=2087"}],"wp:term":[{"taxonomy":"product_cat","embeddable":true,"href":"https:\/\/dev.artheauaviation.com\/eng\/wp-json\/wp\/v2\/product_cat?post=2087"},{"taxonomy":"product_tag","embeddable":true,"href":"https:\/\/dev.artheauaviation.com\/eng\/wp-json\/wp\/v2\/product_tag?post=2087"}],"curies":[{"name":"wp","href":"https:\/\/api.w.org\/{rel}","templated":true}]}}