{"id":2109,"date":"2017-06-28T18:29:04","date_gmt":"2017-06-28T16:29:04","guid":{"rendered":"https:\/\/artheauaviation.com\/eng\/?post_type=product&#038;p=2109"},"modified":"2023-02-27T17:34:11","modified_gmt":"2023-02-27T15:34:11","slug":"gulfstream-v","status":"publish","type":"product","link":"https:\/\/dev.artheauaviation.com\/eng\/product\/gulfstream-v\/","title":{"rendered":"Gulfstream V"},"content":{"rendered":"<p style=\"text-align: justify;\"><strong>Pr\u00e9sentation g\u00e9n\u00e9rale:<\/strong><\/p>\n<p style=\"text-align: justify;\">Le Gulfstream V, autrement appel\u00e9 G-V ou GV, est un avion d&#8217;affaires con\u00e7u par le constructeur Gulfstream Aerospace. Le programme fut officiellement lanc\u00e9 en 1992, lors du salon de Farnborough, en Angleterre. Cet appareil a effectu\u00e9 son premier vol le 28 novembre 1995. Il est certifi\u00e9 en avril 1997, et les livraisons commenc\u00e8rent par la suite d\u00e8s le 1er juillet 1997.\u00a0Il a battu pr\u00e8s de 36 records dans sa cat\u00e9gorie en septembre 1997. Aujourd&#8217;hui, la production totale du Gulfstream V repr\u00e9sente 191 appareils.<\/p>\n<p style=\"text-align: justify;\">Cet appareil est utilis\u00e9 dans le cadre de missions pour le gouvernement et des d\u00e9placements officiels du d\u00e9partement de la D\u00e9fense am\u00e9ricaine. Sous sa version militaire il est d\u00e9nomm\u00e9 C-37A.<\/p>\n<p style=\"text-align: justify;\"><strong>Caract\u00e9ristiques commerciales:<\/strong><\/p>\n<p style=\"text-align: justify;\">Dans sa configuration standard, le Gulfstream V peut transporter 16 personnes. Il est singuli\u00e8rement appr\u00e9ci\u00e9 par des particuliers ou d&#8217;importantes compagnies telles que Google ou Apple. Il correspond parfaitement \u00e0 du transport VIP de passagers, ainsi que des liaisons entre certains a\u00e9roports.\u00a0Le Gulfstream V est une \u00e9volution du Gulfstream IV : il est allong\u00e9 de 2,49 m\u00e8tres. Il apporte par cons\u00e9quent plus de confort et d&#8217;espace \u00e0 bord que son pr\u00e9d\u00e9cesseur.<\/p>\n<p style=\"text-align: justify;\">De m\u00eame, il est utilis\u00e9 par les forces a\u00e9riennes de Gr\u00e8ce, Nig\u00e9ria, Alg\u00e9rie, Kowe\u00eft, Nig\u00e9ria et Arabie Saoudite.<\/p>\n<p style=\"text-align: justify;\">Cet appareil poss\u00e8de deux variantes, appel\u00e9es G500 et G550. Le G500, variante du Gulfstream V, fut lanc\u00e9 en 2002 et certifi\u00e9 par la FAA (Autorit\u00e9 F\u00e9d\u00e9rale de l\u2019Aviation) en 2003. Il entra en service en 2004.<\/p>\n<p style=\"text-align: justify;\"><strong>Caract\u00e9ristiques techniques:<\/strong><\/p>\n<p style=\"text-align: justify;\">D\u00e8s son entr\u00e9e sur le march\u00e9 des jets, le Gulfstream V devient l&#8217;avion d&#8217;affaires ayant le plus grand rayon d&#8217;action : effectivement, il poss\u00e8de une autonomie de 14h et 28 minutes, soit pr\u00e8s de 11 000km parcourus. Il fait partit des premiers avions d&#8217;affaires ultra long courrier. Par rapport au Gulfstream IV, le G-V a de nouveaux moteurs\u00a0Rolls-Royce BR-710, ainsi qu&#8217;une nouvelle aile.<\/p>\n<p style=\"text-align: justify;\">Le G500, d&#8217;autonomie plus faible que le G550, partage l&#8217;apparence ext\u00e9rieure ainsi que le cockpit. Mais sa capacit\u00e9 des r\u00e9servoirs de carburant est moindre que celle du G550 et ne permet qu\u2019une autonomie de 9 400 km.<\/p>\n","protected":false},"excerpt":{"rendered":"<p>Pr\u00e9sentation g\u00e9n\u00e9rale: Le Gulfstream V, autrement appel\u00e9 G-V ou GV, est un avion d&#8217;affaires con\u00e7u par le constructeur Gulfstream Aerospace. Le programme fut officiellement lanc\u00e9 en 1992, lors du salon de Farnborough, en Angleterre. Cet appareil a effectu\u00e9 son premier vol le 28 novembre 1995. Il est certifi\u00e9 en avril 1997, et les livraisons commenc\u00e8rent [&hellip;]<\/p>\n","protected":false},"featured_media":2490,"template":"","meta":[],"product_cat":[44],"product_tag":[],"yoast_head":"<!-- This site is optimized with the Yoast SEO plugin v20.3 - https:\/\/yoast.com\/wordpress\/plugins\/seo\/ -->\n<title>Gulfstream V - Artheau Aviation<\/title>\n<meta name=\"robots\" content=\"noindex, follow, max-snippet:-1, max-image-preview:large, max-video-preview:-1\" \/>\n<meta property=\"og:locale\" content=\"en_GB\" \/>\n<meta property=\"og:type\" content=\"article\" \/>\n<meta property=\"og:title\" content=\"Gulfstream V - Artheau Aviation\" \/>\n<meta property=\"og:description\" content=\"Pr\u00e9sentation g\u00e9n\u00e9rale: Le Gulfstream V, autrement appel\u00e9 G-V ou GV, est un avion d&#8217;affaires con\u00e7u par le constructeur Gulfstream Aerospace. Le programme fut officiellement lanc\u00e9 en 1992, lors du salon de Farnborough, en Angleterre. Cet appareil a effectu\u00e9 son premier vol le 28 novembre 1995. Il est certifi\u00e9 en avril 1997, et les livraisons commenc\u00e8rent [&hellip;]\" \/>\n<meta property=\"og:url\" content=\"https:\/\/dev.artheauaviation.com\/eng\/product\/gulfstream-v\/\" \/>\n<meta property=\"og:site_name\" content=\"Artheau Aviation\" \/>\n<meta property=\"article:modified_time\" content=\"2023-02-27T15:34:11+00:00\" \/>\n<meta property=\"og:image\" content=\"http:\/\/dev.artheauaviation.com\/eng\/wp-content\/uploads\/sites\/4\/2017\/06\/Gulfstream-V.jpg\" \/>\n\t<meta property=\"og:image:width\" content=\"500\" \/>\n\t<meta property=\"og:image:height\" content=\"350\" \/>\n\t<meta property=\"og:image:type\" content=\"image\/jpeg\" \/>\n<meta name=\"twitter:card\" content=\"summary_large_image\" \/>\n<meta name=\"twitter:label1\" content=\"Estimated reading time\" \/>\n\t<meta name=\"twitter:data1\" content=\"2 minutes\" \/>\n<script type=\"application\/ld+json\" class=\"yoast-schema-graph\">{\"@context\":\"https:\/\/schema.org\",\"@graph\":[{\"@type\":\"WebPage\",\"@id\":\"https:\/\/dev.artheauaviation.com\/eng\/product\/gulfstream-v\/\",\"url\":\"https:\/\/dev.artheauaviation.com\/eng\/product\/gulfstream-v\/\",\"name\":\"Gulfstream V - Artheau Aviation\",\"isPartOf\":{\"@id\":\"https:\/\/dev.artheauaviation.com\/eng\/#website\"},\"datePublished\":\"2017-06-28T16:29:04+00:00\",\"dateModified\":\"2023-02-27T15:34:11+00:00\",\"breadcrumb\":{\"@id\":\"https:\/\/dev.artheauaviation.com\/eng\/product\/gulfstream-v\/#breadcrumb\"},\"inLanguage\":\"en-GB\",\"potentialAction\":[{\"@type\":\"ReadAction\",\"target\":[\"https:\/\/dev.artheauaviation.com\/eng\/product\/gulfstream-v\/\"]}]},{\"@type\":\"BreadcrumbList\",\"@id\":\"https:\/\/dev.artheauaviation.com\/eng\/product\/gulfstream-v\/#breadcrumb\",\"itemListElement\":[{\"@type\":\"ListItem\",\"position\":1,\"name\":\"Home\",\"item\":\"https:\/\/dev.artheauaviation.com\/eng\/\"},{\"@type\":\"ListItem\",\"position\":2,\"name\":\"Our Planes\",\"item\":\"https:\/\/dev.artheauaviation.com\/eng\/nos-avions\/\"},{\"@type\":\"ListItem\",\"position\":3,\"name\":\"Gulfstream V\"}]},{\"@type\":\"WebSite\",\"@id\":\"https:\/\/dev.artheauaviation.com\/eng\/#website\",\"url\":\"https:\/\/dev.artheauaviation.com\/eng\/\",\"name\":\"Artheau Aviation\",\"description\":\"Let&#039;s Fly Together\",\"potentialAction\":[{\"@type\":\"SearchAction\",\"target\":{\"@type\":\"EntryPoint\",\"urlTemplate\":\"https:\/\/dev.artheauaviation.com\/eng\/?s={search_term_string}\"},\"query-input\":\"required name=search_term_string\"}],\"inLanguage\":\"en-GB\"}]}<\/script>\n<!-- \/ Yoast SEO plugin. -->","yoast_head_json":{"title":"Gulfstream V - Artheau Aviation","robots":{"index":"noindex","follow":"follow","max-snippet":"max-snippet:-1","max-image-preview":"max-image-preview:large","max-video-preview":"max-video-preview:-1"},"og_locale":"en_GB","og_type":"article","og_title":"Gulfstream V - Artheau Aviation","og_description":"Pr\u00e9sentation g\u00e9n\u00e9rale: Le Gulfstream V, autrement appel\u00e9 G-V ou GV, est un avion d&#8217;affaires con\u00e7u par le constructeur Gulfstream Aerospace. Le programme fut officiellement lanc\u00e9 en 1992, lors du salon de Farnborough, en Angleterre. Cet appareil a effectu\u00e9 son premier vol le 28 novembre 1995. Il est certifi\u00e9 en avril 1997, et les livraisons commenc\u00e8rent [&hellip;]","og_url":"https:\/\/dev.artheauaviation.com\/eng\/product\/gulfstream-v\/","og_site_name":"Artheau Aviation","article_modified_time":"2023-02-27T15:34:11+00:00","og_image":[{"width":500,"height":350,"url":"http:\/\/dev.artheauaviation.com\/eng\/wp-content\/uploads\/sites\/4\/2017\/06\/Gulfstream-V.jpg","type":"image\/jpeg"}],"twitter_card":"summary_large_image","twitter_misc":{"Estimated reading time":"2 minutes"},"schema":{"@context":"https:\/\/schema.org","@graph":[{"@type":"WebPage","@id":"https:\/\/dev.artheauaviation.com\/eng\/product\/gulfstream-v\/","url":"https:\/\/dev.artheauaviation.com\/eng\/product\/gulfstream-v\/","name":"Gulfstream V - Artheau Aviation","isPartOf":{"@id":"https:\/\/dev.artheauaviation.com\/eng\/#website"},"datePublished":"2017-06-28T16:29:04+00:00","dateModified":"2023-02-27T15:34:11+00:00","breadcrumb":{"@id":"https:\/\/dev.artheauaviation.com\/eng\/product\/gulfstream-v\/#breadcrumb"},"inLanguage":"en-GB","potentialAction":[{"@type":"ReadAction","target":["https:\/\/dev.artheauaviation.com\/eng\/product\/gulfstream-v\/"]}]},{"@type":"BreadcrumbList","@id":"https:\/\/dev.artheauaviation.com\/eng\/product\/gulfstream-v\/#breadcrumb","itemListElement":[{"@type":"ListItem","position":1,"name":"Home","item":"https:\/\/dev.artheauaviation.com\/eng\/"},{"@type":"ListItem","position":2,"name":"Our Planes","item":"https:\/\/dev.artheauaviation.com\/eng\/nos-avions\/"},{"@type":"ListItem","position":3,"name":"Gulfstream V"}]},{"@type":"WebSite","@id":"https:\/\/dev.artheauaviation.com\/eng\/#website","url":"https:\/\/dev.artheauaviation.com\/eng\/","name":"Artheau Aviation","description":"Let&#039;s Fly Together","potentialAction":[{"@type":"SearchAction","target":{"@type":"EntryPoint","urlTemplate":"https:\/\/dev.artheauaviation.com\/eng\/?s={search_term_string}"},"query-input":"required name=search_term_string"}],"inLanguage":"en-GB"}]}},"yoast_meta":{"title":""},"_links":{"self":[{"href":"https:\/\/dev.artheauaviation.com\/eng\/wp-json\/wp\/v2\/product\/2109"}],"collection":[{"href":"https:\/\/dev.artheauaviation.com\/eng\/wp-json\/wp\/v2\/product"}],"about":[{"href":"https:\/\/dev.artheauaviation.com\/eng\/wp-json\/wp\/v2\/types\/product"}],"wp:featuredmedia":[{"embeddable":true,"href":"https:\/\/dev.artheauaviation.com\/eng\/wp-json\/wp\/v2\/media\/2490"}],"wp:attachment":[{"href":"https:\/\/dev.artheauaviation.com\/eng\/wp-json\/wp\/v2\/media?parent=2109"}],"wp:term":[{"taxonomy":"product_cat","embeddable":true,"href":"https:\/\/dev.artheauaviation.com\/eng\/wp-json\/wp\/v2\/product_cat?post=2109"},{"taxonomy":"product_tag","embeddable":true,"href":"https:\/\/dev.artheauaviation.com\/eng\/wp-json\/wp\/v2\/product_tag?post=2109"}],"curies":[{"name":"wp","href":"https:\/\/api.w.org\/{rel}","templated":true}]}}